{"id":4575,"date":"2022-12-07T10:49:13","date_gmt":"2022-12-07T07:49:13","guid":{"rendered":"https:\/\/revalstone.com\/shop\/tietosuojakaytanto\/"},"modified":"2024-12-27T12:38:50","modified_gmt":"2024-12-27T09:38:50","slug":"tietosuojakaytanto","status":"publish","type":"page","link":"https:\/\/uus.revalstone.com\/fi\/tietosuojakaytanto\/","title":{"rendered":"Tietosuojak\u00e4yt\u00e4nt\u00f6"},"content":{"rendered":"\n<ul class=\"wp-block-list\">\n<li>Myyj\u00e4ll\u00e4 ei ole oikeutta jakaa ostajan tietoja.<\/li>\n\n\n\n<li>Tietosuojaselosteen periaatteet k\u00e4sittelev\u00e4t asiakastietojen ker\u00e4\u00e4mist\u00e4, k\u00e4ytt\u00e4mist\u00e4, julkaisemista, v\u00e4litt\u00e4mist\u00e4 ja s\u00e4ilytt\u00e4mist\u00e4. <strong>Limestone factories of Estonia O\u00dc<\/strong> (j\u00e4ljemp\u00e4n\u00e4: myyj\u00e4) noudattaa henkil\u00f6tietojen k\u00e4sittelyss\u00e4 henkil\u00f6tietosuojalain ja EU:n yleisen tietosuoja-asetuksen periaatteita.<\/li>\n\n\n\n<li>Henkil\u00f6tietojen ker\u00e4\u00e4minen voi tapahtua seuraavilla tavoilla:\n<ul class=\"wp-block-list\">\n<li>antamalla yhteystietoja (mukaan lukien nimi, postiosoite, puhelinnumero, s\u00e4hk\u00f6postiosoite) verkkokaupassamme;<\/li>\n\n\n\n<li>k\u00e4ytt\u00e4m\u00e4ll\u00e4 verkkosivustoa ev\u00e4steiden (<em>cookies<\/em>) kautta tekem\u00e4ll\u00e4 ostoksen tai tilauksen verkkokaupassamme.<\/li>\n<\/ul>\n<\/li>\n\n\n\n<li>Muiden tietojen ker\u00e4\u00e4minen:\n<ul class=\"wp-block-list\">\n<li>ker\u00e4\u00e4mme my\u00f6s ei-henkil\u00f6kohtaisia tietoja \u2013 tietoja, joita ei voida yhdist\u00e4\u00e4 suoraan tiettyyn henkil\u00f6\u00f6n (sukupuoli, ik\u00e4, kieli, sijainti). Saatamme ker\u00e4t\u00e4 my\u00f6s tietoja asiakkaiden toiminnasta verkkosivullamme. Kyseisi\u00e4 tietoja ker\u00e4t\u00e4\u00e4n ja k\u00e4ytet\u00e4\u00e4n varmistamaan verkkosivuston jatkuva turvallisuus ja selvitt\u00e4m\u00e4\u00e4n, mitk\u00e4 verkkosivuston, tuotteiden ja palveluiden osat ovat kiinnostavimpia asiakkaille. Koostetietoja k\u00e4sitell\u00e4\u00e4n t\u00e4ss\u00e4 tietosuojak\u00e4yt\u00e4nn\u00f6ss\u00e4 muina kuin henkil\u00f6tietoina.<\/li>\n<\/ul>\n<\/li>\n\n\n\n<li>Asiakastietoja k\u00e4sitell\u00e4\u00e4n seuraaviin tarkoituksiin:\n<ul class=\"wp-block-list\">\n<li>tilausten t\u00e4ytt\u00e4minen (mukaan lukien tilaukseen liittyvien ilmoitusten l\u00e4hett\u00e4minen);<\/li>\n\n\n\n<li>tilausten toimittaminen;<\/li>\n\n\n\n<li>verkkosivuston jatkuvan turvallisuuden takaaminen;<\/li>\n\n\n\n<li>muiden Viron tasavallassa voimassa olevasta lains\u00e4\u00e4d\u00e4nn\u00f6st\u00e4 johtuvien velvoitteiden t\u00e4ytt\u00e4minen.<\/li>\n<\/ul>\n<\/li>\n\n\n\n<li>Asiakastietoja luovutetaan kolmansille osapuolille seuraavissa tapauksissa:\n<ul class=\"wp-block-list\">\n<li>Tuotteiden toimituspalvelua tarjoavalle kuljettajalle, jos asiakas on tilannut kyseisen palvelun.<\/li>\n\n\n\n<li>Maksuratkaisujen k\u00e4ytt\u00e4miseksi rahoituslaitoksille,\n<ul class=\"wp-block-list\">\n<li>muun muassa maksujen k\u00e4sittelyyn tarvittavat tiedot v\u00e4litet\u00e4\u00e4n valtuutetun k\u00e4sittelij\u00e4n Stripen maksukeskukseen.<\/li>\n<\/ul>\n<\/li>\n\n\n\n<li>Velkoja peritt\u00e4ess\u00e4 perint\u00e4palveluja tarjoaville yhteisty\u00f6kumppaneille ja ulosottomiehille.<\/li>\n\n\n\n<li>Muille valtion laitoksille Viron tasavallassa voimassa olevasta lains\u00e4\u00e4d\u00e4nn\u00f6st\u00e4 johtuvien velvoitteiden t\u00e4ytt\u00e4miseksi.<\/li>\n\n\n\n<li>Asiakkaan tunnistamiseksi ja yhteydenottoa varten ker\u00e4tyt henkil\u00f6tiedot ovat n\u00e4ht\u00e4viss\u00e4 l\u00e4hetetyn pyynn\u00f6n j\u00e4lkeen. Asiakkaaseen ja henkil\u00f6tietoihin liittyv\u00e4t tiedustelut voidaan esitt\u00e4\u00e4 s\u00e4hk\u00f6postilla shop@revalstone.com tai paikan p\u00e4\u00e4ll\u00e4 myyj\u00e4n toimistossa (Peterburi tee 34\/1, 11415 Tallinna).<\/li>\n<\/ul>\n<\/li>\n<\/ul>\n\n\n\n<p><strong>UUTISKIRJEEN TILAAMINEN<\/strong><\/p>\n\n\n\n<ul class=\"wp-block-list\">\n<li>Voit tilata uutiskirjeen vain hyv\u00e4ksym\u00e4ll\u00e4 n\u00e4m\u00e4 ehdot. Tilaamalla uutiskirjeen annat meille peruutettavissa olevan suostumuksen s\u00e4hk\u00f6isten yhteistietojesi k\u00e4ytt\u00e4miseen uutiskirjeiden l\u00e4hett\u00e4mistarkoituksessa.<\/li>\n\n\n\n<li>Jos haluat tilata uutiskirjeen, sinun on annettava s\u00e4hk\u00f6postiosoitteesi, johon l\u00e4hetet\u00e4\u00e4n ohjeet uutiskirjeen tilauksen vahvistamiseksi. Saat my\u00f6s ohjeen, miten voit halutessasi muuttaa tai lopettaa uutiskirjeen tilauksen.<\/li>\n\n\n\n<li>Jos lopetat uutiskirjeen tilauksen, s\u00e4hk\u00f6postiosoitteesi poistetaan tilaajaluettelosta eik\u00e4 sinulle en\u00e4\u00e4 l\u00e4hetet\u00e4 uutiskirjeit\u00e4.<\/li>\n<\/ul>\n\n\n\n<p><strong>HENKIL\u00d6TIETOJEN SUOJAAMINEN JA TURVALLISUUS<\/strong><\/p>\n\n\n\n<ul class=\"wp-block-list\">\n<li>Myyj\u00e4 soveltaa kaikkia varotoimia (mukaan lukien hallinnolliset, tekniset ja fyysiset toimenpiteet) asiakkaan henkil\u00f6tietojen suojaamiseksi. Tietoja p\u00e4\u00e4sev\u00e4t muuttamaan ja k\u00e4sittelem\u00e4\u00e4n ainoastaan siihen valtuutetut henkil\u00f6t.<\/li>\n\n\n\n<li>Kaikkia verkkokaupassa vierailun ja ostosten tekemisen yhteydess\u00e4 ilmoitettuja henkil\u00f6tietoja k\u00e4sitell\u00e4\u00e4n luottamuksellisina tietoina. Salattu yhteys maksupalveluntarjoajan (Stripe) kanssa takaa ostajan henkil\u00f6- ja pankkitietojen turvallisuuden.<\/li>\n\n\n\n<li>Asiakkaalla on oikeus vaatia tietojensa k\u00e4sittelyn lopettamista, tietojen k\u00e4ytt\u00e4mist\u00e4 koskevaa tietoa sek\u00e4 tietojen v\u00e4litt\u00e4mist\u00e4 itselleen tai kolmannelle osapuolelle yleisesti k\u00e4ytetyss\u00e4 muodossa. Asiakkaan tietojen ja oikeuksien v\u00e4\u00e4rink\u00e4yt\u00f6n est\u00e4miseksi pyynn\u00f6t voidaan esitt\u00e4\u00e4 vain sellaisessa muodossa, jossa hakijan henkil\u00f6llisyys on tunnistettavissa (digitaalisesti allekirjoitettuna tai liikkeess\u00e4 henkil\u00f6kohtaisesti allekirjoitettuna). Myyj\u00e4ll\u00e4 on oikeus vastata t\u00e4llaisiin pyynt\u00f6ihin 30 p\u00e4iv\u00e4n kuluessa.<\/li>\n\n\n\n<li>K\u00e4ytt\u00e4m\u00e4ll\u00e4 myyj\u00e4n verkkosivustoa vahvistat, ett\u00e4 olet lukenut ja hyv\u00e4ksynyt n\u00e4m\u00e4 periaatteet ja ehdot. Pid\u00e4t\u00e4mme oikeuden muuttaa tietosuojak\u00e4yt\u00e4nn\u00f6n yleisi\u00e4 ehtoja tarvittaessa.<\/li>\n\n\n\n<li>Asiakkaan henkil\u00f6tietojen rekisterinpit\u00e4j\u00e4 on myyj\u00e4, rekisteritunnus 10022037, osoite Peterburi tee 34\/1, 11415 Tallinna, Viro.<\/li>\n\n\n\n<li>Asiakastietoja k\u00e4sitell\u00e4\u00e4n vain Viron tasavallassa, Euroopan unionin j\u00e4senvaltioissa tai maissa, joiden tietosuojan tason Euroopan komissio on arvioinut riitt\u00e4v\u00e4ksi.<\/li>\n\n\n\n<li>Asiakkaaseen ja henkil\u00f6tietoihin liittyv\u00e4t tiedustelut voidaan esitt\u00e4\u00e4 s\u00e4hk\u00f6postitse shop@revalstone.com tai paikan p\u00e4\u00e4ll\u00e4 osoitteessa Peterburi tee 34\/1, 11415 Tallinna.<\/li>\n<\/ul>\n\n\n\n<p><strong>VASTUU JA YLIVOIMAINEN ESTE<\/strong><\/p>\n\n\n\n<ul class=\"wp-block-list\">\n<li>Myyj\u00e4 on vastuussa sinulle ja sin\u00e4 olet vastuussa myyj\u00e4lle kaikista vahingoista, jotka ovat aiheutuneet toiselle osapuolelle n\u00e4iden ehtojen rikkomisesta, Viron tasavallassa voimassa olevien lakien mukaisesti.<\/li>\n\n\n\n<li>Myyj\u00e4 ei vastaa sinulle aiheutuneesta vahingosta eik\u00e4 tuotteen toimituksen viiv\u00e4stymisest\u00e4 silloin, jos vahinko tai tuotteen toimituksen viiv\u00e4styminen johtuu olosuhteista, joihin myyj\u00e4 ei voinut vaikuttaa ja joita se ei ole voinut ennakoida (ylivoimainen este).<\/li>\n<\/ul>\n\n\n\n<p><strong>MUUT EHDOT<\/strong><\/p>\n\n\n\n<ul class=\"wp-block-list\">\n<li>Ehdoissa erikseen k\u00e4sittelem\u00e4tt\u00f6miin kysymyksiin sovelletaan Viron tasavallassa voimassa olevaa lains\u00e4\u00e4d\u00e4nt\u00f6\u00e4.<\/li>\n\n\n\n<li>Ostajan ja myyj\u00e4n v\u00e4liset erimielisyydet, jotka liittyv\u00e4t tuotteiden tilaamiseen ja ostamiseen verkkokaupasta, ratkaistaan neuvotteluilla. Jos sopimukseen ei p\u00e4\u00e4st\u00e4, ostajalla on oikeus k\u00e4\u00e4nty\u00e4 oikeuksiensa puolustamiseksi Viron kuluttajaviraston kautta kuluttajavalituslautakunnan tai Harjun k\u00e4r\u00e4j\u00e4oikeuden puoleen. Kuluttaja voi esitt\u00e4\u00e4 valituksen itse tai edustajan v\u00e4lityksell\u00e4. Erimielisyydet ratkaistaan Viron tasavallassa voimassa olevan lains\u00e4\u00e4d\u00e4nn\u00f6n mukaisesti.<\/li>\n<\/ul>\n\n\n\n<p><strong>POISSULKEVAT EHDOT<\/strong><\/p>\n\n\n\n<ul class=\"wp-block-list\">\n<li>Verkkokaupan verkkosivulla olevat tuotekuvat on tehty mahdollisimman tuotekohtaisiksi, mutta ovat kuitenkin havainnollistavia.<\/li>\n\n\n\n<li>Kaikkien sis\u00e4lt\u00f6elementtien (mukaan lukien videot, kuvat) kopiointi\/uudelleenjakelu (lukuun ottamatta verkkokauppa-alustalla m\u00e4\u00e4ritettyj\u00e4 vaihtoehtoja) on kielletty ilman myyj\u00e4n kirjallista suostumusta.<\/li>\n\n\n\n<li>Tuotteiden hinnat ja saatavuus voivat muuttua ilman ennakkoilmoitusta. T\u00e4ll\u00f6in myyj\u00e4 pid\u00e4tt\u00e4\u00e4 oikeuden peruuttaa kaupan ja palauttaa rahat asiakkaan pankkitilille 5 arkip\u00e4iv\u00e4n kuluessa.<\/li>\n\n\n\n<li>Tuotetietoja tarkistetaan ja t\u00e4ydennet\u00e4\u00e4n s\u00e4\u00e4nn\u00f6llisesti. Tietoja on saatettu p\u00e4ivitt\u00e4\u00e4 edellisen k\u00e4yntisi j\u00e4lkeen.<\/li>\n\n\n\n<li>Verkkokaupan ep\u00e4asianmukainen k\u00e4ytt\u00f6 ja\/tai mik\u00e4 tahansa teknisten prosessien testaaminen, suorittaminen, j\u00e4rjestelm\u00e4pyynt\u00f6jen l\u00e4hett\u00e4minen, s\u00e4\u00e4t\u00e4minen, liitt\u00e4minen jne., joiden tarkoituksena on verkkokaupan toiminnan h\u00e4iritseminen, tietojen liikkumisen seuraaminen ja muu vastaava toiminta, on kielletty\u00e4.<\/li>\n<\/ul>\n\n\n\n<p><strong>HENKIL\u00d6TIETOJESI TURVALLISUUS<\/strong><\/p>\n\n\n\n<p>Henkil\u00f6tietojesi turvallisuus on meille t\u00e4rke\u00e4\u00e4, mutta muista, ettei yksik\u00e4\u00e4n verkkopohjainen siirtomenetelm\u00e4 tai s\u00e4hk\u00f6inen s\u00e4ilytystapa ole 100 % turvallinen. Vaikka pyrimme k\u00e4ytt\u00e4m\u00e4\u00e4n kaupallisesti hyv\u00e4ksytt\u00e4vi\u00e4 keinoja henkil\u00f6tietojesi suojaamiseen, emme voi taata niiden t\u00e4ydellist\u00e4 turvallisuutta.<\/p>\n\n\n\n<p id=\"data-delete-instructions\"><strong>OHJEET TIETOJEN POISTAMISEEN<\/strong><\/p>\n\n\n\n<p>Revalstone.com\/shop tallentaa henkil\u00f6tietojasi vain sis\u00e4\u00e4nkirjautumista varten (tallennetut tiedot: s\u00e4hk\u00f6postiosoite, nimi, profiilikuva). Facebook-alustan s\u00e4\u00e4nt\u00f6jen mukaan meid\u00e4n on annettava k\u00e4ytt\u00e4j\u00e4tietojen poistamisen takaisinsoitto-URL tai tietojen poistamisohjeiden URL-osoite. Jos haluat poistaa toimintasi RevalStoneen kirjautuessasi, toimi seuraavasti:<\/p>\n\n\n\n<ul class=\"wp-block-list\">\n<li>Avaa Facebook-tilill\u00e4si Asetukset ja yksityisyys. Napsauta \u201dAsetukset\u201d.<\/li>\n\n\n\n<li>Siirry sitten \u201dSovellukset ja sivustot\u201d -osioon, ja n\u00e4et kaikki sovelluksiisi liittyv\u00e4t toiminnot.<\/li>\n\n\n\n<li>Valitse RevalStone Login -valintaruutu.<\/li>\n\n\n\n<li>Napsauta \u201dPoista\u201d-painiketta.<\/li>\n<\/ul>\n\n\n\n<p><strong>L\u00e4het\u00e4 tietojen poistopyynt\u00f6 osoitteeseen <a href=\"mailto:shop@revalstone.com\">shop@revalstone.com<\/a><\/strong><\/p>\n","protected":false},"excerpt":{"rendered":"<p>UUTISKIRJEEN TILAAMINEN HENKIL\u00d6TIETOJEN SUOJAAMINEN JA TURVALLISUUS VASTUU JA YLIVOIMAINEN ESTE MUUT EHDOT POISSULKEVAT EHDOT HENKIL\u00d6TIETOJESI TURVALLISUUS Henkil\u00f6tietojesi turvallisuus on meille [&hellip;]<\/p>\n","protected":false},"author":1,"featured_media":0,"parent":0,"menu_order":0,"comment_status":"closed","ping_status":"open","template":"","meta":{"_acf_changed":false,"footnotes":""},"class_list":["post-4575","page","type-page","status-publish","hentry"],"acf":[],"yoast_head":"<!-- This site is optimized with the Yoast SEO plugin v27.4 - https:\/\/yoast.com\/product\/yoast-seo-wordpress\/ -->\n<title>Tietosuojak\u00e4yt\u00e4nt\u00f6 - Reval Stone verkkokauppa<\/title>\n<meta name=\"description\" content=\"Verkkokaupan tuotevalikoimasta l\u00f6yd\u00e4t eri kivist\u00e4 valmistettuja lattialaattoja. Valitse sopiva kivi sek\u00e4 koko, ja lis\u00e4\u00e4 tuotteet ostoskoriin.\" \/>\n<meta name=\"robots\" content=\"index, follow, max-snippet:-1, max-image-preview:large, max-video-preview:-1\" \/>\n<link rel=\"canonical\" href=\"https:\/\/uus.revalstone.com\/fi\/tietosuojakaytanto\/\" \/>\n<meta property=\"og:locale\" content=\"fi_FI\" \/>\n<meta property=\"og:type\" content=\"article\" \/>\n<meta property=\"og:title\" content=\"Tietosuojak\u00e4yt\u00e4nt\u00f6 - Reval Stone verkkokauppa\" \/>\n<meta property=\"og:description\" content=\"Verkkokaupan tuotevalikoimasta l\u00f6yd\u00e4t eri kivist\u00e4 valmistettuja lattialaattoja. Valitse sopiva kivi sek\u00e4 koko, ja lis\u00e4\u00e4 tuotteet ostoskoriin.\" \/>\n<meta property=\"og:url\" content=\"https:\/\/uus.revalstone.com\/fi\/tietosuojakaytanto\/\" \/>\n<meta property=\"og:site_name\" content=\"Reval Stone verkkokauppa\" \/>\n<meta property=\"article:publisher\" content=\"https:\/\/www.facebook.com\/revalstoneofficial\" \/>\n<meta property=\"article:modified_time\" content=\"2024-12-27T09:38:50+00:00\" \/>\n<meta name=\"twitter:card\" content=\"summary_large_image\" \/>\n<meta name=\"twitter:label1\" content=\"Arvioitu lukuaika\" \/>\n\t<meta name=\"twitter:data1\" content=\"5 minuuttia\" \/>\n<script type=\"application\/ld+json\" class=\"yoast-schema-graph\">{\"@context\":\"https:\\\/\\\/schema.org\",\"@graph\":[{\"@type\":\"WebPage\",\"@id\":\"https:\\\/\\\/uus.revalstone.com\\\/fi\\\/tietosuojakaytanto\\\/\",\"url\":\"https:\\\/\\\/uus.revalstone.com\\\/fi\\\/tietosuojakaytanto\\\/\",\"name\":\"Tietosuojak\u00e4yt\u00e4nt\u00f6 - Reval Stone verkkokauppa\",\"isPartOf\":{\"@id\":\"https:\\\/\\\/uus.revalstone.com\\\/fi\\\/#website\"},\"datePublished\":\"2022-12-07T07:49:13+00:00\",\"dateModified\":\"2024-12-27T09:38:50+00:00\",\"description\":\"Verkkokaupan tuotevalikoimasta l\u00f6yd\u00e4t eri kivist\u00e4 valmistettuja lattialaattoja. Valitse sopiva kivi sek\u00e4 koko, ja lis\u00e4\u00e4 tuotteet ostoskoriin.\",\"breadcrumb\":{\"@id\":\"https:\\\/\\\/uus.revalstone.com\\\/fi\\\/tietosuojakaytanto\\\/#breadcrumb\"},\"inLanguage\":\"fi\",\"potentialAction\":[{\"@type\":\"ReadAction\",\"target\":[\"https:\\\/\\\/uus.revalstone.com\\\/fi\\\/tietosuojakaytanto\\\/\"]}]},{\"@type\":\"BreadcrumbList\",\"@id\":\"https:\\\/\\\/uus.revalstone.com\\\/fi\\\/tietosuojakaytanto\\\/#breadcrumb\",\"itemListElement\":[{\"@type\":\"ListItem\",\"position\":1,\"name\":\"Home page\",\"item\":\"https:\\\/\\\/uus.revalstone.com\\\/fi\\\/\"},{\"@type\":\"ListItem\",\"position\":2,\"name\":\"Tietosuojak\u00e4yt\u00e4nt\u00f6\"}]},{\"@type\":\"WebSite\",\"@id\":\"https:\\\/\\\/uus.revalstone.com\\\/fi\\\/#website\",\"url\":\"https:\\\/\\\/uus.revalstone.com\\\/fi\\\/\",\"name\":\"Reval Stone verkkokauppa\",\"description\":\"\",\"publisher\":{\"@id\":\"https:\\\/\\\/uus.revalstone.com\\\/fi\\\/#organization\"},\"potentialAction\":[{\"@type\":\"SearchAction\",\"target\":{\"@type\":\"EntryPoint\",\"urlTemplate\":\"https:\\\/\\\/uus.revalstone.com\\\/fi\\\/?s={search_term_string}\"},\"query-input\":{\"@type\":\"PropertyValueSpecification\",\"valueRequired\":true,\"valueName\":\"search_term_string\"}}],\"inLanguage\":\"fi\"},{\"@type\":\"Organization\",\"@id\":\"https:\\\/\\\/uus.revalstone.com\\\/fi\\\/#organization\",\"name\":\"Reval Stone\",\"url\":\"https:\\\/\\\/uus.revalstone.com\\\/fi\\\/\",\"logo\":{\"@type\":\"ImageObject\",\"inLanguage\":\"fi\",\"@id\":\"https:\\\/\\\/uus.revalstone.com\\\/fi\\\/#\\\/schema\\\/logo\\\/image\\\/\",\"url\":\"https:\\\/\\\/uus.revalstone.com\\\/wp-content\\\/uploads\\\/2021\\\/09\\\/Logo_v.png\",\"contentUrl\":\"https:\\\/\\\/uus.revalstone.com\\\/wp-content\\\/uploads\\\/2021\\\/09\\\/Logo_v.png\",\"width\":960,\"height\":672,\"caption\":\"Reval Stone\"},\"image\":{\"@id\":\"https:\\\/\\\/uus.revalstone.com\\\/fi\\\/#\\\/schema\\\/logo\\\/image\\\/\"},\"sameAs\":[\"https:\\\/\\\/www.facebook.com\\\/revalstoneofficial\",\"https:\\\/\\\/www.instagram.com\\\/revalstoneofficial\\\/\",\"https:\\\/\\\/en.wikipedia.org\\\/wiki\\\/Saare_Dolomiit-V\u00e4okivi\"]}]}<\/script>\n<!-- \/ Yoast SEO plugin. -->","yoast_head_json":{"title":"Tietosuojak\u00e4yt\u00e4nt\u00f6 - Reval Stone verkkokauppa","description":"Verkkokaupan tuotevalikoimasta l\u00f6yd\u00e4t eri kivist\u00e4 valmistettuja lattialaattoja. Valitse sopiva kivi sek\u00e4 koko, ja lis\u00e4\u00e4 tuotteet ostoskoriin.","robots":{"index":"index","follow":"follow","max-snippet":"max-snippet:-1","max-image-preview":"max-image-preview:large","max-video-preview":"max-video-preview:-1"},"canonical":"https:\/\/uus.revalstone.com\/fi\/tietosuojakaytanto\/","og_locale":"fi_FI","og_type":"article","og_title":"Tietosuojak\u00e4yt\u00e4nt\u00f6 - Reval Stone verkkokauppa","og_description":"Verkkokaupan tuotevalikoimasta l\u00f6yd\u00e4t eri kivist\u00e4 valmistettuja lattialaattoja. Valitse sopiva kivi sek\u00e4 koko, ja lis\u00e4\u00e4 tuotteet ostoskoriin.","og_url":"https:\/\/uus.revalstone.com\/fi\/tietosuojakaytanto\/","og_site_name":"Reval Stone verkkokauppa","article_publisher":"https:\/\/www.facebook.com\/revalstoneofficial","article_modified_time":"2024-12-27T09:38:50+00:00","twitter_card":"summary_large_image","twitter_misc":{"Arvioitu lukuaika":"5 minuuttia"},"schema":{"@context":"https:\/\/schema.org","@graph":[{"@type":"WebPage","@id":"https:\/\/uus.revalstone.com\/fi\/tietosuojakaytanto\/","url":"https:\/\/uus.revalstone.com\/fi\/tietosuojakaytanto\/","name":"Tietosuojak\u00e4yt\u00e4nt\u00f6 - Reval Stone verkkokauppa","isPartOf":{"@id":"https:\/\/uus.revalstone.com\/fi\/#website"},"datePublished":"2022-12-07T07:49:13+00:00","dateModified":"2024-12-27T09:38:50+00:00","description":"Verkkokaupan tuotevalikoimasta l\u00f6yd\u00e4t eri kivist\u00e4 valmistettuja lattialaattoja. Valitse sopiva kivi sek\u00e4 koko, ja lis\u00e4\u00e4 tuotteet ostoskoriin.","breadcrumb":{"@id":"https:\/\/uus.revalstone.com\/fi\/tietosuojakaytanto\/#breadcrumb"},"inLanguage":"fi","potentialAction":[{"@type":"ReadAction","target":["https:\/\/uus.revalstone.com\/fi\/tietosuojakaytanto\/"]}]},{"@type":"BreadcrumbList","@id":"https:\/\/uus.revalstone.com\/fi\/tietosuojakaytanto\/#breadcrumb","itemListElement":[{"@type":"ListItem","position":1,"name":"Home page","item":"https:\/\/uus.revalstone.com\/fi\/"},{"@type":"ListItem","position":2,"name":"Tietosuojak\u00e4yt\u00e4nt\u00f6"}]},{"@type":"WebSite","@id":"https:\/\/uus.revalstone.com\/fi\/#website","url":"https:\/\/uus.revalstone.com\/fi\/","name":"Reval Stone verkkokauppa","description":"","publisher":{"@id":"https:\/\/uus.revalstone.com\/fi\/#organization"},"potentialAction":[{"@type":"SearchAction","target":{"@type":"EntryPoint","urlTemplate":"https:\/\/uus.revalstone.com\/fi\/?s={search_term_string}"},"query-input":{"@type":"PropertyValueSpecification","valueRequired":true,"valueName":"search_term_string"}}],"inLanguage":"fi"},{"@type":"Organization","@id":"https:\/\/uus.revalstone.com\/fi\/#organization","name":"Reval Stone","url":"https:\/\/uus.revalstone.com\/fi\/","logo":{"@type":"ImageObject","inLanguage":"fi","@id":"https:\/\/uus.revalstone.com\/fi\/#\/schema\/logo\/image\/","url":"https:\/\/uus.revalstone.com\/wp-content\/uploads\/2021\/09\/Logo_v.png","contentUrl":"https:\/\/uus.revalstone.com\/wp-content\/uploads\/2021\/09\/Logo_v.png","width":960,"height":672,"caption":"Reval Stone"},"image":{"@id":"https:\/\/uus.revalstone.com\/fi\/#\/schema\/logo\/image\/"},"sameAs":["https:\/\/www.facebook.com\/revalstoneofficial","https:\/\/www.instagram.com\/revalstoneofficial\/","https:\/\/en.wikipedia.org\/wiki\/Saare_Dolomiit-V\u00e4okivi"]}]}},"_links":{"self":[{"href":"https:\/\/uus.revalstone.com\/fi\/wp-json\/wp\/v2\/pages\/4575","targetHints":{"allow":["GET"]}}],"collection":[{"href":"https:\/\/uus.revalstone.com\/fi\/wp-json\/wp\/v2\/pages"}],"about":[{"href":"https:\/\/uus.revalstone.com\/fi\/wp-json\/wp\/v2\/types\/page"}],"author":[{"embeddable":true,"href":"https:\/\/uus.revalstone.com\/fi\/wp-json\/wp\/v2\/users\/1"}],"replies":[{"embeddable":true,"href":"https:\/\/uus.revalstone.com\/fi\/wp-json\/wp\/v2\/comments?post=4575"}],"version-history":[{"count":0,"href":"https:\/\/uus.revalstone.com\/fi\/wp-json\/wp\/v2\/pages\/4575\/revisions"}],"wp:attachment":[{"href":"https:\/\/uus.revalstone.com\/fi\/wp-json\/wp\/v2\/media?parent=4575"}],"curies":[{"name":"wp","href":"https:\/\/api.w.org\/{rel}","templated":true}]}}