{"id":4621,"date":"2022-12-07T10:49:25","date_gmt":"2022-12-07T07:49:25","guid":{"rendered":"https:\/\/revalstone.com\/shop\/toimitus\/"},"modified":"2025-02-07T08:45:52","modified_gmt":"2025-02-07T05:45:52","slug":"toimitus","status":"publish","type":"page","link":"https:\/\/uus.revalstone.com\/fi\/toimitus\/","title":{"rendered":"Toimitus"},"content":{"rendered":"\n<h2 class=\"wp-block-heading\" id=\"naidiste-transport\">N\u00e4ytteiden toimitus<\/h2>\n\n\n\n<p>N\u00e4ytteit\u00e4 tilattaessa hintaan lis\u00e4t\u00e4\u00e4n Suomen sis\u00e4isen toimituksen hinta 20 \u20ac (+ ALV). Tilattaessa n\u00e4ytteit\u00e4 muihin maihin sovelletaan seuraavia toimituskuluja (ilman ALV:ta):<\/p>\n\n\n\n<ul class=\"wp-block-list\">\n<li>Viro 6 \u20ac;<\/li>\n\n\n\n<li>Ruotsi 20 \u20ac;<\/li>\n\n\n\n<li>Tanska 25 \u20ac;<\/li>\n\n\n\n<li>Latvia 10 \u20ac;<\/li>\n\n\n\n<li>Liettua 10 \u20ac;<\/li>\n\n\n\n<li>Puola 25 \u20ac.<\/li>\n<\/ul>\n\n\n\n<p>N\u00e4ytteet ovat 20 x 20 cm laattoja, jotka on merkitty ja pakattu samankokoiseen pahvilaatikkoon. L\u00e4hetyksen toimittaa logistiikkakumppanimme, joka my\u00f6s ottaa sinuun yhteytt\u00e4 etuk\u00e4teen.<\/p>\n\n\n\n<h2 class=\"wp-block-heading\" id=\"kaubaaluste-transport\">Lavojen toimitus<\/h2>\n\n\n\n<p>Yhden eurolavan kuljetus Suomen sis\u00e4ll\u00e4 maksaa 151-187 \u20ac (+ ALV). Tuotteitamme on my\u00f6s mahdollista tilata muihin maihin (katso alla).<\/p>\n\n\n\n<figure class=\"wp-block-table\"><table border=\"1.5\" style=\"border-collapse: collapse; border: 1px solid black;\"><tbody><tr><td><strong>Maa<\/strong><\/td><td><strong>Postinumero<\/strong><\/td><td><strong>Hinta per lava<\/strong><br><strong>(ALV:ta)<\/strong><\/td><\/tr><tr><td>Viro<\/td><td>Kaikki postinumerot<\/td><td>60\u20ac<\/td><\/tr><tr><td>Latvia<\/td><td>Kaikki postinumerot<\/td><td>89\u20ac<\/td><\/tr><tr><td>Liettua<\/td><td>Kaikki postinumerot<\/td><td>96\u20ac<\/td><\/tr><tr><td>Puola<\/td><td>Kaikki postinumerot<\/td><td>160\u20ac<\/td><\/tr><tr><td rowspan=\"4\">Ruotsi<\/td><td>Alkaen 10-36<\/td><td>136\u20ac<\/td><\/tr><tr><td>Alkaen 40-61, 63-98<\/td><td>149\u20ac<\/td><\/tr><tr><td>Alkaen 37-39<\/td><td>161\u20ac<\/td><\/tr><tr><td>Alkaen 62 ja 43085<\/td><td>Kysy meilt\u00e4<\/td><\/tr><tr><td rowspan=\"2\">Suomi<\/td><td>00001-39990<\/td><td>151\u20ac<\/td><\/tr><tr><td>Kaikki muut postinumerot<\/td><td>187\u20ac<\/td><\/tr><tr><td rowspan=\"3\">Tanska<\/td><td>Alkaen 1-36, 38-69<\/td><td>181\u20ac<\/td><\/tr><tr><td>Alkaen 70-99<\/td><td>198\u20ac<\/td><\/tr><tr><td>Alkaen 37<\/td><td>Kysy meilt\u00e4<\/td><\/tr><\/tbody><\/table><\/figure>\n\n\n\n<p><strong>HUOMIO!<\/strong>&nbsp;Yleens\u00e4 pienille saarille tilattaessa toimitukseen sovelletaan erikoishintaa (vaikka voisitkin tehd\u00e4 verkkokaupassa tilauksen tavallisella toimitushinnalla). L\u00e4het\u00e4 meille s\u00e4hk\u00f6postia tai soita, jos sinulla on kysytt\u00e4v\u00e4\u00e4.<\/p>\n\n\n\n<p><strong>Lavojen lukum\u00e4\u00e4r\u00e4n laskeminen<\/strong><\/p>\n\n\n\n<p>Verkkokaupasta tilatut tuotteet pakataan tehtaalla eurolavalle, ja yhden lavan enimm\u00e4ispaino on 700 kg. Lattialaattojen paino riippuu sek\u00e4 kivest\u00e4 ett\u00e4 sen paksuudesta. Esimerkiksi lattialaatan (1 cm paksuus) paino on 23,3\u201326,6 kg\/m2. Kun otetaan huomioon itse alustan paino, t\u00e4ss\u00e4 esimerkiss\u00e4 mainittuja laattoja mahtuu yhdelle alustalle 25\u201329 m2.<\/p>\n\n\n\n<p><strong>Pidempien tuotteiden tilaaminen<\/strong><\/p>\n\n\n\n<p>Jos tilauksessa on yli 120 senttimetri\u00e4 pitki\u00e4 tuotteita, ne pakataan erityisesti valmistetulle erikoislavalle. T\u00e4ll\u00f6in yhden lavan kuljetuksen hinta on korkeampi ja siihen lis\u00e4t\u00e4\u00e4n my\u00f6s lavan rakennusmaksu 40 \u20ac (ilman ALV:t\u00e4). Katso tarkemmat tiedot alla olevasta listasta.<\/p>\n\n\n\n<ul class=\"wp-block-list\">\n<li>Ikkunalaudoille ja ty\u00f6tasoille, joiden pituus on 121-180 cm, lavan hinta kerrotaan 1,5:ll\u00e4 ja siihen lis\u00e4t\u00e4\u00e4n lavan rakentamiskustannukset 40 \u20ac + ALV.<\/li>\n\n\n\n<li>Ikkunalaudoille ja ty\u00f6tasoille, joiden pituus on 181-220 cm, lavan hinta kerrotaan 2,5:ll\u00e4 ja siihen lis\u00e4t\u00e4\u00e4n lavan rakentamiskustannukset 40 \u20ac + ALV.<\/li>\n\n\n\n<li>Jos tilauksessa on eri tyyppisi\u00e4 tuotteita, ne asetetaan eri lavoille (lattialaatat ja kivipinnat yhdelle ja ikkunalaudat ja ty\u00f6tasot toiselle lavalle).<\/li>\n<\/ul>\n\n\n\n<p><strong>Toimitus logistiikkakumppanimme toimesta<\/strong><\/p>\n\n\n\n<p>Logistiikkakumppanimme kuljettaa lavoille pakatut tuotteet sinulle per\u00e4 kuljettaa sinulle takaluukullisessa autossa. Jos kyseess\u00e4 on omakotitalo, tuotteet kuljetetaan tontin rajalle ja kerrostalon tapauksessa ulko-ovelle.<\/p>\n\n\n\n<p><strong>Toimitusaika<\/strong><\/p>\n\n\n\n<p>Tilatut tuotteet ovat valmiita viimeist\u00e4\u00e4n 3 viikon kuluttua tilauksen maksamisesta. Tarkka toimitusaika riippuu tilatun kokoisten tuotteiden varastotilanteesta. Jos varastossa on tilatun kokoisia lattialaattoja, toimitamme ne muutaman p\u00e4iv\u00e4n kuluessa. Jos tilatun kokoisia lattialaattoja ei ole varastossa, valmistamme ja toimitamme ne kolmen viikon kuluessa.<\/p>\n","protected":false},"excerpt":{"rendered":"<p>N\u00e4ytteiden toimitus N\u00e4ytteit\u00e4 tilattaessa hintaan lis\u00e4t\u00e4\u00e4n Suomen sis\u00e4isen toimituksen hinta 20 \u20ac (+ ALV). Tilattaessa n\u00e4ytteit\u00e4 muihin maihin sovelletaan seuraavia [&hellip;]<\/p>\n","protected":false},"author":1,"featured_media":4226,"parent":0,"menu_order":0,"comment_status":"closed","ping_status":"closed","template":"","meta":{"_acf_changed":false,"footnotes":""},"class_list":["post-4621","page","type-page","status-publish","has-post-thumbnail","hentry"],"acf":[],"yoast_head":"<!-- This site is optimized with the Yoast SEO plugin v27.4 - https:\/\/yoast.com\/product\/yoast-seo-wordpress\/ -->\n<title>Toimitus - Lattialaattojen myynti - Reval Stone verkkokauppa<\/title>\n<meta name=\"description\" content=\"Dolomiitti- ja kalkkikivilattialaattojen kuljetus Virossa ja l\u00e4himaissa. Osta luonnonkivilaatat suoraan valmistajan verkkokaupasta.\" \/>\n<meta name=\"robots\" content=\"index, follow, max-snippet:-1, max-image-preview:large, max-video-preview:-1\" \/>\n<link rel=\"canonical\" href=\"https:\/\/uus.revalstone.com\/fi\/toimitus\/\" \/>\n<meta property=\"og:locale\" content=\"fi_FI\" \/>\n<meta property=\"og:type\" content=\"article\" \/>\n<meta property=\"og:title\" content=\"Toimitus - Lattialaattojen myynti - Reval Stone verkkokauppa\" \/>\n<meta property=\"og:description\" content=\"Dolomiitti- ja kalkkikivilattialaattojen kuljetus Virossa ja l\u00e4himaissa. Osta luonnonkivilaatat suoraan valmistajan verkkokaupasta.\" \/>\n<meta property=\"og:url\" content=\"https:\/\/uus.revalstone.com\/fi\/toimitus\/\" \/>\n<meta property=\"og:site_name\" content=\"Reval Stone verkkokauppa\" \/>\n<meta property=\"article:publisher\" content=\"https:\/\/www.facebook.com\/revalstoneofficial\" \/>\n<meta property=\"article:modified_time\" content=\"2025-02-07T05:45:52+00:00\" \/>\n<meta property=\"og:image\" content=\"https:\/\/uus.revalstone.com\/wp-content\/uploads\/2021\/07\/transport.jpg\" \/>\n\t<meta property=\"og:image:width\" content=\"1500\" \/>\n\t<meta property=\"og:image:height\" content=\"1001\" \/>\n\t<meta property=\"og:image:type\" content=\"image\/jpeg\" \/>\n<meta name=\"twitter:card\" content=\"summary_large_image\" \/>\n<meta name=\"twitter:label1\" content=\"Arvioitu lukuaika\" \/>\n\t<meta name=\"twitter:data1\" content=\"3 minuuttia\" \/>\n<script type=\"application\/ld+json\" class=\"yoast-schema-graph\">{\"@context\":\"https:\\\/\\\/schema.org\",\"@graph\":[{\"@type\":\"WebPage\",\"@id\":\"https:\\\/\\\/uus.revalstone.com\\\/fi\\\/toimitus\\\/\",\"url\":\"https:\\\/\\\/uus.revalstone.com\\\/fi\\\/toimitus\\\/\",\"name\":\"Toimitus - Lattialaattojen myynti - Reval Stone verkkokauppa\",\"isPartOf\":{\"@id\":\"https:\\\/\\\/uus.revalstone.com\\\/fi\\\/#website\"},\"primaryImageOfPage\":{\"@id\":\"https:\\\/\\\/uus.revalstone.com\\\/fi\\\/toimitus\\\/#primaryimage\"},\"image\":{\"@id\":\"https:\\\/\\\/uus.revalstone.com\\\/fi\\\/toimitus\\\/#primaryimage\"},\"thumbnailUrl\":\"https:\\\/\\\/uus.revalstone.com\\\/wp-content\\\/uploads\\\/2021\\\/07\\\/transport.jpg\",\"datePublished\":\"2022-12-07T07:49:25+00:00\",\"dateModified\":\"2025-02-07T05:45:52+00:00\",\"description\":\"Dolomiitti- ja kalkkikivilattialaattojen kuljetus Virossa ja l\u00e4himaissa. Osta luonnonkivilaatat suoraan valmistajan verkkokaupasta.\",\"breadcrumb\":{\"@id\":\"https:\\\/\\\/uus.revalstone.com\\\/fi\\\/toimitus\\\/#breadcrumb\"},\"inLanguage\":\"fi\",\"potentialAction\":[{\"@type\":\"ReadAction\",\"target\":[\"https:\\\/\\\/uus.revalstone.com\\\/fi\\\/toimitus\\\/\"]}]},{\"@type\":\"ImageObject\",\"inLanguage\":\"fi\",\"@id\":\"https:\\\/\\\/uus.revalstone.com\\\/fi\\\/toimitus\\\/#primaryimage\",\"url\":\"https:\\\/\\\/uus.revalstone.com\\\/wp-content\\\/uploads\\\/2021\\\/07\\\/transport.jpg\",\"contentUrl\":\"https:\\\/\\\/uus.revalstone.com\\\/wp-content\\\/uploads\\\/2021\\\/07\\\/transport.jpg\",\"width\":1500,\"height\":1001},{\"@type\":\"BreadcrumbList\",\"@id\":\"https:\\\/\\\/uus.revalstone.com\\\/fi\\\/toimitus\\\/#breadcrumb\",\"itemListElement\":[{\"@type\":\"ListItem\",\"position\":1,\"name\":\"Home page\",\"item\":\"https:\\\/\\\/uus.revalstone.com\\\/fi\\\/\"},{\"@type\":\"ListItem\",\"position\":2,\"name\":\"Toimitus\"}]},{\"@type\":\"WebSite\",\"@id\":\"https:\\\/\\\/uus.revalstone.com\\\/fi\\\/#website\",\"url\":\"https:\\\/\\\/uus.revalstone.com\\\/fi\\\/\",\"name\":\"Reval Stone verkkokauppa\",\"description\":\"\",\"publisher\":{\"@id\":\"https:\\\/\\\/uus.revalstone.com\\\/fi\\\/#organization\"},\"potentialAction\":[{\"@type\":\"SearchAction\",\"target\":{\"@type\":\"EntryPoint\",\"urlTemplate\":\"https:\\\/\\\/uus.revalstone.com\\\/fi\\\/?s={search_term_string}\"},\"query-input\":{\"@type\":\"PropertyValueSpecification\",\"valueRequired\":true,\"valueName\":\"search_term_string\"}}],\"inLanguage\":\"fi\"},{\"@type\":\"Organization\",\"@id\":\"https:\\\/\\\/uus.revalstone.com\\\/fi\\\/#organization\",\"name\":\"Reval Stone\",\"url\":\"https:\\\/\\\/uus.revalstone.com\\\/fi\\\/\",\"logo\":{\"@type\":\"ImageObject\",\"inLanguage\":\"fi\",\"@id\":\"https:\\\/\\\/uus.revalstone.com\\\/fi\\\/#\\\/schema\\\/logo\\\/image\\\/\",\"url\":\"https:\\\/\\\/uus.revalstone.com\\\/wp-content\\\/uploads\\\/2021\\\/09\\\/Logo_v.png\",\"contentUrl\":\"https:\\\/\\\/uus.revalstone.com\\\/wp-content\\\/uploads\\\/2021\\\/09\\\/Logo_v.png\",\"width\":960,\"height\":672,\"caption\":\"Reval Stone\"},\"image\":{\"@id\":\"https:\\\/\\\/uus.revalstone.com\\\/fi\\\/#\\\/schema\\\/logo\\\/image\\\/\"},\"sameAs\":[\"https:\\\/\\\/www.facebook.com\\\/revalstoneofficial\",\"https:\\\/\\\/www.instagram.com\\\/revalstoneofficial\\\/\",\"https:\\\/\\\/en.wikipedia.org\\\/wiki\\\/Saare_Dolomiit-V\u00e4okivi\"]}]}<\/script>\n<!-- \/ Yoast SEO plugin. -->","yoast_head_json":{"title":"Toimitus - Lattialaattojen myynti - Reval Stone verkkokauppa","description":"Dolomiitti- ja kalkkikivilattialaattojen kuljetus Virossa ja l\u00e4himaissa. Osta luonnonkivilaatat suoraan valmistajan verkkokaupasta.","robots":{"index":"index","follow":"follow","max-snippet":"max-snippet:-1","max-image-preview":"max-image-preview:large","max-video-preview":"max-video-preview:-1"},"canonical":"https:\/\/uus.revalstone.com\/fi\/toimitus\/","og_locale":"fi_FI","og_type":"article","og_title":"Toimitus - Lattialaattojen myynti - Reval Stone verkkokauppa","og_description":"Dolomiitti- ja kalkkikivilattialaattojen kuljetus Virossa ja l\u00e4himaissa. Osta luonnonkivilaatat suoraan valmistajan verkkokaupasta.","og_url":"https:\/\/uus.revalstone.com\/fi\/toimitus\/","og_site_name":"Reval Stone verkkokauppa","article_publisher":"https:\/\/www.facebook.com\/revalstoneofficial","article_modified_time":"2025-02-07T05:45:52+00:00","og_image":[{"width":1500,"height":1001,"url":"https:\/\/uus.revalstone.com\/wp-content\/uploads\/2021\/07\/transport.jpg","type":"image\/jpeg"}],"twitter_card":"summary_large_image","twitter_misc":{"Arvioitu lukuaika":"3 minuuttia"},"schema":{"@context":"https:\/\/schema.org","@graph":[{"@type":"WebPage","@id":"https:\/\/uus.revalstone.com\/fi\/toimitus\/","url":"https:\/\/uus.revalstone.com\/fi\/toimitus\/","name":"Toimitus - Lattialaattojen myynti - Reval Stone verkkokauppa","isPartOf":{"@id":"https:\/\/uus.revalstone.com\/fi\/#website"},"primaryImageOfPage":{"@id":"https:\/\/uus.revalstone.com\/fi\/toimitus\/#primaryimage"},"image":{"@id":"https:\/\/uus.revalstone.com\/fi\/toimitus\/#primaryimage"},"thumbnailUrl":"https:\/\/uus.revalstone.com\/wp-content\/uploads\/2021\/07\/transport.jpg","datePublished":"2022-12-07T07:49:25+00:00","dateModified":"2025-02-07T05:45:52+00:00","description":"Dolomiitti- ja kalkkikivilattialaattojen kuljetus Virossa ja l\u00e4himaissa. Osta luonnonkivilaatat suoraan valmistajan verkkokaupasta.","breadcrumb":{"@id":"https:\/\/uus.revalstone.com\/fi\/toimitus\/#breadcrumb"},"inLanguage":"fi","potentialAction":[{"@type":"ReadAction","target":["https:\/\/uus.revalstone.com\/fi\/toimitus\/"]}]},{"@type":"ImageObject","inLanguage":"fi","@id":"https:\/\/uus.revalstone.com\/fi\/toimitus\/#primaryimage","url":"https:\/\/uus.revalstone.com\/wp-content\/uploads\/2021\/07\/transport.jpg","contentUrl":"https:\/\/uus.revalstone.com\/wp-content\/uploads\/2021\/07\/transport.jpg","width":1500,"height":1001},{"@type":"BreadcrumbList","@id":"https:\/\/uus.revalstone.com\/fi\/toimitus\/#breadcrumb","itemListElement":[{"@type":"ListItem","position":1,"name":"Home page","item":"https:\/\/uus.revalstone.com\/fi\/"},{"@type":"ListItem","position":2,"name":"Toimitus"}]},{"@type":"WebSite","@id":"https:\/\/uus.revalstone.com\/fi\/#website","url":"https:\/\/uus.revalstone.com\/fi\/","name":"Reval Stone verkkokauppa","description":"","publisher":{"@id":"https:\/\/uus.revalstone.com\/fi\/#organization"},"potentialAction":[{"@type":"SearchAction","target":{"@type":"EntryPoint","urlTemplate":"https:\/\/uus.revalstone.com\/fi\/?s={search_term_string}"},"query-input":{"@type":"PropertyValueSpecification","valueRequired":true,"valueName":"search_term_string"}}],"inLanguage":"fi"},{"@type":"Organization","@id":"https:\/\/uus.revalstone.com\/fi\/#organization","name":"Reval Stone","url":"https:\/\/uus.revalstone.com\/fi\/","logo":{"@type":"ImageObject","inLanguage":"fi","@id":"https:\/\/uus.revalstone.com\/fi\/#\/schema\/logo\/image\/","url":"https:\/\/uus.revalstone.com\/wp-content\/uploads\/2021\/09\/Logo_v.png","contentUrl":"https:\/\/uus.revalstone.com\/wp-content\/uploads\/2021\/09\/Logo_v.png","width":960,"height":672,"caption":"Reval Stone"},"image":{"@id":"https:\/\/uus.revalstone.com\/fi\/#\/schema\/logo\/image\/"},"sameAs":["https:\/\/www.facebook.com\/revalstoneofficial","https:\/\/www.instagram.com\/revalstoneofficial\/","https:\/\/en.wikipedia.org\/wiki\/Saare_Dolomiit-V\u00e4okivi"]}]}},"_links":{"self":[{"href":"https:\/\/uus.revalstone.com\/fi\/wp-json\/wp\/v2\/pages\/4621","targetHints":{"allow":["GET"]}}],"collection":[{"href":"https:\/\/uus.revalstone.com\/fi\/wp-json\/wp\/v2\/pages"}],"about":[{"href":"https:\/\/uus.revalstone.com\/fi\/wp-json\/wp\/v2\/types\/page"}],"author":[{"embeddable":true,"href":"https:\/\/uus.revalstone.com\/fi\/wp-json\/wp\/v2\/users\/1"}],"replies":[{"embeddable":true,"href":"https:\/\/uus.revalstone.com\/fi\/wp-json\/wp\/v2\/comments?post=4621"}],"version-history":[{"count":0,"href":"https:\/\/uus.revalstone.com\/fi\/wp-json\/wp\/v2\/pages\/4621\/revisions"}],"wp:featuredmedia":[{"embeddable":true,"href":"https:\/\/uus.revalstone.com\/fi\/wp-json\/wp\/v2\/media\/4226"}],"wp:attachment":[{"href":"https:\/\/uus.revalstone.com\/fi\/wp-json\/wp\/v2\/media?parent=4621"}],"curies":[{"name":"wp","href":"https:\/\/api.w.org\/{rel}","templated":true}]}}