{"id":4624,"date":"2022-12-07T10:49:25","date_gmt":"2022-12-07T07:49:25","guid":{"rendered":"https:\/\/revalstone.com\/shop\/yritys\/"},"modified":"2025-01-28T16:50:34","modified_gmt":"2025-01-28T13:50:34","slug":"yritys","status":"publish","type":"page","link":"https:\/\/uus.revalstone.com\/fi\/yritys\/","title":{"rendered":"Yritys"},"content":{"rendered":"\n<h3 class=\"wp-block-heading\">Reval stone<\/h3>\n\n\n\n<figure class=\"wp-block-embed is-type-video is-provider-youtube wp-block-embed-youtube wp-embed-aspect-16-9 wp-has-aspect-ratio\"><div class=\"wp-block-embed__wrapper\">\n<iframe loading=\"lazy\" title=\"Discover REVAL STONE - Natural Estonian Limestone and Dolomite Solutions\" width=\"555\" height=\"312\" src=\"https:\/\/www.youtube.com\/embed\/fsNOA7pvIEY?feature=oembed\" frameborder=\"0\" allow=\"accelerometer; autoplay; clipboard-write; encrypted-media; gyroscope; picture-in-picture; web-share\" referrerpolicy=\"strict-origin-when-cross-origin\" allowfullscreen><\/iframe>\n<\/div><figcaption class=\"wp-element-caption\">Tuotannon yleiskatsaus: louhoksesta valmiiseen tuotteeseen<\/figcaption><\/figure>\n\n\n\n<p>Luonnonkive\u00e4 k\u00e4sittelev\u00e4 <strong><a href=\"https:\/\/revalstone.com\/aloitussivu\/?lang=fi\" target=\"_blank\" rel=\"noreferrer noopener\"><span style=\"text-decoration: underline;\">Reval Stone<\/span><\/a><\/strong> (<strong>Limestone factories of Estonia O\u00dc<\/strong>) on yksi Viron vanhimmista luonnonkiven louhijoista ja jalostajista. Reval Stone katsoo toimintansa alkamisp\u00e4iv\u00e4ksi 01.10.1967, jolloin Viron SNT:n ministerineuvoston k\u00e4skyst\u00e4 perustettiin Eesti Dolomiitin Saarenmaan tehdas.<\/p>\n\n\n\n<blockquote class=\"wp-block-quote is-layout-flow wp-block-quote-is-layout-flow\">\n<p>Vuodesta 2007 olemme markkinoineet tuotteitamme <strong>Reval Stone<\/strong>-br\u00e4ndill\u00e4.<\/p>\n<\/blockquote>\n\n\n\n<p>Pitk\u00e4aikaisen kokemuksen ja nykyaikaisten laitteiden avulla tarjoamme laajan valikoiman luonnonkivituotteita. Verkkokaupassa tarjottava materiaali sis\u00e4lt\u00e4\u00e4 virolaista dolomiittia ja kalkkikive\u00e4. Yrityksell\u00e4 on tehdas <strong>Saarenmaalla<\/strong>. P\u00e4\u00e4konttori ja myyntiliike sijaitsevat Tallinnassa.<\/p>\n\n\n\n<blockquote class=\"wp-block-quote is-layout-flow wp-block-quote-is-layout-flow\">\n<p>Louhoksemme sijaitsevat <strong>Saarenmaalla<\/strong> (Kaarma- ja Selgase-dolomiitti), <strong>Tallinnassa<\/strong> (Reval-kalkkikivi) ja <strong>M\u00e4rjamaan<\/strong> l\u00e4hell\u00e4 (Orgita-dolomiitti).<\/p>\n<\/blockquote>\n\n\n\n<figure class=\"wp-block-image size-large is-style-default\"><img decoding=\"async\" width=\"1024\" height=\"683\" src=\"https:\/\/uus.revalstone.com\/wp-content\/uploads\/2021\/07\/Reval_Stone_about-1024x683.jpg\" alt=\"Reval Stonen tuotanto\" class=\"wp-image-1243\" srcset=\"https:\/\/uus.revalstone.com\/wp-content\/uploads\/2021\/07\/Reval_Stone_about-1024x683.jpg 1024w, https:\/\/uus.revalstone.com\/wp-content\/uploads\/2021\/07\/Reval_Stone_about-300x200.jpg 300w, https:\/\/uus.revalstone.com\/wp-content\/uploads\/2021\/07\/Reval_Stone_about-768x512.jpg 768w, https:\/\/uus.revalstone.com\/wp-content\/uploads\/2021\/07\/Reval_Stone_about-750x500.jpg 750w, https:\/\/uus.revalstone.com\/wp-content\/uploads\/2021\/07\/Reval_Stone_about-460x307.jpg 460w, https:\/\/uus.revalstone.com\/wp-content\/uploads\/2021\/07\/Reval_Stone_about-1140x760.jpg 1140w, https:\/\/uus.revalstone.com\/wp-content\/uploads\/2021\/07\/Reval_Stone_about-150x100.jpg 150w, https:\/\/uus.revalstone.com\/wp-content\/uploads\/2021\/07\/Reval_Stone_about.jpg 1500w\" sizes=\"(max-width: 1024px) 100vw, 1024px\" \/><\/figure>\n\n\n\n<p><strong>Saarenmaan dolomiittia<\/strong> on k\u00e4ytetty 1200-luvulta l\u00e4htien vahvana ja kest\u00e4v\u00e4n\u00e4 rakennusmateriaalina, josta on valmistettu linnanmuureja ja kirkon seini\u00e4. Hyv\u00e4n ty\u00f6stett\u00e4vyyden ja s\u00e4\u00e4nkest\u00e4vyyden vuoksi dolomiitista on valmistettu hautamonumentteja, porttitolppia, balustradeja, korniiseja, portaaleja, pylv\u00e4it\u00e4 ja takkoja. Nyky\u00e4\u00e4n dolomiittia on k\u00e4ytetty useiden edustusrakennusten viimeistelyyn Tallinnassa, Pietarissa, Moskovassa, Riiassa, Vilnassa ja monissa muissa kaupungeissa.<\/p>\n\n\n\n<p><strong>Tallinnan (Reval) <\/strong>kalkkikive\u00e4 on k\u00e4ytetty vuosisatojen ajan hyv\u00e4n\u00e4 rakennuskiven\u00e4 sek\u00e4 Tallinnan ett\u00e4 Pietarin vanhassakaupungissa. Tallinnan kalkkikive\u00e4 k\u00e4ytet\u00e4\u00e4n nyky\u00e4\u00e4n yh\u00e4 enemm\u00e4n sisustuksessa. Revalin kalkkikivilaatoilla viimeisteltyj\u00e4 lattioita l\u00f6ytyy kaikista Baltian maista, Skandinaviasta, Ven\u00e4j\u00e4lt\u00e4, Puolasta, Saksasta, Englannista ja muualta.<\/p>\n\n\n\n<p><strong>Orgita-dolomiitti<\/strong> on helposti ty\u00f6stett\u00e4v\u00e4, kuvioltaan omaper\u00e4inen luonnonkivi, jota louhitaan entisen Orgitan kartanon (Rosenthal) alueella. Orgita dolomiitin ominaisuuksia viimeistelykiven\u00e4 sek\u00e4 sen s\u00e4\u00e4nkest\u00e4vyytt\u00e4 on arvostettu vuosisatojen ajan \u2013 kive\u00e4 on k\u00e4ytetty ainakin 1300-luvulta l\u00e4htien. Orgita-luonnonkive\u00e4 on historiallisesti k\u00e4ytetty hakkuukiven\u00e4 ja ulkoviimeistelyss\u00e4, mutta nyky\u00e4\u00e4n kive\u00e4 k\u00e4ytet\u00e4\u00e4n my\u00f6s sisustuksessa.<\/p>\n\n\n\n<hr class=\"wp-block-separator has-alpha-channel-opacity\"\/>\n\n\n\n<p>Yritys on <a href=\"https:\/\/paeliit.wordpress.com\/\" target=\"_blank\" rel=\"noreferrer noopener\"><span style=\"text-decoration: underline;\">Viron kalkkiliiton<\/span><\/a>, <a href=\"https:\/\/www.eetl.ee\/et\/\" target=\"_blank\" rel=\"noreferrer noopener\"><span style=\"text-decoration: underline;\">Viron rakennusmateriaalien valmistajien liiton<\/span><\/a> ja <a href=\"http:\/\/www.emtel.ee\/\" target=\"_blank\" rel=\"noreferrer noopener\"><span style=\"text-decoration: underline;\">Viron kaivosteollisuusliiton<\/span><\/a> j\u00e4sen.<\/p>\n\n\n\n<p>L\u00f6yd\u00e4t lis\u00e4tietoa toiminnastamme, materiaaleistamme, tuotantosuunnistamme ja valmistamaamme kive\u00e4 k\u00e4ytt\u00e4m\u00e4ll\u00e4 valmistuneista projekteista <strong><a href=\"https:\/\/revalstone.com\/aloitussivu\/?lang=fi\" target=\"_blank\" rel=\"noreferrer noopener\"><span style=\"text-decoration: underline;\">kotisivultamme<\/span><\/a><\/strong>.<\/p>\n\n\n\n<hr class=\"wp-block-separator has-alpha-channel-opacity\"\/>\n\n\n\n<h2 class=\"wp-block-heading\"><strong>LIMESTONE FACTORIES OF ESTONIA SAI VIRON YMP\u00c4RIST\u00d6SIJOITUSKESKUKSELTA TUKEA HANKKEEN TOTEUTTAMISEEN<\/strong><\/h2>\n\n\n<div class=\"wp-block-image\">\n<figure class=\"alignleft size-full is-resized\"><img decoding=\"async\" width=\"379\" height=\"161\" src=\"https:\/\/uus.revalstone.com\/wp-content\/uploads\/2022\/12\/NextGen.png\" alt=\"\" class=\"wp-image-4974\" style=\"width:299px;height:127px\" srcset=\"https:\/\/uus.revalstone.com\/wp-content\/uploads\/2022\/12\/NextGen.png 379w, https:\/\/uus.revalstone.com\/wp-content\/uploads\/2022\/12\/NextGen-300x127.png 300w, https:\/\/uus.revalstone.com\/wp-content\/uploads\/2022\/12\/NextGen-150x64.png 150w\" sizes=\"(max-width: 379px) 100vw, 379px\" \/><\/figure>\n<\/div>\n\n\n<p>Hankkeen \u201eLaadukkaan luonnonvaran k\u00e4ytt\u00f6\u00f6notto ja kalkkikiven hy\u00f6dynt\u00e4minen\u201c tarkoituksena on lis\u00e4t\u00e4 O\u00dc Limestone Factories of Estonian resurssitehokkuutta ja tuotantoj\u00e4tteen hy\u00f6dynt\u00e4mist\u00e4, kasvattaa tuotannon m\u00e4\u00e4r\u00e4\u00e4 ja automatisoida kalkkikivest\u00e4 koristekiveksi hy\u00f6dynt\u00e4misen tuotantoprosessi. Sit\u00e4 varten investoidaan innovatiiviseen resursseja s\u00e4\u00e4st\u00e4v\u00e4\u00e4n seulontalinjaan, kolmeen erityiseen resursseja s\u00e4\u00e4st\u00e4v\u00e4\u00e4n kaivinkoneeseen ja punnituksen digitalisointiin. Hankkeen suunniteltu budjetti on 1 943 050 euroa, josta tuen m\u00e4\u00e4r\u00e4 on 582 915 euroa.<\/p>\n\n\n\n<hr class=\"wp-block-separator has-alpha-channel-opacity\"\/>\n\n\n\n<div class=\"wp-block-columns is-layout-flex wp-container-core-columns-is-layout-9d6595d7 wp-block-columns-is-layout-flex\">\n<div class=\"wp-block-column is-layout-flow wp-block-column-is-layout-flow\">\n<figure class=\"wp-block-image size-full\"><img decoding=\"async\" width=\"354\" height=\"354\" src=\"https:\/\/uus.revalstone.com\/wp-content\/uploads\/2023\/02\/rohelinevalik.png\" alt=\"\" class=\"wp-image-5527\" srcset=\"https:\/\/uus.revalstone.com\/wp-content\/uploads\/2023\/02\/rohelinevalik.png 354w, https:\/\/uus.revalstone.com\/wp-content\/uploads\/2023\/02\/rohelinevalik-300x300.png 300w, https:\/\/uus.revalstone.com\/wp-content\/uploads\/2023\/02\/rohelinevalik-150x150.png 150w, https:\/\/uus.revalstone.com\/wp-content\/uploads\/2023\/02\/rohelinevalik-100x100.png 100w, https:\/\/uus.revalstone.com\/wp-content\/uploads\/2023\/02\/rohelinevalik-50x50.png 50w\" sizes=\"(max-width: 354px) 100vw, 354px\" \/><\/figure>\n<\/div>\n\n\n\n<div class=\"wp-block-column is-layout-flow wp-block-column-is-layout-flow\">\n<figure class=\"wp-block-image size-large\"><a href=\"https:\/\/uus.revalstone.com\/wp-content\/uploads\/2024\/01\/EN_sert_2024.jpg\" data-lightbox=\"gal[4624]\"><img decoding=\"async\" width=\"700\" height=\"1024\" src=\"https:\/\/uus.revalstone.com\/wp-content\/uploads\/2024\/01\/EN_sert_2024-700x1024.jpg\" alt=\"\" class=\"wp-image-14592\" srcset=\"https:\/\/uus.revalstone.com\/wp-content\/uploads\/2024\/01\/EN_sert_2024-700x1024.jpg 700w, https:\/\/uus.revalstone.com\/wp-content\/uploads\/2024\/01\/EN_sert_2024-205x300.jpg 205w, https:\/\/uus.revalstone.com\/wp-content\/uploads\/2024\/01\/EN_sert_2024-768x1123.jpg 768w, https:\/\/uus.revalstone.com\/wp-content\/uploads\/2024\/01\/EN_sert_2024-460x673.jpg 460w, https:\/\/uus.revalstone.com\/wp-content\/uploads\/2024\/01\/EN_sert_2024-150x219.jpg 150w, https:\/\/uus.revalstone.com\/wp-content\/uploads\/2024\/01\/EN_sert_2024.jpg 1000w\" sizes=\"(max-width: 700px) 100vw, 700px\" \/><\/a><\/figure>\n<\/div>\n<\/div>\n\n\n\n<h2 class=\"wp-block-heading\">Limestone factories of Estonia O\u00dc k\u00e4ytt\u00e4\u00e4 uusiutuvaa energiaa<\/h2>\n\n\n\n<p>Starting from 2023 our company has been issued the \u201cGreen Choice\u201d certificate which certifies the use of 100% European-produced renewable energy.<\/p>\n\n\n\n<hr class=\"wp-block-separator has-alpha-channel-opacity\"\/>\n\n\n\n<h2 class=\"wp-block-heading\"><strong>SAAREMAA AITO TUOTE<\/strong><\/h2>\n\n\n<div class=\"wp-block-image\">\n<figure class=\"aligncenter size-full is-resized\"><a href=\"https:\/\/ehtne.ee\/margikandja\/reval-stone\/\" target=\"_blank\" rel=\"noreferrer noopener\"><img decoding=\"async\" width=\"609\" height=\"567\" src=\"https:\/\/uus.revalstone.com\/wp-content\/uploads\/2024\/08\/Saaremaa-mark.png\" alt=\"\" class=\"wp-image-15962\" style=\"width:216px;height:auto\" srcset=\"https:\/\/uus.revalstone.com\/wp-content\/uploads\/2024\/08\/Saaremaa-mark.png 609w, https:\/\/uus.revalstone.com\/wp-content\/uploads\/2024\/08\/Saaremaa-mark-300x279.png 300w, https:\/\/uus.revalstone.com\/wp-content\/uploads\/2024\/08\/Saaremaa-mark-460x428.png 460w, https:\/\/uus.revalstone.com\/wp-content\/uploads\/2024\/08\/Saaremaa-mark-150x140.png 150w\" sizes=\"(max-width: 609px) 100vw, 609px\" \/><\/a><\/figure>\n<\/div>\n\n\n<p>Reval Stone kantaa etiketti\u00e4 \u201e<a href=\"https:\/\/ehtne.ee\/margikandja\/reval-stone\/\" target=\"_blank\" rel=\"noreferrer noopener\">Saaremaa AITO tuote<\/a>\u201c.<\/p>\n","protected":false},"excerpt":{"rendered":"<p>Reval stone Luonnonkive\u00e4 k\u00e4sittelev\u00e4 Reval Stone (Limestone factories of Estonia O\u00dc) on yksi Viron vanhimmista luonnonkiven louhijoista ja jalostajista. Reval [&hellip;]<\/p>\n","protected":false},"author":1,"featured_media":4185,"parent":0,"menu_order":0,"comment_status":"closed","ping_status":"closed","template":"","meta":{"_acf_changed":false,"footnotes":""},"class_list":["post-4624","page","type-page","status-publish","has-post-thumbnail","hentry"],"acf":[],"yoast_head":"<!-- This site is optimized with the Yoast SEO plugin v27.4 - https:\/\/yoast.com\/product\/yoast-seo-wordpress\/ -->\n<title>Yritys - Kalkkikiven myynti - Dolomiitin myynti -<\/title>\n<meta name=\"description\" content=\"Luonnonkivest\u00e4 valmistetut lattialaatat valmistajalta. Reval Stone k\u00e4sittelee kalkkikive\u00e4 ja dolomiittia. Reval-kalkkikivi ja Kaarma-, Orgita- sek\u00e4 Selgase-dolomiitti.\" \/>\n<meta name=\"robots\" content=\"index, follow, max-snippet:-1, max-image-preview:large, max-video-preview:-1\" \/>\n<link rel=\"canonical\" href=\"https:\/\/uus.revalstone.com\/fi\/yritys\/\" \/>\n<meta property=\"og:locale\" content=\"fi_FI\" \/>\n<meta property=\"og:type\" content=\"article\" \/>\n<meta property=\"og:title\" content=\"Yritys - Kalkkikiven myynti - Dolomiitin myynti -\" \/>\n<meta property=\"og:description\" content=\"Luonnonkivest\u00e4 valmistetut lattialaatat valmistajalta. Reval Stone k\u00e4sittelee kalkkikive\u00e4 ja dolomiittia. Reval-kalkkikivi ja Kaarma-, Orgita- sek\u00e4 Selgase-dolomiitti.\" \/>\n<meta property=\"og:url\" content=\"https:\/\/uus.revalstone.com\/fi\/yritys\/\" \/>\n<meta property=\"og:site_name\" content=\"Reval Stone verkkokauppa\" \/>\n<meta property=\"article:publisher\" content=\"https:\/\/www.facebook.com\/revalstoneofficial\" \/>\n<meta property=\"article:modified_time\" content=\"2025-01-28T13:50:34+00:00\" \/>\n<meta property=\"og:image\" content=\"https:\/\/uus.revalstone.com\/wp-content\/uploads\/2021\/07\/Reval_Stone_installation.jpg\" \/>\n\t<meta property=\"og:image:width\" content=\"1500\" \/>\n\t<meta property=\"og:image:height\" content=\"1000\" \/>\n\t<meta property=\"og:image:type\" content=\"image\/jpeg\" \/>\n<meta name=\"twitter:card\" content=\"summary_large_image\" \/>\n<meta name=\"twitter:label1\" content=\"Arvioitu lukuaika\" \/>\n\t<meta name=\"twitter:data1\" content=\"3 minuuttia\" \/>\n<script type=\"application\/ld+json\" class=\"yoast-schema-graph\">{\"@context\":\"https:\\\/\\\/schema.org\",\"@graph\":[{\"@type\":\"WebPage\",\"@id\":\"https:\\\/\\\/uus.revalstone.com\\\/fi\\\/yritys\\\/\",\"url\":\"https:\\\/\\\/uus.revalstone.com\\\/fi\\\/yritys\\\/\",\"name\":\"Yritys - Kalkkikiven myynti - Dolomiitin myynti -\",\"isPartOf\":{\"@id\":\"https:\\\/\\\/uus.revalstone.com\\\/fi\\\/#website\"},\"primaryImageOfPage\":{\"@id\":\"https:\\\/\\\/uus.revalstone.com\\\/fi\\\/yritys\\\/#primaryimage\"},\"image\":{\"@id\":\"https:\\\/\\\/uus.revalstone.com\\\/fi\\\/yritys\\\/#primaryimage\"},\"thumbnailUrl\":\"https:\\\/\\\/uus.revalstone.com\\\/wp-content\\\/uploads\\\/2021\\\/07\\\/Reval_Stone_installation.jpg\",\"datePublished\":\"2022-12-07T07:49:25+00:00\",\"dateModified\":\"2025-01-28T13:50:34+00:00\",\"description\":\"Luonnonkivest\u00e4 valmistetut lattialaatat valmistajalta. Reval Stone k\u00e4sittelee kalkkikive\u00e4 ja dolomiittia. Reval-kalkkikivi ja Kaarma-, Orgita- sek\u00e4 Selgase-dolomiitti.\",\"breadcrumb\":{\"@id\":\"https:\\\/\\\/uus.revalstone.com\\\/fi\\\/yritys\\\/#breadcrumb\"},\"inLanguage\":\"fi\",\"potentialAction\":[{\"@type\":\"ReadAction\",\"target\":[\"https:\\\/\\\/uus.revalstone.com\\\/fi\\\/yritys\\\/\"]}]},{\"@type\":\"ImageObject\",\"inLanguage\":\"fi\",\"@id\":\"https:\\\/\\\/uus.revalstone.com\\\/fi\\\/yritys\\\/#primaryimage\",\"url\":\"https:\\\/\\\/uus.revalstone.com\\\/wp-content\\\/uploads\\\/2021\\\/07\\\/Reval_Stone_installation.jpg\",\"contentUrl\":\"https:\\\/\\\/uus.revalstone.com\\\/wp-content\\\/uploads\\\/2021\\\/07\\\/Reval_Stone_installation.jpg\",\"width\":1500,\"height\":1000},{\"@type\":\"BreadcrumbList\",\"@id\":\"https:\\\/\\\/uus.revalstone.com\\\/fi\\\/yritys\\\/#breadcrumb\",\"itemListElement\":[{\"@type\":\"ListItem\",\"position\":1,\"name\":\"Home page\",\"item\":\"https:\\\/\\\/uus.revalstone.com\\\/fi\\\/\"},{\"@type\":\"ListItem\",\"position\":2,\"name\":\"Yritys\"}]},{\"@type\":\"WebSite\",\"@id\":\"https:\\\/\\\/uus.revalstone.com\\\/fi\\\/#website\",\"url\":\"https:\\\/\\\/uus.revalstone.com\\\/fi\\\/\",\"name\":\"Reval Stone verkkokauppa\",\"description\":\"\",\"publisher\":{\"@id\":\"https:\\\/\\\/uus.revalstone.com\\\/fi\\\/#organization\"},\"potentialAction\":[{\"@type\":\"SearchAction\",\"target\":{\"@type\":\"EntryPoint\",\"urlTemplate\":\"https:\\\/\\\/uus.revalstone.com\\\/fi\\\/?s={search_term_string}\"},\"query-input\":{\"@type\":\"PropertyValueSpecification\",\"valueRequired\":true,\"valueName\":\"search_term_string\"}}],\"inLanguage\":\"fi\"},{\"@type\":\"Organization\",\"@id\":\"https:\\\/\\\/uus.revalstone.com\\\/fi\\\/#organization\",\"name\":\"Reval Stone\",\"url\":\"https:\\\/\\\/uus.revalstone.com\\\/fi\\\/\",\"logo\":{\"@type\":\"ImageObject\",\"inLanguage\":\"fi\",\"@id\":\"https:\\\/\\\/uus.revalstone.com\\\/fi\\\/#\\\/schema\\\/logo\\\/image\\\/\",\"url\":\"https:\\\/\\\/uus.revalstone.com\\\/wp-content\\\/uploads\\\/2021\\\/09\\\/Logo_v.png\",\"contentUrl\":\"https:\\\/\\\/uus.revalstone.com\\\/wp-content\\\/uploads\\\/2021\\\/09\\\/Logo_v.png\",\"width\":960,\"height\":672,\"caption\":\"Reval Stone\"},\"image\":{\"@id\":\"https:\\\/\\\/uus.revalstone.com\\\/fi\\\/#\\\/schema\\\/logo\\\/image\\\/\"},\"sameAs\":[\"https:\\\/\\\/www.facebook.com\\\/revalstoneofficial\",\"https:\\\/\\\/www.instagram.com\\\/revalstoneofficial\\\/\",\"https:\\\/\\\/en.wikipedia.org\\\/wiki\\\/Saare_Dolomiit-V\u00e4okivi\"]}]}<\/script>\n<!-- \/ Yoast SEO plugin. -->","yoast_head_json":{"title":"Yritys - Kalkkikiven myynti - Dolomiitin myynti -","description":"Luonnonkivest\u00e4 valmistetut lattialaatat valmistajalta. Reval Stone k\u00e4sittelee kalkkikive\u00e4 ja dolomiittia. Reval-kalkkikivi ja Kaarma-, Orgita- sek\u00e4 Selgase-dolomiitti.","robots":{"index":"index","follow":"follow","max-snippet":"max-snippet:-1","max-image-preview":"max-image-preview:large","max-video-preview":"max-video-preview:-1"},"canonical":"https:\/\/uus.revalstone.com\/fi\/yritys\/","og_locale":"fi_FI","og_type":"article","og_title":"Yritys - Kalkkikiven myynti - Dolomiitin myynti -","og_description":"Luonnonkivest\u00e4 valmistetut lattialaatat valmistajalta. Reval Stone k\u00e4sittelee kalkkikive\u00e4 ja dolomiittia. Reval-kalkkikivi ja Kaarma-, Orgita- sek\u00e4 Selgase-dolomiitti.","og_url":"https:\/\/uus.revalstone.com\/fi\/yritys\/","og_site_name":"Reval Stone verkkokauppa","article_publisher":"https:\/\/www.facebook.com\/revalstoneofficial","article_modified_time":"2025-01-28T13:50:34+00:00","og_image":[{"width":1500,"height":1000,"url":"https:\/\/uus.revalstone.com\/wp-content\/uploads\/2021\/07\/Reval_Stone_installation.jpg","type":"image\/jpeg"}],"twitter_card":"summary_large_image","twitter_misc":{"Arvioitu lukuaika":"3 minuuttia"},"schema":{"@context":"https:\/\/schema.org","@graph":[{"@type":"WebPage","@id":"https:\/\/uus.revalstone.com\/fi\/yritys\/","url":"https:\/\/uus.revalstone.com\/fi\/yritys\/","name":"Yritys - Kalkkikiven myynti - Dolomiitin myynti -","isPartOf":{"@id":"https:\/\/uus.revalstone.com\/fi\/#website"},"primaryImageOfPage":{"@id":"https:\/\/uus.revalstone.com\/fi\/yritys\/#primaryimage"},"image":{"@id":"https:\/\/uus.revalstone.com\/fi\/yritys\/#primaryimage"},"thumbnailUrl":"https:\/\/uus.revalstone.com\/wp-content\/uploads\/2021\/07\/Reval_Stone_installation.jpg","datePublished":"2022-12-07T07:49:25+00:00","dateModified":"2025-01-28T13:50:34+00:00","description":"Luonnonkivest\u00e4 valmistetut lattialaatat valmistajalta. Reval Stone k\u00e4sittelee kalkkikive\u00e4 ja dolomiittia. Reval-kalkkikivi ja Kaarma-, Orgita- sek\u00e4 Selgase-dolomiitti.","breadcrumb":{"@id":"https:\/\/uus.revalstone.com\/fi\/yritys\/#breadcrumb"},"inLanguage":"fi","potentialAction":[{"@type":"ReadAction","target":["https:\/\/uus.revalstone.com\/fi\/yritys\/"]}]},{"@type":"ImageObject","inLanguage":"fi","@id":"https:\/\/uus.revalstone.com\/fi\/yritys\/#primaryimage","url":"https:\/\/uus.revalstone.com\/wp-content\/uploads\/2021\/07\/Reval_Stone_installation.jpg","contentUrl":"https:\/\/uus.revalstone.com\/wp-content\/uploads\/2021\/07\/Reval_Stone_installation.jpg","width":1500,"height":1000},{"@type":"BreadcrumbList","@id":"https:\/\/uus.revalstone.com\/fi\/yritys\/#breadcrumb","itemListElement":[{"@type":"ListItem","position":1,"name":"Home page","item":"https:\/\/uus.revalstone.com\/fi\/"},{"@type":"ListItem","position":2,"name":"Yritys"}]},{"@type":"WebSite","@id":"https:\/\/uus.revalstone.com\/fi\/#website","url":"https:\/\/uus.revalstone.com\/fi\/","name":"Reval Stone verkkokauppa","description":"","publisher":{"@id":"https:\/\/uus.revalstone.com\/fi\/#organization"},"potentialAction":[{"@type":"SearchAction","target":{"@type":"EntryPoint","urlTemplate":"https:\/\/uus.revalstone.com\/fi\/?s={search_term_string}"},"query-input":{"@type":"PropertyValueSpecification","valueRequired":true,"valueName":"search_term_string"}}],"inLanguage":"fi"},{"@type":"Organization","@id":"https:\/\/uus.revalstone.com\/fi\/#organization","name":"Reval Stone","url":"https:\/\/uus.revalstone.com\/fi\/","logo":{"@type":"ImageObject","inLanguage":"fi","@id":"https:\/\/uus.revalstone.com\/fi\/#\/schema\/logo\/image\/","url":"https:\/\/uus.revalstone.com\/wp-content\/uploads\/2021\/09\/Logo_v.png","contentUrl":"https:\/\/uus.revalstone.com\/wp-content\/uploads\/2021\/09\/Logo_v.png","width":960,"height":672,"caption":"Reval Stone"},"image":{"@id":"https:\/\/uus.revalstone.com\/fi\/#\/schema\/logo\/image\/"},"sameAs":["https:\/\/www.facebook.com\/revalstoneofficial","https:\/\/www.instagram.com\/revalstoneofficial\/","https:\/\/en.wikipedia.org\/wiki\/Saare_Dolomiit-V\u00e4okivi"]}]}},"_links":{"self":[{"href":"https:\/\/uus.revalstone.com\/fi\/wp-json\/wp\/v2\/pages\/4624","targetHints":{"allow":["GET"]}}],"collection":[{"href":"https:\/\/uus.revalstone.com\/fi\/wp-json\/wp\/v2\/pages"}],"about":[{"href":"https:\/\/uus.revalstone.com\/fi\/wp-json\/wp\/v2\/types\/page"}],"author":[{"embeddable":true,"href":"https:\/\/uus.revalstone.com\/fi\/wp-json\/wp\/v2\/users\/1"}],"replies":[{"embeddable":true,"href":"https:\/\/uus.revalstone.com\/fi\/wp-json\/wp\/v2\/comments?post=4624"}],"version-history":[{"count":0,"href":"https:\/\/uus.revalstone.com\/fi\/wp-json\/wp\/v2\/pages\/4624\/revisions"}],"wp:featuredmedia":[{"embeddable":true,"href":"https:\/\/uus.revalstone.com\/fi\/wp-json\/wp\/v2\/media\/4185"}],"wp:attachment":[{"href":"https:\/\/uus.revalstone.com\/fi\/wp-json\/wp\/v2\/media?parent=4624"}],"curies":[{"name":"wp","href":"https:\/\/api.w.org\/{rel}","templated":true}]}}