{"id":4626,"date":"2022-12-07T10:49:25","date_gmt":"2022-12-07T07:49:25","guid":{"rendered":"https:\/\/revalstone.com\/shop\/yleiset-ehdot\/"},"modified":"2023-04-05T18:15:45","modified_gmt":"2023-04-05T15:15:45","slug":"yleiset-ehdot","status":"publish","type":"page","link":"https:\/\/uus.revalstone.com\/fi\/yleiset-ehdot\/","title":{"rendered":"Yleiset ehdot"},"content":{"rendered":"\n<p><strong>YLEISET S\u00c4\u00c4NN\u00d6KSET<\/strong><\/p>\n\n\n\n<ul class=\"wp-block-list\">\n<li>N\u00e4m\u00e4 verkkokaupan yleis- ja tilausehdot (j\u00e4ljemp\u00e4n\u00e4:  ehdot) koskevat kaikkien henkil\u00f6iden (j\u00e4ljemp\u00e4n\u00e4:  ostaja) ja <strong>Limestone factories of Estonia O\u00dc:n<\/strong> (j\u00e4ljemp\u00e4n\u00e4:  myyj\u00e4), rekisteritunnus 10022037, Peterburi tee 34\/1, 11415 Tallinna, Viro, v\u00e4lill\u00e4 t\u00e4st\u00e4 ostosymp\u00e4rist\u00f6st\u00e4 www.revalstone.com\/shop (j\u00e4ljemp\u00e4n\u00e4:  verkkokauppa) tuotteiden (j\u00e4ljemp\u00e4n\u00e4:  tuote) ostamisesta aiheutuvia oikeussuhteita.<\/li>\n\n\n\n<li><strong>Ehtoihin tutustuminen on pakollista<\/strong>.<\/li>\n\n\n\n<li>Myyj\u00e4ll\u00e4 on oikeus muuttaa ja t\u00e4ydent\u00e4\u00e4 ehtoja ja hinnastoa verkkokauppansa paremman ja turvallisemman k\u00e4yt\u00f6n varmistamiseksi. Ehtojen ja hinnaston muutokset ja t\u00e4ydennykset tulevat voimaan, kun vastaava muutos tai t\u00e4ydennys julkaistaan kyseisell\u00e4 sivustolla. Jos l\u00e4hetit tilauksesi ennen ehtojen muutosten voimaanastumista, sinun ja myyj\u00e4n v\u00e4lill\u00e4 syntyneeseen oikeussuhteeseen sovelletaan tilaushetkell\u00e4 voimassaolleita ehtoja, ellei laissa tai kyseisiss\u00e4 ehdoissa ole m\u00e4\u00e4r\u00e4tty toisin.<\/li>\n\n\n\n<li>Voit tutustua tietosuojak\u00e4yt\u00e4nn\u00f6n periaatteeseen <a href=\"https:\/\/uus.revalstone.com\/fi\/tietosuojakaytanto\/\" target=\"_blank\" rel=\"noreferrer noopener\"><strong><span style=\"text-decoration: underline;\">t\u00e4\u00e4lt\u00e4<\/span><\/strong><\/a>.<\/li>\n<\/ul>\n\n\n\n<p><strong>TUOTTEET JA HINNAT<\/strong><\/p>\n\n\n\n<ul class=\"wp-block-list\">\n<li>Tuotteita voi etsi\u00e4 ja valita verkkokaupassa selaamalla sivuja, k\u00e4ytt\u00e4m\u00e4ll\u00e4 tuotekategorioita ja muuttamalla n\u00e4ytett\u00e4viss\u00e4 valikoissa tarjottavia arvoja tai suorittamalla haun sivun yl\u00e4reunassa olevan suurennuslasilla merkityn hakukent\u00e4n kautta.<\/li>\n\n\n\n<li>Kaikkien verkkokaupassa myyt\u00e4vien tuotteiden hinnat ovat euroina eiv\u00e4tk\u00e4 ne sis\u00e4ll\u00e4 arvonlis\u00e4veroa. Ostoskorissa tuotteiden hintoihin lis\u00e4t\u00e4\u00e4n ensin toimituskulut, jonka j\u00e4lkeen loppusummaan lis\u00e4t\u00e4\u00e4n ALV.<\/li>\n\n\n\n<li>Myyj\u00e4ll\u00e4 on oikeus muuttaa milloin tahansa verkkokaupassa n\u00e4ytett\u00e4vi\u00e4 hintoja. Jos hintoja on muutettu verkkokaupassa sen j\u00e4lkeen, kun olet l\u00e4hett\u00e4nyt tilauksen ja maksanut sen, myyj\u00e4 sitoutuu toimittamaan sinulle vastaavat tuotteet tilaushetkell\u00e4 voimassa olevilla hinnoilla. Sinulla ei ole oikeutta vaatia hintaeron korvausta.<\/li>\n\n\n\n<li>Tuotetiedot on ilmoitettu verkkokaupassa tuotteen yhteydess\u00e4.<\/li>\n<\/ul>\n\n\n\n<p><strong>OSTOKSEN SUORITTAMINEN JA TILAUKSEN TEKEMINEN<\/strong><\/p>\n\n\n\n<ul class=\"wp-block-list\">\n<li>Valitse tuote\/tuotteet ja lis\u00e4\u00e4 ne ostoskoriin.<\/li>\n\n\n\n<li>Voit lis\u00e4t\u00e4 sek\u00e4 poistaa ostoskorin tuotteita ja muuttaa niiden m\u00e4\u00e4r\u00e4\u00e4 my\u00f6hemmin. Ostoskorin hinta p\u00e4ivittyy m\u00e4\u00e4r\u00e4n muuttuessa automaattisesti. Vahvista ostoskori painamalla \u201dSiirry maksamaan\u201d.<\/li>\n\n\n\n<li>T\u00e4m\u00e4n j\u00e4lkeen sinut ohjataan kassalle, jossa voit t\u00e4ytt\u00e4\u00e4 laskutustietosi (nimi ja yhteystiedot). Laskutustietojen sy\u00f6tt\u00e4misen j\u00e4lkeen kassalla n\u00e4ytet\u00e4\u00e4n my\u00f6s toimituskulut.<\/li>\n\n\n\n<li>Ole huolellinen t\u00e4ytt\u00e4ess\u00e4si kentti\u00e4 tilaajan tieto- ja tilausvahvistussivuilla, sill\u00e4 ostamiesi tuotteiden nopea ja ongelmaton toimitus riippuu kyseisten tietojen tarkkuudesta ja oikeellisuudesta.<\/li>\n\n\n\n<li>Jos haluat, ett\u00e4 tuote toimitetaan eri osoitteeseen kuin ostajan osoite, valitse vaihtoehto \u201dL\u00e4het\u00e4 toiseen osoitteeseen\u201d ja kirjoita haluttu toimitusosoite erikseen sille tarkoitettuihin kenttiin.<\/li>\n\n\n\n<li>Kun vaaditut kent\u00e4t on t\u00e4ytetty, ostajalle n\u00e4ytet\u00e4\u00e4n tilauksen kokonaissumma. Valitse t\u00e4m\u00e4n j\u00e4lkeen sinulle sopiva maksutapa (katso alla).<\/li>\n<\/ul>\n\n\n\n<p><strong>HUOMIO! Ostaja on velvollinen tarkistamaan tilauksen <strong>tietojen<\/strong> oikeellisuuden ennen maksun suorittamista.<\/strong><\/p>\n\n\n\n<p><strong>HUOMIO! Vastaanotettuamme ty\u00f6tasotilauksen tarkistamme tilauksen my\u00f6s itse ja muokkaamme hintaa tarvittaessa (jos tilauksen yhteydess\u00e4 annetut tiedot poikkeavat piirustuksen tiedoista).<\/strong><\/p>\n\n\n\n<p><strong>OSTOKSEN MAKSAMINEN<\/strong><\/p>\n\n\n\n<p>Voit maksaa tuotteet <strong>kahdella tavalla<\/strong>.<\/p>\n\n\n\n<ul class=\"wp-block-list\">\n<li>Maksan tilauksen <strong>pankkikortilla<\/strong> (maksuymp\u00e4rist\u00f6 Stripe).<\/li>\n<\/ul>\n\n\n\n<p>Stripe-maksuratkaisun kautta on mahdollista suorittaa ostos pankki- tai luottokortilla. Jos haluat tehd\u00e4 verkko-ostoksia, sinun on aktivoitava vastaava toiminto etuk\u00e4teen oman pankkisi verkkopankissa. Stripe-maksualusta on turvallinen ymp\u00e4rist\u00f6 \u2013 se vastaa tiukinta maksupalvelusektorin sertifiointitasoa.<\/p>\n\n\n\n<p>Jos tilaus maksetaan pankkikortilla, maksu suoritetaan turvallisessa maksuymp\u00e4rist\u00f6ss\u00e4, joka sijaitsee verkkokauppaymp\u00e4rist\u00f6n ulkopuolella. Verkkokaupalla ei ole p\u00e4\u00e4sy\u00e4 ostajan pankki- ja maksu- tai luottokorttitietoihin. Maksaaksesi sinun on annettava pankkikortin numero, viimeinen voimassaolop\u00e4iv\u00e4 (muodossa kuukausi\/vuosi \u2013 esim. 12\/22) ja turvakoodi (CVV2\/CVC2\/CID). Sinun ei tarvitse kirjautua sis\u00e4\u00e4n pankkiisi tai Stripe-verkkoymp\u00e4rist\u00f6\u00f6n suorittaaksesi maksun.<\/p>\n\n\n\n<p>Maksun suorittamisen j\u00e4lkeen sinulle l\u00e4hetet\u00e4\u00e4n automaattinen vahvistus maksun ja tilauksen suorittamisesta. Vahvistus l\u00e4hetet\u00e4\u00e4n ostajan antamaan s\u00e4hk\u00f6postiosoitteeseen. Laskua ei l\u00e4hetet\u00e4 automaattisesti. Sen tekee henkil\u00f6, joka tarkistaa, ett\u00e4 kaikki on kunnossa. Ostaja ei siis saa laskua heti, \u00f6isin eik\u00e4 juhlap\u00e4ivin\u00e4. Tilauksen t\u00e4ytt\u00e4minen alkaa, kun koko laskuun merkitty summa n\u00e4kyy myyj\u00e4n tilill\u00e4.<\/p>\n\n\n\n<ul class=\"wp-block-list\">\n<li>Maksan tilauksen <strong>tilisiirrolla laskun perusteella<\/strong>.<\/li>\n<\/ul>\n\n\n\n<p>Jos haluat maksaa laskun tilisiirrolla, tilausvahvistus laaditaan automaattisesti, ja se l\u00e4hetet\u00e4\u00e4n ostajalle tilauksessa ilmoitettujen tietojen perusteella. Lasku ja kaikki muut tarvittavat tiedot l\u00e4hetet\u00e4\u00e4n ostajan ilmoittamaan s\u00e4hk\u00f6postiosoitteeseen.<\/p>\n\n\n\n<p>Ostaja on velvollinen varmistamaan, ett\u00e4 kaikki on oikein ja ilmoittamaan myyj\u00e4lle, jos jokin on v\u00e4\u00e4rin. Laskua ei l\u00e4hetet\u00e4 automaattisesti, vaan sen tekee henkil\u00f6, joka tarkistaa, onko tilauksessa kaikki kunnossa. Ostaja ei siis saa laskua heti, \u00f6isin eik\u00e4 juhlap\u00e4ivin\u00e4. Tilauksen t\u00e4ytt\u00e4minen alkaa, kun koko laskuun merkitty summa n\u00e4kyy myyj\u00e4n tilill\u00e4.<\/p>\n\n\n\n<p><strong>TUOTTEIDEN TOIMITUS<\/strong><\/p>\n\n\n\n<ul class=\"wp-block-list\">\n<li>Tuotteet toimitetaan maksun vastaanottamisen j\u00e4lkeen ostajan tilauksen yhteydess\u00e4 ilmoittamaan osoitteeseen. Tilattujen tuotteiden toimitusmaksu n\u00e4kyy ostajalle tilausta teht\u00e4ess\u00e4.<\/li>\n\n\n\n<li>Jos myyntitapahtuman j\u00e4lkeen ilmenee, ettei tuotteen toimitus ole mahdollista, tai sen valmistus ja toimitus kest\u00e4\u00e4 odotettua kauemmin (joko siksi, ett\u00e4 tuote on jostain syyst\u00e4 loppunut myyj\u00e4n varastosta tai jostain muusta syyst\u00e4), myyj\u00e4 ilmoittaa t\u00e4st\u00e4 ostajalle mahdollisimman pian ja ilmoittaa ostajalle uuden arvioidun toimitusp\u00e4iv\u00e4n. Ostajalla on oikeus peruuttaa osto- ja myyntisopimus toimitusajan pidentymisen vuoksi.<\/li>\n\n\n\n<li>Tuotteet toimitetaan ostajalle ulkopuolista kuljetuspalveluntarjoajaa (j\u00e4ljemp\u00e4n\u00e4:  kuljettaja) k\u00e4ytt\u00e4m\u00e4ll\u00e4.<\/li>\n\n\n\n<li>Luovutamme kaikki l\u00e4hetykset kuljettajalle toimitettaviksi ostajan ilmoittamaan osoitteeseen mahdollisimman pian myyntisopimuksen astuttua voimaan, mik\u00e4li tuote on varastossa eik\u00e4 ole ilmoitettu toisin.<\/li>\n\n\n\n<li>Toimitusaika on enint\u00e4\u00e4n 3 viikkoa tilauksen maksamisesta (paitsi tuoten\u00e4ytteet, joiden toimitusaika on lyhyempi). Tuotteen toimitus on mahdollista my\u00f6s muihin myyj\u00e4n m\u00e4\u00e4rittelemiin maihin, mutta t\u00e4ll\u00f6in toimituksiin sovelletaan eri hintoja. Lue toimituksesta lis\u00e4\u00e4 <strong><a href=\"https:\/\/uus.revalstone.com\/fi\/toimitus\/\" target=\"_blank\" rel=\"noreferrer noopener\"><span style=\"text-decoration: underline;\">t\u00e4\u00e4lt\u00e4<\/span><\/a><\/strong>.<\/li>\n<\/ul>\n\n\n\n<p><strong>VALITTAMINEN<\/strong><\/p>\n\n\n\n<ul class=\"wp-block-list\">\n<li>Tuotteilla on velvoiteoikeuslain 218 \u00a7:ss\u00e4 s\u00e4\u00e4detty valitusoikeus.<\/li>\n\n\n\n<li>Myyj\u00e4 ei ole vastuussa:\n<ul class=\"wp-block-list\">\n<li>ostajan aiheuttamasta tuotteiden fyysisest\u00e4 vahingoittamisesta;<\/li>\n\n\n\n<li>vioista, jotka ovat syntyneet tuotteen ep\u00e4asianmukaisesta k\u00e4yt\u00f6st\u00e4.<\/li>\n<\/ul>\n<\/li>\n\n\n\n<li>Jos tuote ei t\u00e4yt\u00e4 vaatimuksia, ostajalla on oikeus vaatia tuotteen vaihtamista vaatimustenmukaiseen tuotteeseen.<\/li>\n\n\n\n<li>Ennen tilauksen vahvistamista ostajan on tutustuttava yksityiskohtaisempiin palautusehtoihin <strong><a href=\"https:\/\/uus.revalstone.com\/fi\/tuotteiden-palautus\/\" target=\"_blank\" rel=\"noreferrer noopener\"><span style=\"text-decoration: underline;\">t\u00e4\u00e4ll\u00e4<\/span><\/a><\/strong>. Siell\u00e4 on kuvailtu tarkemmin sopimuksen peruuttamisoikeutta, valittamista sek\u00e4 muita seikkoja, jotka tulee ottaa huomioon luonnonkivest\u00e4 valmistettuja tuotteita tilattaessa.<\/li>\n<\/ul>\n","protected":false},"excerpt":{"rendered":"<p>YLEISET S\u00c4\u00c4NN\u00d6KSET TUOTTEET JA HINNAT OSTOKSEN SUORITTAMINEN JA TILAUKSEN TEKEMINEN HUOMIO! Ostaja on velvollinen tarkistamaan tilauksen tietojen oikeellisuuden ennen maksun [&hellip;]<\/p>\n","protected":false},"author":1,"featured_media":0,"parent":0,"menu_order":0,"comment_status":"closed","ping_status":"closed","template":"","meta":{"_acf_changed":false,"footnotes":""},"class_list":["post-4626","page","type-page","status-publish","hentry"],"acf":[],"yoast_head":"<!-- This site is optimized with the Yoast SEO plugin v27.4 - https:\/\/yoast.com\/product\/yoast-seo-wordpress\/ -->\n<title>Yleiset ehdot - Reval Stone verkkokauppa<\/title>\n<meta name=\"description\" content=\"Luonnonkivest\u00e4 (virolainen kalkkikivi ja dolomiitti) valmistettujen lattialaattojen ostaminen verkkokaupasta. Laadukas tuotanto luotettavalta valmistajalta.\" \/>\n<meta name=\"robots\" content=\"index, follow, max-snippet:-1, max-image-preview:large, max-video-preview:-1\" \/>\n<link rel=\"canonical\" href=\"https:\/\/uus.revalstone.com\/fi\/yleiset-ehdot\/\" \/>\n<meta property=\"og:locale\" content=\"fi_FI\" \/>\n<meta property=\"og:type\" content=\"article\" \/>\n<meta property=\"og:title\" content=\"Yleiset ehdot - Reval Stone verkkokauppa\" \/>\n<meta property=\"og:description\" content=\"Luonnonkivest\u00e4 (virolainen kalkkikivi ja dolomiitti) valmistettujen lattialaattojen ostaminen verkkokaupasta. Laadukas tuotanto luotettavalta valmistajalta.\" \/>\n<meta property=\"og:url\" content=\"https:\/\/uus.revalstone.com\/fi\/yleiset-ehdot\/\" \/>\n<meta property=\"og:site_name\" content=\"Reval Stone verkkokauppa\" \/>\n<meta property=\"article:publisher\" content=\"https:\/\/www.facebook.com\/revalstoneofficial\" \/>\n<meta property=\"article:modified_time\" content=\"2023-04-05T15:15:45+00:00\" \/>\n<meta name=\"twitter:card\" content=\"summary_large_image\" \/>\n<meta name=\"twitter:label1\" content=\"Arvioitu lukuaika\" \/>\n\t<meta name=\"twitter:data1\" content=\"5 minuuttia\" \/>\n<script type=\"application\/ld+json\" class=\"yoast-schema-graph\">{\"@context\":\"https:\\\/\\\/schema.org\",\"@graph\":[{\"@type\":\"WebPage\",\"@id\":\"https:\\\/\\\/uus.revalstone.com\\\/fi\\\/yleiset-ehdot\\\/\",\"url\":\"https:\\\/\\\/uus.revalstone.com\\\/fi\\\/yleiset-ehdot\\\/\",\"name\":\"Yleiset ehdot - Reval Stone verkkokauppa\",\"isPartOf\":{\"@id\":\"https:\\\/\\\/uus.revalstone.com\\\/fi\\\/#website\"},\"datePublished\":\"2022-12-07T07:49:25+00:00\",\"dateModified\":\"2023-04-05T15:15:45+00:00\",\"description\":\"Luonnonkivest\u00e4 (virolainen kalkkikivi ja dolomiitti) valmistettujen lattialaattojen ostaminen verkkokaupasta. Laadukas tuotanto luotettavalta valmistajalta.\",\"breadcrumb\":{\"@id\":\"https:\\\/\\\/uus.revalstone.com\\\/fi\\\/yleiset-ehdot\\\/#breadcrumb\"},\"inLanguage\":\"fi\",\"potentialAction\":[{\"@type\":\"ReadAction\",\"target\":[\"https:\\\/\\\/uus.revalstone.com\\\/fi\\\/yleiset-ehdot\\\/\"]}]},{\"@type\":\"BreadcrumbList\",\"@id\":\"https:\\\/\\\/uus.revalstone.com\\\/fi\\\/yleiset-ehdot\\\/#breadcrumb\",\"itemListElement\":[{\"@type\":\"ListItem\",\"position\":1,\"name\":\"Home page\",\"item\":\"https:\\\/\\\/uus.revalstone.com\\\/fi\\\/\"},{\"@type\":\"ListItem\",\"position\":2,\"name\":\"Yleiset ehdot\"}]},{\"@type\":\"WebSite\",\"@id\":\"https:\\\/\\\/uus.revalstone.com\\\/fi\\\/#website\",\"url\":\"https:\\\/\\\/uus.revalstone.com\\\/fi\\\/\",\"name\":\"Reval Stone verkkokauppa\",\"description\":\"\",\"publisher\":{\"@id\":\"https:\\\/\\\/uus.revalstone.com\\\/fi\\\/#organization\"},\"potentialAction\":[{\"@type\":\"SearchAction\",\"target\":{\"@type\":\"EntryPoint\",\"urlTemplate\":\"https:\\\/\\\/uus.revalstone.com\\\/fi\\\/?s={search_term_string}\"},\"query-input\":{\"@type\":\"PropertyValueSpecification\",\"valueRequired\":true,\"valueName\":\"search_term_string\"}}],\"inLanguage\":\"fi\"},{\"@type\":\"Organization\",\"@id\":\"https:\\\/\\\/uus.revalstone.com\\\/fi\\\/#organization\",\"name\":\"Reval Stone\",\"url\":\"https:\\\/\\\/uus.revalstone.com\\\/fi\\\/\",\"logo\":{\"@type\":\"ImageObject\",\"inLanguage\":\"fi\",\"@id\":\"https:\\\/\\\/uus.revalstone.com\\\/fi\\\/#\\\/schema\\\/logo\\\/image\\\/\",\"url\":\"https:\\\/\\\/uus.revalstone.com\\\/wp-content\\\/uploads\\\/2021\\\/09\\\/Logo_v.png\",\"contentUrl\":\"https:\\\/\\\/uus.revalstone.com\\\/wp-content\\\/uploads\\\/2021\\\/09\\\/Logo_v.png\",\"width\":960,\"height\":672,\"caption\":\"Reval Stone\"},\"image\":{\"@id\":\"https:\\\/\\\/uus.revalstone.com\\\/fi\\\/#\\\/schema\\\/logo\\\/image\\\/\"},\"sameAs\":[\"https:\\\/\\\/www.facebook.com\\\/revalstoneofficial\",\"https:\\\/\\\/www.instagram.com\\\/revalstoneofficial\\\/\",\"https:\\\/\\\/en.wikipedia.org\\\/wiki\\\/Saare_Dolomiit-V\u00e4okivi\"]}]}<\/script>\n<!-- \/ Yoast SEO plugin. -->","yoast_head_json":{"title":"Yleiset ehdot - Reval Stone verkkokauppa","description":"Luonnonkivest\u00e4 (virolainen kalkkikivi ja dolomiitti) valmistettujen lattialaattojen ostaminen verkkokaupasta. Laadukas tuotanto luotettavalta valmistajalta.","robots":{"index":"index","follow":"follow","max-snippet":"max-snippet:-1","max-image-preview":"max-image-preview:large","max-video-preview":"max-video-preview:-1"},"canonical":"https:\/\/uus.revalstone.com\/fi\/yleiset-ehdot\/","og_locale":"fi_FI","og_type":"article","og_title":"Yleiset ehdot - Reval Stone verkkokauppa","og_description":"Luonnonkivest\u00e4 (virolainen kalkkikivi ja dolomiitti) valmistettujen lattialaattojen ostaminen verkkokaupasta. Laadukas tuotanto luotettavalta valmistajalta.","og_url":"https:\/\/uus.revalstone.com\/fi\/yleiset-ehdot\/","og_site_name":"Reval Stone verkkokauppa","article_publisher":"https:\/\/www.facebook.com\/revalstoneofficial","article_modified_time":"2023-04-05T15:15:45+00:00","twitter_card":"summary_large_image","twitter_misc":{"Arvioitu lukuaika":"5 minuuttia"},"schema":{"@context":"https:\/\/schema.org","@graph":[{"@type":"WebPage","@id":"https:\/\/uus.revalstone.com\/fi\/yleiset-ehdot\/","url":"https:\/\/uus.revalstone.com\/fi\/yleiset-ehdot\/","name":"Yleiset ehdot - Reval Stone verkkokauppa","isPartOf":{"@id":"https:\/\/uus.revalstone.com\/fi\/#website"},"datePublished":"2022-12-07T07:49:25+00:00","dateModified":"2023-04-05T15:15:45+00:00","description":"Luonnonkivest\u00e4 (virolainen kalkkikivi ja dolomiitti) valmistettujen lattialaattojen ostaminen verkkokaupasta. Laadukas tuotanto luotettavalta valmistajalta.","breadcrumb":{"@id":"https:\/\/uus.revalstone.com\/fi\/yleiset-ehdot\/#breadcrumb"},"inLanguage":"fi","potentialAction":[{"@type":"ReadAction","target":["https:\/\/uus.revalstone.com\/fi\/yleiset-ehdot\/"]}]},{"@type":"BreadcrumbList","@id":"https:\/\/uus.revalstone.com\/fi\/yleiset-ehdot\/#breadcrumb","itemListElement":[{"@type":"ListItem","position":1,"name":"Home page","item":"https:\/\/uus.revalstone.com\/fi\/"},{"@type":"ListItem","position":2,"name":"Yleiset ehdot"}]},{"@type":"WebSite","@id":"https:\/\/uus.revalstone.com\/fi\/#website","url":"https:\/\/uus.revalstone.com\/fi\/","name":"Reval Stone verkkokauppa","description":"","publisher":{"@id":"https:\/\/uus.revalstone.com\/fi\/#organization"},"potentialAction":[{"@type":"SearchAction","target":{"@type":"EntryPoint","urlTemplate":"https:\/\/uus.revalstone.com\/fi\/?s={search_term_string}"},"query-input":{"@type":"PropertyValueSpecification","valueRequired":true,"valueName":"search_term_string"}}],"inLanguage":"fi"},{"@type":"Organization","@id":"https:\/\/uus.revalstone.com\/fi\/#organization","name":"Reval Stone","url":"https:\/\/uus.revalstone.com\/fi\/","logo":{"@type":"ImageObject","inLanguage":"fi","@id":"https:\/\/uus.revalstone.com\/fi\/#\/schema\/logo\/image\/","url":"https:\/\/uus.revalstone.com\/wp-content\/uploads\/2021\/09\/Logo_v.png","contentUrl":"https:\/\/uus.revalstone.com\/wp-content\/uploads\/2021\/09\/Logo_v.png","width":960,"height":672,"caption":"Reval Stone"},"image":{"@id":"https:\/\/uus.revalstone.com\/fi\/#\/schema\/logo\/image\/"},"sameAs":["https:\/\/www.facebook.com\/revalstoneofficial","https:\/\/www.instagram.com\/revalstoneofficial\/","https:\/\/en.wikipedia.org\/wiki\/Saare_Dolomiit-V\u00e4okivi"]}]}},"_links":{"self":[{"href":"https:\/\/uus.revalstone.com\/fi\/wp-json\/wp\/v2\/pages\/4626","targetHints":{"allow":["GET"]}}],"collection":[{"href":"https:\/\/uus.revalstone.com\/fi\/wp-json\/wp\/v2\/pages"}],"about":[{"href":"https:\/\/uus.revalstone.com\/fi\/wp-json\/wp\/v2\/types\/page"}],"author":[{"embeddable":true,"href":"https:\/\/uus.revalstone.com\/fi\/wp-json\/wp\/v2\/users\/1"}],"replies":[{"embeddable":true,"href":"https:\/\/uus.revalstone.com\/fi\/wp-json\/wp\/v2\/comments?post=4626"}],"version-history":[{"count":0,"href":"https:\/\/uus.revalstone.com\/fi\/wp-json\/wp\/v2\/pages\/4626\/revisions"}],"wp:attachment":[{"href":"https:\/\/uus.revalstone.com\/fi\/wp-json\/wp\/v2\/media?parent=4626"}],"curies":[{"name":"wp","href":"https:\/\/api.w.org\/{rel}","templated":true}]}}