{"id":4628,"date":"2022-12-07T10:49:25","date_gmt":"2022-12-07T07:49:25","guid":{"rendered":"https:\/\/revalstone.com\/shop\/asennus\/"},"modified":"2025-05-21T11:53:40","modified_gmt":"2025-05-21T08:53:40","slug":"asennus","status":"publish","type":"page","link":"https:\/\/uus.revalstone.com\/fi\/asennus\/","title":{"rendered":"Asennus"},"content":{"rendered":"\n<p>Jos sinulla on kokemusta remontti- ja rakennust\u00f6ist\u00e4, voit asentaa luonnonkivest\u00e4 valmistetut lattialaatat my\u00f6s itse. Jos olet kuitenkin ep\u00e4varma tai jos kivi on asennettava vaikeissa olosuhteissa (suihkutilat, lattial\u00e4mmitys jne.), <strong>suosittelemme ottamaan yhteytt\u00e4 asiantuntijaan<\/strong>. <\/p>\n\n<p>Kalkkikivest\u00e4 valmistettujen lattialaattojen asennuksessa <strong>ei ole suositeltavaa k\u00e4ytt\u00e4\u00e4 tavallisia sementtilaasteja<\/strong>, sill\u00e4 ne voivat aiheuttaa kiven v\u00e4rin muuttumista ja \u201dkukkimista\u201d. Laastikerrokselle asennettaessa on suositeltavaa k\u00e4ytt\u00e4\u00e4 joko kalkkilaastia tai k\u00e4ytt\u00e4\u00e4 laastissa erityist\u00e4 luonnonkivelle sopivaa nopeasti kovettuvaa sementti\u00e4. Suosittelemme k\u00e4ytt\u00e4m\u00e4\u00e4n sellaisia <strong>nopeasti kovettuvia seoksia<\/strong>, jotka on tarkoitettu juuri luonnonkiven asennukseen ja jotka eiv\u00e4t aiheuta kivess\u00e4 v\u00e4rimuutoksia.  <\/p>\n\n<p>Ennen materiaalin kyll\u00e4st\u00e4mist\u00e4 v\u00e4lt\u00e4 nesteiden joutumista materiaalin pintaan (<strong>luonnonkivi on erityisen herkk\u00e4 hapoille<\/strong>).<\/p>\n\n<p>Jos laattojen paksuus on yli 10 mm, ne on suositeltavaa <strong>asentaa ilmaraolla<\/strong> (tuuletettavana peitteen\u00e4). Laattojen kanssa kosketuksissa olevien metalliosien on oltava ruostumatonta metallia. <strong>Kalkkikivimateriaalin saumauksessa <\/strong>on suositeltavaa k\u00e4ytt\u00e4\u00e4 erityisesti luonnonkivilaattojen saumaukseen tarkoitettuja seoksia, jotka eiv\u00e4t aiheuta materiaalin v\u00e4rimuutoksia. <\/p>\n\n<p>Luonnonkivi on melko <strong>herkk\u00e4 materiaali<\/strong>, ja kive\u00e4 kovemmat materiaalit voivat naarmuttaa sen pintaa. Siksi luonnonkivien asentamisessa on oltava eritt\u00e4in varovainen. <\/p>\n\n<p>Ulko-olosuhteisiin tarkoitettuja kalkkikivilaattoja ei ole suositeltavaa asentaa niin, ett\u00e4 <strong>osa laatasta on maaper\u00e4ss\u00e4<\/strong> ja osa maanpinnan yl\u00e4puolella.<\/p>\n\n<p>L\u00f6yd\u00e4t asennukseen liittyvi\u00e4 usein kysyttyj\u00e4 kysymyksi\u00e4 <a href=\"https:\/\/uus.revalstone.com\/fi\/kysymykset-ja-vastaukset\/\"><strong><span style=\"text-decoration: underline;\">t\u00e4\u00e4lt\u00e4<\/span><\/strong><\/a>. Tutustu my\u00f6s luonnonkiven <a href=\"https:\/\/uus.revalstone.com\/fi\/sailyttaminen\/\"><strong><span style=\"text-decoration: underline;\">s\u00e4ilytys-<\/span><\/strong><\/a> ja <a href=\"https:\/\/uus.revalstone.com\/fi\/huolto\/\"><strong><span style=\"text-decoration: underline;\">huoltovinkkeihin<\/span><\/strong><\/a>. <\/p>\n","protected":false},"excerpt":{"rendered":"<p>Jos sinulla on kokemusta remontti- ja rakennust\u00f6ist\u00e4, voit asentaa luonnonkivest\u00e4 valmistetut lattialaatat my\u00f6s itse. Jos olet kuitenkin ep\u00e4varma tai jos [&hellip;]<\/p>\n","protected":false},"author":1,"featured_media":4185,"parent":0,"menu_order":0,"comment_status":"closed","ping_status":"closed","template":"","meta":{"_acf_changed":false,"footnotes":""},"class_list":["post-4628","page","type-page","status-publish","has-post-thumbnail","hentry"],"acf":[],"yoast_head":"<!-- This site is optimized with the Yoast SEO plugin v27.4 - https:\/\/yoast.com\/product\/yoast-seo-wordpress\/ -->\n<title>Asennus - Lattialaattojen tilaaminen - Reval Stone verkkokauppa<\/title>\n<meta name=\"description\" content=\"Dolomiitti- ja kalkkikivilaattojen asennusta koskevat tiedot. Luonnonkiven kanssa k\u00e4ytet\u00e4\u00e4n erityisi\u00e4 seoksia. Luonnonkivi on herkk\u00e4 hapoille.\" \/>\n<meta name=\"robots\" content=\"index, follow, max-snippet:-1, max-image-preview:large, max-video-preview:-1\" \/>\n<link rel=\"canonical\" href=\"https:\/\/uus.revalstone.com\/fi\/asennus\/\" \/>\n<meta property=\"og:locale\" content=\"fi_FI\" \/>\n<meta property=\"og:type\" content=\"article\" \/>\n<meta property=\"og:title\" content=\"Asennus - Lattialaattojen tilaaminen - Reval Stone verkkokauppa\" \/>\n<meta property=\"og:description\" content=\"Dolomiitti- ja kalkkikivilaattojen asennusta koskevat tiedot. Luonnonkiven kanssa k\u00e4ytet\u00e4\u00e4n erityisi\u00e4 seoksia. Luonnonkivi on herkk\u00e4 hapoille.\" \/>\n<meta property=\"og:url\" content=\"https:\/\/uus.revalstone.com\/fi\/asennus\/\" \/>\n<meta property=\"og:site_name\" content=\"Reval Stone verkkokauppa\" \/>\n<meta property=\"article:publisher\" content=\"https:\/\/www.facebook.com\/revalstoneofficial\" \/>\n<meta property=\"article:modified_time\" content=\"2025-05-21T08:53:40+00:00\" \/>\n<meta property=\"og:image\" content=\"https:\/\/uus.revalstone.com\/wp-content\/uploads\/2021\/07\/Reval_Stone_installation.jpg\" \/>\n\t<meta property=\"og:image:width\" content=\"1500\" \/>\n\t<meta property=\"og:image:height\" content=\"1000\" \/>\n\t<meta property=\"og:image:type\" content=\"image\/jpeg\" \/>\n<meta name=\"twitter:card\" content=\"summary_large_image\" \/>\n<meta name=\"twitter:label1\" content=\"Arvioitu lukuaika\" \/>\n\t<meta name=\"twitter:data1\" content=\"1 minuutti\" \/>\n<script type=\"application\/ld+json\" class=\"yoast-schema-graph\">{\"@context\":\"https:\\\/\\\/schema.org\",\"@graph\":[{\"@type\":\"WebPage\",\"@id\":\"https:\\\/\\\/uus.revalstone.com\\\/fi\\\/asennus\\\/\",\"url\":\"https:\\\/\\\/uus.revalstone.com\\\/fi\\\/asennus\\\/\",\"name\":\"Asennus - Lattialaattojen tilaaminen - Reval Stone verkkokauppa\",\"isPartOf\":{\"@id\":\"https:\\\/\\\/uus.revalstone.com\\\/fi\\\/#website\"},\"primaryImageOfPage\":{\"@id\":\"https:\\\/\\\/uus.revalstone.com\\\/fi\\\/asennus\\\/#primaryimage\"},\"image\":{\"@id\":\"https:\\\/\\\/uus.revalstone.com\\\/fi\\\/asennus\\\/#primaryimage\"},\"thumbnailUrl\":\"https:\\\/\\\/uus.revalstone.com\\\/wp-content\\\/uploads\\\/2021\\\/07\\\/Reval_Stone_installation.jpg\",\"datePublished\":\"2022-12-07T07:49:25+00:00\",\"dateModified\":\"2025-05-21T08:53:40+00:00\",\"description\":\"Dolomiitti- ja kalkkikivilaattojen asennusta koskevat tiedot. Luonnonkiven kanssa k\u00e4ytet\u00e4\u00e4n erityisi\u00e4 seoksia. Luonnonkivi on herkk\u00e4 hapoille.\",\"breadcrumb\":{\"@id\":\"https:\\\/\\\/uus.revalstone.com\\\/fi\\\/asennus\\\/#breadcrumb\"},\"inLanguage\":\"fi\",\"potentialAction\":[{\"@type\":\"ReadAction\",\"target\":[\"https:\\\/\\\/uus.revalstone.com\\\/fi\\\/asennus\\\/\"]}]},{\"@type\":\"ImageObject\",\"inLanguage\":\"fi\",\"@id\":\"https:\\\/\\\/uus.revalstone.com\\\/fi\\\/asennus\\\/#primaryimage\",\"url\":\"https:\\\/\\\/uus.revalstone.com\\\/wp-content\\\/uploads\\\/2021\\\/07\\\/Reval_Stone_installation.jpg\",\"contentUrl\":\"https:\\\/\\\/uus.revalstone.com\\\/wp-content\\\/uploads\\\/2021\\\/07\\\/Reval_Stone_installation.jpg\",\"width\":1500,\"height\":1000},{\"@type\":\"BreadcrumbList\",\"@id\":\"https:\\\/\\\/uus.revalstone.com\\\/fi\\\/asennus\\\/#breadcrumb\",\"itemListElement\":[{\"@type\":\"ListItem\",\"position\":1,\"name\":\"Home page\",\"item\":\"https:\\\/\\\/uus.revalstone.com\\\/fi\\\/\"},{\"@type\":\"ListItem\",\"position\":2,\"name\":\"Asennus\"}]},{\"@type\":\"WebSite\",\"@id\":\"https:\\\/\\\/uus.revalstone.com\\\/fi\\\/#website\",\"url\":\"https:\\\/\\\/uus.revalstone.com\\\/fi\\\/\",\"name\":\"Reval Stone verkkokauppa\",\"description\":\"\",\"publisher\":{\"@id\":\"https:\\\/\\\/uus.revalstone.com\\\/fi\\\/#organization\"},\"potentialAction\":[{\"@type\":\"SearchAction\",\"target\":{\"@type\":\"EntryPoint\",\"urlTemplate\":\"https:\\\/\\\/uus.revalstone.com\\\/fi\\\/?s={search_term_string}\"},\"query-input\":{\"@type\":\"PropertyValueSpecification\",\"valueRequired\":true,\"valueName\":\"search_term_string\"}}],\"inLanguage\":\"fi\"},{\"@type\":\"Organization\",\"@id\":\"https:\\\/\\\/uus.revalstone.com\\\/fi\\\/#organization\",\"name\":\"Reval Stone\",\"url\":\"https:\\\/\\\/uus.revalstone.com\\\/fi\\\/\",\"logo\":{\"@type\":\"ImageObject\",\"inLanguage\":\"fi\",\"@id\":\"https:\\\/\\\/uus.revalstone.com\\\/fi\\\/#\\\/schema\\\/logo\\\/image\\\/\",\"url\":\"https:\\\/\\\/uus.revalstone.com\\\/wp-content\\\/uploads\\\/2021\\\/09\\\/Logo_v.png\",\"contentUrl\":\"https:\\\/\\\/uus.revalstone.com\\\/wp-content\\\/uploads\\\/2021\\\/09\\\/Logo_v.png\",\"width\":960,\"height\":672,\"caption\":\"Reval Stone\"},\"image\":{\"@id\":\"https:\\\/\\\/uus.revalstone.com\\\/fi\\\/#\\\/schema\\\/logo\\\/image\\\/\"},\"sameAs\":[\"https:\\\/\\\/www.facebook.com\\\/revalstoneofficial\",\"https:\\\/\\\/www.instagram.com\\\/revalstoneofficial\\\/\",\"https:\\\/\\\/en.wikipedia.org\\\/wiki\\\/Saare_Dolomiit-V\u00e4okivi\"]}]}<\/script>\n<!-- \/ Yoast SEO plugin. -->","yoast_head_json":{"title":"Asennus - Lattialaattojen tilaaminen - Reval Stone verkkokauppa","description":"Dolomiitti- ja kalkkikivilaattojen asennusta koskevat tiedot. Luonnonkiven kanssa k\u00e4ytet\u00e4\u00e4n erityisi\u00e4 seoksia. Luonnonkivi on herkk\u00e4 hapoille.","robots":{"index":"index","follow":"follow","max-snippet":"max-snippet:-1","max-image-preview":"max-image-preview:large","max-video-preview":"max-video-preview:-1"},"canonical":"https:\/\/uus.revalstone.com\/fi\/asennus\/","og_locale":"fi_FI","og_type":"article","og_title":"Asennus - Lattialaattojen tilaaminen - Reval Stone verkkokauppa","og_description":"Dolomiitti- ja kalkkikivilaattojen asennusta koskevat tiedot. Luonnonkiven kanssa k\u00e4ytet\u00e4\u00e4n erityisi\u00e4 seoksia. Luonnonkivi on herkk\u00e4 hapoille.","og_url":"https:\/\/uus.revalstone.com\/fi\/asennus\/","og_site_name":"Reval Stone verkkokauppa","article_publisher":"https:\/\/www.facebook.com\/revalstoneofficial","article_modified_time":"2025-05-21T08:53:40+00:00","og_image":[{"width":1500,"height":1000,"url":"https:\/\/uus.revalstone.com\/wp-content\/uploads\/2021\/07\/Reval_Stone_installation.jpg","type":"image\/jpeg"}],"twitter_card":"summary_large_image","twitter_misc":{"Arvioitu lukuaika":"1 minuutti"},"schema":{"@context":"https:\/\/schema.org","@graph":[{"@type":"WebPage","@id":"https:\/\/uus.revalstone.com\/fi\/asennus\/","url":"https:\/\/uus.revalstone.com\/fi\/asennus\/","name":"Asennus - Lattialaattojen tilaaminen - Reval Stone verkkokauppa","isPartOf":{"@id":"https:\/\/uus.revalstone.com\/fi\/#website"},"primaryImageOfPage":{"@id":"https:\/\/uus.revalstone.com\/fi\/asennus\/#primaryimage"},"image":{"@id":"https:\/\/uus.revalstone.com\/fi\/asennus\/#primaryimage"},"thumbnailUrl":"https:\/\/uus.revalstone.com\/wp-content\/uploads\/2021\/07\/Reval_Stone_installation.jpg","datePublished":"2022-12-07T07:49:25+00:00","dateModified":"2025-05-21T08:53:40+00:00","description":"Dolomiitti- ja kalkkikivilaattojen asennusta koskevat tiedot. Luonnonkiven kanssa k\u00e4ytet\u00e4\u00e4n erityisi\u00e4 seoksia. Luonnonkivi on herkk\u00e4 hapoille.","breadcrumb":{"@id":"https:\/\/uus.revalstone.com\/fi\/asennus\/#breadcrumb"},"inLanguage":"fi","potentialAction":[{"@type":"ReadAction","target":["https:\/\/uus.revalstone.com\/fi\/asennus\/"]}]},{"@type":"ImageObject","inLanguage":"fi","@id":"https:\/\/uus.revalstone.com\/fi\/asennus\/#primaryimage","url":"https:\/\/uus.revalstone.com\/wp-content\/uploads\/2021\/07\/Reval_Stone_installation.jpg","contentUrl":"https:\/\/uus.revalstone.com\/wp-content\/uploads\/2021\/07\/Reval_Stone_installation.jpg","width":1500,"height":1000},{"@type":"BreadcrumbList","@id":"https:\/\/uus.revalstone.com\/fi\/asennus\/#breadcrumb","itemListElement":[{"@type":"ListItem","position":1,"name":"Home page","item":"https:\/\/uus.revalstone.com\/fi\/"},{"@type":"ListItem","position":2,"name":"Asennus"}]},{"@type":"WebSite","@id":"https:\/\/uus.revalstone.com\/fi\/#website","url":"https:\/\/uus.revalstone.com\/fi\/","name":"Reval Stone verkkokauppa","description":"","publisher":{"@id":"https:\/\/uus.revalstone.com\/fi\/#organization"},"potentialAction":[{"@type":"SearchAction","target":{"@type":"EntryPoint","urlTemplate":"https:\/\/uus.revalstone.com\/fi\/?s={search_term_string}"},"query-input":{"@type":"PropertyValueSpecification","valueRequired":true,"valueName":"search_term_string"}}],"inLanguage":"fi"},{"@type":"Organization","@id":"https:\/\/uus.revalstone.com\/fi\/#organization","name":"Reval Stone","url":"https:\/\/uus.revalstone.com\/fi\/","logo":{"@type":"ImageObject","inLanguage":"fi","@id":"https:\/\/uus.revalstone.com\/fi\/#\/schema\/logo\/image\/","url":"https:\/\/uus.revalstone.com\/wp-content\/uploads\/2021\/09\/Logo_v.png","contentUrl":"https:\/\/uus.revalstone.com\/wp-content\/uploads\/2021\/09\/Logo_v.png","width":960,"height":672,"caption":"Reval Stone"},"image":{"@id":"https:\/\/uus.revalstone.com\/fi\/#\/schema\/logo\/image\/"},"sameAs":["https:\/\/www.facebook.com\/revalstoneofficial","https:\/\/www.instagram.com\/revalstoneofficial\/","https:\/\/en.wikipedia.org\/wiki\/Saare_Dolomiit-V\u00e4okivi"]}]}},"_links":{"self":[{"href":"https:\/\/uus.revalstone.com\/fi\/wp-json\/wp\/v2\/pages\/4628","targetHints":{"allow":["GET"]}}],"collection":[{"href":"https:\/\/uus.revalstone.com\/fi\/wp-json\/wp\/v2\/pages"}],"about":[{"href":"https:\/\/uus.revalstone.com\/fi\/wp-json\/wp\/v2\/types\/page"}],"author":[{"embeddable":true,"href":"https:\/\/uus.revalstone.com\/fi\/wp-json\/wp\/v2\/users\/1"}],"replies":[{"embeddable":true,"href":"https:\/\/uus.revalstone.com\/fi\/wp-json\/wp\/v2\/comments?post=4628"}],"version-history":[{"count":0,"href":"https:\/\/uus.revalstone.com\/fi\/wp-json\/wp\/v2\/pages\/4628\/revisions"}],"wp:featuredmedia":[{"embeddable":true,"href":"https:\/\/uus.revalstone.com\/fi\/wp-json\/wp\/v2\/media\/4185"}],"wp:attachment":[{"href":"https:\/\/uus.revalstone.com\/fi\/wp-json\/wp\/v2\/media?parent=4628"}],"curies":[{"name":"wp","href":"https:\/\/api.w.org\/{rel}","templated":true}]}}