{"id":16552,"date":"2024-09-11T15:05:12","date_gmt":"2024-09-11T12:05:12","guid":{"rendered":"https:\/\/revalstone.com\/shop\/product\/vapaamuotoiset-laatat\/"},"modified":"2026-02-20T14:08:13","modified_gmt":"2026-02-20T11:08:13","slug":"vapaamuotoiset-laatat","status":"publish","type":"product","link":"https:\/\/uus.revalstone.com\/fi\/tuote\/vapaamuotoiset-laatat\/","title":{"rendered":"Vapaamuotoiset laatat"},"content":{"rendered":"","protected":false},"excerpt":{"rendered":"<p><strong>Vapaamuotoiset luonnonkivilaatat<\/strong> ovat erinomainen valinta <strong>puutarhasuunnitteluun<\/strong> tarjoten luonnollisen, omaper\u00e4isen ja kest\u00e4v\u00e4n ratkaisun, joka kest\u00e4\u00e4 vuosia. Laatat valmistetaan tehtaallamme Saarenmaalla virolaisista dolomiittikivist\u00e4 <strong>Kaarma<\/strong>, <strong>Orgita<\/strong> ja <strong>Selgase<\/strong>. Jokainen laatta on ainutlaatuinen. Niiss\u00e4 on erityisi\u00e4 luonnollisia viivoja ja tekstuureja, jotka antavat ulkoalueille luonnetta ja maanl\u00e4heisyytt\u00e4.<\/p>\n<p>Useimmat laatat ovat kooltaan n. 0,5\u20131 m\u00b2, mutta my\u00f6s suurempia ja\/tai pienempi\u00e4 paloja voi esiinty\u00e4.\u00a0 Dolomiittia on helppo ty\u00f6st\u00e4\u00e4, ja laatat on helppo leikata kohteessa ja tehd\u00e4 tarvittaessa pienempi\u00e4 paloja. Laatoissa voi esiinty\u00e4 luonnollisia rakoja.<\/p>\n<p>Vaijerisahattujen <strong>laattojen pinta on hieman karhea<\/strong>, mik\u00e4 antaa niille luonnollisen ulkon\u00e4\u00f6n ja takaa hyv\u00e4n pidon tehden niist\u00e4 ihanteellisia <strong>ulkok\u00e4ytt\u00f6\u00f6n<\/strong>. Dolomiitti on my\u00f6s osoittautunut eritt\u00e4in hyvin kylm\u00e4\u00e4 siet\u00e4v\u00e4ksi.<\/p>\n<p><strong>Vapaamuotoiset dolomiittilaatat<\/strong> ovat t\u00e4ydellinen valinta, jos etsit jotain luonnonmukaista ja kest\u00e4v\u00e4\u00e4 <strong>puutarhaprojektiisi<\/strong> tai <strong>kivip\u00e4\u00e4llysteeseen<\/strong> (ei sovellu autolla ajamiseen).<\/p>\n<h3><strong>Tuotteen hy\u00f6dyt<\/strong><\/h3>\n<ul>\n<li>Valmistettu virolaisista luonnonkivist\u00e4: <strong>Kaarma-, Orgita- tai Selgase-dolomiitista<\/strong>.<\/li>\n<li><strong>Luonnollinen ja kest\u00e4v\u00e4 materiaali<\/strong>, joka siet\u00e4\u00e4 hyvin kylm\u00e4\u00e4.<\/li>\n<li><strong>Ainutlaatuinen vapaa muotoilu<\/strong>, joka antaa jokaiselle laatalle persoonallisen ilmeen.<\/li>\n<li>Karhea <strong>vaijerisahattu pinta<\/strong> takaa hyv\u00e4n pidon.<\/li>\n<li>Soveltuu t\u00e4ydellisesti <strong>kivipolkujen<\/strong> ja aukioiden luomiseen.<\/li>\n<li>Mahdollista valmistaa <strong>eripaksuisia<\/strong> kivi\u00e4.<\/li>\n<\/ul>\n<h3><strong>Hinnat<\/strong><\/h3>\n<p>Tilattavien laattojen paksuus alkaen 40 mm.<\/p>\n<ul>\n<li><strong>Kaarma-dolomiitti:<\/strong> 65\u20ac EUR\/m\u00b2 (lis\u00e4t\u00e4\u00e4n ALV 25,5 %).<\/li>\n<li><strong>Orgita-dolomiitti:<\/strong> 78\u20ac EUR\/m\u00b2 (lis\u00e4t\u00e4\u00e4n ALV 25,5 %).<\/li>\n<li><strong>Selgase-dolomiitti:<\/strong> 91\u20ac EUR\/m\u00b2 (lis\u00e4t\u00e4\u00e4n ALV 25,5 %).<\/li>\n<\/ul>\n<p><strong>Huomio:<\/strong> jokainen 10 mm lis\u00e4paksuus nostaa neli\u00f6metrihintaa 10 %.<\/p>\n<h3>Toimitusaika ja tuotteiden luovutus<\/h3>\n<p>M\u00e4\u00e4r\u00e4st\u00e4 riippuen valmistus kest\u00e4\u00e4 noin 3 viikkoa ennakkomaksun vastaanottamisesta. Jos haluat lis\u00e4tietoa toimitushinnoista, ota meihin yhteytt\u00e4 (katso alla).<\/p>\n<h3>Tilaaminen<\/h3>\n<p><span style=\"color: #009d89;\"><strong>Jos haluat tilata tuotteen, ota meihin suoraan yhteytt\u00e4: <\/strong><\/span>l\u00e4het\u00e4 s\u00e4hk\u00f6postia osoitteeseen <a href=\"mailto:raili.ratas@limestone.ee\"><span style=\"text-decoration: underline;\"><strong>raili.ratas@limestone.ee<\/strong><\/span><\/a> tai soita<strong> +372 507 9981.<\/strong><\/p>\n","protected":false},"featured_media":17086,"comment_status":"closed","ping_status":"closed","template":"","meta":{"_acf_changed":false},"product_brand":[],"product_cat":[257,411],"product_tag":[],"class_list":{"0":"post-16552","1":"product","2":"type-product","3":"status-publish","4":"has-post-thumbnail","6":"product_cat-misc-fi","7":"product_cat-vapaamuotoiset-laatat","9":"first","10":"instock","11":"taxable","12":"shipping-taxable","13":"product-type-simple"},"acf":[],"yoast_head":"<!-- This site is optimized with the Yoast SEO plugin v27.4 - https:\/\/yoast.com\/product\/yoast-seo-wordpress\/ -->\n<title>Vapaamuotoiset laatat - Reval Stone verkkokauppa<\/title>\n<meta name=\"description\" content=\"Vapaamuotoiset luonnonkivilaatat ovat erinomainen valinta puutarhasuunnitteluun. Valmistettu Saarenmaalla. Jokainen laatta on ainutlaatuinen.\" \/>\n<meta name=\"robots\" content=\"index, follow, max-snippet:-1, max-image-preview:large, max-video-preview:-1\" \/>\n<link rel=\"canonical\" href=\"https:\/\/uus.revalstone.com\/fi\/tuote\/vapaamuotoiset-laatat\/\" \/>\n<meta property=\"og:locale\" content=\"fi_FI\" \/>\n<meta property=\"og:type\" content=\"article\" \/>\n<meta property=\"og:title\" content=\"Vapaamuotoiset laatat - Reval Stone verkkokauppa\" \/>\n<meta property=\"og:description\" content=\"Vapaamuotoiset luonnonkivilaatat ovat erinomainen valinta puutarhasuunnitteluun. Valmistettu Saarenmaalla. Jokainen laatta on ainutlaatuinen.\" \/>\n<meta property=\"og:url\" content=\"https:\/\/uus.revalstone.com\/fi\/tuote\/vapaamuotoiset-laatat\/\" \/>\n<meta property=\"og:site_name\" content=\"Reval Stone verkkokauppa\" \/>\n<meta property=\"article:publisher\" content=\"https:\/\/www.facebook.com\/revalstoneofficial\" \/>\n<meta property=\"article:modified_time\" content=\"2026-02-20T11:08:13+00:00\" \/>\n<meta property=\"og:image\" content=\"https:\/\/uus.revalstone.com\/wp-content\/uploads\/2025\/04\/Tross-saetud-vabakujuline-kiviplaat-Orgita-1-slt.jpg\" \/>\n\t<meta property=\"og:image:width\" content=\"2000\" \/>\n\t<meta property=\"og:image:height\" content=\"1500\" \/>\n\t<meta property=\"og:image:type\" content=\"image\/jpeg\" \/>\n<meta name=\"twitter:card\" content=\"summary_large_image\" \/>\n<meta name=\"twitter:label1\" content=\"Arvioitu lukuaika\" \/>\n\t<meta name=\"twitter:data1\" content=\"1 minuutti\" \/>\n<script type=\"application\/ld+json\" class=\"yoast-schema-graph\">{\"@context\":\"https:\\\/\\\/schema.org\",\"@graph\":[{\"@type\":\"WebPage\",\"@id\":\"https:\\\/\\\/uus.revalstone.com\\\/fi\\\/tuote\\\/vapaamuotoiset-laatat\\\/\",\"url\":\"https:\\\/\\\/uus.revalstone.com\\\/fi\\\/tuote\\\/vapaamuotoiset-laatat\\\/\",\"name\":\"Vapaamuotoiset laatat - Reval Stone verkkokauppa\",\"isPartOf\":{\"@id\":\"https:\\\/\\\/uus.revalstone.com\\\/fi\\\/#website\"},\"primaryImageOfPage\":{\"@id\":\"https:\\\/\\\/uus.revalstone.com\\\/fi\\\/tuote\\\/vapaamuotoiset-laatat\\\/#primaryimage\"},\"image\":{\"@id\":\"https:\\\/\\\/uus.revalstone.com\\\/fi\\\/tuote\\\/vapaamuotoiset-laatat\\\/#primaryimage\"},\"thumbnailUrl\":\"https:\\\/\\\/uus.revalstone.com\\\/wp-content\\\/uploads\\\/2025\\\/04\\\/Tross-saetud-vabakujuline-kiviplaat-Orgita-1-slt.jpg\",\"datePublished\":\"2024-09-11T12:05:12+00:00\",\"dateModified\":\"2026-02-20T11:08:13+00:00\",\"description\":\"Vapaamuotoiset luonnonkivilaatat ovat erinomainen valinta puutarhasuunnitteluun. Valmistettu Saarenmaalla. Jokainen laatta on ainutlaatuinen.\",\"breadcrumb\":{\"@id\":\"https:\\\/\\\/uus.revalstone.com\\\/fi\\\/tuote\\\/vapaamuotoiset-laatat\\\/#breadcrumb\"},\"inLanguage\":\"fi\",\"potentialAction\":[{\"@type\":\"ReadAction\",\"target\":[\"https:\\\/\\\/uus.revalstone.com\\\/fi\\\/tuote\\\/vapaamuotoiset-laatat\\\/\"]}]},{\"@type\":\"ImageObject\",\"inLanguage\":\"fi\",\"@id\":\"https:\\\/\\\/uus.revalstone.com\\\/fi\\\/tuote\\\/vapaamuotoiset-laatat\\\/#primaryimage\",\"url\":\"https:\\\/\\\/uus.revalstone.com\\\/wp-content\\\/uploads\\\/2025\\\/04\\\/Tross-saetud-vabakujuline-kiviplaat-Orgita-1-slt.jpg\",\"contentUrl\":\"https:\\\/\\\/uus.revalstone.com\\\/wp-content\\\/uploads\\\/2025\\\/04\\\/Tross-saetud-vabakujuline-kiviplaat-Orgita-1-slt.jpg\",\"width\":2000,\"height\":1500},{\"@type\":\"BreadcrumbList\",\"@id\":\"https:\\\/\\\/uus.revalstone.com\\\/fi\\\/tuote\\\/vapaamuotoiset-laatat\\\/#breadcrumb\",\"itemListElement\":[{\"@type\":\"ListItem\",\"position\":1,\"name\":\"Home page\",\"item\":\"https:\\\/\\\/uus.revalstone.com\\\/fi\\\/\"},{\"@type\":\"ListItem\",\"position\":2,\"name\":\"Verkkokauppa\",\"item\":\"https:\\\/\\\/uus.revalstone.com\\\/pood\\\/\"},{\"@type\":\"ListItem\",\"position\":3,\"name\":\"Vapaamuotoiset laatat\"}]},{\"@type\":\"WebSite\",\"@id\":\"https:\\\/\\\/uus.revalstone.com\\\/fi\\\/#website\",\"url\":\"https:\\\/\\\/uus.revalstone.com\\\/fi\\\/\",\"name\":\"Reval Stone verkkokauppa\",\"description\":\"\",\"publisher\":{\"@id\":\"https:\\\/\\\/uus.revalstone.com\\\/fi\\\/#organization\"},\"potentialAction\":[{\"@type\":\"SearchAction\",\"target\":{\"@type\":\"EntryPoint\",\"urlTemplate\":\"https:\\\/\\\/uus.revalstone.com\\\/fi\\\/?s={search_term_string}\"},\"query-input\":{\"@type\":\"PropertyValueSpecification\",\"valueRequired\":true,\"valueName\":\"search_term_string\"}}],\"inLanguage\":\"fi\"},{\"@type\":\"Organization\",\"@id\":\"https:\\\/\\\/uus.revalstone.com\\\/fi\\\/#organization\",\"name\":\"Reval Stone\",\"url\":\"https:\\\/\\\/uus.revalstone.com\\\/fi\\\/\",\"logo\":{\"@type\":\"ImageObject\",\"inLanguage\":\"fi\",\"@id\":\"https:\\\/\\\/uus.revalstone.com\\\/fi\\\/#\\\/schema\\\/logo\\\/image\\\/\",\"url\":\"https:\\\/\\\/uus.revalstone.com\\\/wp-content\\\/uploads\\\/2021\\\/09\\\/Logo_v.png\",\"contentUrl\":\"https:\\\/\\\/uus.revalstone.com\\\/wp-content\\\/uploads\\\/2021\\\/09\\\/Logo_v.png\",\"width\":960,\"height\":672,\"caption\":\"Reval Stone\"},\"image\":{\"@id\":\"https:\\\/\\\/uus.revalstone.com\\\/fi\\\/#\\\/schema\\\/logo\\\/image\\\/\"},\"sameAs\":[\"https:\\\/\\\/www.facebook.com\\\/revalstoneofficial\",\"https:\\\/\\\/www.instagram.com\\\/revalstoneofficial\\\/\",\"https:\\\/\\\/en.wikipedia.org\\\/wiki\\\/Saare_Dolomiit-V\u00e4okivi\"]}]}<\/script>\n<!-- \/ Yoast SEO plugin. -->","yoast_head_json":{"title":"Vapaamuotoiset laatat - Reval Stone verkkokauppa","description":"Vapaamuotoiset luonnonkivilaatat ovat erinomainen valinta puutarhasuunnitteluun. Valmistettu Saarenmaalla. Jokainen laatta on ainutlaatuinen.","robots":{"index":"index","follow":"follow","max-snippet":"max-snippet:-1","max-image-preview":"max-image-preview:large","max-video-preview":"max-video-preview:-1"},"canonical":"https:\/\/uus.revalstone.com\/fi\/tuote\/vapaamuotoiset-laatat\/","og_locale":"fi_FI","og_type":"article","og_title":"Vapaamuotoiset laatat - Reval Stone verkkokauppa","og_description":"Vapaamuotoiset luonnonkivilaatat ovat erinomainen valinta puutarhasuunnitteluun. Valmistettu Saarenmaalla. Jokainen laatta on ainutlaatuinen.","og_url":"https:\/\/uus.revalstone.com\/fi\/tuote\/vapaamuotoiset-laatat\/","og_site_name":"Reval Stone verkkokauppa","article_publisher":"https:\/\/www.facebook.com\/revalstoneofficial","article_modified_time":"2026-02-20T11:08:13+00:00","og_image":[{"width":2000,"height":1500,"url":"https:\/\/uus.revalstone.com\/wp-content\/uploads\/2025\/04\/Tross-saetud-vabakujuline-kiviplaat-Orgita-1-slt.jpg","type":"image\/jpeg"}],"twitter_card":"summary_large_image","twitter_misc":{"Arvioitu lukuaika":"1 minuutti"},"schema":{"@context":"https:\/\/schema.org","@graph":[{"@type":"WebPage","@id":"https:\/\/uus.revalstone.com\/fi\/tuote\/vapaamuotoiset-laatat\/","url":"https:\/\/uus.revalstone.com\/fi\/tuote\/vapaamuotoiset-laatat\/","name":"Vapaamuotoiset laatat - Reval Stone verkkokauppa","isPartOf":{"@id":"https:\/\/uus.revalstone.com\/fi\/#website"},"primaryImageOfPage":{"@id":"https:\/\/uus.revalstone.com\/fi\/tuote\/vapaamuotoiset-laatat\/#primaryimage"},"image":{"@id":"https:\/\/uus.revalstone.com\/fi\/tuote\/vapaamuotoiset-laatat\/#primaryimage"},"thumbnailUrl":"https:\/\/uus.revalstone.com\/wp-content\/uploads\/2025\/04\/Tross-saetud-vabakujuline-kiviplaat-Orgita-1-slt.jpg","datePublished":"2024-09-11T12:05:12+00:00","dateModified":"2026-02-20T11:08:13+00:00","description":"Vapaamuotoiset luonnonkivilaatat ovat erinomainen valinta puutarhasuunnitteluun. Valmistettu Saarenmaalla. Jokainen laatta on ainutlaatuinen.","breadcrumb":{"@id":"https:\/\/uus.revalstone.com\/fi\/tuote\/vapaamuotoiset-laatat\/#breadcrumb"},"inLanguage":"fi","potentialAction":[{"@type":"ReadAction","target":["https:\/\/uus.revalstone.com\/fi\/tuote\/vapaamuotoiset-laatat\/"]}]},{"@type":"ImageObject","inLanguage":"fi","@id":"https:\/\/uus.revalstone.com\/fi\/tuote\/vapaamuotoiset-laatat\/#primaryimage","url":"https:\/\/uus.revalstone.com\/wp-content\/uploads\/2025\/04\/Tross-saetud-vabakujuline-kiviplaat-Orgita-1-slt.jpg","contentUrl":"https:\/\/uus.revalstone.com\/wp-content\/uploads\/2025\/04\/Tross-saetud-vabakujuline-kiviplaat-Orgita-1-slt.jpg","width":2000,"height":1500},{"@type":"BreadcrumbList","@id":"https:\/\/uus.revalstone.com\/fi\/tuote\/vapaamuotoiset-laatat\/#breadcrumb","itemListElement":[{"@type":"ListItem","position":1,"name":"Home page","item":"https:\/\/uus.revalstone.com\/fi\/"},{"@type":"ListItem","position":2,"name":"Verkkokauppa","item":"https:\/\/uus.revalstone.com\/pood\/"},{"@type":"ListItem","position":3,"name":"Vapaamuotoiset laatat"}]},{"@type":"WebSite","@id":"https:\/\/uus.revalstone.com\/fi\/#website","url":"https:\/\/uus.revalstone.com\/fi\/","name":"Reval Stone verkkokauppa","description":"","publisher":{"@id":"https:\/\/uus.revalstone.com\/fi\/#organization"},"potentialAction":[{"@type":"SearchAction","target":{"@type":"EntryPoint","urlTemplate":"https:\/\/uus.revalstone.com\/fi\/?s={search_term_string}"},"query-input":{"@type":"PropertyValueSpecification","valueRequired":true,"valueName":"search_term_string"}}],"inLanguage":"fi"},{"@type":"Organization","@id":"https:\/\/uus.revalstone.com\/fi\/#organization","name":"Reval Stone","url":"https:\/\/uus.revalstone.com\/fi\/","logo":{"@type":"ImageObject","inLanguage":"fi","@id":"https:\/\/uus.revalstone.com\/fi\/#\/schema\/logo\/image\/","url":"https:\/\/uus.revalstone.com\/wp-content\/uploads\/2021\/09\/Logo_v.png","contentUrl":"https:\/\/uus.revalstone.com\/wp-content\/uploads\/2021\/09\/Logo_v.png","width":960,"height":672,"caption":"Reval Stone"},"image":{"@id":"https:\/\/uus.revalstone.com\/fi\/#\/schema\/logo\/image\/"},"sameAs":["https:\/\/www.facebook.com\/revalstoneofficial","https:\/\/www.instagram.com\/revalstoneofficial\/","https:\/\/en.wikipedia.org\/wiki\/Saare_Dolomiit-V\u00e4okivi"]}]}},"_links":{"self":[{"href":"https:\/\/uus.revalstone.com\/fi\/wp-json\/wp\/v2\/product\/16552","targetHints":{"allow":["GET"]}}],"collection":[{"href":"https:\/\/uus.revalstone.com\/fi\/wp-json\/wp\/v2\/product"}],"about":[{"href":"https:\/\/uus.revalstone.com\/fi\/wp-json\/wp\/v2\/types\/product"}],"replies":[{"embeddable":true,"href":"https:\/\/uus.revalstone.com\/fi\/wp-json\/wp\/v2\/comments?post=16552"}],"wp:featuredmedia":[{"embeddable":true,"href":"https:\/\/uus.revalstone.com\/fi\/wp-json\/wp\/v2\/media\/17086"}],"wp:attachment":[{"href":"https:\/\/uus.revalstone.com\/fi\/wp-json\/wp\/v2\/media?parent=16552"}],"wp:term":[{"taxonomy":"product_brand","embeddable":true,"href":"https:\/\/uus.revalstone.com\/fi\/wp-json\/wp\/v2\/product_brand?post=16552"},{"taxonomy":"product_cat","embeddable":true,"href":"https:\/\/uus.revalstone.com\/fi\/wp-json\/wp\/v2\/product_cat?post=16552"},{"taxonomy":"product_tag","embeddable":true,"href":"https:\/\/uus.revalstone.com\/fi\/wp-json\/wp\/v2\/product_tag?post=16552"}],"curies":[{"name":"wp","href":"https:\/\/api.w.org\/{rel}","templated":true}]}}