{"id":17145,"date":"2025-04-28T07:43:40","date_gmt":"2025-04-28T04:43:40","guid":{"rendered":"https:\/\/revalstone.com\/shop\/?post_type=product&#038;p=17145"},"modified":"2026-02-20T14:09:57","modified_gmt":"2026-02-20T11:09:57","slug":"reval-kirju","status":"publish","type":"product","link":"https:\/\/uus.revalstone.com\/fi\/tuote\/reval-kirju\/","title":{"rendered":"Reval kirju"},"content":{"rendered":"<p>Reval-kalkkikiven k\u00e4yt\u00f6n pitk\u00e4n perinteen ja kiven suosion vahvistaa se, ett\u00e4 suuria projekteja, joissa on k\u00e4ytetty juuri kyseist\u00e4 kive\u00e4, on valmistunut 1200-luvulta (Tallinnan linnoitukset ja vanhankaupungin talot) nykyhetkeen (taidemuseo Kumu).<\/p>\n<p>Sit\u00e4 on k\u00e4ytetty vuosisatojen ajan hyv\u00e4n\u00e4 rakennuskiven\u00e4 sek\u00e4 Tallinnassa ett\u00e4 Pietarin vanhassakaupungissa, ja sen suosio s\u00e4ilyy.<\/p>\n<p>Skandinavian markkinoilla kivest\u00e4 k\u00e4ytet\u00e4\u00e4n nimi\u00e4 Lindholmen ja Estlandia Kalksten.<\/p>\n<p>Hiotun Reval-kalkkikiven liukastumisenesto on kuivalla pinnalla 55,7 ja m\u00e4r\u00e4ll\u00e4 pinnalla 35,6. Kuivan pinnan luokitus vastaa luokkaa P5 (R13) ja m\u00e4r\u00e4n pinnan luokitus luokkaa P3 (R11). Luokat P5\/R13 ilmaisevat suurinta liukastumisenestoa eli eritt\u00e4in alhaista liukastumisriski\u00e4. Luokat P3\/R11 ilmaisevat kohtalaista liukastumisriski\u00e4. Testit suoritettiin Stone Pole Oy:n laboratoriossa Suomessa.<\/p>\n","protected":false},"excerpt":{"rendered":"<p><strong>Reval kirju<\/strong> on Reval-kalkkikiven k\u00e4sittelyss\u00e4 lajiteltu kivi, jossa on <strong>tavallista silmiinpist\u00e4v\u00e4mpi kuvio<\/strong>. T\u00e4t\u00e4 hyvin selv\u00e4sti esiin tulevaa kuviota luonnehtivat siell\u00e4 t\u00e4\u00e4ll\u00e4 esiintyv\u00e4t <strong>sinert\u00e4v\u00e4nharmaat ja ruskehtavat t\u00e4pl\u00e4t<\/strong>. Kivell\u00e4 on enemm\u00e4n luonnetta klassiseen Reval-kalkkikiveen verrattuna.<\/p>\n<p>Reval kirjun osalta voimme tarjota vain varastossa olevia tuotteita (eli emme valmista tuotteita tilauksesta). Valikoimassa on <strong>lattialaattoja ja -listoja hiotulla pintak\u00e4sittelyll\u00e4<\/strong>.<\/p>\n<p>Reval kirju-lattialaatat ovat saatavilla seuraavissa mitoissa:<\/p>\n<ul>\n<li>200 x vapaa pituus x 10 mm (85 \u20ac\/m\u00b2 + alv);<\/li>\n<li>300 x vapaa pituus x 10 mm (85 \u20ac\/m\u00b2 + alv);<\/li>\n<li>400 x vapaa pituus x 10 mm (85 \u20ac\/m\u00b2 + alv);<\/li>\n<li>600 x 600 x 15 mm (129 \u20ac\/m\u00b2 + alv).<\/li>\n<\/ul>\n<p>Klassiset Reval-kalkkikivest\u00e4 valmistetut lattialaatat ovat saatavana <a href=\"https:\/\/uus.revalstone.com\/fi\/tuote\/reval-hiottu\/\" target=\"_blank\" rel=\"noopener\"><strong>hiotulla pintak\u00e4sittelyll\u00e4<\/strong><\/a> ja <a href=\"https:\/\/uus.revalstone.com\/fi\/tuote\/reval-antiikki\/\" target=\"_blank\" rel=\"noopener\"><strong>harjatulla antiikkipintak\u00e4sittelyll\u00e4<\/strong><\/a>. Saatavana ovat my\u00f6s samoista materiaaleista valmistetut <a href=\"https:\/\/uus.revalstone.com\/fi\/tuote\/lattialistat\/\" target=\"_blank\" rel=\"noopener\"><strong>lattialistat<\/strong><\/a>.<\/p>\n<h3><strong>Toimitusaika ja tuotteiden luovutus<\/strong><\/h3>\n<p>Tuotteiden pakkaaminen ja l\u00e4hett\u00e4minen kest\u00e4\u00e4 noin viikon.<\/p>\n<h3><strong>Tilaaminen<\/strong><\/h3>\n<p><span style=\"color: #009d89;\"><strong>Jos haluat tilata tuotteen, ota meihin suoraan yhteytt\u00e4: <\/strong><\/span>l\u00e4het\u00e4 s\u00e4hk\u00f6postia osoitteeseen <a href=\"mailto:raili.ratas@limestone.ee\"><span style=\"text-decoration: underline;\"><strong>raili.ratas@limestone.ee<\/strong><\/span><\/a> tai soita <strong>+372 507 9981<\/strong>.<\/p>\n","protected":false},"featured_media":17827,"comment_status":"closed","ping_status":"closed","template":"","meta":{"_acf_changed":false},"product_brand":[],"product_cat":[258,257],"product_tag":[],"class_list":{"0":"post-17145","1":"product","2":"type-product","3":"status-publish","4":"has-post-thumbnail","6":"product_cat-lattialaatat","7":"product_cat-misc-fi","9":"first","10":"instock","11":"taxable","12":"shipping-taxable","13":"product-type-simple"},"acf":[],"yoast_head":"<!-- This site is optimized with the Yoast SEO plugin v27.4 - https:\/\/yoast.com\/product\/yoast-seo-wordpress\/ -->\n<title>Reval kirju - Reval Stone verkkokauppa<\/title>\n<meta name=\"description\" content=\"Klassisen kalkkikiven silmiinpist\u00e4v\u00e4mpi versio, jolle on ominaista sinert\u00e4v\u00e4n harmaat ja ruskehtavat t\u00e4pl\u00e4t. Valikoimaan kuuluu lattialaattoja ja jalkalistoja.\" \/>\n<meta name=\"robots\" content=\"index, follow, max-snippet:-1, max-image-preview:large, max-video-preview:-1\" \/>\n<link rel=\"canonical\" href=\"https:\/\/uus.revalstone.com\/fi\/tuote\/reval-kirju\/\" \/>\n<meta property=\"og:locale\" content=\"fi_FI\" \/>\n<meta property=\"og:type\" content=\"article\" \/>\n<meta property=\"og:title\" content=\"Reval kirju - Reval Stone verkkokauppa\" \/>\n<meta property=\"og:description\" content=\"Klassisen kalkkikiven silmiinpist\u00e4v\u00e4mpi versio, jolle on ominaista sinert\u00e4v\u00e4n harmaat ja ruskehtavat t\u00e4pl\u00e4t. Valikoimaan kuuluu lattialaattoja ja jalkalistoja.\" \/>\n<meta property=\"og:url\" content=\"https:\/\/uus.revalstone.com\/fi\/tuote\/reval-kirju\/\" \/>\n<meta property=\"og:site_name\" content=\"Reval Stone verkkokauppa\" \/>\n<meta property=\"article:publisher\" content=\"https:\/\/www.facebook.com\/revalstoneofficial\" \/>\n<meta property=\"article:modified_time\" content=\"2026-02-20T11:09:57+00:00\" \/>\n<meta property=\"og:image\" content=\"https:\/\/uus.revalstone.com\/wp-content\/uploads\/2025\/11\/Reval-kirju-patterned-300-mm-x-vp-fl-02.jpg\" \/>\n\t<meta property=\"og:image:width\" content=\"2000\" \/>\n\t<meta property=\"og:image:height\" content=\"1500\" \/>\n\t<meta property=\"og:image:type\" content=\"image\/jpeg\" \/>\n<meta name=\"twitter:card\" content=\"summary_large_image\" \/>\n<meta name=\"twitter:label1\" content=\"Arvioitu lukuaika\" \/>\n\t<meta name=\"twitter:data1\" content=\"1 minuutti\" \/>\n<script type=\"application\/ld+json\" class=\"yoast-schema-graph\">{\"@context\":\"https:\\\/\\\/schema.org\",\"@graph\":[{\"@type\":\"WebPage\",\"@id\":\"https:\\\/\\\/uus.revalstone.com\\\/fi\\\/tuote\\\/reval-kirju\\\/\",\"url\":\"https:\\\/\\\/uus.revalstone.com\\\/fi\\\/tuote\\\/reval-kirju\\\/\",\"name\":\"Reval kirju - Reval Stone verkkokauppa\",\"isPartOf\":{\"@id\":\"https:\\\/\\\/uus.revalstone.com\\\/fi\\\/#website\"},\"primaryImageOfPage\":{\"@id\":\"https:\\\/\\\/uus.revalstone.com\\\/fi\\\/tuote\\\/reval-kirju\\\/#primaryimage\"},\"image\":{\"@id\":\"https:\\\/\\\/uus.revalstone.com\\\/fi\\\/tuote\\\/reval-kirju\\\/#primaryimage\"},\"thumbnailUrl\":\"https:\\\/\\\/uus.revalstone.com\\\/wp-content\\\/uploads\\\/2025\\\/11\\\/Reval-kirju-patterned-300-mm-x-vp-fl-02.jpg\",\"datePublished\":\"2025-04-28T04:43:40+00:00\",\"dateModified\":\"2026-02-20T11:09:57+00:00\",\"description\":\"Klassisen kalkkikiven silmiinpist\u00e4v\u00e4mpi versio, jolle on ominaista sinert\u00e4v\u00e4n harmaat ja ruskehtavat t\u00e4pl\u00e4t. Valikoimaan kuuluu lattialaattoja ja jalkalistoja.\",\"breadcrumb\":{\"@id\":\"https:\\\/\\\/uus.revalstone.com\\\/fi\\\/tuote\\\/reval-kirju\\\/#breadcrumb\"},\"inLanguage\":\"fi\",\"potentialAction\":[{\"@type\":\"ReadAction\",\"target\":[\"https:\\\/\\\/uus.revalstone.com\\\/fi\\\/tuote\\\/reval-kirju\\\/\"]}]},{\"@type\":\"ImageObject\",\"inLanguage\":\"fi\",\"@id\":\"https:\\\/\\\/uus.revalstone.com\\\/fi\\\/tuote\\\/reval-kirju\\\/#primaryimage\",\"url\":\"https:\\\/\\\/uus.revalstone.com\\\/wp-content\\\/uploads\\\/2025\\\/11\\\/Reval-kirju-patterned-300-mm-x-vp-fl-02.jpg\",\"contentUrl\":\"https:\\\/\\\/uus.revalstone.com\\\/wp-content\\\/uploads\\\/2025\\\/11\\\/Reval-kirju-patterned-300-mm-x-vp-fl-02.jpg\",\"width\":2000,\"height\":1500},{\"@type\":\"BreadcrumbList\",\"@id\":\"https:\\\/\\\/uus.revalstone.com\\\/fi\\\/tuote\\\/reval-kirju\\\/#breadcrumb\",\"itemListElement\":[{\"@type\":\"ListItem\",\"position\":1,\"name\":\"Home page\",\"item\":\"https:\\\/\\\/uus.revalstone.com\\\/fi\\\/\"},{\"@type\":\"ListItem\",\"position\":2,\"name\":\"Verkkokauppa\",\"item\":\"https:\\\/\\\/uus.revalstone.com\\\/pood\\\/\"},{\"@type\":\"ListItem\",\"position\":3,\"name\":\"Reval kirju\"}]},{\"@type\":\"WebSite\",\"@id\":\"https:\\\/\\\/uus.revalstone.com\\\/fi\\\/#website\",\"url\":\"https:\\\/\\\/uus.revalstone.com\\\/fi\\\/\",\"name\":\"Reval Stone verkkokauppa\",\"description\":\"\",\"publisher\":{\"@id\":\"https:\\\/\\\/uus.revalstone.com\\\/fi\\\/#organization\"},\"potentialAction\":[{\"@type\":\"SearchAction\",\"target\":{\"@type\":\"EntryPoint\",\"urlTemplate\":\"https:\\\/\\\/uus.revalstone.com\\\/fi\\\/?s={search_term_string}\"},\"query-input\":{\"@type\":\"PropertyValueSpecification\",\"valueRequired\":true,\"valueName\":\"search_term_string\"}}],\"inLanguage\":\"fi\"},{\"@type\":\"Organization\",\"@id\":\"https:\\\/\\\/uus.revalstone.com\\\/fi\\\/#organization\",\"name\":\"Reval Stone\",\"url\":\"https:\\\/\\\/uus.revalstone.com\\\/fi\\\/\",\"logo\":{\"@type\":\"ImageObject\",\"inLanguage\":\"fi\",\"@id\":\"https:\\\/\\\/uus.revalstone.com\\\/fi\\\/#\\\/schema\\\/logo\\\/image\\\/\",\"url\":\"https:\\\/\\\/uus.revalstone.com\\\/wp-content\\\/uploads\\\/2021\\\/09\\\/Logo_v.png\",\"contentUrl\":\"https:\\\/\\\/uus.revalstone.com\\\/wp-content\\\/uploads\\\/2021\\\/09\\\/Logo_v.png\",\"width\":960,\"height\":672,\"caption\":\"Reval Stone\"},\"image\":{\"@id\":\"https:\\\/\\\/uus.revalstone.com\\\/fi\\\/#\\\/schema\\\/logo\\\/image\\\/\"},\"sameAs\":[\"https:\\\/\\\/www.facebook.com\\\/revalstoneofficial\",\"https:\\\/\\\/www.instagram.com\\\/revalstoneofficial\\\/\",\"https:\\\/\\\/en.wikipedia.org\\\/wiki\\\/Saare_Dolomiit-V\u00e4okivi\"]}]}<\/script>\n<!-- \/ Yoast SEO plugin. -->","yoast_head_json":{"title":"Reval kirju - Reval Stone verkkokauppa","description":"Klassisen kalkkikiven silmiinpist\u00e4v\u00e4mpi versio, jolle on ominaista sinert\u00e4v\u00e4n harmaat ja ruskehtavat t\u00e4pl\u00e4t. Valikoimaan kuuluu lattialaattoja ja jalkalistoja.","robots":{"index":"index","follow":"follow","max-snippet":"max-snippet:-1","max-image-preview":"max-image-preview:large","max-video-preview":"max-video-preview:-1"},"canonical":"https:\/\/uus.revalstone.com\/fi\/tuote\/reval-kirju\/","og_locale":"fi_FI","og_type":"article","og_title":"Reval kirju - Reval Stone verkkokauppa","og_description":"Klassisen kalkkikiven silmiinpist\u00e4v\u00e4mpi versio, jolle on ominaista sinert\u00e4v\u00e4n harmaat ja ruskehtavat t\u00e4pl\u00e4t. Valikoimaan kuuluu lattialaattoja ja jalkalistoja.","og_url":"https:\/\/uus.revalstone.com\/fi\/tuote\/reval-kirju\/","og_site_name":"Reval Stone verkkokauppa","article_publisher":"https:\/\/www.facebook.com\/revalstoneofficial","article_modified_time":"2026-02-20T11:09:57+00:00","og_image":[{"width":2000,"height":1500,"url":"https:\/\/uus.revalstone.com\/wp-content\/uploads\/2025\/11\/Reval-kirju-patterned-300-mm-x-vp-fl-02.jpg","type":"image\/jpeg"}],"twitter_card":"summary_large_image","twitter_misc":{"Arvioitu lukuaika":"1 minuutti"},"schema":{"@context":"https:\/\/schema.org","@graph":[{"@type":"WebPage","@id":"https:\/\/uus.revalstone.com\/fi\/tuote\/reval-kirju\/","url":"https:\/\/uus.revalstone.com\/fi\/tuote\/reval-kirju\/","name":"Reval kirju - Reval Stone verkkokauppa","isPartOf":{"@id":"https:\/\/uus.revalstone.com\/fi\/#website"},"primaryImageOfPage":{"@id":"https:\/\/uus.revalstone.com\/fi\/tuote\/reval-kirju\/#primaryimage"},"image":{"@id":"https:\/\/uus.revalstone.com\/fi\/tuote\/reval-kirju\/#primaryimage"},"thumbnailUrl":"https:\/\/uus.revalstone.com\/wp-content\/uploads\/2025\/11\/Reval-kirju-patterned-300-mm-x-vp-fl-02.jpg","datePublished":"2025-04-28T04:43:40+00:00","dateModified":"2026-02-20T11:09:57+00:00","description":"Klassisen kalkkikiven silmiinpist\u00e4v\u00e4mpi versio, jolle on ominaista sinert\u00e4v\u00e4n harmaat ja ruskehtavat t\u00e4pl\u00e4t. Valikoimaan kuuluu lattialaattoja ja jalkalistoja.","breadcrumb":{"@id":"https:\/\/uus.revalstone.com\/fi\/tuote\/reval-kirju\/#breadcrumb"},"inLanguage":"fi","potentialAction":[{"@type":"ReadAction","target":["https:\/\/uus.revalstone.com\/fi\/tuote\/reval-kirju\/"]}]},{"@type":"ImageObject","inLanguage":"fi","@id":"https:\/\/uus.revalstone.com\/fi\/tuote\/reval-kirju\/#primaryimage","url":"https:\/\/uus.revalstone.com\/wp-content\/uploads\/2025\/11\/Reval-kirju-patterned-300-mm-x-vp-fl-02.jpg","contentUrl":"https:\/\/uus.revalstone.com\/wp-content\/uploads\/2025\/11\/Reval-kirju-patterned-300-mm-x-vp-fl-02.jpg","width":2000,"height":1500},{"@type":"BreadcrumbList","@id":"https:\/\/uus.revalstone.com\/fi\/tuote\/reval-kirju\/#breadcrumb","itemListElement":[{"@type":"ListItem","position":1,"name":"Home page","item":"https:\/\/uus.revalstone.com\/fi\/"},{"@type":"ListItem","position":2,"name":"Verkkokauppa","item":"https:\/\/uus.revalstone.com\/pood\/"},{"@type":"ListItem","position":3,"name":"Reval kirju"}]},{"@type":"WebSite","@id":"https:\/\/uus.revalstone.com\/fi\/#website","url":"https:\/\/uus.revalstone.com\/fi\/","name":"Reval Stone verkkokauppa","description":"","publisher":{"@id":"https:\/\/uus.revalstone.com\/fi\/#organization"},"potentialAction":[{"@type":"SearchAction","target":{"@type":"EntryPoint","urlTemplate":"https:\/\/uus.revalstone.com\/fi\/?s={search_term_string}"},"query-input":{"@type":"PropertyValueSpecification","valueRequired":true,"valueName":"search_term_string"}}],"inLanguage":"fi"},{"@type":"Organization","@id":"https:\/\/uus.revalstone.com\/fi\/#organization","name":"Reval Stone","url":"https:\/\/uus.revalstone.com\/fi\/","logo":{"@type":"ImageObject","inLanguage":"fi","@id":"https:\/\/uus.revalstone.com\/fi\/#\/schema\/logo\/image\/","url":"https:\/\/uus.revalstone.com\/wp-content\/uploads\/2021\/09\/Logo_v.png","contentUrl":"https:\/\/uus.revalstone.com\/wp-content\/uploads\/2021\/09\/Logo_v.png","width":960,"height":672,"caption":"Reval Stone"},"image":{"@id":"https:\/\/uus.revalstone.com\/fi\/#\/schema\/logo\/image\/"},"sameAs":["https:\/\/www.facebook.com\/revalstoneofficial","https:\/\/www.instagram.com\/revalstoneofficial\/","https:\/\/en.wikipedia.org\/wiki\/Saare_Dolomiit-V\u00e4okivi"]}]}},"_links":{"self":[{"href":"https:\/\/uus.revalstone.com\/fi\/wp-json\/wp\/v2\/product\/17145","targetHints":{"allow":["GET"]}}],"collection":[{"href":"https:\/\/uus.revalstone.com\/fi\/wp-json\/wp\/v2\/product"}],"about":[{"href":"https:\/\/uus.revalstone.com\/fi\/wp-json\/wp\/v2\/types\/product"}],"replies":[{"embeddable":true,"href":"https:\/\/uus.revalstone.com\/fi\/wp-json\/wp\/v2\/comments?post=17145"}],"wp:featuredmedia":[{"embeddable":true,"href":"https:\/\/uus.revalstone.com\/fi\/wp-json\/wp\/v2\/media\/17827"}],"wp:attachment":[{"href":"https:\/\/uus.revalstone.com\/fi\/wp-json\/wp\/v2\/media?parent=17145"}],"wp:term":[{"taxonomy":"product_brand","embeddable":true,"href":"https:\/\/uus.revalstone.com\/fi\/wp-json\/wp\/v2\/product_brand?post=17145"},{"taxonomy":"product_cat","embeddable":true,"href":"https:\/\/uus.revalstone.com\/fi\/wp-json\/wp\/v2\/product_cat?post=17145"},{"taxonomy":"product_tag","embeddable":true,"href":"https:\/\/uus.revalstone.com\/fi\/wp-json\/wp\/v2\/product_tag?post=17145"}],"curies":[{"name":"wp","href":"https:\/\/api.w.org\/{rel}","templated":true}]}}