{"id":17382,"date":"2025-08-14T10:45:58","date_gmt":"2025-08-14T07:45:58","guid":{"rendered":"https:\/\/revalstone.com\/shop\/?post_type=product&#038;p=17382"},"modified":"2025-08-22T12:28:57","modified_gmt":"2025-08-22T09:28:57","slug":"kaarma-antiikki","status":"publish","type":"product","link":"https:\/\/uus.revalstone.com\/fi\/tuote\/kaarma-antiikki\/","title":{"rendered":"Kaarma antiikki"},"content":{"rendered":"<p>T\u00e4m\u00e4 hienokiteinen dolomiitti esiintyy massiivisina, enint\u00e4\u00e4n metrinpaksuisina kerroksina. Tiedet\u00e4\u00e4n, ett\u00e4 Kaarman luonnonkive\u00e4 on k\u00e4ytetty 1200-luvulta l\u00e4htien, jolloin sit\u00e4 k\u00e4ytettiin Kaarman kirkon rakentamisessa. My\u00f6hemmin kive\u00e4 ryhdyttiin k\u00e4ytt\u00e4m\u00e4\u00e4n Tallinnassa, Riiassa ja kauempana. Kaarman dolomiitti tunnetaan my\u00f6s Saarenmaan dolomiittina.<\/p>\n","protected":false},"excerpt":{"rendered":"<p><span style=\"color: #009d89;\"><strong>Omat louhokset, oma tuotanto!<\/strong><\/span><\/p>\n<p>Saarenmaalla Kuressaaren l\u00e4hell\u00e4 louhittava dolomiitti, joka tunnetaan Saarenmaan marmorina. Vaalean- tai sinert\u00e4v\u00e4nharmaa dolomiitti, joka on muodostunut yli 400 miljoonaa vuotta sitten. Kive\u00e4 ei lajitella v\u00e4rin tai kuvion mukaan. Lue lis\u00e4\u00e4 t\u00e4st\u00e4 k\u00e4ytt\u00f6historialtaan arvokkaasta kivest\u00e4 <span style=\"text-decoration: underline;\"><strong><a href=\"https:\/\/revalstone.com\/dolomite-kaarma\/?lang=en\" target=\"_blank\" rel=\"noopener\">t\u00e4\u00e4lt\u00e4<\/a><\/strong><\/span>.<\/p>\n<p>Antiikkinen eli harjattu viimeistely saavutetaan erityisill\u00e4 harjoilla, jotka poistavat kiven pehme\u00e4mm\u00e4n osan ja tuovat esiin sen luonnollisen tekstuurin. Pinta tuntuu kosketettaessa &#8221;nahkaiselta&#8221; eik\u00e4 ole l\u00e4hes koskaan t\u00e4ysin sile\u00e4 tai kiilt\u00e4v\u00e4. Se antaa kivelle hieman kuluneen tai &#8221;historiallisen&#8221; ulkon\u00e4\u00f6n, joka j\u00e4ljittelee ajan my\u00f6t\u00e4 syntynytt\u00e4 luonnollista kulumista. Harjattu viimeistely on my\u00f6s k\u00e4yt\u00e4nn\u00f6llinen \u2013 pienemm\u00e4t k\u00e4yt\u00f6n j\u00e4ljet eiv\u00e4t erotu niin selv\u00e4sti kuin hiotussa kivess\u00e4.<\/p>\n<p>Kaarman dolomiitille tyypillist\u00e4 ovat kivess\u00e4 esiintyv\u00e4t huokoset (niiden halkaisija voi olla jopa 15 mm). Kaarman antiikista valmistettujen tuotteiden huokosia ei t\u00e4ytet\u00e4.<\/p>\n<p>Lattialaattojen paksuus on 15 mm (60 \u00d7 60 cm laatassa 20 mm).<\/p>\n<p>Dolomiitti Kaarma on saatavana my\u00f6s <span style=\"text-decoration: underline;\"><strong><a href=\"https:\/\/uus.revalstone.com\/fi\/tuote\/kaarma-hiottu\/\">hiotulla pintak\u00e4sittelyll\u00e4<\/a><\/strong><\/span>.<\/p>\n<p>Verkkokaupassa on saatavana my\u00f6s samasta materiaalista valmistettuja <span style=\"text-decoration: underline;\"><strong><a href=\"https:\/\/uus.revalstone.com\/fi\/tuote\/lattialistat\/\" target=\"_blank\" rel=\"noopener\">lattialistoja<\/a><\/strong><\/span> ja <span style=\"text-decoration: underline;\"><a href=\"https:\/\/uus.revalstone.com\/fi\/tuote\/ikkunalaudat\/\" target=\"_blank\" rel=\"noopener\"><strong>ikkunalautoja<\/strong><\/a><\/span>.<\/p>\n<p>Lue lis\u00e4\u00e4 <a href=\"https:\/\/uus.revalstone.com\/fi\/toimitus\/\" target=\"_blank\" rel=\"noopener\"><span style=\"text-decoration: underline;\"><strong>toimituskuluista<\/strong><\/span><\/a>.<\/p>\n<p><strong>Huom!<\/strong> Tutustuakseni kiven kanssa voit tilata 20 x 20 cm n\u00e4ytteen.<\/p>\n","protected":false},"featured_media":17404,"comment_status":"closed","ping_status":"closed","template":"","meta":{"_acf_changed":false},"product_brand":[],"product_cat":[258,257],"product_tag":[],"class_list":{"0":"post-17382","1":"product","2":"type-product","3":"status-publish","4":"has-post-thumbnail","6":"product_cat-lattialaatat","7":"product_cat-misc-fi","9":"first","10":"instock","11":"taxable","12":"shipping-taxable","13":"purchasable","14":"product-type-variable","15":"rtwpvg-product"},"acf":[],"yoast_head":"<!-- This site is optimized with the Yoast SEO plugin v27.4 - https:\/\/yoast.com\/product\/yoast-seo-wordpress\/ -->\n<title>Kaarma antiikki - Kaarman dolomiitti - Saarenmaan dolomiitti - Reval Stone verkkokauppa<\/title>\n<meta name=\"description\" content=\"Kuressaaren l\u00e4hell\u00e4 louhittava dolomiitti, joka tunnetaan Saarenmaan marmorina. Kaarman dolomiitti soveltuu erinomaisesti k\u00e4ytett\u00e4v\u00e4ksi lattialaattoina.\" \/>\n<meta name=\"robots\" content=\"index, follow, max-snippet:-1, max-image-preview:large, max-video-preview:-1\" \/>\n<link rel=\"canonical\" href=\"https:\/\/uus.revalstone.com\/fi\/tuote\/kaarma-antiikki\/\" \/>\n<meta property=\"og:locale\" content=\"fi_FI\" \/>\n<meta property=\"og:type\" content=\"article\" \/>\n<meta property=\"og:title\" content=\"Kaarma antiikki - Kaarman dolomiitti - Saarenmaan dolomiitti - Reval Stone verkkokauppa\" \/>\n<meta property=\"og:description\" content=\"Kuressaaren l\u00e4hell\u00e4 louhittava dolomiitti, joka tunnetaan Saarenmaan marmorina. Kaarman dolomiitti soveltuu erinomaisesti k\u00e4ytett\u00e4v\u00e4ksi lattialaattoina.\" \/>\n<meta property=\"og:url\" content=\"https:\/\/uus.revalstone.com\/fi\/tuote\/kaarma-antiikki\/\" \/>\n<meta property=\"og:site_name\" content=\"Reval Stone verkkokauppa\" \/>\n<meta property=\"article:publisher\" content=\"https:\/\/www.facebook.com\/revalstoneofficial\" \/>\n<meta property=\"article:modified_time\" content=\"2025-08-22T09:28:57+00:00\" \/>\n<meta property=\"og:image\" content=\"https:\/\/uus.revalstone.com\/wp-content\/uploads\/2025\/08\/Kaarma-antiik-harjatud-02.jpg\" \/>\n\t<meta property=\"og:image:width\" content=\"1536\" \/>\n\t<meta property=\"og:image:height\" content=\"2048\" \/>\n\t<meta property=\"og:image:type\" content=\"image\/jpeg\" \/>\n<meta name=\"twitter:card\" content=\"summary_large_image\" \/>\n<meta name=\"twitter:label1\" content=\"Arvioitu lukuaika\" \/>\n\t<meta name=\"twitter:data1\" content=\"1 minuutti\" \/>\n<script type=\"application\/ld+json\" class=\"yoast-schema-graph\">{\"@context\":\"https:\\\/\\\/schema.org\",\"@graph\":[{\"@type\":\"WebPage\",\"@id\":\"https:\\\/\\\/uus.revalstone.com\\\/fi\\\/tuote\\\/kaarma-antiikki\\\/\",\"url\":\"https:\\\/\\\/uus.revalstone.com\\\/fi\\\/tuote\\\/kaarma-antiikki\\\/\",\"name\":\"Kaarma antiikki - Kaarman dolomiitti - Saarenmaan dolomiitti - Reval Stone verkkokauppa\",\"isPartOf\":{\"@id\":\"https:\\\/\\\/uus.revalstone.com\\\/fi\\\/#website\"},\"primaryImageOfPage\":{\"@id\":\"https:\\\/\\\/uus.revalstone.com\\\/fi\\\/tuote\\\/kaarma-antiikki\\\/#primaryimage\"},\"image\":{\"@id\":\"https:\\\/\\\/uus.revalstone.com\\\/fi\\\/tuote\\\/kaarma-antiikki\\\/#primaryimage\"},\"thumbnailUrl\":\"https:\\\/\\\/uus.revalstone.com\\\/wp-content\\\/uploads\\\/2025\\\/08\\\/Kaarma-antiik-harjatud-02.jpg\",\"datePublished\":\"2025-08-14T07:45:58+00:00\",\"dateModified\":\"2025-08-22T09:28:57+00:00\",\"description\":\"Kuressaaren l\u00e4hell\u00e4 louhittava dolomiitti, joka tunnetaan Saarenmaan marmorina. Kaarman dolomiitti soveltuu erinomaisesti k\u00e4ytett\u00e4v\u00e4ksi lattialaattoina.\",\"breadcrumb\":{\"@id\":\"https:\\\/\\\/uus.revalstone.com\\\/fi\\\/tuote\\\/kaarma-antiikki\\\/#breadcrumb\"},\"inLanguage\":\"fi\",\"potentialAction\":[{\"@type\":\"ReadAction\",\"target\":[\"https:\\\/\\\/uus.revalstone.com\\\/fi\\\/tuote\\\/kaarma-antiikki\\\/\"]}]},{\"@type\":\"ImageObject\",\"inLanguage\":\"fi\",\"@id\":\"https:\\\/\\\/uus.revalstone.com\\\/fi\\\/tuote\\\/kaarma-antiikki\\\/#primaryimage\",\"url\":\"https:\\\/\\\/uus.revalstone.com\\\/wp-content\\\/uploads\\\/2025\\\/08\\\/Kaarma-antiik-harjatud-02.jpg\",\"contentUrl\":\"https:\\\/\\\/uus.revalstone.com\\\/wp-content\\\/uploads\\\/2025\\\/08\\\/Kaarma-antiik-harjatud-02.jpg\",\"width\":1536,\"height\":2048},{\"@type\":\"BreadcrumbList\",\"@id\":\"https:\\\/\\\/uus.revalstone.com\\\/fi\\\/tuote\\\/kaarma-antiikki\\\/#breadcrumb\",\"itemListElement\":[{\"@type\":\"ListItem\",\"position\":1,\"name\":\"Home page\",\"item\":\"https:\\\/\\\/uus.revalstone.com\\\/fi\\\/\"},{\"@type\":\"ListItem\",\"position\":2,\"name\":\"Verkkokauppa\",\"item\":\"https:\\\/\\\/uus.revalstone.com\\\/pood\\\/\"},{\"@type\":\"ListItem\",\"position\":3,\"name\":\"Kaarma antiikki\"}]},{\"@type\":\"WebSite\",\"@id\":\"https:\\\/\\\/uus.revalstone.com\\\/fi\\\/#website\",\"url\":\"https:\\\/\\\/uus.revalstone.com\\\/fi\\\/\",\"name\":\"Reval Stone verkkokauppa\",\"description\":\"\",\"publisher\":{\"@id\":\"https:\\\/\\\/uus.revalstone.com\\\/fi\\\/#organization\"},\"potentialAction\":[{\"@type\":\"SearchAction\",\"target\":{\"@type\":\"EntryPoint\",\"urlTemplate\":\"https:\\\/\\\/uus.revalstone.com\\\/fi\\\/?s={search_term_string}\"},\"query-input\":{\"@type\":\"PropertyValueSpecification\",\"valueRequired\":true,\"valueName\":\"search_term_string\"}}],\"inLanguage\":\"fi\"},{\"@type\":\"Organization\",\"@id\":\"https:\\\/\\\/uus.revalstone.com\\\/fi\\\/#organization\",\"name\":\"Reval Stone\",\"url\":\"https:\\\/\\\/uus.revalstone.com\\\/fi\\\/\",\"logo\":{\"@type\":\"ImageObject\",\"inLanguage\":\"fi\",\"@id\":\"https:\\\/\\\/uus.revalstone.com\\\/fi\\\/#\\\/schema\\\/logo\\\/image\\\/\",\"url\":\"https:\\\/\\\/uus.revalstone.com\\\/wp-content\\\/uploads\\\/2021\\\/09\\\/Logo_v.png\",\"contentUrl\":\"https:\\\/\\\/uus.revalstone.com\\\/wp-content\\\/uploads\\\/2021\\\/09\\\/Logo_v.png\",\"width\":960,\"height\":672,\"caption\":\"Reval Stone\"},\"image\":{\"@id\":\"https:\\\/\\\/uus.revalstone.com\\\/fi\\\/#\\\/schema\\\/logo\\\/image\\\/\"},\"sameAs\":[\"https:\\\/\\\/www.facebook.com\\\/revalstoneofficial\",\"https:\\\/\\\/www.instagram.com\\\/revalstoneofficial\\\/\",\"https:\\\/\\\/en.wikipedia.org\\\/wiki\\\/Saare_Dolomiit-V\u00e4okivi\"]}]}<\/script>\n<!-- \/ Yoast SEO plugin. -->","yoast_head_json":{"title":"Kaarma antiikki - Kaarman dolomiitti - Saarenmaan dolomiitti - Reval Stone verkkokauppa","description":"Kuressaaren l\u00e4hell\u00e4 louhittava dolomiitti, joka tunnetaan Saarenmaan marmorina. Kaarman dolomiitti soveltuu erinomaisesti k\u00e4ytett\u00e4v\u00e4ksi lattialaattoina.","robots":{"index":"index","follow":"follow","max-snippet":"max-snippet:-1","max-image-preview":"max-image-preview:large","max-video-preview":"max-video-preview:-1"},"canonical":"https:\/\/uus.revalstone.com\/fi\/tuote\/kaarma-antiikki\/","og_locale":"fi_FI","og_type":"article","og_title":"Kaarma antiikki - Kaarman dolomiitti - Saarenmaan dolomiitti - Reval Stone verkkokauppa","og_description":"Kuressaaren l\u00e4hell\u00e4 louhittava dolomiitti, joka tunnetaan Saarenmaan marmorina. Kaarman dolomiitti soveltuu erinomaisesti k\u00e4ytett\u00e4v\u00e4ksi lattialaattoina.","og_url":"https:\/\/uus.revalstone.com\/fi\/tuote\/kaarma-antiikki\/","og_site_name":"Reval Stone verkkokauppa","article_publisher":"https:\/\/www.facebook.com\/revalstoneofficial","article_modified_time":"2025-08-22T09:28:57+00:00","og_image":[{"width":1536,"height":2048,"url":"https:\/\/uus.revalstone.com\/wp-content\/uploads\/2025\/08\/Kaarma-antiik-harjatud-02.jpg","type":"image\/jpeg"}],"twitter_card":"summary_large_image","twitter_misc":{"Arvioitu lukuaika":"1 minuutti"},"schema":{"@context":"https:\/\/schema.org","@graph":[{"@type":"WebPage","@id":"https:\/\/uus.revalstone.com\/fi\/tuote\/kaarma-antiikki\/","url":"https:\/\/uus.revalstone.com\/fi\/tuote\/kaarma-antiikki\/","name":"Kaarma antiikki - Kaarman dolomiitti - Saarenmaan dolomiitti - Reval Stone verkkokauppa","isPartOf":{"@id":"https:\/\/uus.revalstone.com\/fi\/#website"},"primaryImageOfPage":{"@id":"https:\/\/uus.revalstone.com\/fi\/tuote\/kaarma-antiikki\/#primaryimage"},"image":{"@id":"https:\/\/uus.revalstone.com\/fi\/tuote\/kaarma-antiikki\/#primaryimage"},"thumbnailUrl":"https:\/\/uus.revalstone.com\/wp-content\/uploads\/2025\/08\/Kaarma-antiik-harjatud-02.jpg","datePublished":"2025-08-14T07:45:58+00:00","dateModified":"2025-08-22T09:28:57+00:00","description":"Kuressaaren l\u00e4hell\u00e4 louhittava dolomiitti, joka tunnetaan Saarenmaan marmorina. Kaarman dolomiitti soveltuu erinomaisesti k\u00e4ytett\u00e4v\u00e4ksi lattialaattoina.","breadcrumb":{"@id":"https:\/\/uus.revalstone.com\/fi\/tuote\/kaarma-antiikki\/#breadcrumb"},"inLanguage":"fi","potentialAction":[{"@type":"ReadAction","target":["https:\/\/uus.revalstone.com\/fi\/tuote\/kaarma-antiikki\/"]}]},{"@type":"ImageObject","inLanguage":"fi","@id":"https:\/\/uus.revalstone.com\/fi\/tuote\/kaarma-antiikki\/#primaryimage","url":"https:\/\/uus.revalstone.com\/wp-content\/uploads\/2025\/08\/Kaarma-antiik-harjatud-02.jpg","contentUrl":"https:\/\/uus.revalstone.com\/wp-content\/uploads\/2025\/08\/Kaarma-antiik-harjatud-02.jpg","width":1536,"height":2048},{"@type":"BreadcrumbList","@id":"https:\/\/uus.revalstone.com\/fi\/tuote\/kaarma-antiikki\/#breadcrumb","itemListElement":[{"@type":"ListItem","position":1,"name":"Home page","item":"https:\/\/uus.revalstone.com\/fi\/"},{"@type":"ListItem","position":2,"name":"Verkkokauppa","item":"https:\/\/uus.revalstone.com\/pood\/"},{"@type":"ListItem","position":3,"name":"Kaarma antiikki"}]},{"@type":"WebSite","@id":"https:\/\/uus.revalstone.com\/fi\/#website","url":"https:\/\/uus.revalstone.com\/fi\/","name":"Reval Stone verkkokauppa","description":"","publisher":{"@id":"https:\/\/uus.revalstone.com\/fi\/#organization"},"potentialAction":[{"@type":"SearchAction","target":{"@type":"EntryPoint","urlTemplate":"https:\/\/uus.revalstone.com\/fi\/?s={search_term_string}"},"query-input":{"@type":"PropertyValueSpecification","valueRequired":true,"valueName":"search_term_string"}}],"inLanguage":"fi"},{"@type":"Organization","@id":"https:\/\/uus.revalstone.com\/fi\/#organization","name":"Reval Stone","url":"https:\/\/uus.revalstone.com\/fi\/","logo":{"@type":"ImageObject","inLanguage":"fi","@id":"https:\/\/uus.revalstone.com\/fi\/#\/schema\/logo\/image\/","url":"https:\/\/uus.revalstone.com\/wp-content\/uploads\/2021\/09\/Logo_v.png","contentUrl":"https:\/\/uus.revalstone.com\/wp-content\/uploads\/2021\/09\/Logo_v.png","width":960,"height":672,"caption":"Reval Stone"},"image":{"@id":"https:\/\/uus.revalstone.com\/fi\/#\/schema\/logo\/image\/"},"sameAs":["https:\/\/www.facebook.com\/revalstoneofficial","https:\/\/www.instagram.com\/revalstoneofficial\/","https:\/\/en.wikipedia.org\/wiki\/Saare_Dolomiit-V\u00e4okivi"]}]}},"_links":{"self":[{"href":"https:\/\/uus.revalstone.com\/fi\/wp-json\/wp\/v2\/product\/17382","targetHints":{"allow":["GET"]}}],"collection":[{"href":"https:\/\/uus.revalstone.com\/fi\/wp-json\/wp\/v2\/product"}],"about":[{"href":"https:\/\/uus.revalstone.com\/fi\/wp-json\/wp\/v2\/types\/product"}],"replies":[{"embeddable":true,"href":"https:\/\/uus.revalstone.com\/fi\/wp-json\/wp\/v2\/comments?post=17382"}],"wp:featuredmedia":[{"embeddable":true,"href":"https:\/\/uus.revalstone.com\/fi\/wp-json\/wp\/v2\/media\/17404"}],"wp:attachment":[{"href":"https:\/\/uus.revalstone.com\/fi\/wp-json\/wp\/v2\/media?parent=17382"}],"wp:term":[{"taxonomy":"product_brand","embeddable":true,"href":"https:\/\/uus.revalstone.com\/fi\/wp-json\/wp\/v2\/product_brand?post=17382"},{"taxonomy":"product_cat","embeddable":true,"href":"https:\/\/uus.revalstone.com\/fi\/wp-json\/wp\/v2\/product_cat?post=17382"},{"taxonomy":"product_tag","embeddable":true,"href":"https:\/\/uus.revalstone.com\/fi\/wp-json\/wp\/v2\/product_tag?post=17382"}],"curies":[{"name":"wp","href":"https:\/\/api.w.org\/{rel}","templated":true}]}}