{"id":4591,"date":"2021-05-01T08:59:25","date_gmt":"2021-05-01T05:59:25","guid":{"rendered":"https:\/\/revalstone.com\/shop\/product\/selgase-hiottu\/"},"modified":"2023-11-16T09:42:31","modified_gmt":"2023-11-16T06:42:31","slug":"selgase-hiottu","status":"publish","type":"product","link":"https:\/\/uus.revalstone.com\/fi\/tuote\/selgase-hiottu\/","title":{"rendered":"Selgase hiottu"},"content":{"rendered":"<p>Verrattuna muihin verkkokaupassamme myyt\u00e4viin luonnonkiviin Selgase-kiven k\u00e4ytt\u00f6historia on lyhyt \u2013 vain pari sataa vuotta. Tuolloin kive\u00e4 k\u00e4ytettiin sein\u00e4materiaalina, mutta nykyisin t\u00e4t\u00e4 tutunkuvioista dolomiittia k\u00e4ytet\u00e4\u00e4n laajalti my\u00f6s sisustuksessa.<\/p>\n<p>Hiotun Selgase-dolomiitin liukkaudenestoluokitus on seuraava: 67,0 jos pinta on kuiva ja 56,2 m\u00e4r\u00e4ll\u00e4 pinnalla. Kuivan ja m\u00e4r\u00e4n pinnan arvo vastaa luokkaa P5 (R13). Luokitukset P5\/R13 osoittavat suurimman liukkaudenestoluokituksen ja eritt\u00e4in pienen liukastumisriskin. Testit suoritettiin Stone Pole Oy:n laboratoriossa Suomessa.<\/p>\n","protected":false},"excerpt":{"rendered":"<p><span style=\"color: #009d89;\"><strong>Omat louhokset, oma tuotanto!<\/strong><\/span><\/p>\n<p>Saarenmaan l\u00e4nsiosasta per\u00e4isin oleva dolomiitti, jossa on tyypillinen keltainen tai sininen kuvio. T\u00e4m\u00e4 eritt\u00e4in koristeellinen ja voimakaskuvioinen luonnonkivi muodostui yli 400 miljoonaa vuotta sitten. Tilattavat laatat voivat sis\u00e4lt\u00e4\u00e4 sek\u00e4 kellert\u00e4v\u00e4\u00e4 ett\u00e4 sinert\u00e4v\u00e4\u00e4 kive\u00e4. Lue lis\u00e4\u00e4 t\u00e4st\u00e4 melko hiljattain k\u00e4ytt\u00f6\u00f6n otetusta kivest\u00e4 <span style=\"text-decoration: underline;\"><a href=\"https:\/\/revalstone.com\/dolomite-selgase\/?lang=en\" target=\"_blank\" rel=\"noopener\"><strong>t\u00e4\u00e4lt\u00e4<\/strong><\/a><\/span>.<\/p>\n<p>Lattialaattojen paksuus on 10 mm.<\/p>\n<p>Verkkokaupassa on saatavana my\u00f6s samasta materiaalista valmistettuja <span style=\"text-decoration: underline;\"><strong><a href=\"https:\/\/uus.revalstone.com\/fi\/tuote\/lattialistat\/\" target=\"_blank\" rel=\"noopener\">lattialistoja<\/a><\/strong><\/span> ja <span style=\"text-decoration: underline;\"><a href=\"https:\/\/uus.revalstone.com\/fi\/tuote\/ikkunalaudat\/\" target=\"_blank\" rel=\"noopener\"><strong>ikkunalautoja<\/strong><\/a><\/span>.<\/p>\n<p>Lue lis\u00e4\u00e4 <a href=\"https:\/\/uus.revalstone.com\/fi\/toimitus\/\" target=\"_blank\" rel=\"noopener\"><span style=\"text-decoration: underline;\"><strong>toimituskuluista<\/strong><\/span><\/a>.<\/p>\n<p><strong>Huom!<\/strong> Tutustuakseni kiven kanssa voit tilata 20 x 20 cm n\u00e4ytteen.<\/p>\n","protected":false},"featured_media":4215,"comment_status":"closed","ping_status":"closed","template":"","meta":{"_acf_changed":false},"product_brand":[],"product_cat":[258,257],"product_tag":[],"class_list":{"0":"post-4591","1":"product","2":"type-product","3":"status-publish","4":"has-post-thumbnail","6":"product_cat-lattialaatat","7":"product_cat-misc-fi","9":"first","10":"instock","11":"taxable","12":"shipping-taxable","13":"purchasable","14":"product-type-variable","15":"rtwpvg-product"},"acf":[],"yoast_head":"<!-- This site is optimized with the Yoast SEO plugin v27.4 - https:\/\/yoast.com\/product\/yoast-seo-wordpress\/ -->\n<title>Selgase hiottu - Selgase-dolomiitti - Reval Stone verkkokauppa %<\/title>\n<meta name=\"description\" content=\"Saarenmaan l\u00e4nsiosasta per\u00e4isin oleva dolomiitti, jossa on tyypillinen keltainen tai sininen kuvio. S\u00e4vylt\u00e4\u00e4n sek\u00e4 kellert\u00e4v\u00e4 ett\u00e4 sinert\u00e4v\u00e4 kivi.\" \/>\n<meta name=\"robots\" content=\"index, follow, max-snippet:-1, max-image-preview:large, max-video-preview:-1\" \/>\n<link rel=\"canonical\" href=\"https:\/\/uus.revalstone.com\/fi\/tuote\/selgase-hiottu\/\" \/>\n<meta property=\"og:locale\" content=\"fi_FI\" \/>\n<meta property=\"og:type\" content=\"article\" \/>\n<meta property=\"og:title\" content=\"Selgase hiottu - Selgase-dolomiitti - Reval Stone verkkokauppa %\" \/>\n<meta property=\"og:description\" content=\"Saarenmaan l\u00e4nsiosasta per\u00e4isin oleva dolomiitti, jossa on tyypillinen keltainen tai sininen kuvio. S\u00e4vylt\u00e4\u00e4n sek\u00e4 kellert\u00e4v\u00e4 ett\u00e4 sinert\u00e4v\u00e4 kivi.\" \/>\n<meta property=\"og:url\" content=\"https:\/\/uus.revalstone.com\/fi\/tuote\/selgase-hiottu\/\" \/>\n<meta property=\"og:site_name\" content=\"Reval Stone verkkokauppa\" \/>\n<meta property=\"article:publisher\" content=\"https:\/\/www.facebook.com\/revalstoneofficial\" \/>\n<meta property=\"article:modified_time\" content=\"2023-11-16T06:42:31+00:00\" \/>\n<meta property=\"og:image\" content=\"https:\/\/uus.revalstone.com\/wp-content\/uploads\/2021\/07\/Reval_Stone_Selgase_lihv_05.jpg\" \/>\n\t<meta property=\"og:image:width\" content=\"1500\" \/>\n\t<meta property=\"og:image:height\" content=\"1500\" \/>\n\t<meta property=\"og:image:type\" content=\"image\/jpeg\" \/>\n<meta name=\"twitter:card\" content=\"summary_large_image\" \/>\n<meta name=\"twitter:label1\" content=\"Arvioitu lukuaika\" \/>\n\t<meta name=\"twitter:data1\" content=\"1 minuutti\" \/>\n<script type=\"application\/ld+json\" class=\"yoast-schema-graph\">{\"@context\":\"https:\\\/\\\/schema.org\",\"@graph\":[{\"@type\":\"WebPage\",\"@id\":\"https:\\\/\\\/uus.revalstone.com\\\/fi\\\/tuote\\\/selgase-hiottu\\\/\",\"url\":\"https:\\\/\\\/uus.revalstone.com\\\/fi\\\/tuote\\\/selgase-hiottu\\\/\",\"name\":\"Selgase hiottu - Selgase-dolomiitti - Reval Stone verkkokauppa %\",\"isPartOf\":{\"@id\":\"https:\\\/\\\/uus.revalstone.com\\\/fi\\\/#website\"},\"primaryImageOfPage\":{\"@id\":\"https:\\\/\\\/uus.revalstone.com\\\/fi\\\/tuote\\\/selgase-hiottu\\\/#primaryimage\"},\"image\":{\"@id\":\"https:\\\/\\\/uus.revalstone.com\\\/fi\\\/tuote\\\/selgase-hiottu\\\/#primaryimage\"},\"thumbnailUrl\":\"https:\\\/\\\/uus.revalstone.com\\\/wp-content\\\/uploads\\\/2021\\\/07\\\/Reval_Stone_Selgase_lihv_05.jpg\",\"datePublished\":\"2021-05-01T05:59:25+00:00\",\"dateModified\":\"2023-11-16T06:42:31+00:00\",\"description\":\"Saarenmaan l\u00e4nsiosasta per\u00e4isin oleva dolomiitti, jossa on tyypillinen keltainen tai sininen kuvio. S\u00e4vylt\u00e4\u00e4n sek\u00e4 kellert\u00e4v\u00e4 ett\u00e4 sinert\u00e4v\u00e4 kivi.\",\"breadcrumb\":{\"@id\":\"https:\\\/\\\/uus.revalstone.com\\\/fi\\\/tuote\\\/selgase-hiottu\\\/#breadcrumb\"},\"inLanguage\":\"fi\",\"potentialAction\":[{\"@type\":\"ReadAction\",\"target\":[\"https:\\\/\\\/uus.revalstone.com\\\/fi\\\/tuote\\\/selgase-hiottu\\\/\"]}]},{\"@type\":\"ImageObject\",\"inLanguage\":\"fi\",\"@id\":\"https:\\\/\\\/uus.revalstone.com\\\/fi\\\/tuote\\\/selgase-hiottu\\\/#primaryimage\",\"url\":\"https:\\\/\\\/uus.revalstone.com\\\/wp-content\\\/uploads\\\/2021\\\/07\\\/Reval_Stone_Selgase_lihv_05.jpg\",\"contentUrl\":\"https:\\\/\\\/uus.revalstone.com\\\/wp-content\\\/uploads\\\/2021\\\/07\\\/Reval_Stone_Selgase_lihv_05.jpg\",\"width\":1500,\"height\":1500,\"caption\":\"Reval Stone Selgase-dolomiitti hiottu\"},{\"@type\":\"BreadcrumbList\",\"@id\":\"https:\\\/\\\/uus.revalstone.com\\\/fi\\\/tuote\\\/selgase-hiottu\\\/#breadcrumb\",\"itemListElement\":[{\"@type\":\"ListItem\",\"position\":1,\"name\":\"Home page\",\"item\":\"https:\\\/\\\/uus.revalstone.com\\\/fi\\\/\"},{\"@type\":\"ListItem\",\"position\":2,\"name\":\"Verkkokauppa\",\"item\":\"https:\\\/\\\/uus.revalstone.com\\\/pood\\\/\"},{\"@type\":\"ListItem\",\"position\":3,\"name\":\"Selgase hiottu\"}]},{\"@type\":\"WebSite\",\"@id\":\"https:\\\/\\\/uus.revalstone.com\\\/fi\\\/#website\",\"url\":\"https:\\\/\\\/uus.revalstone.com\\\/fi\\\/\",\"name\":\"Reval Stone verkkokauppa\",\"description\":\"\",\"publisher\":{\"@id\":\"https:\\\/\\\/uus.revalstone.com\\\/fi\\\/#organization\"},\"potentialAction\":[{\"@type\":\"SearchAction\",\"target\":{\"@type\":\"EntryPoint\",\"urlTemplate\":\"https:\\\/\\\/uus.revalstone.com\\\/fi\\\/?s={search_term_string}\"},\"query-input\":{\"@type\":\"PropertyValueSpecification\",\"valueRequired\":true,\"valueName\":\"search_term_string\"}}],\"inLanguage\":\"fi\"},{\"@type\":\"Organization\",\"@id\":\"https:\\\/\\\/uus.revalstone.com\\\/fi\\\/#organization\",\"name\":\"Reval Stone\",\"url\":\"https:\\\/\\\/uus.revalstone.com\\\/fi\\\/\",\"logo\":{\"@type\":\"ImageObject\",\"inLanguage\":\"fi\",\"@id\":\"https:\\\/\\\/uus.revalstone.com\\\/fi\\\/#\\\/schema\\\/logo\\\/image\\\/\",\"url\":\"https:\\\/\\\/uus.revalstone.com\\\/wp-content\\\/uploads\\\/2021\\\/09\\\/Logo_v.png\",\"contentUrl\":\"https:\\\/\\\/uus.revalstone.com\\\/wp-content\\\/uploads\\\/2021\\\/09\\\/Logo_v.png\",\"width\":960,\"height\":672,\"caption\":\"Reval Stone\"},\"image\":{\"@id\":\"https:\\\/\\\/uus.revalstone.com\\\/fi\\\/#\\\/schema\\\/logo\\\/image\\\/\"},\"sameAs\":[\"https:\\\/\\\/www.facebook.com\\\/revalstoneofficial\",\"https:\\\/\\\/www.instagram.com\\\/revalstoneofficial\\\/\",\"https:\\\/\\\/en.wikipedia.org\\\/wiki\\\/Saare_Dolomiit-V\u00e4okivi\"]}]}<\/script>\n<!-- \/ Yoast SEO plugin. -->","yoast_head_json":{"title":"Selgase hiottu - Selgase-dolomiitti - Reval Stone verkkokauppa %","description":"Saarenmaan l\u00e4nsiosasta per\u00e4isin oleva dolomiitti, jossa on tyypillinen keltainen tai sininen kuvio. S\u00e4vylt\u00e4\u00e4n sek\u00e4 kellert\u00e4v\u00e4 ett\u00e4 sinert\u00e4v\u00e4 kivi.","robots":{"index":"index","follow":"follow","max-snippet":"max-snippet:-1","max-image-preview":"max-image-preview:large","max-video-preview":"max-video-preview:-1"},"canonical":"https:\/\/uus.revalstone.com\/fi\/tuote\/selgase-hiottu\/","og_locale":"fi_FI","og_type":"article","og_title":"Selgase hiottu - Selgase-dolomiitti - Reval Stone verkkokauppa %","og_description":"Saarenmaan l\u00e4nsiosasta per\u00e4isin oleva dolomiitti, jossa on tyypillinen keltainen tai sininen kuvio. S\u00e4vylt\u00e4\u00e4n sek\u00e4 kellert\u00e4v\u00e4 ett\u00e4 sinert\u00e4v\u00e4 kivi.","og_url":"https:\/\/uus.revalstone.com\/fi\/tuote\/selgase-hiottu\/","og_site_name":"Reval Stone verkkokauppa","article_publisher":"https:\/\/www.facebook.com\/revalstoneofficial","article_modified_time":"2023-11-16T06:42:31+00:00","og_image":[{"width":1500,"height":1500,"url":"https:\/\/uus.revalstone.com\/wp-content\/uploads\/2021\/07\/Reval_Stone_Selgase_lihv_05.jpg","type":"image\/jpeg"}],"twitter_card":"summary_large_image","twitter_misc":{"Arvioitu lukuaika":"1 minuutti"},"schema":{"@context":"https:\/\/schema.org","@graph":[{"@type":"WebPage","@id":"https:\/\/uus.revalstone.com\/fi\/tuote\/selgase-hiottu\/","url":"https:\/\/uus.revalstone.com\/fi\/tuote\/selgase-hiottu\/","name":"Selgase hiottu - Selgase-dolomiitti - Reval Stone verkkokauppa %","isPartOf":{"@id":"https:\/\/uus.revalstone.com\/fi\/#website"},"primaryImageOfPage":{"@id":"https:\/\/uus.revalstone.com\/fi\/tuote\/selgase-hiottu\/#primaryimage"},"image":{"@id":"https:\/\/uus.revalstone.com\/fi\/tuote\/selgase-hiottu\/#primaryimage"},"thumbnailUrl":"https:\/\/uus.revalstone.com\/wp-content\/uploads\/2021\/07\/Reval_Stone_Selgase_lihv_05.jpg","datePublished":"2021-05-01T05:59:25+00:00","dateModified":"2023-11-16T06:42:31+00:00","description":"Saarenmaan l\u00e4nsiosasta per\u00e4isin oleva dolomiitti, jossa on tyypillinen keltainen tai sininen kuvio. S\u00e4vylt\u00e4\u00e4n sek\u00e4 kellert\u00e4v\u00e4 ett\u00e4 sinert\u00e4v\u00e4 kivi.","breadcrumb":{"@id":"https:\/\/uus.revalstone.com\/fi\/tuote\/selgase-hiottu\/#breadcrumb"},"inLanguage":"fi","potentialAction":[{"@type":"ReadAction","target":["https:\/\/uus.revalstone.com\/fi\/tuote\/selgase-hiottu\/"]}]},{"@type":"ImageObject","inLanguage":"fi","@id":"https:\/\/uus.revalstone.com\/fi\/tuote\/selgase-hiottu\/#primaryimage","url":"https:\/\/uus.revalstone.com\/wp-content\/uploads\/2021\/07\/Reval_Stone_Selgase_lihv_05.jpg","contentUrl":"https:\/\/uus.revalstone.com\/wp-content\/uploads\/2021\/07\/Reval_Stone_Selgase_lihv_05.jpg","width":1500,"height":1500,"caption":"Reval Stone Selgase-dolomiitti hiottu"},{"@type":"BreadcrumbList","@id":"https:\/\/uus.revalstone.com\/fi\/tuote\/selgase-hiottu\/#breadcrumb","itemListElement":[{"@type":"ListItem","position":1,"name":"Home page","item":"https:\/\/uus.revalstone.com\/fi\/"},{"@type":"ListItem","position":2,"name":"Verkkokauppa","item":"https:\/\/uus.revalstone.com\/pood\/"},{"@type":"ListItem","position":3,"name":"Selgase hiottu"}]},{"@type":"WebSite","@id":"https:\/\/uus.revalstone.com\/fi\/#website","url":"https:\/\/uus.revalstone.com\/fi\/","name":"Reval Stone verkkokauppa","description":"","publisher":{"@id":"https:\/\/uus.revalstone.com\/fi\/#organization"},"potentialAction":[{"@type":"SearchAction","target":{"@type":"EntryPoint","urlTemplate":"https:\/\/uus.revalstone.com\/fi\/?s={search_term_string}"},"query-input":{"@type":"PropertyValueSpecification","valueRequired":true,"valueName":"search_term_string"}}],"inLanguage":"fi"},{"@type":"Organization","@id":"https:\/\/uus.revalstone.com\/fi\/#organization","name":"Reval Stone","url":"https:\/\/uus.revalstone.com\/fi\/","logo":{"@type":"ImageObject","inLanguage":"fi","@id":"https:\/\/uus.revalstone.com\/fi\/#\/schema\/logo\/image\/","url":"https:\/\/uus.revalstone.com\/wp-content\/uploads\/2021\/09\/Logo_v.png","contentUrl":"https:\/\/uus.revalstone.com\/wp-content\/uploads\/2021\/09\/Logo_v.png","width":960,"height":672,"caption":"Reval Stone"},"image":{"@id":"https:\/\/uus.revalstone.com\/fi\/#\/schema\/logo\/image\/"},"sameAs":["https:\/\/www.facebook.com\/revalstoneofficial","https:\/\/www.instagram.com\/revalstoneofficial\/","https:\/\/en.wikipedia.org\/wiki\/Saare_Dolomiit-V\u00e4okivi"]}]}},"_links":{"self":[{"href":"https:\/\/uus.revalstone.com\/fi\/wp-json\/wp\/v2\/product\/4591","targetHints":{"allow":["GET"]}}],"collection":[{"href":"https:\/\/uus.revalstone.com\/fi\/wp-json\/wp\/v2\/product"}],"about":[{"href":"https:\/\/uus.revalstone.com\/fi\/wp-json\/wp\/v2\/types\/product"}],"replies":[{"embeddable":true,"href":"https:\/\/uus.revalstone.com\/fi\/wp-json\/wp\/v2\/comments?post=4591"}],"wp:featuredmedia":[{"embeddable":true,"href":"https:\/\/uus.revalstone.com\/fi\/wp-json\/wp\/v2\/media\/4215"}],"wp:attachment":[{"href":"https:\/\/uus.revalstone.com\/fi\/wp-json\/wp\/v2\/media?parent=4591"}],"wp:term":[{"taxonomy":"product_brand","embeddable":true,"href":"https:\/\/uus.revalstone.com\/fi\/wp-json\/wp\/v2\/product_brand?post=4591"},{"taxonomy":"product_cat","embeddable":true,"href":"https:\/\/uus.revalstone.com\/fi\/wp-json\/wp\/v2\/product_cat?post=4591"},{"taxonomy":"product_tag","embeddable":true,"href":"https:\/\/uus.revalstone.com\/fi\/wp-json\/wp\/v2\/product_tag?post=4591"}],"curies":[{"name":"wp","href":"https:\/\/api.w.org\/{rel}","templated":true}]}}