{"id":4606,"date":"2021-05-01T09:33:27","date_gmt":"2021-05-01T06:33:27","guid":{"rendered":"https:\/\/revalstone.com\/shop\/product\/reval-hiottu\/"},"modified":"2024-01-09T10:42:12","modified_gmt":"2024-01-09T07:42:12","slug":"reval-hiottu","status":"publish","type":"product","link":"https:\/\/uus.revalstone.com\/fi\/tuote\/reval-hiottu\/","title":{"rendered":"Reval hiottu"},"content":{"rendered":"<p>Reval-kalkkikiven k\u00e4yt\u00f6n pitk\u00e4n perinteen ja kiven suosion vahvistaa se, ett\u00e4 suuria projekteja, joissa on k\u00e4ytetty juuri kyseist\u00e4 kive\u00e4, on valmistunut 1200-luvulta (Tallinnan linnoitukset ja vanhankaupungin talot) nykyhetkeen (taidemuseo Kumu).<\/p>\n<p>Sit\u00e4 on k\u00e4ytetty vuosisatojen ajan hyv\u00e4n\u00e4 rakennuskiven\u00e4 sek\u00e4 Tallinnassa ett\u00e4 Pietarin vanhassakaupungissa, ja sen suosio s\u00e4ilyy.<\/p>\n<p>Skandinavian markkinoilla kivest\u00e4 k\u00e4ytet\u00e4\u00e4n nimi\u00e4 Lindholmen ja Baltic Grey.<\/p>\n<p>Hiotun Reval-kalkkikiven liukkaudenestoluokitus on seuraava: 55,7 jos pinta on kuiva ja 35,6 m\u00e4r\u00e4ll\u00e4 pinnalla. Kuivan pinnan arvo vastaa luokkaa P5 (R13) ja m\u00e4r\u00e4n pinnan arvo luokkaa P3 (R11). Luokitukset P5\/R13 osoittavat suurimman liukkaudenestoluokituksen ja eritt\u00e4in pienen liukastumisriskin. Luokitukset P3\/R11 osoittavat kohtalaisen liukastumisriskin. Testit suoritettiin Stone Pole Oy:n laboratoriossa Suomessa.<\/p>\n","protected":false},"excerpt":{"rendered":"<p><span style=\"color: #009d89;\"><strong>Omat louhokset, oma tuotanto!<\/strong><\/span><\/p>\n<p>Tallinnan (Reval) kalkkikivi on Viron tunnetuin kalkkikivi, joka voi olla jopa 500 miljoonaa vuotta vanha. Sit\u00e4 on k\u00e4ytetty vuosisatojen ajan hyv\u00e4n\u00e4 rakennuskiven\u00e4 ja sen suosio s\u00e4ilyy. T\u00e4t\u00e4 peruss\u00e4vylt\u00e4\u00e4n harmaata kive\u00e4 ei lajitella v\u00e4rin tai kuvion mukaan. Lue t\u00e4st\u00e4 ainakin 1200-luvulta l\u00e4htien k\u00e4yt\u00f6ss\u00e4 olleesta kivest\u00e4 lis\u00e4\u00e4 <span style=\"text-decoration: underline;\"><strong><a href=\"https:\/\/revalstone.com\/limestone-reval\/?lang=en\" target=\"_blank\" rel=\"noopener\">t\u00e4\u00e4lt\u00e4<\/a><\/strong><\/span>.<\/p>\n<p>Lattialaattojen paksuus on 10 mm (60 \u00d7 60 cm laatassa 15 mm).<\/p>\n<p>Reval-kalkkikivi on saatavana my\u00f6s <span style=\"text-decoration: underline;\"><strong><a href=\"https:\/\/uus.revalstone.com\/fi\/tuote\/reval-antiikki\/\">antiikkipintak\u00e4sittelyll\u00e4<\/a><\/strong><\/span>. Verkkokaupassa on saatavana my\u00f6s samasta materiaalista valmistettuja <span style=\"text-decoration: underline;\"><strong><a href=\"https:\/\/uus.revalstone.com\/fi\/tuote\/lattialistat\/\" target=\"_blank\" rel=\"noopener\">lattialistoja<\/a><\/strong><\/span>, <span style=\"text-decoration: underline;\"><a href=\"https:\/\/uus.revalstone.com\/fi\/tuote\/ikkunalaudat\/\" target=\"_blank\" rel=\"noopener\"><strong>ikkunalautoja<\/strong><\/a><\/span> ja <span style=\"text-decoration: underline;\"><a href=\"https:\/\/uus.revalstone.com\/fi\/tuote\/tyotasot\/\" target=\"_blank\" rel=\"noopener\"><strong>ty\u00f6tasoja<\/strong><\/a><\/span>.<\/p>\n<p>Lue lis\u00e4\u00e4 <a href=\"https:\/\/uus.revalstone.com\/fi\/toimitus\/\" target=\"_blank\" rel=\"noopener\"><span style=\"text-decoration: underline;\"><strong>toimituskuluista<\/strong><\/span><\/a>.<\/p>\n<p><strong>Huom!<\/strong> Tutustuakseni kiven kanssa voit tilata 20 x 20 cm n\u00e4ytteen.<\/p>\n","protected":false},"featured_media":4206,"comment_status":"closed","ping_status":"closed","template":"","meta":{"_acf_changed":false},"product_brand":[],"product_cat":[258,257],"product_tag":[],"class_list":{"0":"post-4606","1":"product","2":"type-product","3":"status-publish","4":"has-post-thumbnail","6":"product_cat-lattialaatat","7":"product_cat-misc-fi","9":"first","10":"instock","11":"taxable","12":"shipping-taxable","13":"purchasable","14":"product-type-variable","15":"rtwpvg-product"},"acf":[],"yoast_head":"<!-- This site is optimized with the Yoast SEO plugin v27.4 - https:\/\/yoast.com\/product\/yoast-seo-wordpress\/ -->\n<title>Reval hiottu - Kalkkikivi Reval - Reval Stone verkkokauppa<\/title>\n<meta name=\"description\" content=\"Tallinnan kalkkikivi on tunnetuin virolainen kalkkikivi. Verkkokaupasta saa lattialaattoja hiotulla pinnalla sek\u00e4 antiikkik\u00e4siteltyj\u00e4 luonnonkivilaattoja.\" \/>\n<meta name=\"robots\" content=\"index, follow, max-snippet:-1, max-image-preview:large, max-video-preview:-1\" \/>\n<link rel=\"canonical\" href=\"https:\/\/uus.revalstone.com\/fi\/tuote\/reval-hiottu\/\" \/>\n<meta property=\"og:locale\" content=\"fi_FI\" \/>\n<meta property=\"og:type\" content=\"article\" \/>\n<meta property=\"og:title\" content=\"Reval hiottu - Kalkkikivi Reval - Reval Stone verkkokauppa\" \/>\n<meta property=\"og:description\" content=\"Tallinnan kalkkikivi on tunnetuin virolainen kalkkikivi. Verkkokaupasta saa lattialaattoja hiotulla pinnalla sek\u00e4 antiikkik\u00e4siteltyj\u00e4 luonnonkivilaattoja.\" \/>\n<meta property=\"og:url\" content=\"https:\/\/uus.revalstone.com\/fi\/tuote\/reval-hiottu\/\" \/>\n<meta property=\"og:site_name\" content=\"Reval Stone verkkokauppa\" \/>\n<meta property=\"article:publisher\" content=\"https:\/\/www.facebook.com\/revalstoneofficial\" \/>\n<meta property=\"article:modified_time\" content=\"2024-01-09T07:42:12+00:00\" \/>\n<meta property=\"og:image\" content=\"https:\/\/uus.revalstone.com\/wp-content\/uploads\/2021\/07\/Reval_Stone_Reval_lihv_01.jpg\" \/>\n\t<meta property=\"og:image:width\" content=\"1500\" \/>\n\t<meta property=\"og:image:height\" content=\"1500\" \/>\n\t<meta property=\"og:image:type\" content=\"image\/jpeg\" \/>\n<meta name=\"twitter:card\" content=\"summary_large_image\" \/>\n<meta name=\"twitter:label1\" content=\"Arvioitu lukuaika\" \/>\n\t<meta name=\"twitter:data1\" content=\"1 minuutti\" \/>\n<script type=\"application\/ld+json\" class=\"yoast-schema-graph\">{\"@context\":\"https:\\\/\\\/schema.org\",\"@graph\":[{\"@type\":\"WebPage\",\"@id\":\"https:\\\/\\\/uus.revalstone.com\\\/fi\\\/tuote\\\/reval-hiottu\\\/\",\"url\":\"https:\\\/\\\/uus.revalstone.com\\\/fi\\\/tuote\\\/reval-hiottu\\\/\",\"name\":\"Reval hiottu - Kalkkikivi Reval - Reval Stone verkkokauppa\",\"isPartOf\":{\"@id\":\"https:\\\/\\\/uus.revalstone.com\\\/fi\\\/#website\"},\"primaryImageOfPage\":{\"@id\":\"https:\\\/\\\/uus.revalstone.com\\\/fi\\\/tuote\\\/reval-hiottu\\\/#primaryimage\"},\"image\":{\"@id\":\"https:\\\/\\\/uus.revalstone.com\\\/fi\\\/tuote\\\/reval-hiottu\\\/#primaryimage\"},\"thumbnailUrl\":\"https:\\\/\\\/uus.revalstone.com\\\/wp-content\\\/uploads\\\/2021\\\/07\\\/Reval_Stone_Reval_lihv_01.jpg\",\"datePublished\":\"2021-05-01T06:33:27+00:00\",\"dateModified\":\"2024-01-09T07:42:12+00:00\",\"description\":\"Tallinnan kalkkikivi on tunnetuin virolainen kalkkikivi. Verkkokaupasta saa lattialaattoja hiotulla pinnalla sek\u00e4 antiikkik\u00e4siteltyj\u00e4 luonnonkivilaattoja.\",\"breadcrumb\":{\"@id\":\"https:\\\/\\\/uus.revalstone.com\\\/fi\\\/tuote\\\/reval-hiottu\\\/#breadcrumb\"},\"inLanguage\":\"fi\",\"potentialAction\":[{\"@type\":\"ReadAction\",\"target\":[\"https:\\\/\\\/uus.revalstone.com\\\/fi\\\/tuote\\\/reval-hiottu\\\/\"]}]},{\"@type\":\"ImageObject\",\"inLanguage\":\"fi\",\"@id\":\"https:\\\/\\\/uus.revalstone.com\\\/fi\\\/tuote\\\/reval-hiottu\\\/#primaryimage\",\"url\":\"https:\\\/\\\/uus.revalstone.com\\\/wp-content\\\/uploads\\\/2021\\\/07\\\/Reval_Stone_Reval_lihv_01.jpg\",\"contentUrl\":\"https:\\\/\\\/uus.revalstone.com\\\/wp-content\\\/uploads\\\/2021\\\/07\\\/Reval_Stone_Reval_lihv_01.jpg\",\"width\":1500,\"height\":1500,\"caption\":\"Reval Stone Reval-liuskekivi hiottu\"},{\"@type\":\"BreadcrumbList\",\"@id\":\"https:\\\/\\\/uus.revalstone.com\\\/fi\\\/tuote\\\/reval-hiottu\\\/#breadcrumb\",\"itemListElement\":[{\"@type\":\"ListItem\",\"position\":1,\"name\":\"Home page\",\"item\":\"https:\\\/\\\/uus.revalstone.com\\\/fi\\\/\"},{\"@type\":\"ListItem\",\"position\":2,\"name\":\"Verkkokauppa\",\"item\":\"https:\\\/\\\/uus.revalstone.com\\\/pood\\\/\"},{\"@type\":\"ListItem\",\"position\":3,\"name\":\"Reval hiottu\"}]},{\"@type\":\"WebSite\",\"@id\":\"https:\\\/\\\/uus.revalstone.com\\\/fi\\\/#website\",\"url\":\"https:\\\/\\\/uus.revalstone.com\\\/fi\\\/\",\"name\":\"Reval Stone verkkokauppa\",\"description\":\"\",\"publisher\":{\"@id\":\"https:\\\/\\\/uus.revalstone.com\\\/fi\\\/#organization\"},\"potentialAction\":[{\"@type\":\"SearchAction\",\"target\":{\"@type\":\"EntryPoint\",\"urlTemplate\":\"https:\\\/\\\/uus.revalstone.com\\\/fi\\\/?s={search_term_string}\"},\"query-input\":{\"@type\":\"PropertyValueSpecification\",\"valueRequired\":true,\"valueName\":\"search_term_string\"}}],\"inLanguage\":\"fi\"},{\"@type\":\"Organization\",\"@id\":\"https:\\\/\\\/uus.revalstone.com\\\/fi\\\/#organization\",\"name\":\"Reval Stone\",\"url\":\"https:\\\/\\\/uus.revalstone.com\\\/fi\\\/\",\"logo\":{\"@type\":\"ImageObject\",\"inLanguage\":\"fi\",\"@id\":\"https:\\\/\\\/uus.revalstone.com\\\/fi\\\/#\\\/schema\\\/logo\\\/image\\\/\",\"url\":\"https:\\\/\\\/uus.revalstone.com\\\/wp-content\\\/uploads\\\/2021\\\/09\\\/Logo_v.png\",\"contentUrl\":\"https:\\\/\\\/uus.revalstone.com\\\/wp-content\\\/uploads\\\/2021\\\/09\\\/Logo_v.png\",\"width\":960,\"height\":672,\"caption\":\"Reval Stone\"},\"image\":{\"@id\":\"https:\\\/\\\/uus.revalstone.com\\\/fi\\\/#\\\/schema\\\/logo\\\/image\\\/\"},\"sameAs\":[\"https:\\\/\\\/www.facebook.com\\\/revalstoneofficial\",\"https:\\\/\\\/www.instagram.com\\\/revalstoneofficial\\\/\",\"https:\\\/\\\/en.wikipedia.org\\\/wiki\\\/Saare_Dolomiit-V\u00e4okivi\"]}]}<\/script>\n<!-- \/ Yoast SEO plugin. -->","yoast_head_json":{"title":"Reval hiottu - Kalkkikivi Reval - Reval Stone verkkokauppa","description":"Tallinnan kalkkikivi on tunnetuin virolainen kalkkikivi. Verkkokaupasta saa lattialaattoja hiotulla pinnalla sek\u00e4 antiikkik\u00e4siteltyj\u00e4 luonnonkivilaattoja.","robots":{"index":"index","follow":"follow","max-snippet":"max-snippet:-1","max-image-preview":"max-image-preview:large","max-video-preview":"max-video-preview:-1"},"canonical":"https:\/\/uus.revalstone.com\/fi\/tuote\/reval-hiottu\/","og_locale":"fi_FI","og_type":"article","og_title":"Reval hiottu - Kalkkikivi Reval - Reval Stone verkkokauppa","og_description":"Tallinnan kalkkikivi on tunnetuin virolainen kalkkikivi. Verkkokaupasta saa lattialaattoja hiotulla pinnalla sek\u00e4 antiikkik\u00e4siteltyj\u00e4 luonnonkivilaattoja.","og_url":"https:\/\/uus.revalstone.com\/fi\/tuote\/reval-hiottu\/","og_site_name":"Reval Stone verkkokauppa","article_publisher":"https:\/\/www.facebook.com\/revalstoneofficial","article_modified_time":"2024-01-09T07:42:12+00:00","og_image":[{"width":1500,"height":1500,"url":"https:\/\/uus.revalstone.com\/wp-content\/uploads\/2021\/07\/Reval_Stone_Reval_lihv_01.jpg","type":"image\/jpeg"}],"twitter_card":"summary_large_image","twitter_misc":{"Arvioitu lukuaika":"1 minuutti"},"schema":{"@context":"https:\/\/schema.org","@graph":[{"@type":"WebPage","@id":"https:\/\/uus.revalstone.com\/fi\/tuote\/reval-hiottu\/","url":"https:\/\/uus.revalstone.com\/fi\/tuote\/reval-hiottu\/","name":"Reval hiottu - Kalkkikivi Reval - Reval Stone verkkokauppa","isPartOf":{"@id":"https:\/\/uus.revalstone.com\/fi\/#website"},"primaryImageOfPage":{"@id":"https:\/\/uus.revalstone.com\/fi\/tuote\/reval-hiottu\/#primaryimage"},"image":{"@id":"https:\/\/uus.revalstone.com\/fi\/tuote\/reval-hiottu\/#primaryimage"},"thumbnailUrl":"https:\/\/uus.revalstone.com\/wp-content\/uploads\/2021\/07\/Reval_Stone_Reval_lihv_01.jpg","datePublished":"2021-05-01T06:33:27+00:00","dateModified":"2024-01-09T07:42:12+00:00","description":"Tallinnan kalkkikivi on tunnetuin virolainen kalkkikivi. Verkkokaupasta saa lattialaattoja hiotulla pinnalla sek\u00e4 antiikkik\u00e4siteltyj\u00e4 luonnonkivilaattoja.","breadcrumb":{"@id":"https:\/\/uus.revalstone.com\/fi\/tuote\/reval-hiottu\/#breadcrumb"},"inLanguage":"fi","potentialAction":[{"@type":"ReadAction","target":["https:\/\/uus.revalstone.com\/fi\/tuote\/reval-hiottu\/"]}]},{"@type":"ImageObject","inLanguage":"fi","@id":"https:\/\/uus.revalstone.com\/fi\/tuote\/reval-hiottu\/#primaryimage","url":"https:\/\/uus.revalstone.com\/wp-content\/uploads\/2021\/07\/Reval_Stone_Reval_lihv_01.jpg","contentUrl":"https:\/\/uus.revalstone.com\/wp-content\/uploads\/2021\/07\/Reval_Stone_Reval_lihv_01.jpg","width":1500,"height":1500,"caption":"Reval Stone Reval-liuskekivi hiottu"},{"@type":"BreadcrumbList","@id":"https:\/\/uus.revalstone.com\/fi\/tuote\/reval-hiottu\/#breadcrumb","itemListElement":[{"@type":"ListItem","position":1,"name":"Home page","item":"https:\/\/uus.revalstone.com\/fi\/"},{"@type":"ListItem","position":2,"name":"Verkkokauppa","item":"https:\/\/uus.revalstone.com\/pood\/"},{"@type":"ListItem","position":3,"name":"Reval hiottu"}]},{"@type":"WebSite","@id":"https:\/\/uus.revalstone.com\/fi\/#website","url":"https:\/\/uus.revalstone.com\/fi\/","name":"Reval Stone verkkokauppa","description":"","publisher":{"@id":"https:\/\/uus.revalstone.com\/fi\/#organization"},"potentialAction":[{"@type":"SearchAction","target":{"@type":"EntryPoint","urlTemplate":"https:\/\/uus.revalstone.com\/fi\/?s={search_term_string}"},"query-input":{"@type":"PropertyValueSpecification","valueRequired":true,"valueName":"search_term_string"}}],"inLanguage":"fi"},{"@type":"Organization","@id":"https:\/\/uus.revalstone.com\/fi\/#organization","name":"Reval Stone","url":"https:\/\/uus.revalstone.com\/fi\/","logo":{"@type":"ImageObject","inLanguage":"fi","@id":"https:\/\/uus.revalstone.com\/fi\/#\/schema\/logo\/image\/","url":"https:\/\/uus.revalstone.com\/wp-content\/uploads\/2021\/09\/Logo_v.png","contentUrl":"https:\/\/uus.revalstone.com\/wp-content\/uploads\/2021\/09\/Logo_v.png","width":960,"height":672,"caption":"Reval Stone"},"image":{"@id":"https:\/\/uus.revalstone.com\/fi\/#\/schema\/logo\/image\/"},"sameAs":["https:\/\/www.facebook.com\/revalstoneofficial","https:\/\/www.instagram.com\/revalstoneofficial\/","https:\/\/en.wikipedia.org\/wiki\/Saare_Dolomiit-V\u00e4okivi"]}]}},"_links":{"self":[{"href":"https:\/\/uus.revalstone.com\/fi\/wp-json\/wp\/v2\/product\/4606","targetHints":{"allow":["GET"]}}],"collection":[{"href":"https:\/\/uus.revalstone.com\/fi\/wp-json\/wp\/v2\/product"}],"about":[{"href":"https:\/\/uus.revalstone.com\/fi\/wp-json\/wp\/v2\/types\/product"}],"replies":[{"embeddable":true,"href":"https:\/\/uus.revalstone.com\/fi\/wp-json\/wp\/v2\/comments?post=4606"}],"wp:featuredmedia":[{"embeddable":true,"href":"https:\/\/uus.revalstone.com\/fi\/wp-json\/wp\/v2\/media\/4206"}],"wp:attachment":[{"href":"https:\/\/uus.revalstone.com\/fi\/wp-json\/wp\/v2\/media?parent=4606"}],"wp:term":[{"taxonomy":"product_brand","embeddable":true,"href":"https:\/\/uus.revalstone.com\/fi\/wp-json\/wp\/v2\/product_brand?post=4606"},{"taxonomy":"product_cat","embeddable":true,"href":"https:\/\/uus.revalstone.com\/fi\/wp-json\/wp\/v2\/product_cat?post=4606"},{"taxonomy":"product_tag","embeddable":true,"href":"https:\/\/uus.revalstone.com\/fi\/wp-json\/wp\/v2\/product_tag?post=4606"}],"curies":[{"name":"wp","href":"https:\/\/api.w.org\/{rel}","templated":true}]}}