{"id":4665,"date":"2021-05-14T08:38:26","date_gmt":"2021-05-14T05:38:26","guid":{"rendered":"https:\/\/revalstone.com\/shop\/product\/naytteet\/"},"modified":"2025-08-22T12:42:24","modified_gmt":"2025-08-22T09:42:24","slug":"naytteet","status":"publish","type":"product","link":"https:\/\/uus.revalstone.com\/fi\/tuote\/naytteet\/","title":{"rendered":"N\u00e4ytteet"},"content":{"rendered":"","protected":false},"excerpt":{"rendered":"<p><span style=\"color: #009d89;\"><strong>Omat louhokset, oma tuotanto!<\/strong><\/span><\/p>\n<p class=\"p1\">Ennen kuin valitset lattialaatat, lattialistat, ikkunalaudat tai ty\u00f6tasot, voit tilata n\u00e4ytteit\u00e4 kaikista tarjoamistamme materiaaleista. N\u00e4ytteet ovat 20 x 20 cm laattoja, jotka antavat hyv\u00e4n yleisk\u00e4sityksen materiaalista. N\u00e4in voit tutustua tietyn luonnonkiven v\u00e4riin, kuvioon ja tuntumaan.<\/p>\n<p class=\"p1\">Voit tilata n\u00e4ytteit\u00e4 kaikista verkkokaupassamme myynniss\u00e4 olevista lattialaatoista: <a href=\"https:\/\/uus.revalstone.com\/fi\/tuote\/kaarma-antiikki\/\" target=\"_blank\" rel=\"noopener\"><span style=\"text-decoration: underline;\"><strong>Kaarma antiikki<\/strong><\/span><\/a>, <span style=\"text-decoration: underline;\"><a href=\"https:\/\/uus.revalstone.com\/fi\/tuote\/kaarma-hiottu\/\" target=\"_blank\" rel=\"noopener\"><strong><span class=\"s1\">Kaarma hiottu<\/span><\/strong><\/a><\/span>, <span style=\"text-decoration: underline;\"><a href=\"https:\/\/uus.revalstone.com\/fi\/tuote\/selgase-hiottu\/\" target=\"_blank\" rel=\"noopener\"><strong><span class=\"s1\">Selgase hiottu<\/span><\/strong><\/a><\/span>, <span style=\"text-decoration: underline;\"><a href=\"https:\/\/uus.revalstone.com\/fi\/tuote\/orgita-hiottu\/\" target=\"_blank\" rel=\"noopener\"><strong><span class=\"s1\">Orgita hiottu<\/span><\/strong><\/a><\/span>, <span style=\"text-decoration: underline;\"><a href=\"https:\/\/uus.revalstone.com\/fi\/tuote\/reval-hiottu\/\" target=\"_blank\" rel=\"noopener\"><strong><span class=\"s1\">Reval hiottu<\/span><\/strong><\/a><\/span> ja <span style=\"text-decoration: underline;\"><a href=\"https:\/\/uus.revalstone.com\/fi\/tuote\/reval-antiikki\/\" target=\"_blank\" rel=\"noopener\"><strong><span class=\"s1\">Reval antiikki<\/span><\/strong><\/a><\/span>. Orgita-, Reval- ja Selgase-n\u00e4ytteen paksuus on 10 mm ja Kaarman paksuus 15 mm.<\/p>\n<p>Yhden n\u00e4ytelaatan hinta on 10 \u20ac ja siihen lis\u00e4t\u00e4\u00e4n toimituskustannukset (toimituskustannukset Suomessa 20 \u20ac).<\/p>\n<p><span style=\"color: #00634d;\"><strong>N\u00e4ytteist\u00e4 maksettu summa v\u00e4hennet\u00e4\u00e4n tilauksesi loppusummasta.<\/strong><\/span><\/p>\n<p>L\u00e4het\u00e4mme teille lis\u00e4tiedot, kun olette tehneet n\u00e4ytetilauksen.<\/p>\n","protected":false},"featured_media":4182,"comment_status":"open","ping_status":"closed","template":"","meta":{"_acf_changed":false},"product_brand":[],"product_cat":[258,257,284],"product_tag":[],"class_list":{"0":"post-4665","1":"product","2":"type-product","3":"status-publish","4":"has-post-thumbnail","6":"product_cat-lattialaatat","7":"product_cat-misc-fi","8":"product_cat-samples","9":"product_shipping_class-tuotteiden-toimitusluokka","11":"first","12":"instock","13":"taxable","14":"shipping-taxable","15":"purchasable","16":"product-type-variable","17":"rtwpvg-product"},"acf":[],"yoast_head":"<!-- This site is optimized with the Yoast SEO plugin v27.4 - https:\/\/yoast.com\/product\/yoast-seo-wordpress\/ -->\n<title>N\u00e4ytteet - Luonnonkivest\u00e4 valmistetut lattialaatat - Reval Stone verkkokauppa<\/title>\n<meta name=\"robots\" content=\"index, follow, max-snippet:-1, max-image-preview:large, max-video-preview:-1\" \/>\n<link rel=\"canonical\" href=\"https:\/\/uus.revalstone.com\/fi\/tuote\/naytteet\/\" \/>\n<meta property=\"og:locale\" content=\"fi_FI\" \/>\n<meta property=\"og:type\" content=\"article\" \/>\n<meta property=\"og:title\" content=\"N\u00e4ytteet - Luonnonkivest\u00e4 valmistetut lattialaatat - Reval Stone verkkokauppa\" \/>\n<meta property=\"og:description\" content=\"Omat louhokset, oma tuotanto! Ennen kuin valitset lattialaatat, lattialistat, ikkunalaudat tai ty\u00f6tasot, voit tilata n\u00e4ytteit\u00e4 kaikista tarjoamistamme materiaaleista. N\u00e4ytteet ovat 20 x 20 cm laattoja, jotka antavat hyv\u00e4n yleisk\u00e4sityksen materiaalista. N\u00e4in voit tutustua tietyn luonnonkiven v\u00e4riin, kuvioon ja tuntumaan. Voit tilata n\u00e4ytteit\u00e4 kaikista verkkokaupassamme myynniss\u00e4 olevista lattialaatoista: Kaarma antiikki, Kaarma hiottu, Selgase hiottu, Orgita hiottu, Reval hiottu ja Reval antiikki. Orgita-, Reval- ja Selgase-n\u00e4ytteen paksuus on 10 mm ja Kaarman paksuus 15 mm. Yhden n\u00e4ytelaatan hinta on 10 \u20ac ja siihen lis\u00e4t\u00e4\u00e4n toimituskustannukset (toimituskustannukset Suomessa 20 \u20ac).  N\u00e4ytteist\u00e4 maksettu summa v\u00e4hennet\u00e4\u00e4n tilauksesi loppusummasta.  L\u00e4het\u00e4mme teille lis\u00e4tiedot, kun olette tehneet n\u00e4ytetilauksen.\" \/>\n<meta property=\"og:url\" content=\"https:\/\/uus.revalstone.com\/fi\/tuote\/naytteet\/\" \/>\n<meta property=\"og:site_name\" content=\"Reval Stone verkkokauppa\" \/>\n<meta property=\"article:publisher\" content=\"https:\/\/www.facebook.com\/revalstoneofficial\" \/>\n<meta property=\"article:modified_time\" content=\"2025-08-22T09:42:24+00:00\" \/>\n<meta property=\"og:image\" content=\"https:\/\/uus.revalstone.com\/wp-content\/uploads\/2021\/07\/Reval_Stone_samples1.jpg\" \/>\n\t<meta property=\"og:image:width\" content=\"1500\" \/>\n\t<meta property=\"og:image:height\" content=\"1500\" \/>\n\t<meta property=\"og:image:type\" content=\"image\/jpeg\" \/>\n<meta name=\"twitter:card\" content=\"summary_large_image\" \/>\n<meta name=\"twitter:label1\" content=\"Arvioitu lukuaika\" \/>\n\t<meta name=\"twitter:data1\" content=\"1 minuutti\" \/>\n<script type=\"application\/ld+json\" class=\"yoast-schema-graph\">{\"@context\":\"https:\\\/\\\/schema.org\",\"@graph\":[{\"@type\":\"WebPage\",\"@id\":\"https:\\\/\\\/uus.revalstone.com\\\/fi\\\/tuote\\\/naytteet\\\/\",\"url\":\"https:\\\/\\\/uus.revalstone.com\\\/fi\\\/tuote\\\/naytteet\\\/\",\"name\":\"N\u00e4ytteet - Luonnonkivest\u00e4 valmistetut lattialaatat - Reval Stone verkkokauppa\",\"isPartOf\":{\"@id\":\"https:\\\/\\\/uus.revalstone.com\\\/fi\\\/#website\"},\"primaryImageOfPage\":{\"@id\":\"https:\\\/\\\/uus.revalstone.com\\\/fi\\\/tuote\\\/naytteet\\\/#primaryimage\"},\"image\":{\"@id\":\"https:\\\/\\\/uus.revalstone.com\\\/fi\\\/tuote\\\/naytteet\\\/#primaryimage\"},\"thumbnailUrl\":\"https:\\\/\\\/uus.revalstone.com\\\/wp-content\\\/uploads\\\/2021\\\/07\\\/Reval_Stone_samples1.jpg\",\"datePublished\":\"2021-05-14T05:38:26+00:00\",\"dateModified\":\"2025-08-22T09:42:24+00:00\",\"breadcrumb\":{\"@id\":\"https:\\\/\\\/uus.revalstone.com\\\/fi\\\/tuote\\\/naytteet\\\/#breadcrumb\"},\"inLanguage\":\"fi\",\"potentialAction\":[{\"@type\":\"ReadAction\",\"target\":[\"https:\\\/\\\/uus.revalstone.com\\\/fi\\\/tuote\\\/naytteet\\\/\"]}]},{\"@type\":\"ImageObject\",\"inLanguage\":\"fi\",\"@id\":\"https:\\\/\\\/uus.revalstone.com\\\/fi\\\/tuote\\\/naytteet\\\/#primaryimage\",\"url\":\"https:\\\/\\\/uus.revalstone.com\\\/wp-content\\\/uploads\\\/2021\\\/07\\\/Reval_Stone_samples1.jpg\",\"contentUrl\":\"https:\\\/\\\/uus.revalstone.com\\\/wp-content\\\/uploads\\\/2021\\\/07\\\/Reval_Stone_samples1.jpg\",\"width\":1500,\"height\":1500,\"caption\":\"Reval Stone n\u00e4ytteet\"},{\"@type\":\"BreadcrumbList\",\"@id\":\"https:\\\/\\\/uus.revalstone.com\\\/fi\\\/tuote\\\/naytteet\\\/#breadcrumb\",\"itemListElement\":[{\"@type\":\"ListItem\",\"position\":1,\"name\":\"Home page\",\"item\":\"https:\\\/\\\/uus.revalstone.com\\\/fi\\\/\"},{\"@type\":\"ListItem\",\"position\":2,\"name\":\"Verkkokauppa\",\"item\":\"https:\\\/\\\/uus.revalstone.com\\\/pood\\\/\"},{\"@type\":\"ListItem\",\"position\":3,\"name\":\"N\u00e4ytteet\"}]},{\"@type\":\"WebSite\",\"@id\":\"https:\\\/\\\/uus.revalstone.com\\\/fi\\\/#website\",\"url\":\"https:\\\/\\\/uus.revalstone.com\\\/fi\\\/\",\"name\":\"Reval Stone verkkokauppa\",\"description\":\"\",\"publisher\":{\"@id\":\"https:\\\/\\\/uus.revalstone.com\\\/fi\\\/#organization\"},\"potentialAction\":[{\"@type\":\"SearchAction\",\"target\":{\"@type\":\"EntryPoint\",\"urlTemplate\":\"https:\\\/\\\/uus.revalstone.com\\\/fi\\\/?s={search_term_string}\"},\"query-input\":{\"@type\":\"PropertyValueSpecification\",\"valueRequired\":true,\"valueName\":\"search_term_string\"}}],\"inLanguage\":\"fi\"},{\"@type\":\"Organization\",\"@id\":\"https:\\\/\\\/uus.revalstone.com\\\/fi\\\/#organization\",\"name\":\"Reval Stone\",\"url\":\"https:\\\/\\\/uus.revalstone.com\\\/fi\\\/\",\"logo\":{\"@type\":\"ImageObject\",\"inLanguage\":\"fi\",\"@id\":\"https:\\\/\\\/uus.revalstone.com\\\/fi\\\/#\\\/schema\\\/logo\\\/image\\\/\",\"url\":\"https:\\\/\\\/uus.revalstone.com\\\/wp-content\\\/uploads\\\/2021\\\/09\\\/Logo_v.png\",\"contentUrl\":\"https:\\\/\\\/uus.revalstone.com\\\/wp-content\\\/uploads\\\/2021\\\/09\\\/Logo_v.png\",\"width\":960,\"height\":672,\"caption\":\"Reval Stone\"},\"image\":{\"@id\":\"https:\\\/\\\/uus.revalstone.com\\\/fi\\\/#\\\/schema\\\/logo\\\/image\\\/\"},\"sameAs\":[\"https:\\\/\\\/www.facebook.com\\\/revalstoneofficial\",\"https:\\\/\\\/www.instagram.com\\\/revalstoneofficial\\\/\",\"https:\\\/\\\/en.wikipedia.org\\\/wiki\\\/Saare_Dolomiit-V\u00e4okivi\"]}]}<\/script>\n<!-- \/ Yoast SEO plugin. -->","yoast_head_json":{"title":"N\u00e4ytteet - Luonnonkivest\u00e4 valmistetut lattialaatat - Reval Stone verkkokauppa","robots":{"index":"index","follow":"follow","max-snippet":"max-snippet:-1","max-image-preview":"max-image-preview:large","max-video-preview":"max-video-preview:-1"},"canonical":"https:\/\/uus.revalstone.com\/fi\/tuote\/naytteet\/","og_locale":"fi_FI","og_type":"article","og_title":"N\u00e4ytteet - Luonnonkivest\u00e4 valmistetut lattialaatat - Reval Stone verkkokauppa","og_description":"Omat louhokset, oma tuotanto! Ennen kuin valitset lattialaatat, lattialistat, ikkunalaudat tai ty\u00f6tasot, voit tilata n\u00e4ytteit\u00e4 kaikista tarjoamistamme materiaaleista. N\u00e4ytteet ovat 20 x 20 cm laattoja, jotka antavat hyv\u00e4n yleisk\u00e4sityksen materiaalista. N\u00e4in voit tutustua tietyn luonnonkiven v\u00e4riin, kuvioon ja tuntumaan. Voit tilata n\u00e4ytteit\u00e4 kaikista verkkokaupassamme myynniss\u00e4 olevista lattialaatoista: Kaarma antiikki, Kaarma hiottu, Selgase hiottu, Orgita hiottu, Reval hiottu ja Reval antiikki. Orgita-, Reval- ja Selgase-n\u00e4ytteen paksuus on 10 mm ja Kaarman paksuus 15 mm. Yhden n\u00e4ytelaatan hinta on 10 \u20ac ja siihen lis\u00e4t\u00e4\u00e4n toimituskustannukset (toimituskustannukset Suomessa 20 \u20ac).  N\u00e4ytteist\u00e4 maksettu summa v\u00e4hennet\u00e4\u00e4n tilauksesi loppusummasta.  L\u00e4het\u00e4mme teille lis\u00e4tiedot, kun olette tehneet n\u00e4ytetilauksen.","og_url":"https:\/\/uus.revalstone.com\/fi\/tuote\/naytteet\/","og_site_name":"Reval Stone verkkokauppa","article_publisher":"https:\/\/www.facebook.com\/revalstoneofficial","article_modified_time":"2025-08-22T09:42:24+00:00","og_image":[{"width":1500,"height":1500,"url":"https:\/\/uus.revalstone.com\/wp-content\/uploads\/2021\/07\/Reval_Stone_samples1.jpg","type":"image\/jpeg"}],"twitter_card":"summary_large_image","twitter_misc":{"Arvioitu lukuaika":"1 minuutti"},"schema":{"@context":"https:\/\/schema.org","@graph":[{"@type":"WebPage","@id":"https:\/\/uus.revalstone.com\/fi\/tuote\/naytteet\/","url":"https:\/\/uus.revalstone.com\/fi\/tuote\/naytteet\/","name":"N\u00e4ytteet - Luonnonkivest\u00e4 valmistetut lattialaatat - Reval Stone verkkokauppa","isPartOf":{"@id":"https:\/\/uus.revalstone.com\/fi\/#website"},"primaryImageOfPage":{"@id":"https:\/\/uus.revalstone.com\/fi\/tuote\/naytteet\/#primaryimage"},"image":{"@id":"https:\/\/uus.revalstone.com\/fi\/tuote\/naytteet\/#primaryimage"},"thumbnailUrl":"https:\/\/uus.revalstone.com\/wp-content\/uploads\/2021\/07\/Reval_Stone_samples1.jpg","datePublished":"2021-05-14T05:38:26+00:00","dateModified":"2025-08-22T09:42:24+00:00","breadcrumb":{"@id":"https:\/\/uus.revalstone.com\/fi\/tuote\/naytteet\/#breadcrumb"},"inLanguage":"fi","potentialAction":[{"@type":"ReadAction","target":["https:\/\/uus.revalstone.com\/fi\/tuote\/naytteet\/"]}]},{"@type":"ImageObject","inLanguage":"fi","@id":"https:\/\/uus.revalstone.com\/fi\/tuote\/naytteet\/#primaryimage","url":"https:\/\/uus.revalstone.com\/wp-content\/uploads\/2021\/07\/Reval_Stone_samples1.jpg","contentUrl":"https:\/\/uus.revalstone.com\/wp-content\/uploads\/2021\/07\/Reval_Stone_samples1.jpg","width":1500,"height":1500,"caption":"Reval Stone n\u00e4ytteet"},{"@type":"BreadcrumbList","@id":"https:\/\/uus.revalstone.com\/fi\/tuote\/naytteet\/#breadcrumb","itemListElement":[{"@type":"ListItem","position":1,"name":"Home page","item":"https:\/\/uus.revalstone.com\/fi\/"},{"@type":"ListItem","position":2,"name":"Verkkokauppa","item":"https:\/\/uus.revalstone.com\/pood\/"},{"@type":"ListItem","position":3,"name":"N\u00e4ytteet"}]},{"@type":"WebSite","@id":"https:\/\/uus.revalstone.com\/fi\/#website","url":"https:\/\/uus.revalstone.com\/fi\/","name":"Reval Stone verkkokauppa","description":"","publisher":{"@id":"https:\/\/uus.revalstone.com\/fi\/#organization"},"potentialAction":[{"@type":"SearchAction","target":{"@type":"EntryPoint","urlTemplate":"https:\/\/uus.revalstone.com\/fi\/?s={search_term_string}"},"query-input":{"@type":"PropertyValueSpecification","valueRequired":true,"valueName":"search_term_string"}}],"inLanguage":"fi"},{"@type":"Organization","@id":"https:\/\/uus.revalstone.com\/fi\/#organization","name":"Reval Stone","url":"https:\/\/uus.revalstone.com\/fi\/","logo":{"@type":"ImageObject","inLanguage":"fi","@id":"https:\/\/uus.revalstone.com\/fi\/#\/schema\/logo\/image\/","url":"https:\/\/uus.revalstone.com\/wp-content\/uploads\/2021\/09\/Logo_v.png","contentUrl":"https:\/\/uus.revalstone.com\/wp-content\/uploads\/2021\/09\/Logo_v.png","width":960,"height":672,"caption":"Reval Stone"},"image":{"@id":"https:\/\/uus.revalstone.com\/fi\/#\/schema\/logo\/image\/"},"sameAs":["https:\/\/www.facebook.com\/revalstoneofficial","https:\/\/www.instagram.com\/revalstoneofficial\/","https:\/\/en.wikipedia.org\/wiki\/Saare_Dolomiit-V\u00e4okivi"]}]}},"_links":{"self":[{"href":"https:\/\/uus.revalstone.com\/fi\/wp-json\/wp\/v2\/product\/4665","targetHints":{"allow":["GET"]}}],"collection":[{"href":"https:\/\/uus.revalstone.com\/fi\/wp-json\/wp\/v2\/product"}],"about":[{"href":"https:\/\/uus.revalstone.com\/fi\/wp-json\/wp\/v2\/types\/product"}],"replies":[{"embeddable":true,"href":"https:\/\/uus.revalstone.com\/fi\/wp-json\/wp\/v2\/comments?post=4665"}],"wp:featuredmedia":[{"embeddable":true,"href":"https:\/\/uus.revalstone.com\/fi\/wp-json\/wp\/v2\/media\/4182"}],"wp:attachment":[{"href":"https:\/\/uus.revalstone.com\/fi\/wp-json\/wp\/v2\/media?parent=4665"}],"wp:term":[{"taxonomy":"product_brand","embeddable":true,"href":"https:\/\/uus.revalstone.com\/fi\/wp-json\/wp\/v2\/product_brand?post=4665"},{"taxonomy":"product_cat","embeddable":true,"href":"https:\/\/uus.revalstone.com\/fi\/wp-json\/wp\/v2\/product_cat?post=4665"},{"taxonomy":"product_tag","embeddable":true,"href":"https:\/\/uus.revalstone.com\/fi\/wp-json\/wp\/v2\/product_tag?post=4665"}],"curies":[{"name":"wp","href":"https:\/\/api.w.org\/{rel}","templated":true}]}}