{"id":4678,"date":"2021-09-03T15:22:59","date_gmt":"2021-09-03T12:22:59","guid":{"rendered":"https:\/\/revalstone.com\/shop\/product\/lattialistat\/"},"modified":"2025-08-22T13:38:15","modified_gmt":"2025-08-22T10:38:15","slug":"lattialistat","status":"publish","type":"product","link":"https:\/\/uus.revalstone.com\/fi\/tuote\/lattialistat\/","title":{"rendered":"Lattialistat"},"content":{"rendered":"<p class=\"p1\"><strong><span class=\"s1\">Lattialistojen perustiedot:<\/span><\/strong><\/p>\n<ul>\n<li><span class=\"s1\"><b>korkeus<\/b> 9,5 cm;<\/span><\/li>\n<li><span class=\"s1\"><b>paksuus<\/b> joko 1,5 cm (Kaarma) tai 1,0 cm (kaikki muut materiaalit);<\/span><\/li>\n<li><span class=\"s1\">listat myyd\u00e4\u00e4n <b>vapaassa pituudessa<\/b> \u2013 kappaleiden pituus on 40\u201360 cm.<\/span><\/li>\n<\/ul>\n","protected":false},"excerpt":{"rendered":"<p><span style=\"color: #009d89;\"><strong>Omat louhokset, oma tuotanto!<\/strong><\/span><\/p>\n<p class=\"p1\"><span class=\"s1\">Saatavana on <b>eri materiaaleista valmistettuja lattialistoja<\/b> \u2013 <a href=\"https:\/\/uus.revalstone.com\/fi\/tuote\/kaarma-antiikki\/\" target=\"_blank\" rel=\"noopener\"><span style=\"text-decoration: underline;\"><strong>Kaarma antiikki<\/strong><\/span><\/a>, <strong><a href=\"https:\/\/uus.revalstone.com\/fi\/tuote\/kaarma-hiottu\/\" target=\"_blank\" rel=\"noopener\"><u>Kaarma hiottu<\/u><\/a><\/strong>, <strong><a href=\"https:\/\/uus.revalstone.com\/fi\/tuote\/orgita-hiottu\/\" target=\"_blank\" rel=\"noopener\"><u>Orgita hiottu<\/u><\/a><\/strong>, <strong><a href=\"https:\/\/uus.revalstone.com\/fi\/tuote\/selgase-hiottu\/\" target=\"_blank\" rel=\"noopener\"><u>Selgase hiottu<\/u><\/a><\/strong>,\u00a0<strong><a href=\"https:\/\/uus.revalstone.com\/fi\/tuote\/reval-hiottu\/\" target=\"_blank\" rel=\"noopener\"><u>Reval hiottu<\/u><\/a><\/strong> ja <strong><a href=\"https:\/\/uus.revalstone.com\/fi\/tuote\/reval-antiikki\/\" target=\"_blank\" rel=\"noopener\"><u>Reval antiikki<\/u><\/a><\/strong>. Verkkokaupasta l\u00f6ytyy my\u00f6s kaikista n\u00e4ist\u00e4 valmistettuja <b> lattialaattoja ja ikkunalautoja<\/b>. Suosittelemme tilaamaan listat heti yhdess\u00e4 lattialaattojen kanssa, sill\u00e4 niin toimituskustannukset ovat edullisemmat. Lattialistojen tarkemmat tiedot l\u00f6yd\u00e4t alla olevasta kuvausosiosta.<\/span><\/p>\n<p>Lattialistojen tilausyksikk\u00f6 on metri ja kaikista materiaaleista valmistetun juoksumetrin <strong>hinta<\/strong> on 22\u20ac (ilman ALV:t\u00e4).<\/p>\n<p>Kaarman dolomiitille on ominaista <strong>kivess\u00e4 olevat huokoset<\/strong>. Lattialistoissa kyseisi\u00e4 huokosia ei t\u00e4ytet\u00e4, mutta olemme valinneet laatat, joissa huokoset ovat pienemm\u00e4t (halkaisijaltaan enint\u00e4\u00e4n n. 1,5 cm).<\/p>\n<p><strong>Huom!<\/strong> Tutustuakseni kiven kanssa voit tilata 20 x 20 cm <a href=\"https:\/\/uus.revalstone.com\/fi\/tuote\/naytteet\/\" target=\"_blank\" rel=\"noopener\"><span style=\"text-decoration: underline;\"><strong>n\u00e4ytteen<\/strong><\/span><\/a>.<\/p>\n","protected":false},"featured_media":14702,"comment_status":"closed","ping_status":"closed","template":"","meta":{"_acf_changed":false},"product_brand":[],"product_cat":[287,257],"product_tag":[],"class_list":{"0":"post-4678","1":"product","2":"type-product","3":"status-publish","4":"has-post-thumbnail","6":"product_cat-lattialistat","7":"product_cat-misc-fi","9":"first","10":"instock","11":"taxable","12":"shipping-taxable","13":"purchasable","14":"product-type-variable","15":"rtwpvg-product"},"acf":[],"yoast_head":"<!-- This site is optimized with the Yoast SEO plugin v27.4 - https:\/\/yoast.com\/product\/yoast-seo-wordpress\/ -->\n<title>Lattialistat - Luonnonkivest\u00e4 valmistetut lattialistat - Reval Stone verkkokauppa<\/title>\n<meta name=\"description\" content=\"Reval Stonen luonnonkivest\u00e4 valmistetut lattialistat - dolomiitista ja kalkkikivest\u00e4 valmistetut listat. Saatavilla on samasta materiaalista valmistettuja lattialaattoja ja -listoja.\" \/>\n<meta name=\"robots\" content=\"index, follow, max-snippet:-1, max-image-preview:large, max-video-preview:-1\" \/>\n<link rel=\"canonical\" href=\"https:\/\/uus.revalstone.com\/fi\/tuote\/lattialistat\/\" \/>\n<meta property=\"og:locale\" content=\"fi_FI\" \/>\n<meta property=\"og:type\" content=\"article\" \/>\n<meta property=\"og:title\" content=\"Lattialistat - Luonnonkivest\u00e4 valmistetut lattialistat - Reval Stone verkkokauppa\" \/>\n<meta property=\"og:description\" content=\"Reval Stonen luonnonkivest\u00e4 valmistetut lattialistat - dolomiitista ja kalkkikivest\u00e4 valmistetut listat. Saatavilla on samasta materiaalista valmistettuja lattialaattoja ja -listoja.\" \/>\n<meta property=\"og:url\" content=\"https:\/\/uus.revalstone.com\/fi\/tuote\/lattialistat\/\" \/>\n<meta property=\"og:site_name\" content=\"Reval Stone verkkokauppa\" \/>\n<meta property=\"article:publisher\" content=\"https:\/\/www.facebook.com\/revalstoneofficial\" \/>\n<meta property=\"article:modified_time\" content=\"2025-08-22T10:38:15+00:00\" \/>\n<meta property=\"og:image\" content=\"https:\/\/uus.revalstone.com\/wp-content\/uploads\/2024\/01\/EK_20210827_0069-02.jpg\" \/>\n\t<meta property=\"og:image:width\" content=\"1500\" \/>\n\t<meta property=\"og:image:height\" content=\"1500\" \/>\n\t<meta property=\"og:image:type\" content=\"image\/jpeg\" \/>\n<meta name=\"twitter:card\" content=\"summary_large_image\" \/>\n<meta name=\"twitter:label1\" content=\"Arvioitu lukuaika\" \/>\n\t<meta name=\"twitter:data1\" content=\"1 minuutti\" \/>\n<script type=\"application\/ld+json\" class=\"yoast-schema-graph\">{\"@context\":\"https:\\\/\\\/schema.org\",\"@graph\":[{\"@type\":\"WebPage\",\"@id\":\"https:\\\/\\\/uus.revalstone.com\\\/fi\\\/tuote\\\/lattialistat\\\/\",\"url\":\"https:\\\/\\\/uus.revalstone.com\\\/fi\\\/tuote\\\/lattialistat\\\/\",\"name\":\"Lattialistat - Luonnonkivest\u00e4 valmistetut lattialistat - Reval Stone verkkokauppa\",\"isPartOf\":{\"@id\":\"https:\\\/\\\/uus.revalstone.com\\\/fi\\\/#website\"},\"primaryImageOfPage\":{\"@id\":\"https:\\\/\\\/uus.revalstone.com\\\/fi\\\/tuote\\\/lattialistat\\\/#primaryimage\"},\"image\":{\"@id\":\"https:\\\/\\\/uus.revalstone.com\\\/fi\\\/tuote\\\/lattialistat\\\/#primaryimage\"},\"thumbnailUrl\":\"https:\\\/\\\/uus.revalstone.com\\\/wp-content\\\/uploads\\\/2024\\\/01\\\/EK_20210827_0069-02.jpg\",\"datePublished\":\"2021-09-03T12:22:59+00:00\",\"dateModified\":\"2025-08-22T10:38:15+00:00\",\"description\":\"Reval Stonen luonnonkivest\u00e4 valmistetut lattialistat - dolomiitista ja kalkkikivest\u00e4 valmistetut listat. Saatavilla on samasta materiaalista valmistettuja lattialaattoja ja -listoja.\",\"breadcrumb\":{\"@id\":\"https:\\\/\\\/uus.revalstone.com\\\/fi\\\/tuote\\\/lattialistat\\\/#breadcrumb\"},\"inLanguage\":\"fi\",\"potentialAction\":[{\"@type\":\"ReadAction\",\"target\":[\"https:\\\/\\\/uus.revalstone.com\\\/fi\\\/tuote\\\/lattialistat\\\/\"]}]},{\"@type\":\"ImageObject\",\"inLanguage\":\"fi\",\"@id\":\"https:\\\/\\\/uus.revalstone.com\\\/fi\\\/tuote\\\/lattialistat\\\/#primaryimage\",\"url\":\"https:\\\/\\\/uus.revalstone.com\\\/wp-content\\\/uploads\\\/2024\\\/01\\\/EK_20210827_0069-02.jpg\",\"contentUrl\":\"https:\\\/\\\/uus.revalstone.com\\\/wp-content\\\/uploads\\\/2024\\\/01\\\/EK_20210827_0069-02.jpg\",\"width\":1500,\"height\":1500},{\"@type\":\"BreadcrumbList\",\"@id\":\"https:\\\/\\\/uus.revalstone.com\\\/fi\\\/tuote\\\/lattialistat\\\/#breadcrumb\",\"itemListElement\":[{\"@type\":\"ListItem\",\"position\":1,\"name\":\"Home page\",\"item\":\"https:\\\/\\\/uus.revalstone.com\\\/fi\\\/\"},{\"@type\":\"ListItem\",\"position\":2,\"name\":\"Verkkokauppa\",\"item\":\"https:\\\/\\\/uus.revalstone.com\\\/pood\\\/\"},{\"@type\":\"ListItem\",\"position\":3,\"name\":\"Lattialistat\"}]},{\"@type\":\"WebSite\",\"@id\":\"https:\\\/\\\/uus.revalstone.com\\\/fi\\\/#website\",\"url\":\"https:\\\/\\\/uus.revalstone.com\\\/fi\\\/\",\"name\":\"Reval Stone verkkokauppa\",\"description\":\"\",\"publisher\":{\"@id\":\"https:\\\/\\\/uus.revalstone.com\\\/fi\\\/#organization\"},\"potentialAction\":[{\"@type\":\"SearchAction\",\"target\":{\"@type\":\"EntryPoint\",\"urlTemplate\":\"https:\\\/\\\/uus.revalstone.com\\\/fi\\\/?s={search_term_string}\"},\"query-input\":{\"@type\":\"PropertyValueSpecification\",\"valueRequired\":true,\"valueName\":\"search_term_string\"}}],\"inLanguage\":\"fi\"},{\"@type\":\"Organization\",\"@id\":\"https:\\\/\\\/uus.revalstone.com\\\/fi\\\/#organization\",\"name\":\"Reval Stone\",\"url\":\"https:\\\/\\\/uus.revalstone.com\\\/fi\\\/\",\"logo\":{\"@type\":\"ImageObject\",\"inLanguage\":\"fi\",\"@id\":\"https:\\\/\\\/uus.revalstone.com\\\/fi\\\/#\\\/schema\\\/logo\\\/image\\\/\",\"url\":\"https:\\\/\\\/uus.revalstone.com\\\/wp-content\\\/uploads\\\/2021\\\/09\\\/Logo_v.png\",\"contentUrl\":\"https:\\\/\\\/uus.revalstone.com\\\/wp-content\\\/uploads\\\/2021\\\/09\\\/Logo_v.png\",\"width\":960,\"height\":672,\"caption\":\"Reval Stone\"},\"image\":{\"@id\":\"https:\\\/\\\/uus.revalstone.com\\\/fi\\\/#\\\/schema\\\/logo\\\/image\\\/\"},\"sameAs\":[\"https:\\\/\\\/www.facebook.com\\\/revalstoneofficial\",\"https:\\\/\\\/www.instagram.com\\\/revalstoneofficial\\\/\",\"https:\\\/\\\/en.wikipedia.org\\\/wiki\\\/Saare_Dolomiit-V\u00e4okivi\"]}]}<\/script>\n<!-- \/ Yoast SEO plugin. -->","yoast_head_json":{"title":"Lattialistat - Luonnonkivest\u00e4 valmistetut lattialistat - Reval Stone verkkokauppa","description":"Reval Stonen luonnonkivest\u00e4 valmistetut lattialistat - dolomiitista ja kalkkikivest\u00e4 valmistetut listat. Saatavilla on samasta materiaalista valmistettuja lattialaattoja ja -listoja.","robots":{"index":"index","follow":"follow","max-snippet":"max-snippet:-1","max-image-preview":"max-image-preview:large","max-video-preview":"max-video-preview:-1"},"canonical":"https:\/\/uus.revalstone.com\/fi\/tuote\/lattialistat\/","og_locale":"fi_FI","og_type":"article","og_title":"Lattialistat - Luonnonkivest\u00e4 valmistetut lattialistat - Reval Stone verkkokauppa","og_description":"Reval Stonen luonnonkivest\u00e4 valmistetut lattialistat - dolomiitista ja kalkkikivest\u00e4 valmistetut listat. Saatavilla on samasta materiaalista valmistettuja lattialaattoja ja -listoja.","og_url":"https:\/\/uus.revalstone.com\/fi\/tuote\/lattialistat\/","og_site_name":"Reval Stone verkkokauppa","article_publisher":"https:\/\/www.facebook.com\/revalstoneofficial","article_modified_time":"2025-08-22T10:38:15+00:00","og_image":[{"width":1500,"height":1500,"url":"https:\/\/uus.revalstone.com\/wp-content\/uploads\/2024\/01\/EK_20210827_0069-02.jpg","type":"image\/jpeg"}],"twitter_card":"summary_large_image","twitter_misc":{"Arvioitu lukuaika":"1 minuutti"},"schema":{"@context":"https:\/\/schema.org","@graph":[{"@type":"WebPage","@id":"https:\/\/uus.revalstone.com\/fi\/tuote\/lattialistat\/","url":"https:\/\/uus.revalstone.com\/fi\/tuote\/lattialistat\/","name":"Lattialistat - Luonnonkivest\u00e4 valmistetut lattialistat - Reval Stone verkkokauppa","isPartOf":{"@id":"https:\/\/uus.revalstone.com\/fi\/#website"},"primaryImageOfPage":{"@id":"https:\/\/uus.revalstone.com\/fi\/tuote\/lattialistat\/#primaryimage"},"image":{"@id":"https:\/\/uus.revalstone.com\/fi\/tuote\/lattialistat\/#primaryimage"},"thumbnailUrl":"https:\/\/uus.revalstone.com\/wp-content\/uploads\/2024\/01\/EK_20210827_0069-02.jpg","datePublished":"2021-09-03T12:22:59+00:00","dateModified":"2025-08-22T10:38:15+00:00","description":"Reval Stonen luonnonkivest\u00e4 valmistetut lattialistat - dolomiitista ja kalkkikivest\u00e4 valmistetut listat. Saatavilla on samasta materiaalista valmistettuja lattialaattoja ja -listoja.","breadcrumb":{"@id":"https:\/\/uus.revalstone.com\/fi\/tuote\/lattialistat\/#breadcrumb"},"inLanguage":"fi","potentialAction":[{"@type":"ReadAction","target":["https:\/\/uus.revalstone.com\/fi\/tuote\/lattialistat\/"]}]},{"@type":"ImageObject","inLanguage":"fi","@id":"https:\/\/uus.revalstone.com\/fi\/tuote\/lattialistat\/#primaryimage","url":"https:\/\/uus.revalstone.com\/wp-content\/uploads\/2024\/01\/EK_20210827_0069-02.jpg","contentUrl":"https:\/\/uus.revalstone.com\/wp-content\/uploads\/2024\/01\/EK_20210827_0069-02.jpg","width":1500,"height":1500},{"@type":"BreadcrumbList","@id":"https:\/\/uus.revalstone.com\/fi\/tuote\/lattialistat\/#breadcrumb","itemListElement":[{"@type":"ListItem","position":1,"name":"Home page","item":"https:\/\/uus.revalstone.com\/fi\/"},{"@type":"ListItem","position":2,"name":"Verkkokauppa","item":"https:\/\/uus.revalstone.com\/pood\/"},{"@type":"ListItem","position":3,"name":"Lattialistat"}]},{"@type":"WebSite","@id":"https:\/\/uus.revalstone.com\/fi\/#website","url":"https:\/\/uus.revalstone.com\/fi\/","name":"Reval Stone verkkokauppa","description":"","publisher":{"@id":"https:\/\/uus.revalstone.com\/fi\/#organization"},"potentialAction":[{"@type":"SearchAction","target":{"@type":"EntryPoint","urlTemplate":"https:\/\/uus.revalstone.com\/fi\/?s={search_term_string}"},"query-input":{"@type":"PropertyValueSpecification","valueRequired":true,"valueName":"search_term_string"}}],"inLanguage":"fi"},{"@type":"Organization","@id":"https:\/\/uus.revalstone.com\/fi\/#organization","name":"Reval Stone","url":"https:\/\/uus.revalstone.com\/fi\/","logo":{"@type":"ImageObject","inLanguage":"fi","@id":"https:\/\/uus.revalstone.com\/fi\/#\/schema\/logo\/image\/","url":"https:\/\/uus.revalstone.com\/wp-content\/uploads\/2021\/09\/Logo_v.png","contentUrl":"https:\/\/uus.revalstone.com\/wp-content\/uploads\/2021\/09\/Logo_v.png","width":960,"height":672,"caption":"Reval Stone"},"image":{"@id":"https:\/\/uus.revalstone.com\/fi\/#\/schema\/logo\/image\/"},"sameAs":["https:\/\/www.facebook.com\/revalstoneofficial","https:\/\/www.instagram.com\/revalstoneofficial\/","https:\/\/en.wikipedia.org\/wiki\/Saare_Dolomiit-V\u00e4okivi"]}]}},"_links":{"self":[{"href":"https:\/\/uus.revalstone.com\/fi\/wp-json\/wp\/v2\/product\/4678","targetHints":{"allow":["GET"]}}],"collection":[{"href":"https:\/\/uus.revalstone.com\/fi\/wp-json\/wp\/v2\/product"}],"about":[{"href":"https:\/\/uus.revalstone.com\/fi\/wp-json\/wp\/v2\/types\/product"}],"replies":[{"embeddable":true,"href":"https:\/\/uus.revalstone.com\/fi\/wp-json\/wp\/v2\/comments?post=4678"}],"wp:featuredmedia":[{"embeddable":true,"href":"https:\/\/uus.revalstone.com\/fi\/wp-json\/wp\/v2\/media\/14702"}],"wp:attachment":[{"href":"https:\/\/uus.revalstone.com\/fi\/wp-json\/wp\/v2\/media?parent=4678"}],"wp:term":[{"taxonomy":"product_brand","embeddable":true,"href":"https:\/\/uus.revalstone.com\/fi\/wp-json\/wp\/v2\/product_brand?post=4678"},{"taxonomy":"product_cat","embeddable":true,"href":"https:\/\/uus.revalstone.com\/fi\/wp-json\/wp\/v2\/product_cat?post=4678"},{"taxonomy":"product_tag","embeddable":true,"href":"https:\/\/uus.revalstone.com\/fi\/wp-json\/wp\/v2\/product_tag?post=4678"}],"curies":[{"name":"wp","href":"https:\/\/api.w.org\/{rel}","templated":true}]}}