{"id":4685,"date":"2021-10-27T08:59:43","date_gmt":"2021-10-27T05:59:43","guid":{"rendered":"https:\/\/revalstone.com\/shop\/product\/ikkunalaudat\/"},"modified":"2025-08-22T14:50:03","modified_gmt":"2025-08-22T11:50:03","slug":"ikkunalaudat","status":"publish","type":"product","link":"https:\/\/uus.revalstone.com\/fi\/tuote\/ikkunalaudat\/","title":{"rendered":"Ikkunalaudat"},"content":{"rendered":"<p>Ikkunalautojen <strong>pintak\u00e4sittely <\/strong>on seuraava. Ikkunalaudan p\u00e4\u00e4llispinta, etureuna ja 10 cm ikkunalaudan molemmilta sivuilta on k\u00e4sitelty (Reval antiikissa pinta on harjattu ja muissa materiaaleissa hiottu). Lis\u00e4ksi etureunassa ja 10 cm matkalta sivuilla on 2 mm <strong>viistetty reuna<\/strong>.<\/p>\n<p>Kaarman dolomiitille ominaista ovat kivess\u00e4 olevat huokoset. Kyseisest\u00e4 materiaalista valmistetuissa tuotteissa huokoset ovat yleens\u00e4 t\u00e4ytt\u00e4m\u00e4tt\u00e4 ja niiden halkaisija voi olla jopa 15 mm.\u00a0<strong>Asiakkaan toiveesta voimme t\u00e4ytt\u00e4\u00e4 huokoset \u2013 pyyd\u00e4mme ilmoittamaan siit\u00e4 tilauksen yhteydess\u00e4.<\/strong>\u00a0Palvelun hinta on 10 \u20ac\/m\u00b2.<\/p>\n<p>Jotta ikkunalaudat s\u00e4ilyv\u00e4t ehjin\u00e4 kuljetuksen aikana, ne pakataan <strong>erityisille lavoille<\/strong>. Siksi ikkunalautojen toimituskustannuksiin sis\u00e4ltyy my\u00f6s 40 \u20ac lis\u00e4maksu alustaa kohti (hintaan lis\u00e4t\u00e4\u00e4n ALV).<\/p>\n<p>Jos et jostain syyst\u00e4 pysty lis\u00e4\u00e4m\u00e4\u00e4n toiveitasi vastaavaa ikkunalautaa ostoskoriin tai jos sinulla on tilaamiseen liittyvi\u00e4 kysymyksi\u00e4, <strong>ota meihin yhteytt\u00e4<\/strong> s\u00e4hk\u00f6postitse <a href=\"shop@revalstone.com\"><strong>shop@revalstone.com<\/strong><\/a>.<\/p>\n","protected":false},"excerpt":{"rendered":"<p><span style=\"color: #009d89;\"><strong>Omat louhokset, oma tuotanto!<\/strong><\/span><\/p>\n<p>Valikoimassa on <strong>nelj\u00e4st\u00e4<\/strong> <strong>virolaisesta luonnonkivest\u00e4<\/strong> valmistettuja ikkunalautoja: dolomiitit <span style=\"text-decoration: underline;\"><a href=\"https:\/\/revalstone.com\/dolomite-kaarma\/?lang=en\" target=\"_blank\" rel=\"noopener\"><strong>Kaarma<\/strong><\/a><\/span>\u00a0(kaksi pintak\u00e4sittely\u00e4), <strong><span style=\"text-decoration: underline;\"><a href=\"https:\/\/revalstone.com\/dolomite-orgita\/?lang=en\" target=\"_blank\" rel=\"noopener\">Orgita<\/a><\/span><\/strong> ja <strong><span style=\"text-decoration: underline;\"><a href=\"https:\/\/revalstone.com\/dolomite-selgase\/?lang=en\" target=\"_blank\" rel=\"noopener\">Selgase<\/a><\/span><\/strong> sek\u00e4 kalkkikivi <strong><span style=\"text-decoration: underline;\"><a href=\"https:\/\/revalstone.com\/limestone-reval\/?lang=en\" target=\"_blank\" rel=\"noopener\">Reval<\/a><\/span><\/strong> (kaksi pintak\u00e4sittely\u00e4).\u00a0Kaikista materiaaleista valmistetuilla ikkunalaudoilla on <strong>sama hinta<\/strong>, mutta materiaalista riippuen ikkunalaudan enimm\u00e4ispituus on erilainen. Jos koko on t\u00e4t\u00e4 suurempi, ratkaisuna on <strong>tilata ikkunalauta kahdessa osassa<\/strong> (pituus yleens\u00e4 puolitetaan). Kaikkien ikkunalautojen suurin mahdollinen leveys (syvyys) on 63 cm.<\/p>\n<p>Tilatessasi kalkkikivest\u00e4 tai dolomiitista valmistettua ikkunalautaa valitse ensin <strong>materiaali<\/strong> ja sen j\u00e4lkeen <strong>paksuus<\/strong> (2 cm tai 3 cm). Sy\u00f6t\u00e4 sen j\u00e4lkeen ikkunalaudan <strong>pituus ja leveys<\/strong> (cm) vastaaviin kenttiin. Jos <strong>sy\u00f6t\u00e4t desimaaliluvun, k\u00e4yt\u00e4 pistett\u00e4 pilkun sijaan<\/strong>. T\u00e4m\u00e4n j\u00e4lkeen ikkunalaudan hinta tulee n\u00e4kyviin, ja voit lis\u00e4t\u00e4 sen ostoskoriin ja sy\u00f6tt\u00e4\u00e4 halutessasi uudet mitat tilataksesi seuraavan ikkunalaudan.<\/p>\n<p>Verkkokaupastamme l\u00f6ytyy ikkunalautojen lis\u00e4ksi <strong>samoista luonnonkivist\u00e4 valmistettuja <span style=\"text-decoration: underline;\"><a href=\"https:\/\/uus.revalstone.com\/fi\/verkkokauppa\/\" target=\"_blank\" rel=\"noopener\">lattialaattoja<\/a><\/span><\/strong>, <span style=\"text-decoration: underline;\"><strong><a href=\"https:\/\/uus.revalstone.com\/fi\/tuote\/lattialistat\/\" target=\"_blank\" rel=\"noopener\">lattialistoja<\/a><\/strong><\/span> ja <a href=\"https:\/\/uus.revalstone.com\/fi\/tuote\/tyotasot\/\" target=\"_blank\" rel=\"noopener\"><strong><span style=\"text-decoration: underline;\">ty\u00f6tasoja<\/span><\/strong><\/a>.<\/p>\n<p><strong>Huom!<\/strong> Tutustuakseni kiven kanssa voit tilata 20 x 20 cm <a href=\"https:\/\/uus.revalstone.com\/fi\/tuote\/naytteet\/\" target=\"_blank\" rel=\"noopener\"><span style=\"text-decoration: underline;\"><strong>n\u00e4ytteen<\/strong><\/span><\/a>.<\/p>\n","protected":false},"featured_media":14860,"comment_status":"closed","ping_status":"closed","template":"","meta":{"_acf_changed":false},"product_brand":[],"product_cat":[370,257],"product_tag":[],"class_list":{"0":"post-4685","1":"product","2":"type-product","3":"status-publish","4":"has-post-thumbnail","6":"product_cat-ikkunalaudat-ja-tyotasot","7":"product_cat-misc-fi","9":"first","10":"instock","11":"taxable","12":"shipping-taxable","13":"purchasable","14":"product-type-variable","15":"rtwpvg-product"},"acf":[],"yoast_head":"<!-- This site is optimized with the Yoast SEO plugin v27.4 - https:\/\/yoast.com\/product\/yoast-seo-wordpress\/ -->\n<title>Ikkunalaudat - kalkkikivi, dolomiitti - Reval Stone verkkokauppa<\/title>\n<meta name=\"description\" content=\"Kalkkikivest\u00e4 ja dolomiitista valmistetut ikkunalaudat suoraan valmistajalta. Tilaa mittatilausty\u00f6n\u00e4 valmistettavat ikkunalaudat verkkokaupasta. Lyhyt valmistusaika ja toimitus kaikkialle Viroon.\" \/>\n<meta name=\"robots\" content=\"index, follow, max-snippet:-1, max-image-preview:large, max-video-preview:-1\" \/>\n<link rel=\"canonical\" href=\"https:\/\/uus.revalstone.com\/fi\/tuote\/ikkunalaudat\/\" \/>\n<meta property=\"og:locale\" content=\"fi_FI\" \/>\n<meta property=\"og:type\" content=\"article\" \/>\n<meta property=\"og:title\" content=\"Ikkunalaudat - kalkkikivi, dolomiitti - Reval Stone verkkokauppa\" \/>\n<meta property=\"og:description\" content=\"Kalkkikivest\u00e4 ja dolomiitista valmistetut ikkunalaudat suoraan valmistajalta. Tilaa mittatilausty\u00f6n\u00e4 valmistettavat ikkunalaudat verkkokaupasta. Lyhyt valmistusaika ja toimitus kaikkialle Viroon.\" \/>\n<meta property=\"og:url\" content=\"https:\/\/uus.revalstone.com\/fi\/tuote\/ikkunalaudat\/\" \/>\n<meta property=\"og:site_name\" content=\"Reval Stone verkkokauppa\" \/>\n<meta property=\"article:publisher\" content=\"https:\/\/www.facebook.com\/revalstoneofficial\" \/>\n<meta property=\"article:modified_time\" content=\"2025-08-22T11:50:03+00:00\" \/>\n<meta property=\"og:image\" content=\"https:\/\/uus.revalstone.com\/wp-content\/uploads\/2024\/01\/Reval1-paekivi-aknalaud-window-sill-fonsterbank-24.jpg\" \/>\n\t<meta property=\"og:image:width\" content=\"1500\" \/>\n\t<meta property=\"og:image:height\" content=\"1500\" \/>\n\t<meta property=\"og:image:type\" content=\"image\/jpeg\" \/>\n<meta name=\"twitter:card\" content=\"summary_large_image\" \/>\n<meta name=\"twitter:label1\" content=\"Arvioitu lukuaika\" \/>\n\t<meta name=\"twitter:data1\" content=\"1 minuutti\" \/>\n<script type=\"application\/ld+json\" class=\"yoast-schema-graph\">{\"@context\":\"https:\\\/\\\/schema.org\",\"@graph\":[{\"@type\":\"WebPage\",\"@id\":\"https:\\\/\\\/uus.revalstone.com\\\/fi\\\/tuote\\\/ikkunalaudat\\\/\",\"url\":\"https:\\\/\\\/uus.revalstone.com\\\/fi\\\/tuote\\\/ikkunalaudat\\\/\",\"name\":\"Ikkunalaudat - kalkkikivi, dolomiitti - Reval Stone verkkokauppa\",\"isPartOf\":{\"@id\":\"https:\\\/\\\/uus.revalstone.com\\\/fi\\\/#website\"},\"primaryImageOfPage\":{\"@id\":\"https:\\\/\\\/uus.revalstone.com\\\/fi\\\/tuote\\\/ikkunalaudat\\\/#primaryimage\"},\"image\":{\"@id\":\"https:\\\/\\\/uus.revalstone.com\\\/fi\\\/tuote\\\/ikkunalaudat\\\/#primaryimage\"},\"thumbnailUrl\":\"https:\\\/\\\/uus.revalstone.com\\\/wp-content\\\/uploads\\\/2024\\\/01\\\/Reval1-paekivi-aknalaud-window-sill-fonsterbank-24.jpg\",\"datePublished\":\"2021-10-27T05:59:43+00:00\",\"dateModified\":\"2025-08-22T11:50:03+00:00\",\"description\":\"Kalkkikivest\u00e4 ja dolomiitista valmistetut ikkunalaudat suoraan valmistajalta. Tilaa mittatilausty\u00f6n\u00e4 valmistettavat ikkunalaudat verkkokaupasta. Lyhyt valmistusaika ja toimitus kaikkialle Viroon.\",\"breadcrumb\":{\"@id\":\"https:\\\/\\\/uus.revalstone.com\\\/fi\\\/tuote\\\/ikkunalaudat\\\/#breadcrumb\"},\"inLanguage\":\"fi\",\"potentialAction\":[{\"@type\":\"ReadAction\",\"target\":[\"https:\\\/\\\/uus.revalstone.com\\\/fi\\\/tuote\\\/ikkunalaudat\\\/\"]}]},{\"@type\":\"ImageObject\",\"inLanguage\":\"fi\",\"@id\":\"https:\\\/\\\/uus.revalstone.com\\\/fi\\\/tuote\\\/ikkunalaudat\\\/#primaryimage\",\"url\":\"https:\\\/\\\/uus.revalstone.com\\\/wp-content\\\/uploads\\\/2024\\\/01\\\/Reval1-paekivi-aknalaud-window-sill-fonsterbank-24.jpg\",\"contentUrl\":\"https:\\\/\\\/uus.revalstone.com\\\/wp-content\\\/uploads\\\/2024\\\/01\\\/Reval1-paekivi-aknalaud-window-sill-fonsterbank-24.jpg\",\"width\":1500,\"height\":1500},{\"@type\":\"BreadcrumbList\",\"@id\":\"https:\\\/\\\/uus.revalstone.com\\\/fi\\\/tuote\\\/ikkunalaudat\\\/#breadcrumb\",\"itemListElement\":[{\"@type\":\"ListItem\",\"position\":1,\"name\":\"Home page\",\"item\":\"https:\\\/\\\/uus.revalstone.com\\\/fi\\\/\"},{\"@type\":\"ListItem\",\"position\":2,\"name\":\"Verkkokauppa\",\"item\":\"https:\\\/\\\/uus.revalstone.com\\\/pood\\\/\"},{\"@type\":\"ListItem\",\"position\":3,\"name\":\"Ikkunalaudat\"}]},{\"@type\":\"WebSite\",\"@id\":\"https:\\\/\\\/uus.revalstone.com\\\/fi\\\/#website\",\"url\":\"https:\\\/\\\/uus.revalstone.com\\\/fi\\\/\",\"name\":\"Reval Stone verkkokauppa\",\"description\":\"\",\"publisher\":{\"@id\":\"https:\\\/\\\/uus.revalstone.com\\\/fi\\\/#organization\"},\"potentialAction\":[{\"@type\":\"SearchAction\",\"target\":{\"@type\":\"EntryPoint\",\"urlTemplate\":\"https:\\\/\\\/uus.revalstone.com\\\/fi\\\/?s={search_term_string}\"},\"query-input\":{\"@type\":\"PropertyValueSpecification\",\"valueRequired\":true,\"valueName\":\"search_term_string\"}}],\"inLanguage\":\"fi\"},{\"@type\":\"Organization\",\"@id\":\"https:\\\/\\\/uus.revalstone.com\\\/fi\\\/#organization\",\"name\":\"Reval Stone\",\"url\":\"https:\\\/\\\/uus.revalstone.com\\\/fi\\\/\",\"logo\":{\"@type\":\"ImageObject\",\"inLanguage\":\"fi\",\"@id\":\"https:\\\/\\\/uus.revalstone.com\\\/fi\\\/#\\\/schema\\\/logo\\\/image\\\/\",\"url\":\"https:\\\/\\\/uus.revalstone.com\\\/wp-content\\\/uploads\\\/2021\\\/09\\\/Logo_v.png\",\"contentUrl\":\"https:\\\/\\\/uus.revalstone.com\\\/wp-content\\\/uploads\\\/2021\\\/09\\\/Logo_v.png\",\"width\":960,\"height\":672,\"caption\":\"Reval Stone\"},\"image\":{\"@id\":\"https:\\\/\\\/uus.revalstone.com\\\/fi\\\/#\\\/schema\\\/logo\\\/image\\\/\"},\"sameAs\":[\"https:\\\/\\\/www.facebook.com\\\/revalstoneofficial\",\"https:\\\/\\\/www.instagram.com\\\/revalstoneofficial\\\/\",\"https:\\\/\\\/en.wikipedia.org\\\/wiki\\\/Saare_Dolomiit-V\u00e4okivi\"]}]}<\/script>\n<!-- \/ Yoast SEO plugin. -->","yoast_head_json":{"title":"Ikkunalaudat - kalkkikivi, dolomiitti - Reval Stone verkkokauppa","description":"Kalkkikivest\u00e4 ja dolomiitista valmistetut ikkunalaudat suoraan valmistajalta. Tilaa mittatilausty\u00f6n\u00e4 valmistettavat ikkunalaudat verkkokaupasta. Lyhyt valmistusaika ja toimitus kaikkialle Viroon.","robots":{"index":"index","follow":"follow","max-snippet":"max-snippet:-1","max-image-preview":"max-image-preview:large","max-video-preview":"max-video-preview:-1"},"canonical":"https:\/\/uus.revalstone.com\/fi\/tuote\/ikkunalaudat\/","og_locale":"fi_FI","og_type":"article","og_title":"Ikkunalaudat - kalkkikivi, dolomiitti - Reval Stone verkkokauppa","og_description":"Kalkkikivest\u00e4 ja dolomiitista valmistetut ikkunalaudat suoraan valmistajalta. Tilaa mittatilausty\u00f6n\u00e4 valmistettavat ikkunalaudat verkkokaupasta. Lyhyt valmistusaika ja toimitus kaikkialle Viroon.","og_url":"https:\/\/uus.revalstone.com\/fi\/tuote\/ikkunalaudat\/","og_site_name":"Reval Stone verkkokauppa","article_publisher":"https:\/\/www.facebook.com\/revalstoneofficial","article_modified_time":"2025-08-22T11:50:03+00:00","og_image":[{"width":1500,"height":1500,"url":"https:\/\/uus.revalstone.com\/wp-content\/uploads\/2024\/01\/Reval1-paekivi-aknalaud-window-sill-fonsterbank-24.jpg","type":"image\/jpeg"}],"twitter_card":"summary_large_image","twitter_misc":{"Arvioitu lukuaika":"1 minuutti"},"schema":{"@context":"https:\/\/schema.org","@graph":[{"@type":"WebPage","@id":"https:\/\/uus.revalstone.com\/fi\/tuote\/ikkunalaudat\/","url":"https:\/\/uus.revalstone.com\/fi\/tuote\/ikkunalaudat\/","name":"Ikkunalaudat - kalkkikivi, dolomiitti - Reval Stone verkkokauppa","isPartOf":{"@id":"https:\/\/uus.revalstone.com\/fi\/#website"},"primaryImageOfPage":{"@id":"https:\/\/uus.revalstone.com\/fi\/tuote\/ikkunalaudat\/#primaryimage"},"image":{"@id":"https:\/\/uus.revalstone.com\/fi\/tuote\/ikkunalaudat\/#primaryimage"},"thumbnailUrl":"https:\/\/uus.revalstone.com\/wp-content\/uploads\/2024\/01\/Reval1-paekivi-aknalaud-window-sill-fonsterbank-24.jpg","datePublished":"2021-10-27T05:59:43+00:00","dateModified":"2025-08-22T11:50:03+00:00","description":"Kalkkikivest\u00e4 ja dolomiitista valmistetut ikkunalaudat suoraan valmistajalta. Tilaa mittatilausty\u00f6n\u00e4 valmistettavat ikkunalaudat verkkokaupasta. Lyhyt valmistusaika ja toimitus kaikkialle Viroon.","breadcrumb":{"@id":"https:\/\/uus.revalstone.com\/fi\/tuote\/ikkunalaudat\/#breadcrumb"},"inLanguage":"fi","potentialAction":[{"@type":"ReadAction","target":["https:\/\/uus.revalstone.com\/fi\/tuote\/ikkunalaudat\/"]}]},{"@type":"ImageObject","inLanguage":"fi","@id":"https:\/\/uus.revalstone.com\/fi\/tuote\/ikkunalaudat\/#primaryimage","url":"https:\/\/uus.revalstone.com\/wp-content\/uploads\/2024\/01\/Reval1-paekivi-aknalaud-window-sill-fonsterbank-24.jpg","contentUrl":"https:\/\/uus.revalstone.com\/wp-content\/uploads\/2024\/01\/Reval1-paekivi-aknalaud-window-sill-fonsterbank-24.jpg","width":1500,"height":1500},{"@type":"BreadcrumbList","@id":"https:\/\/uus.revalstone.com\/fi\/tuote\/ikkunalaudat\/#breadcrumb","itemListElement":[{"@type":"ListItem","position":1,"name":"Home page","item":"https:\/\/uus.revalstone.com\/fi\/"},{"@type":"ListItem","position":2,"name":"Verkkokauppa","item":"https:\/\/uus.revalstone.com\/pood\/"},{"@type":"ListItem","position":3,"name":"Ikkunalaudat"}]},{"@type":"WebSite","@id":"https:\/\/uus.revalstone.com\/fi\/#website","url":"https:\/\/uus.revalstone.com\/fi\/","name":"Reval Stone verkkokauppa","description":"","publisher":{"@id":"https:\/\/uus.revalstone.com\/fi\/#organization"},"potentialAction":[{"@type":"SearchAction","target":{"@type":"EntryPoint","urlTemplate":"https:\/\/uus.revalstone.com\/fi\/?s={search_term_string}"},"query-input":{"@type":"PropertyValueSpecification","valueRequired":true,"valueName":"search_term_string"}}],"inLanguage":"fi"},{"@type":"Organization","@id":"https:\/\/uus.revalstone.com\/fi\/#organization","name":"Reval Stone","url":"https:\/\/uus.revalstone.com\/fi\/","logo":{"@type":"ImageObject","inLanguage":"fi","@id":"https:\/\/uus.revalstone.com\/fi\/#\/schema\/logo\/image\/","url":"https:\/\/uus.revalstone.com\/wp-content\/uploads\/2021\/09\/Logo_v.png","contentUrl":"https:\/\/uus.revalstone.com\/wp-content\/uploads\/2021\/09\/Logo_v.png","width":960,"height":672,"caption":"Reval Stone"},"image":{"@id":"https:\/\/uus.revalstone.com\/fi\/#\/schema\/logo\/image\/"},"sameAs":["https:\/\/www.facebook.com\/revalstoneofficial","https:\/\/www.instagram.com\/revalstoneofficial\/","https:\/\/en.wikipedia.org\/wiki\/Saare_Dolomiit-V\u00e4okivi"]}]}},"_links":{"self":[{"href":"https:\/\/uus.revalstone.com\/fi\/wp-json\/wp\/v2\/product\/4685","targetHints":{"allow":["GET"]}}],"collection":[{"href":"https:\/\/uus.revalstone.com\/fi\/wp-json\/wp\/v2\/product"}],"about":[{"href":"https:\/\/uus.revalstone.com\/fi\/wp-json\/wp\/v2\/types\/product"}],"replies":[{"embeddable":true,"href":"https:\/\/uus.revalstone.com\/fi\/wp-json\/wp\/v2\/comments?post=4685"}],"wp:featuredmedia":[{"embeddable":true,"href":"https:\/\/uus.revalstone.com\/fi\/wp-json\/wp\/v2\/media\/14860"}],"wp:attachment":[{"href":"https:\/\/uus.revalstone.com\/fi\/wp-json\/wp\/v2\/media?parent=4685"}],"wp:term":[{"taxonomy":"product_brand","embeddable":true,"href":"https:\/\/uus.revalstone.com\/fi\/wp-json\/wp\/v2\/product_brand?post=4685"},{"taxonomy":"product_cat","embeddable":true,"href":"https:\/\/uus.revalstone.com\/fi\/wp-json\/wp\/v2\/product_cat?post=4685"},{"taxonomy":"product_tag","embeddable":true,"href":"https:\/\/uus.revalstone.com\/fi\/wp-json\/wp\/v2\/product_tag?post=4685"}],"curies":[{"name":"wp","href":"https:\/\/api.w.org\/{rel}","templated":true}]}}