{"id":4904,"date":"2022-01-14T12:18:54","date_gmt":"2022-01-14T09:18:54","guid":{"rendered":"https:\/\/revalstone.com\/shop\/product\/tyotasot\/"},"modified":"2025-02-13T09:17:36","modified_gmt":"2025-02-13T06:17:36","slug":"tyotasot","status":"publish","type":"product","link":"https:\/\/uus.revalstone.com\/fi\/tuote\/tyotasot\/","title":{"rendered":"Ty\u00f6tasot"},"content":{"rendered":"<p>Valitse <strong>ensin materiaali<\/strong> ja sen <strong>paksuus<\/strong> (2 cm tai 3 cm). Sy\u00f6t\u00e4 seuraavaksi tilattavien <strong>osien lukum\u00e4\u00e4r\u00e4<\/strong> ja kunkin osan <strong>leveys ja pituus<\/strong> (takasein\u00e4n osien paksuus on aina 2 cm). Sy\u00f6t\u00e4 sen j\u00e4lkeen loput tiedot KAIKISTA osista: valitulla reunak\u00e4sittelytavalla k\u00e4sitelt\u00e4vien <strong>reunojen pituus<\/strong> senteiss\u00e4 ja erityyppisten <strong>aukkojen lukum\u00e4\u00e4r\u00e4<\/strong>.<\/p>\n<p><strong>Pesualtaiden aukoissa <\/strong>on kaksi vaihtoehtoa: <strong>p\u00e4\u00e4lt\u00e4 asennettava pesuallas<\/strong> (aukon reunat eiv\u00e4t tarvitse k\u00e4sittely\u00e4, sill\u00e4 pesuallas peitt\u00e4\u00e4 ne) ja <strong>alle kiinnitett\u00e4v\u00e4 pesuallas<\/strong> (aukon reunat on hiottu ja yl\u00e4reunassa on pieni viiste). <strong>Orgita dolomiitilla<\/strong> on mahdollista leikata suurempia aukkoja (esim. rei\u00e4t pesualtaalle ja liesille) ty\u00f6tasoon, <strong>jos paksuus on 3 cm<\/strong>.<\/p>\n<p>Lopuksi voit lis\u00e4t\u00e4 tilaukseen <strong>kommentteja ja tiedostoja<\/strong>. Liit\u00e4 mukaan <strong>mahdollisimman tarkka kuva<\/strong>, jotta osaamme k\u00e4sitell\u00e4 kaikki tarvittavat reunat ja tehd\u00e4 halutut aukot oikeisiin kohtiin. Pesualtaiden ja liesien valmistajat antavat yleens\u00e4 tuotteiden asentamista varten erityisen kuvan. Jos olet jo valinnut pesualtaan ja lieden, lis\u00e4\u00e4 tilaukseen my\u00f6s valmistajan toimittama <strong>aukon piirustus<\/strong>.<\/p>\n<p>Koska <strong>kalkkikivi on herkk\u00e4 materiaali<\/strong>, on huomioitava, ett\u00e4 tasoon leikattavan pesualtaan tai lieden aukon ja tason reunan v\u00e4liin j\u00e4\u00e4 v\u00e4hint\u00e4\u00e4n 6,5 cm. Muuten on eritt\u00e4in suuri mahdollisuus, ett\u00e4 taso hajoaa aukon kohdasta kuljetuksen tai asennuksen aikana.<\/p>\n<p>Tilauksen l\u00e4hett\u00e4misen j\u00e4lkeen tarkistamme sen ja <strong>muokkaamme tarvittaessa hintaa<\/strong> (jos tilauksen yhteydess\u00e4 annetut tiedot poikkeavat kuvan tiedoista). Jotta ty\u00f6tasot s\u00e4ilyv\u00e4t ehjin\u00e4 kuljetuksen aikana, ne pakataan <strong>erityisille lavoille<\/strong>. Siksi toimituskustannuksiin sis\u00e4ltyy my\u00f6s <strong>40 \u20ac lis\u00e4maksu<\/strong> yht\u00e4 lavaa kohti (hintaan lis\u00e4t\u00e4\u00e4n arvonlis\u00e4vero).<\/p>\n<p>Jos et jostain syyst\u00e4 pysty lis\u00e4\u00e4m\u00e4\u00e4n toiveitasi vastaavia osia ostoskoriin tai jos sinulla on tilaamiseen liittyvi\u00e4 kysymyksi\u00e4, ota meihin yhteytt\u00e4 s\u00e4hk\u00f6postitse <a href=\"shop@revalstone.com\"><strong>shop@revalstone.com<\/strong><\/a>.<\/p>\n","protected":false},"excerpt":{"rendered":"<p><span style=\"color: #009d89;\"><strong>Omat louhokset, oma tuotanto!<\/strong><\/span><\/p>\n<p>Saatavana on kolmesta eri materiaalista valmistettuja ty\u00f6tasoja: <strong>Orgita-dolomiitti <\/strong>(hiottu) ja <strong>Reval-kalkkikivi<\/strong>\u00a0(antiikkik\u00e4sittely ja hiottu). Materiaalit eroavat tilattavan <strong>ty\u00f6tason enimm\u00e4ispituuden<\/strong> suhteen \u2013 <strong><a href=\"https:\/\/revalstone.com\/dolomite-orgita\/?lang=en\" target=\"_blank\" rel=\"noopener\"><span style=\"text-decoration: underline;\">Orgita-dolomiittitason<\/span><\/a><\/strong> enimm\u00e4ispituus on 200 cm ja <strong><span style=\"text-decoration: underline;\"><a href=\"https:\/\/revalstone.com\/limestone-reval\/?lang=en\" target=\"_blank\" rel=\"noopener\">Reval-kalkkikiven<\/a><\/span><\/strong> raja on 220 cm (jos haluat pidemm\u00e4n ty\u00f6tason, ota yhteytt\u00e4). Ty\u00f6tasojen <strong>suurin mahdollinen syvyys<\/strong> on 63 cm. Suosittelemme tutustumaan ennen tilaamista tilausohjeisiin, jotka l\u00f6yd\u00e4t alta.<\/p>\n<p>Ty\u00f6tasojen lis\u00e4ksi verkkokaupasta l\u00f6ytyy my\u00f6s luonnonkivest\u00e4 valmistettuja <span style=\"text-decoration: underline;\"><a href=\"https:\/\/uus.revalstone.com\/fi\/verkkokauppa\/\" target=\"_blank\" rel=\"noopener\"><strong>lattialaattoja<\/strong><\/a><\/span>, <span style=\"text-decoration: underline;\"><a href=\"https:\/\/uus.revalstone.com\/fi\/tuote\/lattialistat\/\" target=\"_blank\" rel=\"noopener\"><strong>lattialistoja<\/strong><\/a><\/span> ja <span style=\"text-decoration: underline;\"><a href=\"https:\/\/uus.revalstone.com\/fi\/tuote\/ikkunalaudat\/\" target=\"_blank\" rel=\"noopener\"><strong>ikkunalautoja<\/strong><\/a><\/span>.<\/p>\n<p><strong>Huom!<\/strong> Tutustuakseni kiven kanssa voit tilata 20 x 20 cm n\u00e4ytteen.<\/p>\n","protected":false},"featured_media":14850,"comment_status":"closed","ping_status":"closed","template":"","meta":{"_acf_changed":false},"product_brand":[],"product_cat":[370,257],"product_tag":[],"class_list":{"0":"post-4904","1":"product","2":"type-product","3":"status-publish","4":"has-post-thumbnail","6":"product_cat-ikkunalaudat-ja-tyotasot","7":"product_cat-misc-fi","9":"first","10":"instock","11":"taxable","12":"shipping-taxable","13":"purchasable","14":"product-type-variable","15":"rtwpvg-product"},"acf":[],"yoast_head":"<!-- This site is optimized with the Yoast SEO plugin v27.4 - https:\/\/yoast.com\/product\/yoast-seo-wordpress\/ -->\n<title>Ty\u00f6tasot - Reval Stone verkkokauppa<\/title>\n<meta name=\"description\" content=\"Luonnonkivest\u00e4 valmistetut ty\u00f6tasot kotiisi. Mittatilausty\u00f6n\u00e4 valmistetut ty\u00f6tasot tarvittavilla aukoilla ja k\u00e4sittelyll\u00e4. Juuri niin kuin projektiisi tarvitaan.\" \/>\n<meta name=\"robots\" content=\"index, follow, max-snippet:-1, max-image-preview:large, max-video-preview:-1\" \/>\n<link rel=\"canonical\" href=\"https:\/\/uus.revalstone.com\/fi\/tuote\/tyotasot\/\" \/>\n<meta property=\"og:locale\" content=\"fi_FI\" \/>\n<meta property=\"og:type\" content=\"article\" \/>\n<meta property=\"og:title\" content=\"Ty\u00f6tasot - Reval Stone verkkokauppa\" \/>\n<meta property=\"og:description\" content=\"Luonnonkivest\u00e4 valmistetut ty\u00f6tasot kotiisi. Mittatilausty\u00f6n\u00e4 valmistetut ty\u00f6tasot tarvittavilla aukoilla ja k\u00e4sittelyll\u00e4. Juuri niin kuin projektiisi tarvitaan.\" \/>\n<meta property=\"og:url\" content=\"https:\/\/uus.revalstone.com\/fi\/tuote\/tyotasot\/\" \/>\n<meta property=\"og:site_name\" content=\"Reval Stone verkkokauppa\" \/>\n<meta property=\"article:publisher\" content=\"https:\/\/www.facebook.com\/revalstoneofficial\" \/>\n<meta property=\"article:modified_time\" content=\"2025-02-13T06:17:36+00:00\" \/>\n<meta property=\"og:image\" content=\"https:\/\/uus.revalstone.com\/wp-content\/uploads\/2024\/01\/Reval-Stone-tasapind-countertop-2402.jpg\" \/>\n\t<meta property=\"og:image:width\" content=\"1500\" \/>\n\t<meta property=\"og:image:height\" content=\"1125\" \/>\n\t<meta property=\"og:image:type\" content=\"image\/jpeg\" \/>\n<meta name=\"twitter:card\" content=\"summary_large_image\" \/>\n<meta name=\"twitter:label1\" content=\"Arvioitu lukuaika\" \/>\n\t<meta name=\"twitter:data1\" content=\"2 minuuttia\" \/>\n<script type=\"application\/ld+json\" class=\"yoast-schema-graph\">{\"@context\":\"https:\\\/\\\/schema.org\",\"@graph\":[{\"@type\":\"WebPage\",\"@id\":\"https:\\\/\\\/uus.revalstone.com\\\/fi\\\/tuote\\\/tyotasot\\\/\",\"url\":\"https:\\\/\\\/uus.revalstone.com\\\/fi\\\/tuote\\\/tyotasot\\\/\",\"name\":\"Ty\u00f6tasot - Reval Stone verkkokauppa\",\"isPartOf\":{\"@id\":\"https:\\\/\\\/uus.revalstone.com\\\/fi\\\/#website\"},\"primaryImageOfPage\":{\"@id\":\"https:\\\/\\\/uus.revalstone.com\\\/fi\\\/tuote\\\/tyotasot\\\/#primaryimage\"},\"image\":{\"@id\":\"https:\\\/\\\/uus.revalstone.com\\\/fi\\\/tuote\\\/tyotasot\\\/#primaryimage\"},\"thumbnailUrl\":\"https:\\\/\\\/uus.revalstone.com\\\/wp-content\\\/uploads\\\/2024\\\/01\\\/Reval-Stone-tasapind-countertop-2402.jpg\",\"datePublished\":\"2022-01-14T09:18:54+00:00\",\"dateModified\":\"2025-02-13T06:17:36+00:00\",\"description\":\"Luonnonkivest\u00e4 valmistetut ty\u00f6tasot kotiisi. Mittatilausty\u00f6n\u00e4 valmistetut ty\u00f6tasot tarvittavilla aukoilla ja k\u00e4sittelyll\u00e4. Juuri niin kuin projektiisi tarvitaan.\",\"breadcrumb\":{\"@id\":\"https:\\\/\\\/uus.revalstone.com\\\/fi\\\/tuote\\\/tyotasot\\\/#breadcrumb\"},\"inLanguage\":\"fi\",\"potentialAction\":[{\"@type\":\"ReadAction\",\"target\":[\"https:\\\/\\\/uus.revalstone.com\\\/fi\\\/tuote\\\/tyotasot\\\/\"]}]},{\"@type\":\"ImageObject\",\"inLanguage\":\"fi\",\"@id\":\"https:\\\/\\\/uus.revalstone.com\\\/fi\\\/tuote\\\/tyotasot\\\/#primaryimage\",\"url\":\"https:\\\/\\\/uus.revalstone.com\\\/wp-content\\\/uploads\\\/2024\\\/01\\\/Reval-Stone-tasapind-countertop-2402.jpg\",\"contentUrl\":\"https:\\\/\\\/uus.revalstone.com\\\/wp-content\\\/uploads\\\/2024\\\/01\\\/Reval-Stone-tasapind-countertop-2402.jpg\",\"width\":1500,\"height\":1125},{\"@type\":\"BreadcrumbList\",\"@id\":\"https:\\\/\\\/uus.revalstone.com\\\/fi\\\/tuote\\\/tyotasot\\\/#breadcrumb\",\"itemListElement\":[{\"@type\":\"ListItem\",\"position\":1,\"name\":\"Home page\",\"item\":\"https:\\\/\\\/uus.revalstone.com\\\/fi\\\/\"},{\"@type\":\"ListItem\",\"position\":2,\"name\":\"Verkkokauppa\",\"item\":\"https:\\\/\\\/uus.revalstone.com\\\/pood\\\/\"},{\"@type\":\"ListItem\",\"position\":3,\"name\":\"Ty\u00f6tasot\"}]},{\"@type\":\"WebSite\",\"@id\":\"https:\\\/\\\/uus.revalstone.com\\\/fi\\\/#website\",\"url\":\"https:\\\/\\\/uus.revalstone.com\\\/fi\\\/\",\"name\":\"Reval Stone verkkokauppa\",\"description\":\"\",\"publisher\":{\"@id\":\"https:\\\/\\\/uus.revalstone.com\\\/fi\\\/#organization\"},\"potentialAction\":[{\"@type\":\"SearchAction\",\"target\":{\"@type\":\"EntryPoint\",\"urlTemplate\":\"https:\\\/\\\/uus.revalstone.com\\\/fi\\\/?s={search_term_string}\"},\"query-input\":{\"@type\":\"PropertyValueSpecification\",\"valueRequired\":true,\"valueName\":\"search_term_string\"}}],\"inLanguage\":\"fi\"},{\"@type\":\"Organization\",\"@id\":\"https:\\\/\\\/uus.revalstone.com\\\/fi\\\/#organization\",\"name\":\"Reval Stone\",\"url\":\"https:\\\/\\\/uus.revalstone.com\\\/fi\\\/\",\"logo\":{\"@type\":\"ImageObject\",\"inLanguage\":\"fi\",\"@id\":\"https:\\\/\\\/uus.revalstone.com\\\/fi\\\/#\\\/schema\\\/logo\\\/image\\\/\",\"url\":\"https:\\\/\\\/uus.revalstone.com\\\/wp-content\\\/uploads\\\/2021\\\/09\\\/Logo_v.png\",\"contentUrl\":\"https:\\\/\\\/uus.revalstone.com\\\/wp-content\\\/uploads\\\/2021\\\/09\\\/Logo_v.png\",\"width\":960,\"height\":672,\"caption\":\"Reval Stone\"},\"image\":{\"@id\":\"https:\\\/\\\/uus.revalstone.com\\\/fi\\\/#\\\/schema\\\/logo\\\/image\\\/\"},\"sameAs\":[\"https:\\\/\\\/www.facebook.com\\\/revalstoneofficial\",\"https:\\\/\\\/www.instagram.com\\\/revalstoneofficial\\\/\",\"https:\\\/\\\/en.wikipedia.org\\\/wiki\\\/Saare_Dolomiit-V\u00e4okivi\"]}]}<\/script>\n<!-- \/ Yoast SEO plugin. -->","yoast_head_json":{"title":"Ty\u00f6tasot - Reval Stone verkkokauppa","description":"Luonnonkivest\u00e4 valmistetut ty\u00f6tasot kotiisi. Mittatilausty\u00f6n\u00e4 valmistetut ty\u00f6tasot tarvittavilla aukoilla ja k\u00e4sittelyll\u00e4. Juuri niin kuin projektiisi tarvitaan.","robots":{"index":"index","follow":"follow","max-snippet":"max-snippet:-1","max-image-preview":"max-image-preview:large","max-video-preview":"max-video-preview:-1"},"canonical":"https:\/\/uus.revalstone.com\/fi\/tuote\/tyotasot\/","og_locale":"fi_FI","og_type":"article","og_title":"Ty\u00f6tasot - Reval Stone verkkokauppa","og_description":"Luonnonkivest\u00e4 valmistetut ty\u00f6tasot kotiisi. Mittatilausty\u00f6n\u00e4 valmistetut ty\u00f6tasot tarvittavilla aukoilla ja k\u00e4sittelyll\u00e4. Juuri niin kuin projektiisi tarvitaan.","og_url":"https:\/\/uus.revalstone.com\/fi\/tuote\/tyotasot\/","og_site_name":"Reval Stone verkkokauppa","article_publisher":"https:\/\/www.facebook.com\/revalstoneofficial","article_modified_time":"2025-02-13T06:17:36+00:00","og_image":[{"width":1500,"height":1125,"url":"https:\/\/uus.revalstone.com\/wp-content\/uploads\/2024\/01\/Reval-Stone-tasapind-countertop-2402.jpg","type":"image\/jpeg"}],"twitter_card":"summary_large_image","twitter_misc":{"Arvioitu lukuaika":"2 minuuttia"},"schema":{"@context":"https:\/\/schema.org","@graph":[{"@type":"WebPage","@id":"https:\/\/uus.revalstone.com\/fi\/tuote\/tyotasot\/","url":"https:\/\/uus.revalstone.com\/fi\/tuote\/tyotasot\/","name":"Ty\u00f6tasot - Reval Stone verkkokauppa","isPartOf":{"@id":"https:\/\/uus.revalstone.com\/fi\/#website"},"primaryImageOfPage":{"@id":"https:\/\/uus.revalstone.com\/fi\/tuote\/tyotasot\/#primaryimage"},"image":{"@id":"https:\/\/uus.revalstone.com\/fi\/tuote\/tyotasot\/#primaryimage"},"thumbnailUrl":"https:\/\/uus.revalstone.com\/wp-content\/uploads\/2024\/01\/Reval-Stone-tasapind-countertop-2402.jpg","datePublished":"2022-01-14T09:18:54+00:00","dateModified":"2025-02-13T06:17:36+00:00","description":"Luonnonkivest\u00e4 valmistetut ty\u00f6tasot kotiisi. Mittatilausty\u00f6n\u00e4 valmistetut ty\u00f6tasot tarvittavilla aukoilla ja k\u00e4sittelyll\u00e4. Juuri niin kuin projektiisi tarvitaan.","breadcrumb":{"@id":"https:\/\/uus.revalstone.com\/fi\/tuote\/tyotasot\/#breadcrumb"},"inLanguage":"fi","potentialAction":[{"@type":"ReadAction","target":["https:\/\/uus.revalstone.com\/fi\/tuote\/tyotasot\/"]}]},{"@type":"ImageObject","inLanguage":"fi","@id":"https:\/\/uus.revalstone.com\/fi\/tuote\/tyotasot\/#primaryimage","url":"https:\/\/uus.revalstone.com\/wp-content\/uploads\/2024\/01\/Reval-Stone-tasapind-countertop-2402.jpg","contentUrl":"https:\/\/uus.revalstone.com\/wp-content\/uploads\/2024\/01\/Reval-Stone-tasapind-countertop-2402.jpg","width":1500,"height":1125},{"@type":"BreadcrumbList","@id":"https:\/\/uus.revalstone.com\/fi\/tuote\/tyotasot\/#breadcrumb","itemListElement":[{"@type":"ListItem","position":1,"name":"Home page","item":"https:\/\/uus.revalstone.com\/fi\/"},{"@type":"ListItem","position":2,"name":"Verkkokauppa","item":"https:\/\/uus.revalstone.com\/pood\/"},{"@type":"ListItem","position":3,"name":"Ty\u00f6tasot"}]},{"@type":"WebSite","@id":"https:\/\/uus.revalstone.com\/fi\/#website","url":"https:\/\/uus.revalstone.com\/fi\/","name":"Reval Stone verkkokauppa","description":"","publisher":{"@id":"https:\/\/uus.revalstone.com\/fi\/#organization"},"potentialAction":[{"@type":"SearchAction","target":{"@type":"EntryPoint","urlTemplate":"https:\/\/uus.revalstone.com\/fi\/?s={search_term_string}"},"query-input":{"@type":"PropertyValueSpecification","valueRequired":true,"valueName":"search_term_string"}}],"inLanguage":"fi"},{"@type":"Organization","@id":"https:\/\/uus.revalstone.com\/fi\/#organization","name":"Reval Stone","url":"https:\/\/uus.revalstone.com\/fi\/","logo":{"@type":"ImageObject","inLanguage":"fi","@id":"https:\/\/uus.revalstone.com\/fi\/#\/schema\/logo\/image\/","url":"https:\/\/uus.revalstone.com\/wp-content\/uploads\/2021\/09\/Logo_v.png","contentUrl":"https:\/\/uus.revalstone.com\/wp-content\/uploads\/2021\/09\/Logo_v.png","width":960,"height":672,"caption":"Reval Stone"},"image":{"@id":"https:\/\/uus.revalstone.com\/fi\/#\/schema\/logo\/image\/"},"sameAs":["https:\/\/www.facebook.com\/revalstoneofficial","https:\/\/www.instagram.com\/revalstoneofficial\/","https:\/\/en.wikipedia.org\/wiki\/Saare_Dolomiit-V\u00e4okivi"]}]}},"_links":{"self":[{"href":"https:\/\/uus.revalstone.com\/fi\/wp-json\/wp\/v2\/product\/4904","targetHints":{"allow":["GET"]}}],"collection":[{"href":"https:\/\/uus.revalstone.com\/fi\/wp-json\/wp\/v2\/product"}],"about":[{"href":"https:\/\/uus.revalstone.com\/fi\/wp-json\/wp\/v2\/types\/product"}],"replies":[{"embeddable":true,"href":"https:\/\/uus.revalstone.com\/fi\/wp-json\/wp\/v2\/comments?post=4904"}],"wp:featuredmedia":[{"embeddable":true,"href":"https:\/\/uus.revalstone.com\/fi\/wp-json\/wp\/v2\/media\/14850"}],"wp:attachment":[{"href":"https:\/\/uus.revalstone.com\/fi\/wp-json\/wp\/v2\/media?parent=4904"}],"wp:term":[{"taxonomy":"product_brand","embeddable":true,"href":"https:\/\/uus.revalstone.com\/fi\/wp-json\/wp\/v2\/product_brand?post=4904"},{"taxonomy":"product_cat","embeddable":true,"href":"https:\/\/uus.revalstone.com\/fi\/wp-json\/wp\/v2\/product_cat?post=4904"},{"taxonomy":"product_tag","embeddable":true,"href":"https:\/\/uus.revalstone.com\/fi\/wp-json\/wp\/v2\/product_tag?post=4904"}],"curies":[{"name":"wp","href":"https:\/\/api.w.org\/{rel}","templated":true}]}}