{"id":5101,"date":"2021-05-01T09:49:34","date_gmt":"2021-05-01T06:49:34","guid":{"rendered":"https:\/\/revalstone.com\/shop\/product\/reval-antiikki\/"},"modified":"2025-08-22T12:33:04","modified_gmt":"2025-08-22T09:33:04","slug":"reval-antiikki","status":"publish","type":"product","link":"https:\/\/uus.revalstone.com\/fi\/tuote\/reval-antiikki\/","title":{"rendered":"Reval antiikki"},"content":{"rendered":"<p>Virolaisen Reval-kalkkikiven k\u00e4yt\u00f6n pitk\u00e4aikaisuudesta ja sen suosiosta kertoo se, ett\u00e4 Tallinnan alueella on toteutettu suuria projekteja, joissa on k\u00e4ytetty juuri t\u00e4t\u00e4 pohjoisvirolaista kive\u00e4 (Tallinnan linnoitukset ja vanhankaupungin talot) 1200-luvulta aina nykyp\u00e4iv\u00e4\u00e4n asti (Kumun taidemuseo).<\/p>\n<p>Sit\u00e4 on k\u00e4ytetty vuosisatojen ajan hyv\u00e4n\u00e4 rakennuskiven\u00e4 sek\u00e4 Tallinnassa ett\u00e4 Pietarin vanhassakaupungissa, ja sen suosio s\u00e4ilyy.<\/p>\n<p>Skandinavian markkinoilla t\u00e4st\u00e4 suositusta kivest\u00e4 k\u00e4ytet\u00e4\u00e4n nimi\u00e4 Lindholmen ja Estlandia Kalksten.<\/p>\n","protected":false},"excerpt":{"rendered":"<p><span style=\"color: #009d89;\"><strong>Omat louhokset, oma tuotanto!<\/strong><\/span><\/p>\n<p>Tallinnan (Reval) kalkkikivi on Viron tunnetuin kalkkikivi, joka voi olla jopa 500 miljoonaa vuotta vanha. Sit\u00e4 on k\u00e4ytetty vuosisatojen ajan hyv\u00e4n\u00e4 rakennuskiven\u00e4 ja sen suosio s\u00e4ilyy. T\u00e4t\u00e4 peruss\u00e4vylt\u00e4\u00e4n harmaata kive\u00e4 ei lajitella v\u00e4rin tai kuvion mukaan. Lue t\u00e4st\u00e4 ainakin 1200-luvulta l\u00e4htien k\u00e4yt\u00f6ss\u00e4 olleesta kivest\u00e4 lis\u00e4\u00e4 <span style=\"text-decoration: underline;\"><strong><a href=\"https:\/\/revalstone.com\/limestone-reval\/?lang=en\" target=\"_blank\" rel=\"noopener\">t\u00e4\u00e4lt\u00e4<\/a><\/strong><\/span>.<\/p>\n<p>Antiikkinen eli harjattu viimeistely saavutetaan erityisill\u00e4 harjoilla, jotka poistavat kiven pehme\u00e4mm\u00e4n osan ja tuovat esiin sen luonnollisen tekstuurin. Pinta tuntuu kosketettaessa &#8221;nahkaiselta&#8221; eik\u00e4 ole l\u00e4hes koskaan t\u00e4ysin sile\u00e4 tai kiilt\u00e4v\u00e4. Se antaa kivelle hieman kuluneen tai &#8221;historiallisen&#8221; ulkon\u00e4\u00f6n, joka j\u00e4ljittelee ajan my\u00f6t\u00e4 syntynytt\u00e4 luonnollista kulumista. Harjattu viimeistely on my\u00f6s k\u00e4yt\u00e4nn\u00f6llinen \u2013 pienemm\u00e4t k\u00e4yt\u00f6n j\u00e4ljet eiv\u00e4t erotu niin selv\u00e4sti kuin hiotussa kivess\u00e4.<\/p>\n<div class=\"woocommerce-product-details__short-description\">\n<div class=\"woocommerce-product-details__short-description\">\n<p>Lattialaattojen paksuus on 10 mm (60 \u00d7 60 cm laatassa 15 mm).<\/p>\n<\/div>\n<\/div>\n<p>Kalkkikivi Reval on saatavana my\u00f6s <span style=\"text-decoration: underline;\"><strong><a href=\"https:\/\/uus.revalstone.com\/fi\/tuote\/reval-hiottu\/\">hiotulla pintak\u00e4sittelyll\u00e4<\/a><\/strong><\/span>.<\/p>\n<p>Verkkokaupassa on saatavana my\u00f6s samasta materiaalista valmistettuja <span style=\"text-decoration: underline;\"><strong><a href=\"https:\/\/uus.revalstone.com\/fi\/tuote\/lattialistat\/\" target=\"_blank\" rel=\"noopener\">lattialistoja<\/a><\/strong><\/span>, <span style=\"text-decoration: underline;\"><a href=\"https:\/\/uus.revalstone.com\/fi\/tuote\/ikkunalaudat\/\" target=\"_blank\" rel=\"noopener\"><strong>ikkunalautoja<\/strong><\/a><\/span> ja <span style=\"text-decoration: underline;\"><a href=\"https:\/\/uus.revalstone.com\/fi\/tuote\/tyotasot\/\" target=\"_blank\" rel=\"noopener\"><strong>ty\u00f6tasoja<\/strong><\/a><\/span>.<\/p>\n<p>Lue lis\u00e4\u00e4\u00a0<span style=\"text-decoration: underline;\"><a href=\"https:\/\/uus.revalstone.com\/fi\/toimitus\/\" target=\"_blank\" rel=\"noopener\"><strong>toimituskuluista<\/strong><\/a><\/span>.<\/p>\n<p><strong>Huom! <\/strong>Tutustuakseni kiven kanssa voit tilata 20 x 20 cm n\u00e4ytteen.<\/p>\n","protected":false},"featured_media":4204,"comment_status":"closed","ping_status":"closed","template":"","meta":{"_acf_changed":false},"product_brand":[],"product_cat":[258,257],"product_tag":[],"class_list":{"0":"post-5101","1":"product","2":"type-product","3":"status-publish","4":"has-post-thumbnail","6":"product_cat-lattialaatat","7":"product_cat-misc-fi","9":"first","10":"instock","11":"taxable","12":"shipping-taxable","13":"purchasable","14":"product-type-variable","15":"rtwpvg-product"},"acf":[],"yoast_head":"<!-- This site is optimized with the Yoast SEO plugin v27.4 - https:\/\/yoast.com\/product\/yoast-seo-wordpress\/ -->\n<title>Reval antiikki - Kalkkikivi Reval - Reval Stone verkkokauppa<\/title>\n<meta name=\"description\" content=\"Kalkkikivi Reval on tunnetuin virolainen kalkkikivi. Pitk\u00e4n k\u00e4ytt\u00f6historian omaavasta virolaisesta luonnonkivest\u00e4 valmistetut lattialaatat.\" \/>\n<meta name=\"robots\" content=\"index, follow, max-snippet:-1, max-image-preview:large, max-video-preview:-1\" \/>\n<link rel=\"canonical\" href=\"https:\/\/uus.revalstone.com\/fi\/tuote\/reval-antiikki\/\" \/>\n<meta property=\"og:locale\" content=\"fi_FI\" \/>\n<meta property=\"og:type\" content=\"article\" \/>\n<meta property=\"og:title\" content=\"Reval antiikki - Kalkkikivi Reval - Reval Stone verkkokauppa\" \/>\n<meta property=\"og:description\" content=\"Kalkkikivi Reval on tunnetuin virolainen kalkkikivi. Pitk\u00e4n k\u00e4ytt\u00f6historian omaavasta virolaisesta luonnonkivest\u00e4 valmistetut lattialaatat.\" \/>\n<meta property=\"og:url\" content=\"https:\/\/uus.revalstone.com\/fi\/tuote\/reval-antiikki\/\" \/>\n<meta property=\"og:site_name\" content=\"Reval Stone verkkokauppa\" \/>\n<meta property=\"article:publisher\" content=\"https:\/\/www.facebook.com\/revalstoneofficial\" \/>\n<meta property=\"article:modified_time\" content=\"2025-08-22T09:33:04+00:00\" \/>\n<meta property=\"og:image\" content=\"https:\/\/uus.revalstone.com\/wp-content\/uploads\/2021\/07\/Reval_Stone_Reval_antiik_04.jpg\" \/>\n\t<meta property=\"og:image:width\" content=\"1500\" \/>\n\t<meta property=\"og:image:height\" content=\"1500\" \/>\n\t<meta property=\"og:image:type\" content=\"image\/jpeg\" \/>\n<meta name=\"twitter:card\" content=\"summary_large_image\" \/>\n<meta name=\"twitter:label1\" content=\"Arvioitu lukuaika\" \/>\n\t<meta name=\"twitter:data1\" content=\"1 minuutti\" \/>\n<script type=\"application\/ld+json\" class=\"yoast-schema-graph\">{\"@context\":\"https:\\\/\\\/schema.org\",\"@graph\":[{\"@type\":\"WebPage\",\"@id\":\"https:\\\/\\\/uus.revalstone.com\\\/fi\\\/tuote\\\/reval-antiikki\\\/\",\"url\":\"https:\\\/\\\/uus.revalstone.com\\\/fi\\\/tuote\\\/reval-antiikki\\\/\",\"name\":\"Reval antiikki - Kalkkikivi Reval - Reval Stone verkkokauppa\",\"isPartOf\":{\"@id\":\"https:\\\/\\\/uus.revalstone.com\\\/fi\\\/#website\"},\"primaryImageOfPage\":{\"@id\":\"https:\\\/\\\/uus.revalstone.com\\\/fi\\\/tuote\\\/reval-antiikki\\\/#primaryimage\"},\"image\":{\"@id\":\"https:\\\/\\\/uus.revalstone.com\\\/fi\\\/tuote\\\/reval-antiikki\\\/#primaryimage\"},\"thumbnailUrl\":\"https:\\\/\\\/uus.revalstone.com\\\/wp-content\\\/uploads\\\/2021\\\/07\\\/Reval_Stone_Reval_antiik_04.jpg\",\"datePublished\":\"2021-05-01T06:49:34+00:00\",\"dateModified\":\"2025-08-22T09:33:04+00:00\",\"description\":\"Kalkkikivi Reval on tunnetuin virolainen kalkkikivi. Pitk\u00e4n k\u00e4ytt\u00f6historian omaavasta virolaisesta luonnonkivest\u00e4 valmistetut lattialaatat.\",\"breadcrumb\":{\"@id\":\"https:\\\/\\\/uus.revalstone.com\\\/fi\\\/tuote\\\/reval-antiikki\\\/#breadcrumb\"},\"inLanguage\":\"fi\",\"potentialAction\":[{\"@type\":\"ReadAction\",\"target\":[\"https:\\\/\\\/uus.revalstone.com\\\/fi\\\/tuote\\\/reval-antiikki\\\/\"]}]},{\"@type\":\"ImageObject\",\"inLanguage\":\"fi\",\"@id\":\"https:\\\/\\\/uus.revalstone.com\\\/fi\\\/tuote\\\/reval-antiikki\\\/#primaryimage\",\"url\":\"https:\\\/\\\/uus.revalstone.com\\\/wp-content\\\/uploads\\\/2021\\\/07\\\/Reval_Stone_Reval_antiik_04.jpg\",\"contentUrl\":\"https:\\\/\\\/uus.revalstone.com\\\/wp-content\\\/uploads\\\/2021\\\/07\\\/Reval_Stone_Reval_antiik_04.jpg\",\"width\":1500,\"height\":1500,\"caption\":\"Reval Stone Reval liuskekivi antiikki\"},{\"@type\":\"BreadcrumbList\",\"@id\":\"https:\\\/\\\/uus.revalstone.com\\\/fi\\\/tuote\\\/reval-antiikki\\\/#breadcrumb\",\"itemListElement\":[{\"@type\":\"ListItem\",\"position\":1,\"name\":\"Home page\",\"item\":\"https:\\\/\\\/uus.revalstone.com\\\/fi\\\/\"},{\"@type\":\"ListItem\",\"position\":2,\"name\":\"Verkkokauppa\",\"item\":\"https:\\\/\\\/uus.revalstone.com\\\/pood\\\/\"},{\"@type\":\"ListItem\",\"position\":3,\"name\":\"Reval antiikki\"}]},{\"@type\":\"WebSite\",\"@id\":\"https:\\\/\\\/uus.revalstone.com\\\/fi\\\/#website\",\"url\":\"https:\\\/\\\/uus.revalstone.com\\\/fi\\\/\",\"name\":\"Reval Stone verkkokauppa\",\"description\":\"\",\"publisher\":{\"@id\":\"https:\\\/\\\/uus.revalstone.com\\\/fi\\\/#organization\"},\"potentialAction\":[{\"@type\":\"SearchAction\",\"target\":{\"@type\":\"EntryPoint\",\"urlTemplate\":\"https:\\\/\\\/uus.revalstone.com\\\/fi\\\/?s={search_term_string}\"},\"query-input\":{\"@type\":\"PropertyValueSpecification\",\"valueRequired\":true,\"valueName\":\"search_term_string\"}}],\"inLanguage\":\"fi\"},{\"@type\":\"Organization\",\"@id\":\"https:\\\/\\\/uus.revalstone.com\\\/fi\\\/#organization\",\"name\":\"Reval Stone\",\"url\":\"https:\\\/\\\/uus.revalstone.com\\\/fi\\\/\",\"logo\":{\"@type\":\"ImageObject\",\"inLanguage\":\"fi\",\"@id\":\"https:\\\/\\\/uus.revalstone.com\\\/fi\\\/#\\\/schema\\\/logo\\\/image\\\/\",\"url\":\"https:\\\/\\\/uus.revalstone.com\\\/wp-content\\\/uploads\\\/2021\\\/09\\\/Logo_v.png\",\"contentUrl\":\"https:\\\/\\\/uus.revalstone.com\\\/wp-content\\\/uploads\\\/2021\\\/09\\\/Logo_v.png\",\"width\":960,\"height\":672,\"caption\":\"Reval Stone\"},\"image\":{\"@id\":\"https:\\\/\\\/uus.revalstone.com\\\/fi\\\/#\\\/schema\\\/logo\\\/image\\\/\"},\"sameAs\":[\"https:\\\/\\\/www.facebook.com\\\/revalstoneofficial\",\"https:\\\/\\\/www.instagram.com\\\/revalstoneofficial\\\/\",\"https:\\\/\\\/en.wikipedia.org\\\/wiki\\\/Saare_Dolomiit-V\u00e4okivi\"]}]}<\/script>\n<!-- \/ Yoast SEO plugin. -->","yoast_head_json":{"title":"Reval antiikki - Kalkkikivi Reval - Reval Stone verkkokauppa","description":"Kalkkikivi Reval on tunnetuin virolainen kalkkikivi. Pitk\u00e4n k\u00e4ytt\u00f6historian omaavasta virolaisesta luonnonkivest\u00e4 valmistetut lattialaatat.","robots":{"index":"index","follow":"follow","max-snippet":"max-snippet:-1","max-image-preview":"max-image-preview:large","max-video-preview":"max-video-preview:-1"},"canonical":"https:\/\/uus.revalstone.com\/fi\/tuote\/reval-antiikki\/","og_locale":"fi_FI","og_type":"article","og_title":"Reval antiikki - Kalkkikivi Reval - Reval Stone verkkokauppa","og_description":"Kalkkikivi Reval on tunnetuin virolainen kalkkikivi. Pitk\u00e4n k\u00e4ytt\u00f6historian omaavasta virolaisesta luonnonkivest\u00e4 valmistetut lattialaatat.","og_url":"https:\/\/uus.revalstone.com\/fi\/tuote\/reval-antiikki\/","og_site_name":"Reval Stone verkkokauppa","article_publisher":"https:\/\/www.facebook.com\/revalstoneofficial","article_modified_time":"2025-08-22T09:33:04+00:00","og_image":[{"width":1500,"height":1500,"url":"https:\/\/uus.revalstone.com\/wp-content\/uploads\/2021\/07\/Reval_Stone_Reval_antiik_04.jpg","type":"image\/jpeg"}],"twitter_card":"summary_large_image","twitter_misc":{"Arvioitu lukuaika":"1 minuutti"},"schema":{"@context":"https:\/\/schema.org","@graph":[{"@type":"WebPage","@id":"https:\/\/uus.revalstone.com\/fi\/tuote\/reval-antiikki\/","url":"https:\/\/uus.revalstone.com\/fi\/tuote\/reval-antiikki\/","name":"Reval antiikki - Kalkkikivi Reval - Reval Stone verkkokauppa","isPartOf":{"@id":"https:\/\/uus.revalstone.com\/fi\/#website"},"primaryImageOfPage":{"@id":"https:\/\/uus.revalstone.com\/fi\/tuote\/reval-antiikki\/#primaryimage"},"image":{"@id":"https:\/\/uus.revalstone.com\/fi\/tuote\/reval-antiikki\/#primaryimage"},"thumbnailUrl":"https:\/\/uus.revalstone.com\/wp-content\/uploads\/2021\/07\/Reval_Stone_Reval_antiik_04.jpg","datePublished":"2021-05-01T06:49:34+00:00","dateModified":"2025-08-22T09:33:04+00:00","description":"Kalkkikivi Reval on tunnetuin virolainen kalkkikivi. Pitk\u00e4n k\u00e4ytt\u00f6historian omaavasta virolaisesta luonnonkivest\u00e4 valmistetut lattialaatat.","breadcrumb":{"@id":"https:\/\/uus.revalstone.com\/fi\/tuote\/reval-antiikki\/#breadcrumb"},"inLanguage":"fi","potentialAction":[{"@type":"ReadAction","target":["https:\/\/uus.revalstone.com\/fi\/tuote\/reval-antiikki\/"]}]},{"@type":"ImageObject","inLanguage":"fi","@id":"https:\/\/uus.revalstone.com\/fi\/tuote\/reval-antiikki\/#primaryimage","url":"https:\/\/uus.revalstone.com\/wp-content\/uploads\/2021\/07\/Reval_Stone_Reval_antiik_04.jpg","contentUrl":"https:\/\/uus.revalstone.com\/wp-content\/uploads\/2021\/07\/Reval_Stone_Reval_antiik_04.jpg","width":1500,"height":1500,"caption":"Reval Stone Reval liuskekivi antiikki"},{"@type":"BreadcrumbList","@id":"https:\/\/uus.revalstone.com\/fi\/tuote\/reval-antiikki\/#breadcrumb","itemListElement":[{"@type":"ListItem","position":1,"name":"Home page","item":"https:\/\/uus.revalstone.com\/fi\/"},{"@type":"ListItem","position":2,"name":"Verkkokauppa","item":"https:\/\/uus.revalstone.com\/pood\/"},{"@type":"ListItem","position":3,"name":"Reval antiikki"}]},{"@type":"WebSite","@id":"https:\/\/uus.revalstone.com\/fi\/#website","url":"https:\/\/uus.revalstone.com\/fi\/","name":"Reval Stone verkkokauppa","description":"","publisher":{"@id":"https:\/\/uus.revalstone.com\/fi\/#organization"},"potentialAction":[{"@type":"SearchAction","target":{"@type":"EntryPoint","urlTemplate":"https:\/\/uus.revalstone.com\/fi\/?s={search_term_string}"},"query-input":{"@type":"PropertyValueSpecification","valueRequired":true,"valueName":"search_term_string"}}],"inLanguage":"fi"},{"@type":"Organization","@id":"https:\/\/uus.revalstone.com\/fi\/#organization","name":"Reval Stone","url":"https:\/\/uus.revalstone.com\/fi\/","logo":{"@type":"ImageObject","inLanguage":"fi","@id":"https:\/\/uus.revalstone.com\/fi\/#\/schema\/logo\/image\/","url":"https:\/\/uus.revalstone.com\/wp-content\/uploads\/2021\/09\/Logo_v.png","contentUrl":"https:\/\/uus.revalstone.com\/wp-content\/uploads\/2021\/09\/Logo_v.png","width":960,"height":672,"caption":"Reval Stone"},"image":{"@id":"https:\/\/uus.revalstone.com\/fi\/#\/schema\/logo\/image\/"},"sameAs":["https:\/\/www.facebook.com\/revalstoneofficial","https:\/\/www.instagram.com\/revalstoneofficial\/","https:\/\/en.wikipedia.org\/wiki\/Saare_Dolomiit-V\u00e4okivi"]}]}},"_links":{"self":[{"href":"https:\/\/uus.revalstone.com\/fi\/wp-json\/wp\/v2\/product\/5101","targetHints":{"allow":["GET"]}}],"collection":[{"href":"https:\/\/uus.revalstone.com\/fi\/wp-json\/wp\/v2\/product"}],"about":[{"href":"https:\/\/uus.revalstone.com\/fi\/wp-json\/wp\/v2\/types\/product"}],"replies":[{"embeddable":true,"href":"https:\/\/uus.revalstone.com\/fi\/wp-json\/wp\/v2\/comments?post=5101"}],"wp:featuredmedia":[{"embeddable":true,"href":"https:\/\/uus.revalstone.com\/fi\/wp-json\/wp\/v2\/media\/4204"}],"wp:attachment":[{"href":"https:\/\/uus.revalstone.com\/fi\/wp-json\/wp\/v2\/media?parent=5101"}],"wp:term":[{"taxonomy":"product_brand","embeddable":true,"href":"https:\/\/uus.revalstone.com\/fi\/wp-json\/wp\/v2\/product_brand?post=5101"},{"taxonomy":"product_cat","embeddable":true,"href":"https:\/\/uus.revalstone.com\/fi\/wp-json\/wp\/v2\/product_cat?post=5101"},{"taxonomy":"product_tag","embeddable":true,"href":"https:\/\/uus.revalstone.com\/fi\/wp-json\/wp\/v2\/product_tag?post=5101"}],"curies":[{"name":"wp","href":"https:\/\/api.w.org\/{rel}","templated":true}]}}