{"id":2454,"date":"2021-11-22T11:38:46","date_gmt":"2021-11-22T08:38:46","guid":{"rendered":"https:\/\/revalstone.com\/shop\/skotsel\/"},"modified":"2025-05-05T16:59:15","modified_gmt":"2025-05-05T13:59:15","slug":"skotsel","status":"publish","type":"page","link":"https:\/\/uus.revalstone.com\/sv\/skotsel\/","title":{"rendered":"Sk\u00f6tsel"},"content":{"rendered":"\n<p>Natursten \u00e4r ett ganska <strong>k\u00e4nsligt material<\/strong> och andra material som \u00e4r h\u00e5rdare \u00e4n natursten kan repa dess yta. S\u00e5dana h\u00e5rdare material inkluderar till exempel metallf\u00f6rem\u00e5l, glas, annan sten och konstgjord sten.<\/p>\n\n\n\n<p>Kalksten kan reng\u00f6ras med <strong>rent vatten<\/strong> eller <strong>speciella reng\u00f6ringsmedel<\/strong> f\u00f6r kalksten. Vi rekommenderar att kontakta reng\u00f6ringsf\u00f6retag som har erfarenhet av sk\u00f6tsel av kalksten. <strong>Under inga omst\u00e4ndigheter f\u00e5r sura eller alkaliska reng\u00f6ringsmedel anv\u00e4ndas<\/strong>.<\/p>\n\n\n\n<p>Det rekommenderas att alla plattor av kalksten eller dolomit som anv\u00e4nds <strong>inomhus impregneras <\/strong>med speciella impregneringsmedel efter installation, slutlig torkning och reng\u00f6ring (f\u00f6r att minska vattenabsorption och nedsmutsning). Detta g\u00e4ller plattor installerade i v\u00e5trum s\u00e5v\u00e4l som andra rum.<\/p>\n\n\n\n<p>Stenytan <strong>kan ocks\u00e5 vaxas<\/strong>, vilket ocks\u00e5 skyddar mot nedsmutsning. F\u00f6r mer information v\u00e4nligen kontakta ett reng\u00f6ringsf\u00f6retag.<\/p>\n\n\n\n<p>Det rekommenderas att impregnera <strong>kalkstensplattor som installeras utomhus<\/strong> med speciella impregneringsmedel f\u00f6r att minska b\u00e5de deras vattenabsorption och nedsmutsning.<\/p>\n\n\n\n<p>Vid underh\u00e5ll av <strong>kalkstensplattor som installeras utomhus p\u00e5 g\u00e5ngv\u00e4gar och torg<\/strong>, som m\u00e5ste reng\u00f6ras fr\u00e5n ansamlad smuts (damm, sand, l\u00f6v etc.) eller r\u00f6jas fr\u00e5n sn\u00f6 under vinters\u00e4songen, m\u00e5ste f\u00f6ljande instruktioner f\u00f6ljas:<\/p>\n\n\n\n<ul class=\"wp-block-list\">\n<li>anv\u00e4nd inte verktyg som kan skada kalkstensytan mekaniskt;<\/li>\n\n\n\n<li>anv\u00e4nd inte isyxor eller andra liknande verktyg f\u00f6r att ta bort frysta f\u00f6rem\u00e5l;<\/li>\n\n\n\n<li>n\u00e4r du arbetar med sn\u00f6plog, anv\u00e4nd endast en plog som har en nedre kant t\u00e4ckt med en skyddande gummikant.<\/li>\n<\/ul>\n\n\n\n<p><strong><a href=\"https:\/\/uus.revalstone.com\/sv\/fragor-och-svar\/\" target=\"_blank\" rel=\"noreferrer noopener\"><span style=\"text-decoration: underline;\">H\u00e4r<\/span><\/a><\/strong> finns vanliga fr\u00e5gor och svar om underh\u00e5ll.<\/p>\n","protected":false},"excerpt":{"rendered":"<p>Natursten \u00e4r ett ganska k\u00e4nsligt material och andra material som \u00e4r h\u00e5rdare \u00e4n natursten kan repa dess yta. S\u00e5dana h\u00e5rdare [&hellip;]<\/p>\n","protected":false},"author":1,"featured_media":1146,"parent":0,"menu_order":0,"comment_status":"closed","ping_status":"closed","template":"","meta":{"_acf_changed":false,"footnotes":""},"class_list":["post-2454","page","type-page","status-publish","has-post-thumbnail","hentry"],"acf":[],"yoast_head":"<!-- This site is optimized with the Yoast SEO plugin v27.4 - https:\/\/yoast.com\/product\/yoast-seo-wordpress\/ -->\n<title>Sk\u00f6tsel - Sk\u00f6tsel av natursten - Reval Stone n\u00e4tbutik<\/title>\n<meta name=\"description\" content=\"Natursten \u00e4r ett k\u00e4nsligt material. Dolomit och kalksten m\u00e5ste reng\u00f6ras med rent vatten eller speciella reng\u00f6ringsmedel.\" \/>\n<meta name=\"robots\" content=\"index, follow, max-snippet:-1, max-image-preview:large, max-video-preview:-1\" \/>\n<link rel=\"canonical\" href=\"https:\/\/uus.revalstone.com\/sv\/skotsel\/\" \/>\n<meta property=\"og:locale\" content=\"sv_SE\" \/>\n<meta property=\"og:type\" content=\"article\" \/>\n<meta property=\"og:title\" content=\"Sk\u00f6tsel - Sk\u00f6tsel av natursten - Reval Stone n\u00e4tbutik\" \/>\n<meta property=\"og:description\" content=\"Natursten \u00e4r ett k\u00e4nsligt material. Dolomit och kalksten m\u00e5ste reng\u00f6ras med rent vatten eller speciella reng\u00f6ringsmedel.\" \/>\n<meta property=\"og:url\" content=\"https:\/\/uus.revalstone.com\/sv\/skotsel\/\" \/>\n<meta property=\"og:site_name\" content=\"Reval Stone n\u00e4tbutik\" \/>\n<meta property=\"article:publisher\" content=\"https:\/\/www.facebook.com\/revalstoneofficial\" \/>\n<meta property=\"article:modified_time\" content=\"2025-05-05T13:59:15+00:00\" \/>\n<meta property=\"og:image\" content=\"https:\/\/uus.revalstone.com\/wp-content\/uploads\/2021\/07\/Reval_Stone_care.jpg\" \/>\n\t<meta property=\"og:image:width\" content=\"1500\" \/>\n\t<meta property=\"og:image:height\" content=\"1001\" \/>\n\t<meta property=\"og:image:type\" content=\"image\/jpeg\" \/>\n<meta name=\"twitter:card\" content=\"summary_large_image\" \/>\n<meta name=\"twitter:label1\" content=\"Ber\u00e4knad l\u00e4stid\" \/>\n\t<meta name=\"twitter:data1\" content=\"2 minuter\" \/>\n<script type=\"application\/ld+json\" class=\"yoast-schema-graph\">{\"@context\":\"https:\\\/\\\/schema.org\",\"@graph\":[{\"@type\":\"WebPage\",\"@id\":\"https:\\\/\\\/uus.revalstone.com\\\/sv\\\/skotsel\\\/\",\"url\":\"https:\\\/\\\/uus.revalstone.com\\\/sv\\\/skotsel\\\/\",\"name\":\"Sk\u00f6tsel - Sk\u00f6tsel av natursten - Reval Stone n\u00e4tbutik\",\"isPartOf\":{\"@id\":\"https:\\\/\\\/uus.revalstone.com\\\/sv\\\/#website\"},\"primaryImageOfPage\":{\"@id\":\"https:\\\/\\\/uus.revalstone.com\\\/sv\\\/skotsel\\\/#primaryimage\"},\"image\":{\"@id\":\"https:\\\/\\\/uus.revalstone.com\\\/sv\\\/skotsel\\\/#primaryimage\"},\"thumbnailUrl\":\"https:\\\/\\\/uus.revalstone.com\\\/wp-content\\\/uploads\\\/2021\\\/07\\\/Reval_Stone_care.jpg\",\"datePublished\":\"2021-11-22T08:38:46+00:00\",\"dateModified\":\"2025-05-05T13:59:15+00:00\",\"description\":\"Natursten \u00e4r ett k\u00e4nsligt material. Dolomit och kalksten m\u00e5ste reng\u00f6ras med rent vatten eller speciella reng\u00f6ringsmedel.\",\"breadcrumb\":{\"@id\":\"https:\\\/\\\/uus.revalstone.com\\\/sv\\\/skotsel\\\/#breadcrumb\"},\"inLanguage\":\"sv-SE\",\"potentialAction\":[{\"@type\":\"ReadAction\",\"target\":[\"https:\\\/\\\/uus.revalstone.com\\\/sv\\\/skotsel\\\/\"]}]},{\"@type\":\"ImageObject\",\"inLanguage\":\"sv-SE\",\"@id\":\"https:\\\/\\\/uus.revalstone.com\\\/sv\\\/skotsel\\\/#primaryimage\",\"url\":\"https:\\\/\\\/uus.revalstone.com\\\/wp-content\\\/uploads\\\/2021\\\/07\\\/Reval_Stone_care.jpg\",\"contentUrl\":\"https:\\\/\\\/uus.revalstone.com\\\/wp-content\\\/uploads\\\/2021\\\/07\\\/Reval_Stone_care.jpg\",\"width\":1500,\"height\":1001,\"caption\":\"Reval Stone looduskivi hooldamine\"},{\"@type\":\"BreadcrumbList\",\"@id\":\"https:\\\/\\\/uus.revalstone.com\\\/sv\\\/skotsel\\\/#breadcrumb\",\"itemListElement\":[{\"@type\":\"ListItem\",\"position\":1,\"name\":\"Hemsida\",\"item\":\"https:\\\/\\\/uus.revalstone.com\\\/sv\\\/\"},{\"@type\":\"ListItem\",\"position\":2,\"name\":\"Sk\u00f6tsel\"}]},{\"@type\":\"WebSite\",\"@id\":\"https:\\\/\\\/uus.revalstone.com\\\/sv\\\/#website\",\"url\":\"https:\\\/\\\/uus.revalstone.com\\\/sv\\\/\",\"name\":\"Reval Stone n\u00e4tbutik\",\"description\":\"\",\"publisher\":{\"@id\":\"https:\\\/\\\/uus.revalstone.com\\\/sv\\\/#organization\"},\"potentialAction\":[{\"@type\":\"SearchAction\",\"target\":{\"@type\":\"EntryPoint\",\"urlTemplate\":\"https:\\\/\\\/uus.revalstone.com\\\/sv\\\/?s={search_term_string}\"},\"query-input\":{\"@type\":\"PropertyValueSpecification\",\"valueRequired\":true,\"valueName\":\"search_term_string\"}}],\"inLanguage\":\"sv-SE\"},{\"@type\":\"Organization\",\"@id\":\"https:\\\/\\\/uus.revalstone.com\\\/sv\\\/#organization\",\"name\":\"Reval Stone\",\"url\":\"https:\\\/\\\/uus.revalstone.com\\\/sv\\\/\",\"logo\":{\"@type\":\"ImageObject\",\"inLanguage\":\"sv-SE\",\"@id\":\"https:\\\/\\\/uus.revalstone.com\\\/sv\\\/#\\\/schema\\\/logo\\\/image\\\/\",\"url\":\"https:\\\/\\\/uus.revalstone.com\\\/wp-content\\\/uploads\\\/2021\\\/09\\\/Logo_v.png\",\"contentUrl\":\"https:\\\/\\\/uus.revalstone.com\\\/wp-content\\\/uploads\\\/2021\\\/09\\\/Logo_v.png\",\"width\":960,\"height\":672,\"caption\":\"Reval Stone\"},\"image\":{\"@id\":\"https:\\\/\\\/uus.revalstone.com\\\/sv\\\/#\\\/schema\\\/logo\\\/image\\\/\"},\"sameAs\":[\"https:\\\/\\\/www.facebook.com\\\/revalstoneofficial\",\"https:\\\/\\\/www.instagram.com\\\/revalstoneofficial\\\/\",\"https:\\\/\\\/en.wikipedia.org\\\/wiki\\\/Saare_Dolomiit-V\u00e4okivi\"]}]}<\/script>\n<!-- \/ Yoast SEO plugin. -->","yoast_head_json":{"title":"Sk\u00f6tsel - Sk\u00f6tsel av natursten - Reval Stone n\u00e4tbutik","description":"Natursten \u00e4r ett k\u00e4nsligt material. Dolomit och kalksten m\u00e5ste reng\u00f6ras med rent vatten eller speciella reng\u00f6ringsmedel.","robots":{"index":"index","follow":"follow","max-snippet":"max-snippet:-1","max-image-preview":"max-image-preview:large","max-video-preview":"max-video-preview:-1"},"canonical":"https:\/\/uus.revalstone.com\/sv\/skotsel\/","og_locale":"sv_SE","og_type":"article","og_title":"Sk\u00f6tsel - Sk\u00f6tsel av natursten - Reval Stone n\u00e4tbutik","og_description":"Natursten \u00e4r ett k\u00e4nsligt material. Dolomit och kalksten m\u00e5ste reng\u00f6ras med rent vatten eller speciella reng\u00f6ringsmedel.","og_url":"https:\/\/uus.revalstone.com\/sv\/skotsel\/","og_site_name":"Reval Stone n\u00e4tbutik","article_publisher":"https:\/\/www.facebook.com\/revalstoneofficial","article_modified_time":"2025-05-05T13:59:15+00:00","og_image":[{"width":1500,"height":1001,"url":"https:\/\/uus.revalstone.com\/wp-content\/uploads\/2021\/07\/Reval_Stone_care.jpg","type":"image\/jpeg"}],"twitter_card":"summary_large_image","twitter_misc":{"Ber\u00e4knad l\u00e4stid":"2 minuter"},"schema":{"@context":"https:\/\/schema.org","@graph":[{"@type":"WebPage","@id":"https:\/\/uus.revalstone.com\/sv\/skotsel\/","url":"https:\/\/uus.revalstone.com\/sv\/skotsel\/","name":"Sk\u00f6tsel - Sk\u00f6tsel av natursten - Reval Stone n\u00e4tbutik","isPartOf":{"@id":"https:\/\/uus.revalstone.com\/sv\/#website"},"primaryImageOfPage":{"@id":"https:\/\/uus.revalstone.com\/sv\/skotsel\/#primaryimage"},"image":{"@id":"https:\/\/uus.revalstone.com\/sv\/skotsel\/#primaryimage"},"thumbnailUrl":"https:\/\/uus.revalstone.com\/wp-content\/uploads\/2021\/07\/Reval_Stone_care.jpg","datePublished":"2021-11-22T08:38:46+00:00","dateModified":"2025-05-05T13:59:15+00:00","description":"Natursten \u00e4r ett k\u00e4nsligt material. Dolomit och kalksten m\u00e5ste reng\u00f6ras med rent vatten eller speciella reng\u00f6ringsmedel.","breadcrumb":{"@id":"https:\/\/uus.revalstone.com\/sv\/skotsel\/#breadcrumb"},"inLanguage":"sv-SE","potentialAction":[{"@type":"ReadAction","target":["https:\/\/uus.revalstone.com\/sv\/skotsel\/"]}]},{"@type":"ImageObject","inLanguage":"sv-SE","@id":"https:\/\/uus.revalstone.com\/sv\/skotsel\/#primaryimage","url":"https:\/\/uus.revalstone.com\/wp-content\/uploads\/2021\/07\/Reval_Stone_care.jpg","contentUrl":"https:\/\/uus.revalstone.com\/wp-content\/uploads\/2021\/07\/Reval_Stone_care.jpg","width":1500,"height":1001,"caption":"Reval Stone looduskivi hooldamine"},{"@type":"BreadcrumbList","@id":"https:\/\/uus.revalstone.com\/sv\/skotsel\/#breadcrumb","itemListElement":[{"@type":"ListItem","position":1,"name":"Hemsida","item":"https:\/\/uus.revalstone.com\/sv\/"},{"@type":"ListItem","position":2,"name":"Sk\u00f6tsel"}]},{"@type":"WebSite","@id":"https:\/\/uus.revalstone.com\/sv\/#website","url":"https:\/\/uus.revalstone.com\/sv\/","name":"Reval Stone n\u00e4tbutik","description":"","publisher":{"@id":"https:\/\/uus.revalstone.com\/sv\/#organization"},"potentialAction":[{"@type":"SearchAction","target":{"@type":"EntryPoint","urlTemplate":"https:\/\/uus.revalstone.com\/sv\/?s={search_term_string}"},"query-input":{"@type":"PropertyValueSpecification","valueRequired":true,"valueName":"search_term_string"}}],"inLanguage":"sv-SE"},{"@type":"Organization","@id":"https:\/\/uus.revalstone.com\/sv\/#organization","name":"Reval Stone","url":"https:\/\/uus.revalstone.com\/sv\/","logo":{"@type":"ImageObject","inLanguage":"sv-SE","@id":"https:\/\/uus.revalstone.com\/sv\/#\/schema\/logo\/image\/","url":"https:\/\/uus.revalstone.com\/wp-content\/uploads\/2021\/09\/Logo_v.png","contentUrl":"https:\/\/uus.revalstone.com\/wp-content\/uploads\/2021\/09\/Logo_v.png","width":960,"height":672,"caption":"Reval Stone"},"image":{"@id":"https:\/\/uus.revalstone.com\/sv\/#\/schema\/logo\/image\/"},"sameAs":["https:\/\/www.facebook.com\/revalstoneofficial","https:\/\/www.instagram.com\/revalstoneofficial\/","https:\/\/en.wikipedia.org\/wiki\/Saare_Dolomiit-V\u00e4okivi"]}]}},"_links":{"self":[{"href":"https:\/\/uus.revalstone.com\/sv\/wp-json\/wp\/v2\/pages\/2454","targetHints":{"allow":["GET"]}}],"collection":[{"href":"https:\/\/uus.revalstone.com\/sv\/wp-json\/wp\/v2\/pages"}],"about":[{"href":"https:\/\/uus.revalstone.com\/sv\/wp-json\/wp\/v2\/types\/page"}],"author":[{"embeddable":true,"href":"https:\/\/uus.revalstone.com\/sv\/wp-json\/wp\/v2\/users\/1"}],"replies":[{"embeddable":true,"href":"https:\/\/uus.revalstone.com\/sv\/wp-json\/wp\/v2\/comments?post=2454"}],"version-history":[{"count":0,"href":"https:\/\/uus.revalstone.com\/sv\/wp-json\/wp\/v2\/pages\/2454\/revisions"}],"wp:featuredmedia":[{"embeddable":true,"href":"https:\/\/uus.revalstone.com\/sv\/wp-json\/wp\/v2\/media\/1146"}],"wp:attachment":[{"href":"https:\/\/uus.revalstone.com\/sv\/wp-json\/wp\/v2\/media?parent=2454"}],"curies":[{"name":"wp","href":"https:\/\/api.w.org\/{rel}","templated":true}]}}