{"id":2456,"date":"2021-11-22T11:43:03","date_gmt":"2021-11-22T08:43:03","guid":{"rendered":"https:\/\/revalstone.com\/shop\/forvaring\/"},"modified":"2025-05-05T16:09:17","modified_gmt":"2025-05-05T13:09:17","slug":"forvaring","status":"publish","type":"page","link":"https:\/\/uus.revalstone.com\/sv\/forvaring\/","title":{"rendered":"F\u00f6rvaring"},"content":{"rendered":"\n<p>Var mycket f\u00f6rsiktig vid transport av naturstensprodukter och vid lyftning av pallar. <strong>Materialet \u00e4r \u00f6mt\u00e5ligt<\/strong> \u2013 det \u00e4r mycket k\u00e4nsligt f\u00f6r st\u00f6tar och andra mekaniska effekter. <strong>Plattornas kanter och h\u00f6rn \u00e4r s\u00e4rskilt \u00f6mt\u00e5liga<\/strong>.<\/p>\n\n\n\n<p>F\u00f6rvara kalksten eller dolomit \u00f6vert\u00e4ckt i <strong>ett torrt utrymme &nbsp;p\u00e5 ett plant och j\u00e4mt underlag<\/strong>. Undvik att uts\u00e4tta f\u00f6rpackat material f\u00f6r regn eller sn\u00f6.<\/p>\n\n\n\n<p>N\u00e4r du lagrar materialet, se till <strong>att inga f\u00f6rem\u00e5l av oxiderande metall l\u00e4mnas ovanp\u00e5 materialet<\/strong> (j\u00e4rnspik, metalltr\u00e5d osv). Om materialet fortfarande \u00e4r v\u00e5tt ska du inte f\u00f6rvara n\u00e5gra f\u00f6rem\u00e5l p\u00e5 dess yta \u2013 inte ens andra bitar av sten, pappersark eller andra f\u00f6rem\u00e5l. <strong>Dessa kan hindra stenens yta fr\u00e5n att torka j\u00e4mnt<\/strong>. Om stenen inte kan torka j\u00e4mnt, kan det uppst\u00e5 fl\u00e4ckar p\u00e5 st\u00e4llen d\u00e4r f\u00f6rem\u00e5len l\u00e5g under torkningen.<\/p>\n\n\n\n<p>Om best\u00e4llningen inneh\u00e5ller produkter av <strong>olika storlekar<\/strong> (t.ex. f\u00f6nsterb\u00e4nkar, b\u00e4nkskivor osv.) m\u00e5ste du <strong>omedelbart ta bort dem fr\u00e5n f\u00f6rpackningen<\/strong>. N\u00e4r du l\u00e4mnar plattor med olika l\u00e4ngder kvar i f\u00f6rpackningen, torkar de oj\u00e4mnt och det kan bildas o\u00f6nskade streck p\u00e5 dess ytor. Produkter av samma storlek som placeras exakt ovanp\u00e5 varandra kan f\u00f6rvaras i f\u00f6rpackningen under en l\u00e4ngre period. <strong>Det rekommenderas dock att \u00e4ven ta dessa ut ur f\u00f6rpackningen s\u00e5 snart som m\u00f6jligt<\/strong> s\u00e5 att plattorna kan torka.<\/p>\n\n\n\n<p>Vi rekommenderar att lagra materialet (som \u00e4r avl\u00e4gsnat fr\u00e5n f\u00f6rpackningen) <strong>p\u00e5 sidorna<\/strong> f\u00f6r att undvika att plattorna bryts under vikten av andra plattor. Natursten \u00e4r ett \u00f6mt\u00e5ligt material som \u00e4r mycket k\u00e4nsligt f\u00f6r st\u00f6tar och annan mekanisk p\u00e5verkan (<strong>plattornas kanter och h\u00f6rn \u00e4r s\u00e4rskilt \u00f6mt\u00e5liga<\/strong>).<\/p>\n\n\n\n<p>N\u00e4r du placerar v\u00e5ta plattor mot eller ovanp\u00e5 varandra, <strong>f\u00f6rs\u00e4kra dig om att de kan torka j\u00e4mnt<\/strong>. Plattor med samma storlek m\u00e5ste placeras exakt ovanp\u00e5 varandra f\u00f6r att undvika att det bildas streck och andra m\u00e4rken p\u00e5 plattans yta (p\u00e5 grund av torkning).<\/p>\n\n\n\n<p>L\u00e5t <strong>inte stenplattorna glida p\u00e5 varandra<\/strong> eftersom det kan repa plattornas yta.<\/p>\n","protected":false},"excerpt":{"rendered":"<p>Var mycket f\u00f6rsiktig vid transport av naturstensprodukter och vid lyftning av pallar. Materialet \u00e4r \u00f6mt\u00e5ligt \u2013 det \u00e4r mycket k\u00e4nsligt [&hellip;]<\/p>\n","protected":false},"author":1,"featured_media":1149,"parent":0,"menu_order":0,"comment_status":"closed","ping_status":"closed","template":"","meta":{"_acf_changed":false,"footnotes":""},"class_list":["post-2456","page","type-page","status-publish","has-post-thumbnail","hentry"],"acf":[],"yoast_head":"<!-- This site is optimized with the Yoast SEO plugin v27.4 - https:\/\/yoast.com\/product\/yoast-seo-wordpress\/ -->\n<title>F\u00f6rvaring - Golvplattor av natursten - Reval Stone n\u00e4tbutik<\/title>\n<meta name=\"description\" content=\"Hur f\u00f6rvarar man golvplattor av natursten? F\u00f6rvaring av dolomit och kalksten. Golvplattor, golvplattor med fallande l\u00e4ngder, dolomitplattor.\" \/>\n<meta name=\"robots\" content=\"index, follow, max-snippet:-1, max-image-preview:large, max-video-preview:-1\" \/>\n<link rel=\"canonical\" href=\"https:\/\/uus.revalstone.com\/sv\/forvaring\/\" \/>\n<meta property=\"og:locale\" content=\"sv_SE\" \/>\n<meta property=\"og:type\" content=\"article\" \/>\n<meta property=\"og:title\" content=\"F\u00f6rvaring - Golvplattor av natursten - Reval Stone n\u00e4tbutik\" \/>\n<meta property=\"og:description\" content=\"Hur f\u00f6rvarar man golvplattor av natursten? F\u00f6rvaring av dolomit och kalksten. Golvplattor, golvplattor med fallande l\u00e4ngder, dolomitplattor.\" \/>\n<meta property=\"og:url\" content=\"https:\/\/uus.revalstone.com\/sv\/forvaring\/\" \/>\n<meta property=\"og:site_name\" content=\"Reval Stone n\u00e4tbutik\" \/>\n<meta property=\"article:publisher\" content=\"https:\/\/www.facebook.com\/revalstoneofficial\" \/>\n<meta property=\"article:modified_time\" content=\"2025-05-05T13:09:17+00:00\" \/>\n<meta property=\"og:image\" content=\"https:\/\/uus.revalstone.com\/wp-content\/uploads\/2021\/07\/Reval_Stone_storage.jpg\" \/>\n\t<meta property=\"og:image:width\" content=\"1500\" \/>\n\t<meta property=\"og:image:height\" content=\"1001\" \/>\n\t<meta property=\"og:image:type\" content=\"image\/jpeg\" \/>\n<meta name=\"twitter:card\" content=\"summary_large_image\" \/>\n<meta name=\"twitter:label1\" content=\"Ber\u00e4knad l\u00e4stid\" \/>\n\t<meta name=\"twitter:data1\" content=\"2 minuter\" \/>\n<script type=\"application\/ld+json\" class=\"yoast-schema-graph\">{\"@context\":\"https:\\\/\\\/schema.org\",\"@graph\":[{\"@type\":\"WebPage\",\"@id\":\"https:\\\/\\\/uus.revalstone.com\\\/sv\\\/forvaring\\\/\",\"url\":\"https:\\\/\\\/uus.revalstone.com\\\/sv\\\/forvaring\\\/\",\"name\":\"F\u00f6rvaring - Golvplattor av natursten - Reval Stone n\u00e4tbutik\",\"isPartOf\":{\"@id\":\"https:\\\/\\\/uus.revalstone.com\\\/sv\\\/#website\"},\"primaryImageOfPage\":{\"@id\":\"https:\\\/\\\/uus.revalstone.com\\\/sv\\\/forvaring\\\/#primaryimage\"},\"image\":{\"@id\":\"https:\\\/\\\/uus.revalstone.com\\\/sv\\\/forvaring\\\/#primaryimage\"},\"thumbnailUrl\":\"https:\\\/\\\/uus.revalstone.com\\\/wp-content\\\/uploads\\\/2021\\\/07\\\/Reval_Stone_storage.jpg\",\"datePublished\":\"2021-11-22T08:43:03+00:00\",\"dateModified\":\"2025-05-05T13:09:17+00:00\",\"description\":\"Hur f\u00f6rvarar man golvplattor av natursten? F\u00f6rvaring av dolomit och kalksten. Golvplattor, golvplattor med fallande l\u00e4ngder, dolomitplattor.\",\"breadcrumb\":{\"@id\":\"https:\\\/\\\/uus.revalstone.com\\\/sv\\\/forvaring\\\/#breadcrumb\"},\"inLanguage\":\"sv-SE\",\"potentialAction\":[{\"@type\":\"ReadAction\",\"target\":[\"https:\\\/\\\/uus.revalstone.com\\\/sv\\\/forvaring\\\/\"]}]},{\"@type\":\"ImageObject\",\"inLanguage\":\"sv-SE\",\"@id\":\"https:\\\/\\\/uus.revalstone.com\\\/sv\\\/forvaring\\\/#primaryimage\",\"url\":\"https:\\\/\\\/uus.revalstone.com\\\/wp-content\\\/uploads\\\/2021\\\/07\\\/Reval_Stone_storage.jpg\",\"contentUrl\":\"https:\\\/\\\/uus.revalstone.com\\\/wp-content\\\/uploads\\\/2021\\\/07\\\/Reval_Stone_storage.jpg\",\"width\":1500,\"height\":1001,\"caption\":\"Reval Stone looduskivi hoiustamine\"},{\"@type\":\"BreadcrumbList\",\"@id\":\"https:\\\/\\\/uus.revalstone.com\\\/sv\\\/forvaring\\\/#breadcrumb\",\"itemListElement\":[{\"@type\":\"ListItem\",\"position\":1,\"name\":\"Hemsida\",\"item\":\"https:\\\/\\\/uus.revalstone.com\\\/sv\\\/\"},{\"@type\":\"ListItem\",\"position\":2,\"name\":\"F\u00f6rvaring\"}]},{\"@type\":\"WebSite\",\"@id\":\"https:\\\/\\\/uus.revalstone.com\\\/sv\\\/#website\",\"url\":\"https:\\\/\\\/uus.revalstone.com\\\/sv\\\/\",\"name\":\"Reval Stone n\u00e4tbutik\",\"description\":\"\",\"publisher\":{\"@id\":\"https:\\\/\\\/uus.revalstone.com\\\/sv\\\/#organization\"},\"potentialAction\":[{\"@type\":\"SearchAction\",\"target\":{\"@type\":\"EntryPoint\",\"urlTemplate\":\"https:\\\/\\\/uus.revalstone.com\\\/sv\\\/?s={search_term_string}\"},\"query-input\":{\"@type\":\"PropertyValueSpecification\",\"valueRequired\":true,\"valueName\":\"search_term_string\"}}],\"inLanguage\":\"sv-SE\"},{\"@type\":\"Organization\",\"@id\":\"https:\\\/\\\/uus.revalstone.com\\\/sv\\\/#organization\",\"name\":\"Reval Stone\",\"url\":\"https:\\\/\\\/uus.revalstone.com\\\/sv\\\/\",\"logo\":{\"@type\":\"ImageObject\",\"inLanguage\":\"sv-SE\",\"@id\":\"https:\\\/\\\/uus.revalstone.com\\\/sv\\\/#\\\/schema\\\/logo\\\/image\\\/\",\"url\":\"https:\\\/\\\/uus.revalstone.com\\\/wp-content\\\/uploads\\\/2021\\\/09\\\/Logo_v.png\",\"contentUrl\":\"https:\\\/\\\/uus.revalstone.com\\\/wp-content\\\/uploads\\\/2021\\\/09\\\/Logo_v.png\",\"width\":960,\"height\":672,\"caption\":\"Reval Stone\"},\"image\":{\"@id\":\"https:\\\/\\\/uus.revalstone.com\\\/sv\\\/#\\\/schema\\\/logo\\\/image\\\/\"},\"sameAs\":[\"https:\\\/\\\/www.facebook.com\\\/revalstoneofficial\",\"https:\\\/\\\/www.instagram.com\\\/revalstoneofficial\\\/\",\"https:\\\/\\\/en.wikipedia.org\\\/wiki\\\/Saare_Dolomiit-V\u00e4okivi\"]}]}<\/script>\n<!-- \/ Yoast SEO plugin. -->","yoast_head_json":{"title":"F\u00f6rvaring - Golvplattor av natursten - Reval Stone n\u00e4tbutik","description":"Hur f\u00f6rvarar man golvplattor av natursten? F\u00f6rvaring av dolomit och kalksten. Golvplattor, golvplattor med fallande l\u00e4ngder, dolomitplattor.","robots":{"index":"index","follow":"follow","max-snippet":"max-snippet:-1","max-image-preview":"max-image-preview:large","max-video-preview":"max-video-preview:-1"},"canonical":"https:\/\/uus.revalstone.com\/sv\/forvaring\/","og_locale":"sv_SE","og_type":"article","og_title":"F\u00f6rvaring - Golvplattor av natursten - Reval Stone n\u00e4tbutik","og_description":"Hur f\u00f6rvarar man golvplattor av natursten? F\u00f6rvaring av dolomit och kalksten. Golvplattor, golvplattor med fallande l\u00e4ngder, dolomitplattor.","og_url":"https:\/\/uus.revalstone.com\/sv\/forvaring\/","og_site_name":"Reval Stone n\u00e4tbutik","article_publisher":"https:\/\/www.facebook.com\/revalstoneofficial","article_modified_time":"2025-05-05T13:09:17+00:00","og_image":[{"width":1500,"height":1001,"url":"https:\/\/uus.revalstone.com\/wp-content\/uploads\/2021\/07\/Reval_Stone_storage.jpg","type":"image\/jpeg"}],"twitter_card":"summary_large_image","twitter_misc":{"Ber\u00e4knad l\u00e4stid":"2 minuter"},"schema":{"@context":"https:\/\/schema.org","@graph":[{"@type":"WebPage","@id":"https:\/\/uus.revalstone.com\/sv\/forvaring\/","url":"https:\/\/uus.revalstone.com\/sv\/forvaring\/","name":"F\u00f6rvaring - Golvplattor av natursten - Reval Stone n\u00e4tbutik","isPartOf":{"@id":"https:\/\/uus.revalstone.com\/sv\/#website"},"primaryImageOfPage":{"@id":"https:\/\/uus.revalstone.com\/sv\/forvaring\/#primaryimage"},"image":{"@id":"https:\/\/uus.revalstone.com\/sv\/forvaring\/#primaryimage"},"thumbnailUrl":"https:\/\/uus.revalstone.com\/wp-content\/uploads\/2021\/07\/Reval_Stone_storage.jpg","datePublished":"2021-11-22T08:43:03+00:00","dateModified":"2025-05-05T13:09:17+00:00","description":"Hur f\u00f6rvarar man golvplattor av natursten? F\u00f6rvaring av dolomit och kalksten. Golvplattor, golvplattor med fallande l\u00e4ngder, dolomitplattor.","breadcrumb":{"@id":"https:\/\/uus.revalstone.com\/sv\/forvaring\/#breadcrumb"},"inLanguage":"sv-SE","potentialAction":[{"@type":"ReadAction","target":["https:\/\/uus.revalstone.com\/sv\/forvaring\/"]}]},{"@type":"ImageObject","inLanguage":"sv-SE","@id":"https:\/\/uus.revalstone.com\/sv\/forvaring\/#primaryimage","url":"https:\/\/uus.revalstone.com\/wp-content\/uploads\/2021\/07\/Reval_Stone_storage.jpg","contentUrl":"https:\/\/uus.revalstone.com\/wp-content\/uploads\/2021\/07\/Reval_Stone_storage.jpg","width":1500,"height":1001,"caption":"Reval Stone looduskivi hoiustamine"},{"@type":"BreadcrumbList","@id":"https:\/\/uus.revalstone.com\/sv\/forvaring\/#breadcrumb","itemListElement":[{"@type":"ListItem","position":1,"name":"Hemsida","item":"https:\/\/uus.revalstone.com\/sv\/"},{"@type":"ListItem","position":2,"name":"F\u00f6rvaring"}]},{"@type":"WebSite","@id":"https:\/\/uus.revalstone.com\/sv\/#website","url":"https:\/\/uus.revalstone.com\/sv\/","name":"Reval Stone n\u00e4tbutik","description":"","publisher":{"@id":"https:\/\/uus.revalstone.com\/sv\/#organization"},"potentialAction":[{"@type":"SearchAction","target":{"@type":"EntryPoint","urlTemplate":"https:\/\/uus.revalstone.com\/sv\/?s={search_term_string}"},"query-input":{"@type":"PropertyValueSpecification","valueRequired":true,"valueName":"search_term_string"}}],"inLanguage":"sv-SE"},{"@type":"Organization","@id":"https:\/\/uus.revalstone.com\/sv\/#organization","name":"Reval Stone","url":"https:\/\/uus.revalstone.com\/sv\/","logo":{"@type":"ImageObject","inLanguage":"sv-SE","@id":"https:\/\/uus.revalstone.com\/sv\/#\/schema\/logo\/image\/","url":"https:\/\/uus.revalstone.com\/wp-content\/uploads\/2021\/09\/Logo_v.png","contentUrl":"https:\/\/uus.revalstone.com\/wp-content\/uploads\/2021\/09\/Logo_v.png","width":960,"height":672,"caption":"Reval Stone"},"image":{"@id":"https:\/\/uus.revalstone.com\/sv\/#\/schema\/logo\/image\/"},"sameAs":["https:\/\/www.facebook.com\/revalstoneofficial","https:\/\/www.instagram.com\/revalstoneofficial\/","https:\/\/en.wikipedia.org\/wiki\/Saare_Dolomiit-V\u00e4okivi"]}]}},"_links":{"self":[{"href":"https:\/\/uus.revalstone.com\/sv\/wp-json\/wp\/v2\/pages\/2456","targetHints":{"allow":["GET"]}}],"collection":[{"href":"https:\/\/uus.revalstone.com\/sv\/wp-json\/wp\/v2\/pages"}],"about":[{"href":"https:\/\/uus.revalstone.com\/sv\/wp-json\/wp\/v2\/types\/page"}],"author":[{"embeddable":true,"href":"https:\/\/uus.revalstone.com\/sv\/wp-json\/wp\/v2\/users\/1"}],"replies":[{"embeddable":true,"href":"https:\/\/uus.revalstone.com\/sv\/wp-json\/wp\/v2\/comments?post=2456"}],"version-history":[{"count":0,"href":"https:\/\/uus.revalstone.com\/sv\/wp-json\/wp\/v2\/pages\/2456\/revisions"}],"wp:featuredmedia":[{"embeddable":true,"href":"https:\/\/uus.revalstone.com\/sv\/wp-json\/wp\/v2\/media\/1149"}],"wp:attachment":[{"href":"https:\/\/uus.revalstone.com\/sv\/wp-json\/wp\/v2\/media?parent=2456"}],"curies":[{"name":"wp","href":"https:\/\/api.w.org\/{rel}","templated":true}]}}