{"id":2467,"date":"2021-11-22T17:09:07","date_gmt":"2021-11-22T14:09:07","guid":{"rendered":"https:\/\/revalstone.com\/shop\/frakt\/"},"modified":"2025-02-07T08:44:58","modified_gmt":"2025-02-07T05:44:58","slug":"frakt","status":"publish","type":"page","link":"https:\/\/uus.revalstone.com\/sv\/frakt\/","title":{"rendered":"Frakt"},"content":{"rendered":"\n<h2 class=\"wp-block-heading\" id=\"naidiste-transport\">Frakt av provbitar<\/h2>\n\n\n\n<p>Vid best\u00e4llning av provbitar tillkommer 20 euro f\u00f6r frakten till Sverige (plus moms). Kostnader f\u00f6r frakten till andra l\u00e4nder \u00e4r (exkl. moms):<\/p>\n\n\n\n<ul class=\"wp-block-list\">\n<li>Estland 6 \u20ac;<\/li>\n\n\n\n<li>Finland 20 \u20ac;<\/li>\n\n\n\n<li>Danmark 35 \u20ac;<\/li>\n\n\n\n<li>Lettland 10 \u20ac;<\/li>\n\n\n\n<li>Litauen 10 \u20ac;<\/li>\n\n\n\n<li>Polen 35 \u20ac.<\/li>\n<\/ul>\n\n\n\n<p>Provbitar \u00e4r 20 x 20 cm stora plattor som \u00e4r m\u00e4rkta och f\u00f6rpackade i en kartong i liknande storlek. F\u00f6rs\u00e4ndelsen levereras till dig av v\u00e5r logistikpartner som kommer att kontakta dig i f\u00f6rv\u00e4g.<\/p>\n\n\n\n<h2 class=\"wp-block-heading\" id=\"kaubaaluste-transport\">Frakt p\u00e5 lastpallar<\/h2>\n\n\n\n<p>Fraktkostnaden f\u00f6r varor som fraktas p\u00e5 europallar \u00e4r mellan 136\u2013161 euro inom Sverige (plus moms). Det \u00e4r ocks\u00e5 m\u00f6jligt att best\u00e4lla v\u00e5ra produkter till andra l\u00e4nder (se nedan).<\/p>\n\n\n\n<figure class=\"wp-block-table\"><table border=\"1.5\" style=\"border-collapse: collapse; border: 1px solid black;\"><tbody><tr><td><strong>Land<\/strong><\/td><td><strong>Postnummer<\/strong><\/td><td><strong>Pris per pall<\/strong><br><strong>(utan moms)<\/strong><\/td><\/tr><tr><td>Estland<\/td><td>Alla postnummer<\/td><td>60\u20ac<\/td><\/tr><tr><td>Lettland<\/td><td>Alla postnummer<\/td><td>89\u20ac<\/td><\/tr><tr><td>Litauen<\/td><td>Alla postnummer<\/td><td>96\u20ac<\/td><\/tr><tr><td>Polen<\/td><td>Alla postnummer<\/td><td>160\u20ac<\/td><\/tr><tr><td rowspan=\"4\">Sverige<\/td><td>B\u00f6rjande med 10-36<\/td><td>136\u20ac<\/td><\/tr><tr><td>B\u00f6rjande med 40-61, 63-98<\/td><td>149\u20ac<\/td><\/tr><tr><td>B\u00f6rjande med 37-39<\/td><td>161\u20ac<\/td><\/tr><tr><td>B\u00f6rjande med 62 och 43085<\/td><td>Fr\u00e5ga oss<\/td><\/tr><tr><td rowspan=\"2\">Finland<\/td><td>00001-39990<\/td><td>151\u20ac<\/td><\/tr><tr><td>Alla andra postnummer<\/td><td>187\u20ac<\/td><\/tr><tr><td rowspan=\"3\">Danmark<\/td><td>B\u00f6rjande med 1-36, 38-69<\/td><td>181\u20ac<\/td><\/tr><tr><td>B\u00f6rjande med 70-99<\/td><td>198\u20ac<\/td><\/tr><tr><td>B\u00f6rjande med 37<\/td><td>Fr\u00e5ga oss<\/td><\/tr><\/tbody><\/table><\/figure>\n\n\n\n<p><strong>OBS!<\/strong> I de flesta fall till\u00e4mpas ett specialpris p\u00e5 leverans till mindre \u00f6ar (\u00e4ven om det g\u00e5r att best\u00e4lla fr\u00e5n v\u00e5r n\u00e4tbutik med vanlig pris). Om du \u00e4r os\u00e4ker, fr\u00e5ga oss f\u00f6r mer information.<\/p>\n\n\n\n<p><strong>Ber\u00e4kning av antalet europallar<\/strong><\/p>\n\n\n\n<p>Varor som best\u00e4llts fr\u00e5n n\u00e4tbutiken f\u00f6rpackas i fabriken p\u00e5 en europall, med en maxvikt p\u00e5 700 kg. Golvplattornas vikt beror b\u00e5de p\u00e5 plattans storlek och tjocklek och varierar mellan 23,3 och 26,6 kg\/m2 f\u00f6r v\u00e5ra golvplattor med tjocklek 1 cm. Med pallens vikt medr\u00e4knat kan en pall inneh\u00e5lla mellan 25\u201329 kvadratmeter golvplattor enligt ovan angivet exempel.<\/p>\n\n\n\n<p><strong>Best\u00e4llning av l\u00e4ngre produkter<\/strong><\/p>\n\n\n\n<p>Om din best\u00e4llning inneh\u00e5ller produkter som \u00e4r l\u00e4ngre \u00e4n 120 cm kommer dessa att l\u00e4ggas p\u00e5 en specialbyggd pall. I detta fall \u00e4r leveranskostnaden h\u00f6gre och 40\u20ac (utan moms) tillkommer f\u00f6r pallen. Se listan nedan f\u00f6r mer detaljerad information.<\/p>\n\n\n\n<ul class=\"wp-block-list\">\n<li>F\u00f6r f\u00f6nsterb\u00e4nkar och b\u00e4nkskivor med en l\u00e4ngd p\u00e5 121-180 cm multipliceras kostnaden per pall med 1,5 och f\u00f6r en specialbyggd pall tillkomer 40\u20ac + moms.<\/li>\n\n\n\n<li>F\u00f6r f\u00f6nsterb\u00e4nkar och b\u00e4nkskivor med en l\u00e4ngd p\u00e5 181-220 cm multipliceras kostnaden per pall med 2,5 och f\u00f6r en specialbyggd pall tillkomer 40\u20ac + moms.<\/li>\n\n\n\n<li>Om best\u00e4llningen best\u00e5r av olika typer av f\u00f6rem\u00e5l kommer de att l\u00e4ggas p\u00e5 olika pallar (golvplattor och golvlister p\u00e5 en pall och f\u00f6nsterb\u00e4nkar och b\u00e4nkskivor p\u00e5 en annan pall).<\/li>\n<\/ul>\n\n\n\n<p><strong>Leverans av v\u00e5r logistikpartner<\/strong><\/p>\n\n\n\n<p>Varor f\u00f6rpackade p\u00e5 en europall levereras till dig av v\u00e5r logistikpartner i ett lastfordon med bakgavellyft. Till villor levereras varorna till tomtgr\u00e4nsen och till flerfamiljshus till ytterd\u00f6rren.<\/p>\n\n\n\n<p><strong>Leveranstid<\/strong><\/p>\n\n\n\n<p>De best\u00e4llda varorna kommer att&nbsp;skickas ut inom 3 veckor efter att best\u00e4llningen har betalats. Exakt leveranstid beror p\u00e5 om varor med \u00f6nskad storlek finns i lager. Om golvplattor med \u00f6nskade m\u00e5tt finns i lager skickar vi dem inom n\u00e5gra dagar. Om golvplattor med \u00f6nskade m\u00e5tt inte finns i lager, tillverkas dem och skickas inom tre veckor.<\/p>\n","protected":false},"excerpt":{"rendered":"<p>Frakt av provbitar Vid best\u00e4llning av provbitar tillkommer 20 euro f\u00f6r frakten till Sverige (plus moms). Kostnader f\u00f6r frakten till [&hellip;]<\/p>\n","protected":false},"author":1,"featured_media":1282,"parent":0,"menu_order":0,"comment_status":"closed","ping_status":"closed","template":"","meta":{"_acf_changed":false,"footnotes":""},"class_list":["post-2467","page","type-page","status-publish","has-post-thumbnail","hentry"],"acf":[],"yoast_head":"<!-- This site is optimized with the Yoast SEO plugin v27.4 - https:\/\/yoast.com\/product\/yoast-seo-wordpress\/ -->\n<title>Frakt - F\u00f6rs\u00e4ljning av golvplattor - Reval Stone n\u00e4tbutik<\/title>\n<meta name=\"description\" content=\"Frakt av golvplattor av dolomit och kalksten till Skandinavien. Best\u00e4ll produkter av natursten direkt fr\u00e5n tillverkares n\u00e4tbutik.\" \/>\n<meta name=\"robots\" content=\"index, follow, max-snippet:-1, max-image-preview:large, max-video-preview:-1\" \/>\n<link rel=\"canonical\" href=\"https:\/\/uus.revalstone.com\/sv\/frakt\/\" \/>\n<meta property=\"og:locale\" content=\"sv_SE\" \/>\n<meta property=\"og:type\" content=\"article\" \/>\n<meta property=\"og:title\" content=\"Frakt - F\u00f6rs\u00e4ljning av golvplattor - Reval Stone n\u00e4tbutik\" \/>\n<meta property=\"og:description\" content=\"Frakt av golvplattor av dolomit och kalksten till Skandinavien. Best\u00e4ll produkter av natursten direkt fr\u00e5n tillverkares n\u00e4tbutik.\" \/>\n<meta property=\"og:url\" content=\"https:\/\/uus.revalstone.com\/sv\/frakt\/\" \/>\n<meta property=\"og:site_name\" content=\"Reval Stone n\u00e4tbutik\" \/>\n<meta property=\"article:publisher\" content=\"https:\/\/www.facebook.com\/revalstoneofficial\" \/>\n<meta property=\"article:modified_time\" content=\"2025-02-07T05:44:58+00:00\" \/>\n<meta property=\"og:image\" content=\"https:\/\/uus.revalstone.com\/wp-content\/uploads\/2021\/07\/transport.jpg\" \/>\n\t<meta property=\"og:image:width\" content=\"1500\" \/>\n\t<meta property=\"og:image:height\" content=\"1001\" \/>\n\t<meta property=\"og:image:type\" content=\"image\/jpeg\" \/>\n<meta name=\"twitter:card\" content=\"summary_large_image\" \/>\n<meta name=\"twitter:label1\" content=\"Ber\u00e4knad l\u00e4stid\" \/>\n\t<meta name=\"twitter:data1\" content=\"3 minuter\" \/>\n<script type=\"application\/ld+json\" class=\"yoast-schema-graph\">{\"@context\":\"https:\\\/\\\/schema.org\",\"@graph\":[{\"@type\":\"WebPage\",\"@id\":\"https:\\\/\\\/uus.revalstone.com\\\/sv\\\/frakt\\\/\",\"url\":\"https:\\\/\\\/uus.revalstone.com\\\/sv\\\/frakt\\\/\",\"name\":\"Frakt - F\u00f6rs\u00e4ljning av golvplattor - Reval Stone n\u00e4tbutik\",\"isPartOf\":{\"@id\":\"https:\\\/\\\/uus.revalstone.com\\\/sv\\\/#website\"},\"primaryImageOfPage\":{\"@id\":\"https:\\\/\\\/uus.revalstone.com\\\/sv\\\/frakt\\\/#primaryimage\"},\"image\":{\"@id\":\"https:\\\/\\\/uus.revalstone.com\\\/sv\\\/frakt\\\/#primaryimage\"},\"thumbnailUrl\":\"https:\\\/\\\/uus.revalstone.com\\\/wp-content\\\/uploads\\\/2021\\\/07\\\/transport.jpg\",\"datePublished\":\"2021-11-22T14:09:07+00:00\",\"dateModified\":\"2025-02-07T05:44:58+00:00\",\"description\":\"Frakt av golvplattor av dolomit och kalksten till Skandinavien. Best\u00e4ll produkter av natursten direkt fr\u00e5n tillverkares n\u00e4tbutik.\",\"breadcrumb\":{\"@id\":\"https:\\\/\\\/uus.revalstone.com\\\/sv\\\/frakt\\\/#breadcrumb\"},\"inLanguage\":\"sv-SE\",\"potentialAction\":[{\"@type\":\"ReadAction\",\"target\":[\"https:\\\/\\\/uus.revalstone.com\\\/sv\\\/frakt\\\/\"]}]},{\"@type\":\"ImageObject\",\"inLanguage\":\"sv-SE\",\"@id\":\"https:\\\/\\\/uus.revalstone.com\\\/sv\\\/frakt\\\/#primaryimage\",\"url\":\"https:\\\/\\\/uus.revalstone.com\\\/wp-content\\\/uploads\\\/2021\\\/07\\\/transport.jpg\",\"contentUrl\":\"https:\\\/\\\/uus.revalstone.com\\\/wp-content\\\/uploads\\\/2021\\\/07\\\/transport.jpg\",\"width\":1500,\"height\":1001,\"caption\":\"kalksten lindan\u00e4s\"},{\"@type\":\"BreadcrumbList\",\"@id\":\"https:\\\/\\\/uus.revalstone.com\\\/sv\\\/frakt\\\/#breadcrumb\",\"itemListElement\":[{\"@type\":\"ListItem\",\"position\":1,\"name\":\"Hemsida\",\"item\":\"https:\\\/\\\/uus.revalstone.com\\\/sv\\\/\"},{\"@type\":\"ListItem\",\"position\":2,\"name\":\"Frakt\"}]},{\"@type\":\"WebSite\",\"@id\":\"https:\\\/\\\/uus.revalstone.com\\\/sv\\\/#website\",\"url\":\"https:\\\/\\\/uus.revalstone.com\\\/sv\\\/\",\"name\":\"Reval Stone n\u00e4tbutik\",\"description\":\"\",\"publisher\":{\"@id\":\"https:\\\/\\\/uus.revalstone.com\\\/sv\\\/#organization\"},\"potentialAction\":[{\"@type\":\"SearchAction\",\"target\":{\"@type\":\"EntryPoint\",\"urlTemplate\":\"https:\\\/\\\/uus.revalstone.com\\\/sv\\\/?s={search_term_string}\"},\"query-input\":{\"@type\":\"PropertyValueSpecification\",\"valueRequired\":true,\"valueName\":\"search_term_string\"}}],\"inLanguage\":\"sv-SE\"},{\"@type\":\"Organization\",\"@id\":\"https:\\\/\\\/uus.revalstone.com\\\/sv\\\/#organization\",\"name\":\"Reval Stone\",\"url\":\"https:\\\/\\\/uus.revalstone.com\\\/sv\\\/\",\"logo\":{\"@type\":\"ImageObject\",\"inLanguage\":\"sv-SE\",\"@id\":\"https:\\\/\\\/uus.revalstone.com\\\/sv\\\/#\\\/schema\\\/logo\\\/image\\\/\",\"url\":\"https:\\\/\\\/uus.revalstone.com\\\/wp-content\\\/uploads\\\/2021\\\/09\\\/Logo_v.png\",\"contentUrl\":\"https:\\\/\\\/uus.revalstone.com\\\/wp-content\\\/uploads\\\/2021\\\/09\\\/Logo_v.png\",\"width\":960,\"height\":672,\"caption\":\"Reval Stone\"},\"image\":{\"@id\":\"https:\\\/\\\/uus.revalstone.com\\\/sv\\\/#\\\/schema\\\/logo\\\/image\\\/\"},\"sameAs\":[\"https:\\\/\\\/www.facebook.com\\\/revalstoneofficial\",\"https:\\\/\\\/www.instagram.com\\\/revalstoneofficial\\\/\",\"https:\\\/\\\/en.wikipedia.org\\\/wiki\\\/Saare_Dolomiit-V\u00e4okivi\"]}]}<\/script>\n<!-- \/ Yoast SEO plugin. -->","yoast_head_json":{"title":"Frakt - F\u00f6rs\u00e4ljning av golvplattor - Reval Stone n\u00e4tbutik","description":"Frakt av golvplattor av dolomit och kalksten till Skandinavien. Best\u00e4ll produkter av natursten direkt fr\u00e5n tillverkares n\u00e4tbutik.","robots":{"index":"index","follow":"follow","max-snippet":"max-snippet:-1","max-image-preview":"max-image-preview:large","max-video-preview":"max-video-preview:-1"},"canonical":"https:\/\/uus.revalstone.com\/sv\/frakt\/","og_locale":"sv_SE","og_type":"article","og_title":"Frakt - F\u00f6rs\u00e4ljning av golvplattor - Reval Stone n\u00e4tbutik","og_description":"Frakt av golvplattor av dolomit och kalksten till Skandinavien. Best\u00e4ll produkter av natursten direkt fr\u00e5n tillverkares n\u00e4tbutik.","og_url":"https:\/\/uus.revalstone.com\/sv\/frakt\/","og_site_name":"Reval Stone n\u00e4tbutik","article_publisher":"https:\/\/www.facebook.com\/revalstoneofficial","article_modified_time":"2025-02-07T05:44:58+00:00","og_image":[{"width":1500,"height":1001,"url":"https:\/\/uus.revalstone.com\/wp-content\/uploads\/2021\/07\/transport.jpg","type":"image\/jpeg"}],"twitter_card":"summary_large_image","twitter_misc":{"Ber\u00e4knad l\u00e4stid":"3 minuter"},"schema":{"@context":"https:\/\/schema.org","@graph":[{"@type":"WebPage","@id":"https:\/\/uus.revalstone.com\/sv\/frakt\/","url":"https:\/\/uus.revalstone.com\/sv\/frakt\/","name":"Frakt - F\u00f6rs\u00e4ljning av golvplattor - Reval Stone n\u00e4tbutik","isPartOf":{"@id":"https:\/\/uus.revalstone.com\/sv\/#website"},"primaryImageOfPage":{"@id":"https:\/\/uus.revalstone.com\/sv\/frakt\/#primaryimage"},"image":{"@id":"https:\/\/uus.revalstone.com\/sv\/frakt\/#primaryimage"},"thumbnailUrl":"https:\/\/uus.revalstone.com\/wp-content\/uploads\/2021\/07\/transport.jpg","datePublished":"2021-11-22T14:09:07+00:00","dateModified":"2025-02-07T05:44:58+00:00","description":"Frakt av golvplattor av dolomit och kalksten till Skandinavien. Best\u00e4ll produkter av natursten direkt fr\u00e5n tillverkares n\u00e4tbutik.","breadcrumb":{"@id":"https:\/\/uus.revalstone.com\/sv\/frakt\/#breadcrumb"},"inLanguage":"sv-SE","potentialAction":[{"@type":"ReadAction","target":["https:\/\/uus.revalstone.com\/sv\/frakt\/"]}]},{"@type":"ImageObject","inLanguage":"sv-SE","@id":"https:\/\/uus.revalstone.com\/sv\/frakt\/#primaryimage","url":"https:\/\/uus.revalstone.com\/wp-content\/uploads\/2021\/07\/transport.jpg","contentUrl":"https:\/\/uus.revalstone.com\/wp-content\/uploads\/2021\/07\/transport.jpg","width":1500,"height":1001,"caption":"kalksten lindan\u00e4s"},{"@type":"BreadcrumbList","@id":"https:\/\/uus.revalstone.com\/sv\/frakt\/#breadcrumb","itemListElement":[{"@type":"ListItem","position":1,"name":"Hemsida","item":"https:\/\/uus.revalstone.com\/sv\/"},{"@type":"ListItem","position":2,"name":"Frakt"}]},{"@type":"WebSite","@id":"https:\/\/uus.revalstone.com\/sv\/#website","url":"https:\/\/uus.revalstone.com\/sv\/","name":"Reval Stone n\u00e4tbutik","description":"","publisher":{"@id":"https:\/\/uus.revalstone.com\/sv\/#organization"},"potentialAction":[{"@type":"SearchAction","target":{"@type":"EntryPoint","urlTemplate":"https:\/\/uus.revalstone.com\/sv\/?s={search_term_string}"},"query-input":{"@type":"PropertyValueSpecification","valueRequired":true,"valueName":"search_term_string"}}],"inLanguage":"sv-SE"},{"@type":"Organization","@id":"https:\/\/uus.revalstone.com\/sv\/#organization","name":"Reval Stone","url":"https:\/\/uus.revalstone.com\/sv\/","logo":{"@type":"ImageObject","inLanguage":"sv-SE","@id":"https:\/\/uus.revalstone.com\/sv\/#\/schema\/logo\/image\/","url":"https:\/\/uus.revalstone.com\/wp-content\/uploads\/2021\/09\/Logo_v.png","contentUrl":"https:\/\/uus.revalstone.com\/wp-content\/uploads\/2021\/09\/Logo_v.png","width":960,"height":672,"caption":"Reval Stone"},"image":{"@id":"https:\/\/uus.revalstone.com\/sv\/#\/schema\/logo\/image\/"},"sameAs":["https:\/\/www.facebook.com\/revalstoneofficial","https:\/\/www.instagram.com\/revalstoneofficial\/","https:\/\/en.wikipedia.org\/wiki\/Saare_Dolomiit-V\u00e4okivi"]}]}},"_links":{"self":[{"href":"https:\/\/uus.revalstone.com\/sv\/wp-json\/wp\/v2\/pages\/2467","targetHints":{"allow":["GET"]}}],"collection":[{"href":"https:\/\/uus.revalstone.com\/sv\/wp-json\/wp\/v2\/pages"}],"about":[{"href":"https:\/\/uus.revalstone.com\/sv\/wp-json\/wp\/v2\/types\/page"}],"author":[{"embeddable":true,"href":"https:\/\/uus.revalstone.com\/sv\/wp-json\/wp\/v2\/users\/1"}],"replies":[{"embeddable":true,"href":"https:\/\/uus.revalstone.com\/sv\/wp-json\/wp\/v2\/comments?post=2467"}],"version-history":[{"count":0,"href":"https:\/\/uus.revalstone.com\/sv\/wp-json\/wp\/v2\/pages\/2467\/revisions"}],"wp:featuredmedia":[{"embeddable":true,"href":"https:\/\/uus.revalstone.com\/sv\/wp-json\/wp\/v2\/media\/1282"}],"wp:attachment":[{"href":"https:\/\/uus.revalstone.com\/sv\/wp-json\/wp\/v2\/media?parent=2467"}],"curies":[{"name":"wp","href":"https:\/\/api.w.org\/{rel}","templated":true}]}}