{"id":2488,"date":"2021-11-23T17:05:14","date_gmt":"2021-11-23T14:05:14","guid":{"rendered":"https:\/\/revalstone.com\/shop\/om-oss\/"},"modified":"2025-01-28T16:47:47","modified_gmt":"2025-01-28T13:47:47","slug":"om-oss","status":"publish","type":"page","link":"https:\/\/uus.revalstone.com\/sv\/om-oss\/","title":{"rendered":"Om oss"},"content":{"rendered":"\n<h3 class=\"wp-block-heading\">Reval Stone<\/h3>\n\n\n\n<figure class=\"wp-block-embed is-type-video is-provider-youtube wp-block-embed-youtube wp-embed-aspect-16-9 wp-has-aspect-ratio\"><div class=\"wp-block-embed__wrapper\">\n<iframe loading=\"lazy\" title=\"Discover REVAL STONE - Natural Estonian Limestone and Dolomite Solutions\" width=\"555\" height=\"312\" src=\"https:\/\/www.youtube.com\/embed\/fsNOA7pvIEY?feature=oembed\" frameborder=\"0\" allow=\"accelerometer; autoplay; clipboard-write; encrypted-media; gyroscope; picture-in-picture; web-share\" referrerpolicy=\"strict-origin-when-cross-origin\" allowfullscreen><\/iframe>\n<\/div><figcaption class=\"wp-element-caption\">\u00d6verblick \u00f6ver produktionen: fr\u00e5n stenbrott till f\u00e4rdig produkt<\/figcaption><\/figure>\n\n\n\n<p><a href=\"https:\/\/revalstone.com\/?lang=sv\" target=\"_blank\" rel=\"noopener\"><span style=\"text-decoration: underline;\"><strong>Reval Stone<\/strong><\/span><\/a> (<strong>Limestone factories of Estonia O\u00dc<\/strong>), som bearbetar natursten, \u00e4r ett av Estlands \u00e4ldsta stenbrottsf\u00f6retag och bearbetare av natursten. Reval Stone betraktar 1967 som start\u00e5ret f\u00f6r v\u00e5r verksamhet \u2013 med Estniska SSR:s ministerr\u00e5ds f\u00f6rordning fr\u00e5n 1967-10-01 bildades d\u00e5 fabriken Eesti Dolomiits produktionsavdelning p\u00e5 \u00d6sel.<\/p>\n\n\n\n<blockquote class=\"wp-block-quote is-layout-flow wp-block-quote-is-layout-flow\">\n<p>Sedan 2007 marknadsf\u00f6r vi v\u00e5ra produkter under varum\u00e4rket <strong>Reval Stone<\/strong>.<\/p>\n<\/blockquote>\n\n\n\n<p>Tack vare v\u00e5r l\u00e5nga erfarenhet och moderna utrustning kan vi erbjuda ett brett urval av natursten. Vi erbjuder produkter av estnisk dolomit och kalksten i v\u00e5r n\u00e4tbutik. Vi har en egen fabrik p\u00e5 <strong>\u00d6sel<\/strong>. V\u00e5rt huvudkontor och showroom ligger i Tallinn.<\/p>\n\n\n\n<blockquote class=\"wp-block-quote is-layout-flow wp-block-quote-is-layout-flow\">\n<p>V\u00e5ra stenbrott ligger p\u00e5 <strong>\u00d6sel<\/strong> (Kaarma och Selgase dolomit), i <strong>Tallinn<\/strong> (kalksten Reval) och n\u00e4ra <strong>M\u00e4rjamaa<\/strong> (Orgita dolomit).<\/p>\n<\/blockquote>\n\n\n\n<figure class=\"wp-block-image size-large is-style-default\"><img decoding=\"async\" width=\"1024\" height=\"683\" src=\"https:\/\/uus.revalstone.com\/wp-content\/uploads\/2021\/07\/Reval_Stone_about-1024x683.jpg\" alt=\"Reval Stone, tillverkning\" class=\"wp-image-1243\" srcset=\"https:\/\/uus.revalstone.com\/wp-content\/uploads\/2021\/07\/Reval_Stone_about-1024x683.jpg 1024w, https:\/\/uus.revalstone.com\/wp-content\/uploads\/2021\/07\/Reval_Stone_about-300x200.jpg 300w, https:\/\/uus.revalstone.com\/wp-content\/uploads\/2021\/07\/Reval_Stone_about-768x512.jpg 768w, https:\/\/uus.revalstone.com\/wp-content\/uploads\/2021\/07\/Reval_Stone_about-750x500.jpg 750w, https:\/\/uus.revalstone.com\/wp-content\/uploads\/2021\/07\/Reval_Stone_about-460x307.jpg 460w, https:\/\/uus.revalstone.com\/wp-content\/uploads\/2021\/07\/Reval_Stone_about-1140x760.jpg 1140w, https:\/\/uus.revalstone.com\/wp-content\/uploads\/2021\/07\/Reval_Stone_about-150x100.jpg 150w, https:\/\/uus.revalstone.com\/wp-content\/uploads\/2021\/07\/Reval_Stone_about.jpg 1500w\" sizes=\"(max-width: 1024px) 100vw, 1024px\" \/><\/figure>\n\n\n\n<p><strong>Dolomit fr\u00e5n \u00d6sel<\/strong> har anv\u00e4nts som ett starkt och h\u00e5llbart byggmaterial \u00e4nda sedan 1200-talet, bl.a. f\u00f6r byggande av slottsmurar och kyrkov\u00e4ggar. Eftersom den \u00e4r l\u00e4tt att bearbeta och v\u00e4derbest\u00e4ndig har dolomit ofta anv\u00e4nts f\u00f6r gravstenar, grindstolpar, balustrader, kornischer, portaler, kolonner och kaminer. P\u00e5 senare tid har dolomit anv\u00e4nts i den utv\u00e4ndiga finishen f\u00f6r m\u00e5nga representativa byggnader i Tallinn, Sankt Petersburg, Moskva, Riga, Vilnius och m\u00e5nga andra st\u00e4der.<\/p>\n\n\n\n<p>Kalksten fr\u00e5n <strong>Tallinn (Reval)<\/strong> har anv\u00e4nts i \u00e5rhundraden som en bra byggsten i gamla stan i b\u00e5de Tallinn och Sankt Petersburg. Numera anv\u00e4nds kalksten fr\u00e5n Tallinn alltmer i heminredning. Golv belagda med kalkstensplattor Reval finns bl.a. i Baltikum, Skandinavien, Ryssland, Polen, Tyskland, England mm.<\/p>\n\n\n\n<p><strong>Dolomit Orgita<\/strong> \u00e4r en natursten som \u00e4r l\u00e4tt att bearbeta och som har ett unikt m\u00f6nster. Den bryts i omr\u00e5det som en g\u00e5ng tillh\u00f6rde herrg\u00e5rden Orgita (p\u00e5 tyska tidigare k\u00e4nd som&nbsp;Rosenthal). Genom \u00e5rhundraden har man uppskattat Orgita dolomitens egenskaper som en bekl\u00e4dnadssten, men \u00e4ven dess v\u00e4derbest\u00e4ndighet \u2013 stenen tros ha anv\u00e4nts \u00e4nda sedan 1300-talet. Historiskt har Orgita dolomit anv\u00e4nts som huggen sten och f\u00f6r utv\u00e4ndig finish men numera anv\u00e4nds stenen \u00e4ven i heminredning.<\/p>\n\n\n\n<p>Vi \u00e4r medlemmar i <span style=\"text-decoration: underline;\"><a href=\"http:\/\/paeliit.wordpress.com\/\" target=\"_blank\" rel=\"noreferrer noopener\">Estniska Kalkstensf\u00f6reningen<\/a><\/span>, <span style=\"text-decoration: underline;\"><a href=\"https:\/\/www.eetl.ee\/en\/\" target=\"_blank\" rel=\"noreferrer noopener\">F\u00f6reningen av Estniska Byggmaterialproducenter<\/a><\/span> och <span style=\"text-decoration: underline;\"><a href=\"http:\/\/www.emtel.ee\/\" target=\"_blank\" rel=\"noreferrer noopener\">F\u00f6reningen av Estniska Gruvbolag<\/a><\/span>.<\/p>\n\n\n\n<p>Mer information om v\u00e5r verksamhet, v\u00e5ra material, produktionsinriktningar och projekt d\u00e4r v\u00e5ra stenar har anv\u00e4nts hittar du <a href=\"https:\/\/revalstone.com\/?lang=sv\" target=\"_blank\" rel=\"noopener\"><strong><span style=\"text-decoration: underline;\">p\u00e5 v\u00e5r hemsida<\/span><\/strong><\/a>.<\/p>\n\n\n\n<hr class=\"wp-block-separator has-alpha-channel-opacity\"\/>\n\n\n\n<div class=\"wp-block-columns is-layout-flex wp-container-core-columns-is-layout-9d6595d7 wp-block-columns-is-layout-flex\">\n<div class=\"wp-block-column is-layout-flow wp-block-column-is-layout-flow\">\n<figure class=\"wp-block-image size-full\"><img decoding=\"async\" width=\"354\" height=\"354\" src=\"https:\/\/uus.revalstone.com\/wp-content\/uploads\/2023\/02\/rohelinevalik.png\" alt=\"\" class=\"wp-image-5528\" srcset=\"https:\/\/uus.revalstone.com\/wp-content\/uploads\/2023\/02\/rohelinevalik.png 354w, https:\/\/uus.revalstone.com\/wp-content\/uploads\/2023\/02\/rohelinevalik-300x300.png 300w, https:\/\/uus.revalstone.com\/wp-content\/uploads\/2023\/02\/rohelinevalik-150x150.png 150w, https:\/\/uus.revalstone.com\/wp-content\/uploads\/2023\/02\/rohelinevalik-100x100.png 100w, https:\/\/uus.revalstone.com\/wp-content\/uploads\/2023\/02\/rohelinevalik-50x50.png 50w\" sizes=\"(max-width: 354px) 100vw, 354px\" \/><\/figure>\n<\/div>\n\n\n\n<div class=\"wp-block-column is-layout-flow wp-block-column-is-layout-flow\">\n<figure class=\"wp-block-image size-large\"><a href=\"https:\/\/uus.revalstone.com\/wp-content\/uploads\/2024\/01\/EN_sert_2024.jpg\" data-lightbox=\"gal[2488]\"><img decoding=\"async\" width=\"700\" height=\"1024\" src=\"https:\/\/uus.revalstone.com\/wp-content\/uploads\/2024\/01\/EN_sert_2024-700x1024.jpg\" alt=\"\" class=\"wp-image-14593\" srcset=\"https:\/\/uus.revalstone.com\/wp-content\/uploads\/2024\/01\/EN_sert_2024-700x1024.jpg 700w, https:\/\/uus.revalstone.com\/wp-content\/uploads\/2024\/01\/EN_sert_2024-205x300.jpg 205w, https:\/\/uus.revalstone.com\/wp-content\/uploads\/2024\/01\/EN_sert_2024-768x1123.jpg 768w, https:\/\/uus.revalstone.com\/wp-content\/uploads\/2024\/01\/EN_sert_2024-460x673.jpg 460w, https:\/\/uus.revalstone.com\/wp-content\/uploads\/2024\/01\/EN_sert_2024-150x219.jpg 150w, https:\/\/uus.revalstone.com\/wp-content\/uploads\/2024\/01\/EN_sert_2024.jpg 1000w\" sizes=\"(max-width: 700px) 100vw, 700px\" \/><\/a><\/figure>\n<\/div>\n<\/div>\n\n\n\n<h2 class=\"wp-block-heading\">Limestone factories of Estonia O\u00dc anv\u00e4nder gr\u00f6n energi<\/h2>\n\n\n\n<p>Fr\u00e5n och med 2023 har vi f\u00e5tt certifikat \u201dGr\u00f6nt val\u201d som certifierar anv\u00e4ndningen av 100% f\u00f6rnybar energi producerad i Europa.<\/p>\n\n\n\n<hr class=\"wp-block-separator has-alpha-channel-opacity\"\/>\n\n\n\n<h2 class=\"wp-block-heading\"><strong>SAAREMAA (\u00d6SEL) \u00c4KTA PRODUKT<\/strong><\/h2>\n\n\n<div class=\"wp-block-image\">\n<figure class=\"aligncenter size-full is-resized\"><a href=\"https:\/\/ehtne.ee\/margikandja\/reval-stone\/\" target=\"_blank\" rel=\"noreferrer noopener\"><img decoding=\"async\" width=\"609\" height=\"567\" src=\"https:\/\/uus.revalstone.com\/wp-content\/uploads\/2024\/08\/Saaremaa-mark.png\" alt=\"\" class=\"wp-image-15962\" style=\"width:216px;height:auto\" srcset=\"https:\/\/uus.revalstone.com\/wp-content\/uploads\/2024\/08\/Saaremaa-mark.png 609w, https:\/\/uus.revalstone.com\/wp-content\/uploads\/2024\/08\/Saaremaa-mark-300x279.png 300w, https:\/\/uus.revalstone.com\/wp-content\/uploads\/2024\/08\/Saaremaa-mark-460x428.png 460w, https:\/\/uus.revalstone.com\/wp-content\/uploads\/2024\/08\/Saaremaa-mark-150x140.png 150w\" sizes=\"(max-width: 609px) 100vw, 609px\" \/><\/a><\/figure>\n<\/div>\n\n\n<p>Reval Stone b\u00e4r etiketten \u201e<a href=\"https:\/\/ehtne.ee\/margikandja\/reval-stone\/\" target=\"_blank\" rel=\"noreferrer noopener\">Saaremaa \u00c4KTA produkt<\/a>\u201c.<\/p>\n","protected":false},"excerpt":{"rendered":"<p>Reval Stone Reval Stone (Limestone factories of Estonia O\u00dc), som bearbetar natursten, \u00e4r ett av Estlands \u00e4ldsta stenbrottsf\u00f6retag och bearbetare [&hellip;]<\/p>\n","protected":false},"author":1,"featured_media":1152,"parent":0,"menu_order":0,"comment_status":"closed","ping_status":"closed","template":"","meta":{"_acf_changed":false,"footnotes":""},"class_list":["post-2488","page","type-page","status-publish","has-post-thumbnail","hentry"],"acf":[],"yoast_head":"<!-- This site is optimized with the Yoast SEO plugin v27.4 - https:\/\/yoast.com\/product\/yoast-seo-wordpress\/ -->\n<title>Om oss - Estnisk kalksten och dolomit - Reval Stone n\u00e4tbutik<\/title>\n<meta name=\"description\" content=\"Golvplattor av natursten fr\u00e5n tillverkare. Reval Stone bearbetar kalksten och dolomit. Kalksten Reval och dolomiter Kaarma, Orgita och Selgase.\" \/>\n<meta name=\"robots\" content=\"index, follow, max-snippet:-1, max-image-preview:large, max-video-preview:-1\" \/>\n<link rel=\"canonical\" href=\"https:\/\/uus.revalstone.com\/sv\/om-oss\/\" \/>\n<meta property=\"og:locale\" content=\"sv_SE\" \/>\n<meta property=\"og:type\" content=\"article\" \/>\n<meta property=\"og:title\" content=\"Om oss - Estnisk kalksten och dolomit - Reval Stone n\u00e4tbutik\" \/>\n<meta property=\"og:description\" content=\"Golvplattor av natursten fr\u00e5n tillverkare. Reval Stone bearbetar kalksten och dolomit. Kalksten Reval och dolomiter Kaarma, Orgita och Selgase.\" \/>\n<meta property=\"og:url\" content=\"https:\/\/uus.revalstone.com\/sv\/om-oss\/\" \/>\n<meta property=\"og:site_name\" content=\"Reval Stone n\u00e4tbutik\" \/>\n<meta property=\"article:publisher\" content=\"https:\/\/www.facebook.com\/revalstoneofficial\" \/>\n<meta property=\"article:modified_time\" content=\"2025-01-28T13:47:47+00:00\" \/>\n<meta property=\"og:image\" content=\"https:\/\/uus.revalstone.com\/wp-content\/uploads\/2021\/07\/Reval_Stone_installation.jpg\" \/>\n\t<meta property=\"og:image:width\" content=\"1500\" \/>\n\t<meta property=\"og:image:height\" content=\"1000\" \/>\n\t<meta property=\"og:image:type\" content=\"image\/jpeg\" \/>\n<meta name=\"twitter:card\" content=\"summary_large_image\" \/>\n<meta name=\"twitter:label1\" content=\"Ber\u00e4knad l\u00e4stid\" \/>\n\t<meta name=\"twitter:data1\" content=\"3 minuter\" \/>\n<script type=\"application\/ld+json\" class=\"yoast-schema-graph\">{\"@context\":\"https:\\\/\\\/schema.org\",\"@graph\":[{\"@type\":\"WebPage\",\"@id\":\"https:\\\/\\\/uus.revalstone.com\\\/sv\\\/om-oss\\\/\",\"url\":\"https:\\\/\\\/uus.revalstone.com\\\/sv\\\/om-oss\\\/\",\"name\":\"Om oss - Estnisk kalksten och dolomit - Reval Stone n\u00e4tbutik\",\"isPartOf\":{\"@id\":\"https:\\\/\\\/uus.revalstone.com\\\/sv\\\/#website\"},\"primaryImageOfPage\":{\"@id\":\"https:\\\/\\\/uus.revalstone.com\\\/sv\\\/om-oss\\\/#primaryimage\"},\"image\":{\"@id\":\"https:\\\/\\\/uus.revalstone.com\\\/sv\\\/om-oss\\\/#primaryimage\"},\"thumbnailUrl\":\"https:\\\/\\\/uus.revalstone.com\\\/wp-content\\\/uploads\\\/2021\\\/07\\\/Reval_Stone_installation.jpg\",\"datePublished\":\"2021-11-23T14:05:14+00:00\",\"dateModified\":\"2025-01-28T13:47:47+00:00\",\"description\":\"Golvplattor av natursten fr\u00e5n tillverkare. Reval Stone bearbetar kalksten och dolomit. Kalksten Reval och dolomiter Kaarma, Orgita och Selgase.\",\"breadcrumb\":{\"@id\":\"https:\\\/\\\/uus.revalstone.com\\\/sv\\\/om-oss\\\/#breadcrumb\"},\"inLanguage\":\"sv-SE\",\"potentialAction\":[{\"@type\":\"ReadAction\",\"target\":[\"https:\\\/\\\/uus.revalstone.com\\\/sv\\\/om-oss\\\/\"]}]},{\"@type\":\"ImageObject\",\"inLanguage\":\"sv-SE\",\"@id\":\"https:\\\/\\\/uus.revalstone.com\\\/sv\\\/om-oss\\\/#primaryimage\",\"url\":\"https:\\\/\\\/uus.revalstone.com\\\/wp-content\\\/uploads\\\/2021\\\/07\\\/Reval_Stone_installation.jpg\",\"contentUrl\":\"https:\\\/\\\/uus.revalstone.com\\\/wp-content\\\/uploads\\\/2021\\\/07\\\/Reval_Stone_installation.jpg\",\"width\":1500,\"height\":1000,\"caption\":\"Reval Stone looduskivi paigaldamine\"},{\"@type\":\"BreadcrumbList\",\"@id\":\"https:\\\/\\\/uus.revalstone.com\\\/sv\\\/om-oss\\\/#breadcrumb\",\"itemListElement\":[{\"@type\":\"ListItem\",\"position\":1,\"name\":\"Hemsida\",\"item\":\"https:\\\/\\\/uus.revalstone.com\\\/sv\\\/\"},{\"@type\":\"ListItem\",\"position\":2,\"name\":\"Om oss\"}]},{\"@type\":\"WebSite\",\"@id\":\"https:\\\/\\\/uus.revalstone.com\\\/sv\\\/#website\",\"url\":\"https:\\\/\\\/uus.revalstone.com\\\/sv\\\/\",\"name\":\"Reval Stone n\u00e4tbutik\",\"description\":\"\",\"publisher\":{\"@id\":\"https:\\\/\\\/uus.revalstone.com\\\/sv\\\/#organization\"},\"potentialAction\":[{\"@type\":\"SearchAction\",\"target\":{\"@type\":\"EntryPoint\",\"urlTemplate\":\"https:\\\/\\\/uus.revalstone.com\\\/sv\\\/?s={search_term_string}\"},\"query-input\":{\"@type\":\"PropertyValueSpecification\",\"valueRequired\":true,\"valueName\":\"search_term_string\"}}],\"inLanguage\":\"sv-SE\"},{\"@type\":\"Organization\",\"@id\":\"https:\\\/\\\/uus.revalstone.com\\\/sv\\\/#organization\",\"name\":\"Reval Stone\",\"url\":\"https:\\\/\\\/uus.revalstone.com\\\/sv\\\/\",\"logo\":{\"@type\":\"ImageObject\",\"inLanguage\":\"sv-SE\",\"@id\":\"https:\\\/\\\/uus.revalstone.com\\\/sv\\\/#\\\/schema\\\/logo\\\/image\\\/\",\"url\":\"https:\\\/\\\/uus.revalstone.com\\\/wp-content\\\/uploads\\\/2021\\\/09\\\/Logo_v.png\",\"contentUrl\":\"https:\\\/\\\/uus.revalstone.com\\\/wp-content\\\/uploads\\\/2021\\\/09\\\/Logo_v.png\",\"width\":960,\"height\":672,\"caption\":\"Reval Stone\"},\"image\":{\"@id\":\"https:\\\/\\\/uus.revalstone.com\\\/sv\\\/#\\\/schema\\\/logo\\\/image\\\/\"},\"sameAs\":[\"https:\\\/\\\/www.facebook.com\\\/revalstoneofficial\",\"https:\\\/\\\/www.instagram.com\\\/revalstoneofficial\\\/\",\"https:\\\/\\\/en.wikipedia.org\\\/wiki\\\/Saare_Dolomiit-V\u00e4okivi\"]}]}<\/script>\n<!-- \/ Yoast SEO plugin. -->","yoast_head_json":{"title":"Om oss - Estnisk kalksten och dolomit - Reval Stone n\u00e4tbutik","description":"Golvplattor av natursten fr\u00e5n tillverkare. Reval Stone bearbetar kalksten och dolomit. Kalksten Reval och dolomiter Kaarma, Orgita och Selgase.","robots":{"index":"index","follow":"follow","max-snippet":"max-snippet:-1","max-image-preview":"max-image-preview:large","max-video-preview":"max-video-preview:-1"},"canonical":"https:\/\/uus.revalstone.com\/sv\/om-oss\/","og_locale":"sv_SE","og_type":"article","og_title":"Om oss - Estnisk kalksten och dolomit - Reval Stone n\u00e4tbutik","og_description":"Golvplattor av natursten fr\u00e5n tillverkare. Reval Stone bearbetar kalksten och dolomit. Kalksten Reval och dolomiter Kaarma, Orgita och Selgase.","og_url":"https:\/\/uus.revalstone.com\/sv\/om-oss\/","og_site_name":"Reval Stone n\u00e4tbutik","article_publisher":"https:\/\/www.facebook.com\/revalstoneofficial","article_modified_time":"2025-01-28T13:47:47+00:00","og_image":[{"width":1500,"height":1000,"url":"https:\/\/uus.revalstone.com\/wp-content\/uploads\/2021\/07\/Reval_Stone_installation.jpg","type":"image\/jpeg"}],"twitter_card":"summary_large_image","twitter_misc":{"Ber\u00e4knad l\u00e4stid":"3 minuter"},"schema":{"@context":"https:\/\/schema.org","@graph":[{"@type":"WebPage","@id":"https:\/\/uus.revalstone.com\/sv\/om-oss\/","url":"https:\/\/uus.revalstone.com\/sv\/om-oss\/","name":"Om oss - Estnisk kalksten och dolomit - Reval Stone n\u00e4tbutik","isPartOf":{"@id":"https:\/\/uus.revalstone.com\/sv\/#website"},"primaryImageOfPage":{"@id":"https:\/\/uus.revalstone.com\/sv\/om-oss\/#primaryimage"},"image":{"@id":"https:\/\/uus.revalstone.com\/sv\/om-oss\/#primaryimage"},"thumbnailUrl":"https:\/\/uus.revalstone.com\/wp-content\/uploads\/2021\/07\/Reval_Stone_installation.jpg","datePublished":"2021-11-23T14:05:14+00:00","dateModified":"2025-01-28T13:47:47+00:00","description":"Golvplattor av natursten fr\u00e5n tillverkare. Reval Stone bearbetar kalksten och dolomit. Kalksten Reval och dolomiter Kaarma, Orgita och Selgase.","breadcrumb":{"@id":"https:\/\/uus.revalstone.com\/sv\/om-oss\/#breadcrumb"},"inLanguage":"sv-SE","potentialAction":[{"@type":"ReadAction","target":["https:\/\/uus.revalstone.com\/sv\/om-oss\/"]}]},{"@type":"ImageObject","inLanguage":"sv-SE","@id":"https:\/\/uus.revalstone.com\/sv\/om-oss\/#primaryimage","url":"https:\/\/uus.revalstone.com\/wp-content\/uploads\/2021\/07\/Reval_Stone_installation.jpg","contentUrl":"https:\/\/uus.revalstone.com\/wp-content\/uploads\/2021\/07\/Reval_Stone_installation.jpg","width":1500,"height":1000,"caption":"Reval Stone looduskivi paigaldamine"},{"@type":"BreadcrumbList","@id":"https:\/\/uus.revalstone.com\/sv\/om-oss\/#breadcrumb","itemListElement":[{"@type":"ListItem","position":1,"name":"Hemsida","item":"https:\/\/uus.revalstone.com\/sv\/"},{"@type":"ListItem","position":2,"name":"Om oss"}]},{"@type":"WebSite","@id":"https:\/\/uus.revalstone.com\/sv\/#website","url":"https:\/\/uus.revalstone.com\/sv\/","name":"Reval Stone n\u00e4tbutik","description":"","publisher":{"@id":"https:\/\/uus.revalstone.com\/sv\/#organization"},"potentialAction":[{"@type":"SearchAction","target":{"@type":"EntryPoint","urlTemplate":"https:\/\/uus.revalstone.com\/sv\/?s={search_term_string}"},"query-input":{"@type":"PropertyValueSpecification","valueRequired":true,"valueName":"search_term_string"}}],"inLanguage":"sv-SE"},{"@type":"Organization","@id":"https:\/\/uus.revalstone.com\/sv\/#organization","name":"Reval Stone","url":"https:\/\/uus.revalstone.com\/sv\/","logo":{"@type":"ImageObject","inLanguage":"sv-SE","@id":"https:\/\/uus.revalstone.com\/sv\/#\/schema\/logo\/image\/","url":"https:\/\/uus.revalstone.com\/wp-content\/uploads\/2021\/09\/Logo_v.png","contentUrl":"https:\/\/uus.revalstone.com\/wp-content\/uploads\/2021\/09\/Logo_v.png","width":960,"height":672,"caption":"Reval Stone"},"image":{"@id":"https:\/\/uus.revalstone.com\/sv\/#\/schema\/logo\/image\/"},"sameAs":["https:\/\/www.facebook.com\/revalstoneofficial","https:\/\/www.instagram.com\/revalstoneofficial\/","https:\/\/en.wikipedia.org\/wiki\/Saare_Dolomiit-V\u00e4okivi"]}]}},"_links":{"self":[{"href":"https:\/\/uus.revalstone.com\/sv\/wp-json\/wp\/v2\/pages\/2488","targetHints":{"allow":["GET"]}}],"collection":[{"href":"https:\/\/uus.revalstone.com\/sv\/wp-json\/wp\/v2\/pages"}],"about":[{"href":"https:\/\/uus.revalstone.com\/sv\/wp-json\/wp\/v2\/types\/page"}],"author":[{"embeddable":true,"href":"https:\/\/uus.revalstone.com\/sv\/wp-json\/wp\/v2\/users\/1"}],"replies":[{"embeddable":true,"href":"https:\/\/uus.revalstone.com\/sv\/wp-json\/wp\/v2\/comments?post=2488"}],"version-history":[{"count":0,"href":"https:\/\/uus.revalstone.com\/sv\/wp-json\/wp\/v2\/pages\/2488\/revisions"}],"wp:featuredmedia":[{"embeddable":true,"href":"https:\/\/uus.revalstone.com\/sv\/wp-json\/wp\/v2\/media\/1152"}],"wp:attachment":[{"href":"https:\/\/uus.revalstone.com\/sv\/wp-json\/wp\/v2\/media?parent=2488"}],"curies":[{"name":"wp","href":"https:\/\/api.w.org\/{rel}","templated":true}]}}