{"id":16550,"date":"2024-09-11T15:05:12","date_gmt":"2024-09-11T12:05:12","guid":{"rendered":"https:\/\/revalstone.com\/shop\/product\/oregelbundna-plattor\/"},"modified":"2026-02-20T14:05:55","modified_gmt":"2026-02-20T11:05:55","slug":"oregelbundna-plattor","status":"publish","type":"product","link":"https:\/\/uus.revalstone.com\/sv\/produkt\/oregelbundna-plattor\/","title":{"rendered":"Oregelbundna plattor"},"content":{"rendered":"","protected":false},"excerpt":{"rendered":"<p><strong>Oregelbundna tr\u00e5dskurna stenplattor<\/strong> \u00e4r ett utm\u00e4rkt val <strong>f\u00f6r tr\u00e4dg\u00e5rdar<\/strong>, d\u00e4r de blir en naturlig, distinkt och h\u00e5llbar l\u00f6sning som kommer att h\u00e5lla i m\u00e5nga \u00e5r. Plattorna tillverkas i v\u00e5r fabrik p\u00e5 \u00d6sel av de estniska dolomitsorterna <a href=\"https:\/\/revalstone.com\/dolomiit-kaarma\/?lang=sv\" target=\"_blank\" rel=\"noopener\"><span style=\"text-decoration: underline;\"><strong>Kaarma<\/strong><\/span><\/a>, <a href=\"https:\/\/revalstone.com\/dolomiit-orgita\/?lang=sv\" target=\"_blank\" rel=\"noopener\"><span style=\"text-decoration: underline;\"><strong>Orgita<\/strong><\/span><\/a> och <a href=\"https:\/\/revalstone.com\/dolomiit-selgase\/?lang=sv\" target=\"_blank\" rel=\"noopener\"><span style=\"text-decoration: underline;\"><strong>Selgase<\/strong><\/span><\/a>. Varje platta \u00e4r unik, med distinkta naturliga linjer och strukturer som ger dina <strong>utomhusytor<\/strong> karakt\u00e4r och jordn\u00e4ra k\u00e4nsla.<\/p>\n<p>De flesta plattornas storlek varierar fr\u00e5n cirka 0,5 till 1 m\u00b2, men st\u00f6rre och\/eller mindre bitar kan ocks\u00e5 f\u00f6rekomma.\u00a0 Dolomit \u00e4r l\u00e4tt att bearbeta, och plattorna \u00e4r l\u00e4tta att sk\u00e4ra p\u00e5 plats, vid behov i mindre bitar. Plattorna kan ha naturliga sprickor.<\/p>\n<p><strong>Ytan p\u00e5 de tr\u00e5dskurna plattorna \u00e4r n\u00e5got grov<\/strong>, vilket ger dem ett naturligt utseende och bra grepp, vilket g\u00f6r dem idealiska f\u00f6r <strong>utomhusbruk<\/strong>. Dessutom har dolomit bevisat sig ha god frostbest\u00e4ndighet.<\/p>\n<p>Dessa <strong>oregelbundna dolomitplattor<\/strong> \u00e4r det perfekta valet om du letar efter n\u00e5got naturn\u00e4ra och h\u00e5llbart f\u00f6r ditt <strong>tr\u00e4dg\u00e5rdsprojekt<\/strong> eller din <strong>stenbel\u00e4ggning<\/strong> (passar inte f\u00f6r att k\u00f6ra p\u00e5 med bil).<\/p>\n<h3><strong>Produktens f\u00f6rdelar<\/strong><\/h3>\n<ul>\n<li>Tillverkad av estniska natursten: <strong>Kaarma, Orgita eller Selgas dolomit<\/strong>.<\/li>\n<li><strong>Naturligt och slitstarkt material<\/strong> som t\u00e5l kyla v\u00e4l.<\/li>\n<li><strong>Unik oregelbunden form<\/strong> som ger varje platta ett unikt utseende.<\/li>\n<li>Den grova <strong>tr\u00e5dskurna ytan<\/strong> ger bra grepp.<\/li>\n<li>Perfekt f\u00f6r att skapa <strong>steng\u00e5ngar<\/strong> och <strong>uteplatser<\/strong>.<\/li>\n<li>Det g\u00e5r att producera stenar av <strong>olika tjocklek<\/strong>.<\/li>\n<\/ul>\n<h3><strong>Priser<\/strong><\/h3>\n<p>Tjockleken p\u00e5 plattorna som kan best\u00e4llas \u00e4r fr\u00e5n 40 mm.<\/p>\n<ul>\n<li><strong>Dolomit Kaarma:<\/strong> 65\u20ac EUR\/m\u00b2 (moms 25 % tillkommer).<\/li>\n<li><strong>Dolomit Orgita:<\/strong> 78\u20ac EUR\/m\u00b2 (moms 25 % tillkommer).<\/li>\n<li><strong>Dolomit Selgase:<\/strong> 91\u20ac EUR\/m\u00b2 (moms 25 % tillkommer).<\/li>\n<\/ul>\n<p><strong>Observera:<\/strong> varje 10 mm extra tjocklek \u00f6kar priset per m\u00b2 med 10 %.<\/p>\n<h3><strong>Produktionstid och leverans<\/strong><\/h3>\n<p>Beroende p\u00e5 kvantitet tar produktionen cirka 3 veckor fr\u00e5n mottagandet av f\u00f6rskottsbetalning. F\u00f6r transportpriser, v\u00e4nligen kontakta oss direkt (se nedan).<\/p>\n<h3><strong>Best\u00e4llning<\/strong><\/h3>\n<p><span style=\"color: #009d89;\"><strong>F\u00f6r att best\u00e4lla produkten, v\u00e4nligen kontakta oss direkt: <\/strong><\/span>skicka ett mail till \u00a0<a href=\"mailto:raili.ratas@limestone.ee\"><span style=\"text-decoration: underline;\"><strong>raili.ratas@limestone.ee<\/strong><\/span><\/a> eller ring <strong>+372 507 9981<\/strong>.<\/p>\n","protected":false},"featured_media":17087,"comment_status":"closed","ping_status":"closed","template":"","meta":{"_acf_changed":false},"product_brand":[],"product_cat":[230,410],"product_tag":[],"class_list":{"0":"post-16550","1":"product","2":"type-product","3":"status-publish","4":"has-post-thumbnail","6":"product_cat-misc-sv","7":"product_cat-oregelbundna-plattor","9":"first","10":"instock","11":"taxable","12":"shipping-taxable","13":"product-type-simple"},"acf":[],"yoast_head":"<!-- This site is optimized with the Yoast SEO plugin v27.4 - https:\/\/yoast.com\/product\/yoast-seo-wordpress\/ -->\n<title>Oregelbundna plattor - Reval Stone n\u00e4tbutik<\/title>\n<meta name=\"description\" content=\"Oregelbundna plattor av natursten \u00e4r ett utm\u00e4rkt val f\u00f6r tr\u00e4dg\u00e5rdsdesign. Tillverkad av estnisk dolomit p\u00e5 \u00d6sel. Varje platta \u00e4r unik.\" \/>\n<meta name=\"robots\" content=\"index, follow, max-snippet:-1, max-image-preview:large, max-video-preview:-1\" \/>\n<link rel=\"canonical\" href=\"https:\/\/uus.revalstone.com\/sv\/produkt\/oregelbundna-plattor\/\" \/>\n<meta property=\"og:locale\" content=\"sv_SE\" \/>\n<meta property=\"og:type\" content=\"article\" \/>\n<meta property=\"og:title\" content=\"Oregelbundna plattor - Reval Stone n\u00e4tbutik\" \/>\n<meta property=\"og:description\" content=\"Oregelbundna plattor av natursten \u00e4r ett utm\u00e4rkt val f\u00f6r tr\u00e4dg\u00e5rdsdesign. Tillverkad av estnisk dolomit p\u00e5 \u00d6sel. Varje platta \u00e4r unik.\" \/>\n<meta property=\"og:url\" content=\"https:\/\/uus.revalstone.com\/sv\/produkt\/oregelbundna-plattor\/\" \/>\n<meta property=\"og:site_name\" content=\"Reval Stone n\u00e4tbutik\" \/>\n<meta property=\"article:publisher\" content=\"https:\/\/www.facebook.com\/revalstoneofficial\" \/>\n<meta property=\"article:modified_time\" content=\"2026-02-20T11:05:55+00:00\" \/>\n<meta property=\"og:image\" content=\"https:\/\/uus.revalstone.com\/wp-content\/uploads\/2025\/04\/Tross-saetud-vabakujuline-kiviplaat-Orgita-1-slt.jpg\" \/>\n\t<meta property=\"og:image:width\" content=\"2000\" \/>\n\t<meta property=\"og:image:height\" content=\"1500\" \/>\n\t<meta property=\"og:image:type\" content=\"image\/jpeg\" \/>\n<meta name=\"twitter:card\" content=\"summary_large_image\" \/>\n<meta name=\"twitter:label1\" content=\"Ber\u00e4knad l\u00e4stid\" \/>\n\t<meta name=\"twitter:data1\" content=\"1 minut\" \/>\n<script type=\"application\/ld+json\" class=\"yoast-schema-graph\">{\"@context\":\"https:\\\/\\\/schema.org\",\"@graph\":[{\"@type\":\"WebPage\",\"@id\":\"https:\\\/\\\/uus.revalstone.com\\\/sv\\\/produkt\\\/oregelbundna-plattor\\\/\",\"url\":\"https:\\\/\\\/uus.revalstone.com\\\/sv\\\/produkt\\\/oregelbundna-plattor\\\/\",\"name\":\"Oregelbundna plattor - Reval Stone n\u00e4tbutik\",\"isPartOf\":{\"@id\":\"https:\\\/\\\/uus.revalstone.com\\\/sv\\\/#website\"},\"primaryImageOfPage\":{\"@id\":\"https:\\\/\\\/uus.revalstone.com\\\/sv\\\/produkt\\\/oregelbundna-plattor\\\/#primaryimage\"},\"image\":{\"@id\":\"https:\\\/\\\/uus.revalstone.com\\\/sv\\\/produkt\\\/oregelbundna-plattor\\\/#primaryimage\"},\"thumbnailUrl\":\"https:\\\/\\\/uus.revalstone.com\\\/wp-content\\\/uploads\\\/2025\\\/04\\\/Tross-saetud-vabakujuline-kiviplaat-Orgita-1-slt.jpg\",\"datePublished\":\"2024-09-11T12:05:12+00:00\",\"dateModified\":\"2026-02-20T11:05:55+00:00\",\"description\":\"Oregelbundna plattor av natursten \u00e4r ett utm\u00e4rkt val f\u00f6r tr\u00e4dg\u00e5rdsdesign. Tillverkad av estnisk dolomit p\u00e5 \u00d6sel. Varje platta \u00e4r unik.\",\"breadcrumb\":{\"@id\":\"https:\\\/\\\/uus.revalstone.com\\\/sv\\\/produkt\\\/oregelbundna-plattor\\\/#breadcrumb\"},\"inLanguage\":\"sv-SE\",\"potentialAction\":[{\"@type\":\"ReadAction\",\"target\":[\"https:\\\/\\\/uus.revalstone.com\\\/sv\\\/produkt\\\/oregelbundna-plattor\\\/\"]}]},{\"@type\":\"ImageObject\",\"inLanguage\":\"sv-SE\",\"@id\":\"https:\\\/\\\/uus.revalstone.com\\\/sv\\\/produkt\\\/oregelbundna-plattor\\\/#primaryimage\",\"url\":\"https:\\\/\\\/uus.revalstone.com\\\/wp-content\\\/uploads\\\/2025\\\/04\\\/Tross-saetud-vabakujuline-kiviplaat-Orgita-1-slt.jpg\",\"contentUrl\":\"https:\\\/\\\/uus.revalstone.com\\\/wp-content\\\/uploads\\\/2025\\\/04\\\/Tross-saetud-vabakujuline-kiviplaat-Orgita-1-slt.jpg\",\"width\":2000,\"height\":1500},{\"@type\":\"BreadcrumbList\",\"@id\":\"https:\\\/\\\/uus.revalstone.com\\\/sv\\\/produkt\\\/oregelbundna-plattor\\\/#breadcrumb\",\"itemListElement\":[{\"@type\":\"ListItem\",\"position\":1,\"name\":\"Hemsida\",\"item\":\"https:\\\/\\\/uus.revalstone.com\\\/sv\\\/\"},{\"@type\":\"ListItem\",\"position\":2,\"name\":\"Produkter\",\"item\":\"https:\\\/\\\/uus.revalstone.com\\\/sv\\\/natbutik\\\/\"},{\"@type\":\"ListItem\",\"position\":3,\"name\":\"Oregelbundna plattor\"}]},{\"@type\":\"WebSite\",\"@id\":\"https:\\\/\\\/uus.revalstone.com\\\/sv\\\/#website\",\"url\":\"https:\\\/\\\/uus.revalstone.com\\\/sv\\\/\",\"name\":\"Reval Stone n\u00e4tbutik\",\"description\":\"\",\"publisher\":{\"@id\":\"https:\\\/\\\/uus.revalstone.com\\\/sv\\\/#organization\"},\"potentialAction\":[{\"@type\":\"SearchAction\",\"target\":{\"@type\":\"EntryPoint\",\"urlTemplate\":\"https:\\\/\\\/uus.revalstone.com\\\/sv\\\/?s={search_term_string}\"},\"query-input\":{\"@type\":\"PropertyValueSpecification\",\"valueRequired\":true,\"valueName\":\"search_term_string\"}}],\"inLanguage\":\"sv-SE\"},{\"@type\":\"Organization\",\"@id\":\"https:\\\/\\\/uus.revalstone.com\\\/sv\\\/#organization\",\"name\":\"Reval Stone\",\"url\":\"https:\\\/\\\/uus.revalstone.com\\\/sv\\\/\",\"logo\":{\"@type\":\"ImageObject\",\"inLanguage\":\"sv-SE\",\"@id\":\"https:\\\/\\\/uus.revalstone.com\\\/sv\\\/#\\\/schema\\\/logo\\\/image\\\/\",\"url\":\"https:\\\/\\\/uus.revalstone.com\\\/wp-content\\\/uploads\\\/2021\\\/09\\\/Logo_v.png\",\"contentUrl\":\"https:\\\/\\\/uus.revalstone.com\\\/wp-content\\\/uploads\\\/2021\\\/09\\\/Logo_v.png\",\"width\":960,\"height\":672,\"caption\":\"Reval Stone\"},\"image\":{\"@id\":\"https:\\\/\\\/uus.revalstone.com\\\/sv\\\/#\\\/schema\\\/logo\\\/image\\\/\"},\"sameAs\":[\"https:\\\/\\\/www.facebook.com\\\/revalstoneofficial\",\"https:\\\/\\\/www.instagram.com\\\/revalstoneofficial\\\/\",\"https:\\\/\\\/en.wikipedia.org\\\/wiki\\\/Saare_Dolomiit-V\u00e4okivi\"]}]}<\/script>\n<!-- \/ Yoast SEO plugin. -->","yoast_head_json":{"title":"Oregelbundna plattor - Reval Stone n\u00e4tbutik","description":"Oregelbundna plattor av natursten \u00e4r ett utm\u00e4rkt val f\u00f6r tr\u00e4dg\u00e5rdsdesign. Tillverkad av estnisk dolomit p\u00e5 \u00d6sel. Varje platta \u00e4r unik.","robots":{"index":"index","follow":"follow","max-snippet":"max-snippet:-1","max-image-preview":"max-image-preview:large","max-video-preview":"max-video-preview:-1"},"canonical":"https:\/\/uus.revalstone.com\/sv\/produkt\/oregelbundna-plattor\/","og_locale":"sv_SE","og_type":"article","og_title":"Oregelbundna plattor - Reval Stone n\u00e4tbutik","og_description":"Oregelbundna plattor av natursten \u00e4r ett utm\u00e4rkt val f\u00f6r tr\u00e4dg\u00e5rdsdesign. Tillverkad av estnisk dolomit p\u00e5 \u00d6sel. Varje platta \u00e4r unik.","og_url":"https:\/\/uus.revalstone.com\/sv\/produkt\/oregelbundna-plattor\/","og_site_name":"Reval Stone n\u00e4tbutik","article_publisher":"https:\/\/www.facebook.com\/revalstoneofficial","article_modified_time":"2026-02-20T11:05:55+00:00","og_image":[{"width":2000,"height":1500,"url":"https:\/\/uus.revalstone.com\/wp-content\/uploads\/2025\/04\/Tross-saetud-vabakujuline-kiviplaat-Orgita-1-slt.jpg","type":"image\/jpeg"}],"twitter_card":"summary_large_image","twitter_misc":{"Ber\u00e4knad l\u00e4stid":"1 minut"},"schema":{"@context":"https:\/\/schema.org","@graph":[{"@type":"WebPage","@id":"https:\/\/uus.revalstone.com\/sv\/produkt\/oregelbundna-plattor\/","url":"https:\/\/uus.revalstone.com\/sv\/produkt\/oregelbundna-plattor\/","name":"Oregelbundna plattor - Reval Stone n\u00e4tbutik","isPartOf":{"@id":"https:\/\/uus.revalstone.com\/sv\/#website"},"primaryImageOfPage":{"@id":"https:\/\/uus.revalstone.com\/sv\/produkt\/oregelbundna-plattor\/#primaryimage"},"image":{"@id":"https:\/\/uus.revalstone.com\/sv\/produkt\/oregelbundna-plattor\/#primaryimage"},"thumbnailUrl":"https:\/\/uus.revalstone.com\/wp-content\/uploads\/2025\/04\/Tross-saetud-vabakujuline-kiviplaat-Orgita-1-slt.jpg","datePublished":"2024-09-11T12:05:12+00:00","dateModified":"2026-02-20T11:05:55+00:00","description":"Oregelbundna plattor av natursten \u00e4r ett utm\u00e4rkt val f\u00f6r tr\u00e4dg\u00e5rdsdesign. Tillverkad av estnisk dolomit p\u00e5 \u00d6sel. Varje platta \u00e4r unik.","breadcrumb":{"@id":"https:\/\/uus.revalstone.com\/sv\/produkt\/oregelbundna-plattor\/#breadcrumb"},"inLanguage":"sv-SE","potentialAction":[{"@type":"ReadAction","target":["https:\/\/uus.revalstone.com\/sv\/produkt\/oregelbundna-plattor\/"]}]},{"@type":"ImageObject","inLanguage":"sv-SE","@id":"https:\/\/uus.revalstone.com\/sv\/produkt\/oregelbundna-plattor\/#primaryimage","url":"https:\/\/uus.revalstone.com\/wp-content\/uploads\/2025\/04\/Tross-saetud-vabakujuline-kiviplaat-Orgita-1-slt.jpg","contentUrl":"https:\/\/uus.revalstone.com\/wp-content\/uploads\/2025\/04\/Tross-saetud-vabakujuline-kiviplaat-Orgita-1-slt.jpg","width":2000,"height":1500},{"@type":"BreadcrumbList","@id":"https:\/\/uus.revalstone.com\/sv\/produkt\/oregelbundna-plattor\/#breadcrumb","itemListElement":[{"@type":"ListItem","position":1,"name":"Hemsida","item":"https:\/\/uus.revalstone.com\/sv\/"},{"@type":"ListItem","position":2,"name":"Produkter","item":"https:\/\/uus.revalstone.com\/sv\/natbutik\/"},{"@type":"ListItem","position":3,"name":"Oregelbundna plattor"}]},{"@type":"WebSite","@id":"https:\/\/uus.revalstone.com\/sv\/#website","url":"https:\/\/uus.revalstone.com\/sv\/","name":"Reval Stone n\u00e4tbutik","description":"","publisher":{"@id":"https:\/\/uus.revalstone.com\/sv\/#organization"},"potentialAction":[{"@type":"SearchAction","target":{"@type":"EntryPoint","urlTemplate":"https:\/\/uus.revalstone.com\/sv\/?s={search_term_string}"},"query-input":{"@type":"PropertyValueSpecification","valueRequired":true,"valueName":"search_term_string"}}],"inLanguage":"sv-SE"},{"@type":"Organization","@id":"https:\/\/uus.revalstone.com\/sv\/#organization","name":"Reval Stone","url":"https:\/\/uus.revalstone.com\/sv\/","logo":{"@type":"ImageObject","inLanguage":"sv-SE","@id":"https:\/\/uus.revalstone.com\/sv\/#\/schema\/logo\/image\/","url":"https:\/\/uus.revalstone.com\/wp-content\/uploads\/2021\/09\/Logo_v.png","contentUrl":"https:\/\/uus.revalstone.com\/wp-content\/uploads\/2021\/09\/Logo_v.png","width":960,"height":672,"caption":"Reval Stone"},"image":{"@id":"https:\/\/uus.revalstone.com\/sv\/#\/schema\/logo\/image\/"},"sameAs":["https:\/\/www.facebook.com\/revalstoneofficial","https:\/\/www.instagram.com\/revalstoneofficial\/","https:\/\/en.wikipedia.org\/wiki\/Saare_Dolomiit-V\u00e4okivi"]}]}},"_links":{"self":[{"href":"https:\/\/uus.revalstone.com\/sv\/wp-json\/wp\/v2\/product\/16550","targetHints":{"allow":["GET"]}}],"collection":[{"href":"https:\/\/uus.revalstone.com\/sv\/wp-json\/wp\/v2\/product"}],"about":[{"href":"https:\/\/uus.revalstone.com\/sv\/wp-json\/wp\/v2\/types\/product"}],"replies":[{"embeddable":true,"href":"https:\/\/uus.revalstone.com\/sv\/wp-json\/wp\/v2\/comments?post=16550"}],"wp:featuredmedia":[{"embeddable":true,"href":"https:\/\/uus.revalstone.com\/sv\/wp-json\/wp\/v2\/media\/17087"}],"wp:attachment":[{"href":"https:\/\/uus.revalstone.com\/sv\/wp-json\/wp\/v2\/media?parent=16550"}],"wp:term":[{"taxonomy":"product_brand","embeddable":true,"href":"https:\/\/uus.revalstone.com\/sv\/wp-json\/wp\/v2\/product_brand?post=16550"},{"taxonomy":"product_cat","embeddable":true,"href":"https:\/\/uus.revalstone.com\/sv\/wp-json\/wp\/v2\/product_cat?post=16550"},{"taxonomy":"product_tag","embeddable":true,"href":"https:\/\/uus.revalstone.com\/sv\/wp-json\/wp\/v2\/product_tag?post=16550"}],"curies":[{"name":"wp","href":"https:\/\/api.w.org\/{rel}","templated":true}]}}