{"id":17146,"date":"2025-04-28T07:43:40","date_gmt":"2025-04-28T04:43:40","guid":{"rendered":"https:\/\/revalstone.com\/shop\/?post_type=product&#038;p=17146"},"modified":"2026-02-20T14:06:38","modified_gmt":"2026-02-20T11:06:38","slug":"reval-monstrad","status":"publish","type":"product","link":"https:\/\/uus.revalstone.com\/sv\/produkt\/reval-monstrad\/","title":{"rendered":"Reval m\u00f6nstrad"},"content":{"rendered":"<p>Kalkstenen Revals l\u00e5nga traditioner och popularitet bekr\u00e4ftas av faktumet att m\u00e5nga storartade byggnader har byggts av just denna sten, \u00e4nda fr\u00e5n 1200-talet (\u00e5tskilliga bef\u00e4stningar och hus i Tallinns gamla stad) till i dag (Konstmuseet Kumu).<\/p>\n<p>Det \u00e4r en utm\u00e4rkt byggsten som i \u00e5rhundraden har anv\u00e4nts i b\u00e5de Tallinns och Sankt Petersburgs gamla st\u00e4der och dess popularitet forts\u00e4tter.<\/p>\n<p>P\u00e5 den skandinaviska marknaden \u00e4r denna popul\u00e4ra sten \u00e4ven k\u00e4nd som Lindholmen och Estlandia Kalksten.<\/p>\n<p>Slipad kalksten Reval har f\u00f6ljande glidmotst\u00e5nd: 55,7 f\u00f6r torr yta och 35,6 f\u00f6r v\u00e5t yta. V\u00e4rdet f\u00f6r torr yta motsvarar klass P5 (R13) och v\u00e4rdet f\u00f6r v\u00e5t yta motsvarar P3 (R11). Klass P5\/R13 indikerar den h\u00f6gsta niv\u00e5n av glidmotst\u00e5nd och mycket l\u00e5g risk f\u00f6r att glida. Klass P3\/R11 indikerar m\u00e5ttlig risk f\u00f6r att glida. Tester utf\u00f6rdes i Stone Pole Oy-laboratoriet i Finland.<\/p>\n","protected":false},"excerpt":{"rendered":"<p><strong>Reval m\u00f6nstrad<\/strong> \u00e4r ett material med <strong>mer sl\u00e5ende m\u00f6nster \u00e4n vanligt<\/strong> och som har sorterats ut under bearbetning av kalksten Reval. Dess distinkta m\u00f6nstret k\u00e4nnetecknas av <strong>bl\u00e5gr\u00e5a och brunaktiga fl\u00e4ckar<\/strong> h\u00e4r och d\u00e4r. J\u00e4mf\u00f6rt med den klassiska Reval kalksten har den mer karakt\u00e4r.<\/p>\n<p>N\u00e4r det g\u00e4ller Reval m\u00f6nstrad kan vi endast erbjuda de produkter vi redan har i lager (vilket inneb\u00e4r att vi inte kan producera p\u00e5 best\u00e4llning). V\u00e5rt urval inkluderar <strong>golvplattor och golvlister med slipade ytor<\/strong>.<\/p>\n<p>Plattor av materialet Reval m\u00f6nstrade kan bara finnas i f\u00f6ljande storlekar:<\/p>\n<ul>\n<li>200 x fallande l\u00e4ngder x 10 mm (85 \u20ac\/m\u00b2 + moms);<\/li>\n<li>300 x fallande l\u00e4ngder x 10 mm (85 \u20ac\/m\u00b2 + moms);<\/li>\n<li>400 x fallande l\u00e4ngder x 10 mm (85 \u20ac\/m\u00b2 + moms);<\/li>\n<li>600 x 600 x 15 mm (129 \u20ac\/m\u00b2 + moms).<\/li>\n<\/ul>\n<p>V\u00e5ra klassiska golvplattor tillverkade av kalksten Reval finns med <a href=\"https:\/\/uus.revalstone.com\/sv\/toode\/reval-slipad\/\" target=\"_blank\" rel=\"noopener\"><strong>slipad yta<\/strong><\/a> och <a href=\"https:\/\/uus.revalstone.com\/sv\/toode\/reval-antik\/\" target=\"_blank\" rel=\"noopener\"><strong>borstad antik-yta<\/strong><\/a>. Du kan \u00e4ven best\u00e4lla <a href=\"https:\/\/uus.revalstone.com\/sv\/toode\/golvlister\/\" target=\"_blank\" rel=\"noopener\"><strong>golvlister<\/strong><\/a> av samma material.<\/p>\n<h3><strong>Produktionstid och leverans<\/strong><\/h3>\n<p>Det tar cirka 1 vecka f\u00f6r att f\u00f6rbereda produkter f\u00f6r frakt. Om du vill att vi ska ordna leveransen \u00e5t dig, meddela oss.<\/p>\n<h3><strong>Best\u00e4llning<\/strong><\/h3>\n<p><span style=\"color: #009d89;\"><strong>F\u00f6r att best\u00e4lla produkten, v\u00e4nligen kontakta oss direkt: <\/strong><\/span>skicka ett mail till\u00a0<a href=\"mailto:raili.ratas@limestone.ee\"><span style=\"text-decoration: underline;\"><strong>raili.ratas@limestone.ee<\/strong><\/span><\/a> eller ring <strong>+372 507 9981<\/strong>.<\/p>\n","protected":false},"featured_media":17828,"comment_status":"closed","ping_status":"closed","template":"","meta":{"_acf_changed":false},"product_brand":[],"product_cat":[197,230],"product_tag":[],"class_list":{"0":"post-17146","1":"product","2":"type-product","3":"status-publish","4":"has-post-thumbnail","6":"product_cat-golvplattor","7":"product_cat-misc-sv","9":"first","10":"instock","11":"taxable","12":"shipping-taxable","13":"product-type-simple"},"acf":[],"yoast_head":"<!-- This site is optimized with the Yoast SEO plugin v27.4 - https:\/\/yoast.com\/product\/yoast-seo-wordpress\/ -->\n<title>Reval m\u00f6nstrad - Reval Stone n\u00e4tbutik<\/title>\n<meta name=\"description\" content=\"En mer sl\u00e5ende version av den klassiska kalkstenen Reval som k\u00e4nnetecknas av bl\u00e5gr\u00e5a och brunaktiga fl\u00e4ckar. Urvalet inkluderar golvplattor och golvlister.\" \/>\n<meta name=\"robots\" content=\"index, follow, max-snippet:-1, max-image-preview:large, max-video-preview:-1\" \/>\n<link rel=\"canonical\" href=\"https:\/\/uus.revalstone.com\/sv\/produkt\/reval-monstrad\/\" \/>\n<meta property=\"og:locale\" content=\"sv_SE\" \/>\n<meta property=\"og:type\" content=\"article\" \/>\n<meta property=\"og:title\" content=\"Reval m\u00f6nstrad - Reval Stone n\u00e4tbutik\" \/>\n<meta property=\"og:description\" content=\"En mer sl\u00e5ende version av den klassiska kalkstenen Reval som k\u00e4nnetecknas av bl\u00e5gr\u00e5a och brunaktiga fl\u00e4ckar. Urvalet inkluderar golvplattor och golvlister.\" \/>\n<meta property=\"og:url\" content=\"https:\/\/uus.revalstone.com\/sv\/produkt\/reval-monstrad\/\" \/>\n<meta property=\"og:site_name\" content=\"Reval Stone n\u00e4tbutik\" \/>\n<meta property=\"article:publisher\" content=\"https:\/\/www.facebook.com\/revalstoneofficial\" \/>\n<meta property=\"article:modified_time\" content=\"2026-02-20T11:06:38+00:00\" \/>\n<meta property=\"og:image\" content=\"https:\/\/uus.revalstone.com\/wp-content\/uploads\/2025\/11\/Reval-kirju-patterned-300-mm-x-vp-fl-02.jpg\" \/>\n\t<meta property=\"og:image:width\" content=\"2000\" \/>\n\t<meta property=\"og:image:height\" content=\"1500\" \/>\n\t<meta property=\"og:image:type\" content=\"image\/jpeg\" \/>\n<meta name=\"twitter:card\" content=\"summary_large_image\" \/>\n<meta name=\"twitter:label1\" content=\"Ber\u00e4knad l\u00e4stid\" \/>\n\t<meta name=\"twitter:data1\" content=\"1 minut\" \/>\n<script type=\"application\/ld+json\" class=\"yoast-schema-graph\">{\"@context\":\"https:\\\/\\\/schema.org\",\"@graph\":[{\"@type\":\"WebPage\",\"@id\":\"https:\\\/\\\/uus.revalstone.com\\\/sv\\\/produkt\\\/reval-monstrad\\\/\",\"url\":\"https:\\\/\\\/uus.revalstone.com\\\/sv\\\/produkt\\\/reval-monstrad\\\/\",\"name\":\"Reval m\u00f6nstrad - Reval Stone n\u00e4tbutik\",\"isPartOf\":{\"@id\":\"https:\\\/\\\/uus.revalstone.com\\\/sv\\\/#website\"},\"primaryImageOfPage\":{\"@id\":\"https:\\\/\\\/uus.revalstone.com\\\/sv\\\/produkt\\\/reval-monstrad\\\/#primaryimage\"},\"image\":{\"@id\":\"https:\\\/\\\/uus.revalstone.com\\\/sv\\\/produkt\\\/reval-monstrad\\\/#primaryimage\"},\"thumbnailUrl\":\"https:\\\/\\\/uus.revalstone.com\\\/wp-content\\\/uploads\\\/2025\\\/11\\\/Reval-kirju-patterned-300-mm-x-vp-fl-02.jpg\",\"datePublished\":\"2025-04-28T04:43:40+00:00\",\"dateModified\":\"2026-02-20T11:06:38+00:00\",\"description\":\"En mer sl\u00e5ende version av den klassiska kalkstenen Reval som k\u00e4nnetecknas av bl\u00e5gr\u00e5a och brunaktiga fl\u00e4ckar. Urvalet inkluderar golvplattor och golvlister.\",\"breadcrumb\":{\"@id\":\"https:\\\/\\\/uus.revalstone.com\\\/sv\\\/produkt\\\/reval-monstrad\\\/#breadcrumb\"},\"inLanguage\":\"sv-SE\",\"potentialAction\":[{\"@type\":\"ReadAction\",\"target\":[\"https:\\\/\\\/uus.revalstone.com\\\/sv\\\/produkt\\\/reval-monstrad\\\/\"]}]},{\"@type\":\"ImageObject\",\"inLanguage\":\"sv-SE\",\"@id\":\"https:\\\/\\\/uus.revalstone.com\\\/sv\\\/produkt\\\/reval-monstrad\\\/#primaryimage\",\"url\":\"https:\\\/\\\/uus.revalstone.com\\\/wp-content\\\/uploads\\\/2025\\\/11\\\/Reval-kirju-patterned-300-mm-x-vp-fl-02.jpg\",\"contentUrl\":\"https:\\\/\\\/uus.revalstone.com\\\/wp-content\\\/uploads\\\/2025\\\/11\\\/Reval-kirju-patterned-300-mm-x-vp-fl-02.jpg\",\"width\":2000,\"height\":1500},{\"@type\":\"BreadcrumbList\",\"@id\":\"https:\\\/\\\/uus.revalstone.com\\\/sv\\\/produkt\\\/reval-monstrad\\\/#breadcrumb\",\"itemListElement\":[{\"@type\":\"ListItem\",\"position\":1,\"name\":\"Hemsida\",\"item\":\"https:\\\/\\\/uus.revalstone.com\\\/sv\\\/\"},{\"@type\":\"ListItem\",\"position\":2,\"name\":\"Produkter\",\"item\":\"https:\\\/\\\/uus.revalstone.com\\\/sv\\\/natbutik\\\/\"},{\"@type\":\"ListItem\",\"position\":3,\"name\":\"Reval m\u00f6nstrad\"}]},{\"@type\":\"WebSite\",\"@id\":\"https:\\\/\\\/uus.revalstone.com\\\/sv\\\/#website\",\"url\":\"https:\\\/\\\/uus.revalstone.com\\\/sv\\\/\",\"name\":\"Reval Stone n\u00e4tbutik\",\"description\":\"\",\"publisher\":{\"@id\":\"https:\\\/\\\/uus.revalstone.com\\\/sv\\\/#organization\"},\"potentialAction\":[{\"@type\":\"SearchAction\",\"target\":{\"@type\":\"EntryPoint\",\"urlTemplate\":\"https:\\\/\\\/uus.revalstone.com\\\/sv\\\/?s={search_term_string}\"},\"query-input\":{\"@type\":\"PropertyValueSpecification\",\"valueRequired\":true,\"valueName\":\"search_term_string\"}}],\"inLanguage\":\"sv-SE\"},{\"@type\":\"Organization\",\"@id\":\"https:\\\/\\\/uus.revalstone.com\\\/sv\\\/#organization\",\"name\":\"Reval Stone\",\"url\":\"https:\\\/\\\/uus.revalstone.com\\\/sv\\\/\",\"logo\":{\"@type\":\"ImageObject\",\"inLanguage\":\"sv-SE\",\"@id\":\"https:\\\/\\\/uus.revalstone.com\\\/sv\\\/#\\\/schema\\\/logo\\\/image\\\/\",\"url\":\"https:\\\/\\\/uus.revalstone.com\\\/wp-content\\\/uploads\\\/2021\\\/09\\\/Logo_v.png\",\"contentUrl\":\"https:\\\/\\\/uus.revalstone.com\\\/wp-content\\\/uploads\\\/2021\\\/09\\\/Logo_v.png\",\"width\":960,\"height\":672,\"caption\":\"Reval Stone\"},\"image\":{\"@id\":\"https:\\\/\\\/uus.revalstone.com\\\/sv\\\/#\\\/schema\\\/logo\\\/image\\\/\"},\"sameAs\":[\"https:\\\/\\\/www.facebook.com\\\/revalstoneofficial\",\"https:\\\/\\\/www.instagram.com\\\/revalstoneofficial\\\/\",\"https:\\\/\\\/en.wikipedia.org\\\/wiki\\\/Saare_Dolomiit-V\u00e4okivi\"]}]}<\/script>\n<!-- \/ Yoast SEO plugin. -->","yoast_head_json":{"title":"Reval m\u00f6nstrad - Reval Stone n\u00e4tbutik","description":"En mer sl\u00e5ende version av den klassiska kalkstenen Reval som k\u00e4nnetecknas av bl\u00e5gr\u00e5a och brunaktiga fl\u00e4ckar. Urvalet inkluderar golvplattor och golvlister.","robots":{"index":"index","follow":"follow","max-snippet":"max-snippet:-1","max-image-preview":"max-image-preview:large","max-video-preview":"max-video-preview:-1"},"canonical":"https:\/\/uus.revalstone.com\/sv\/produkt\/reval-monstrad\/","og_locale":"sv_SE","og_type":"article","og_title":"Reval m\u00f6nstrad - Reval Stone n\u00e4tbutik","og_description":"En mer sl\u00e5ende version av den klassiska kalkstenen Reval som k\u00e4nnetecknas av bl\u00e5gr\u00e5a och brunaktiga fl\u00e4ckar. Urvalet inkluderar golvplattor och golvlister.","og_url":"https:\/\/uus.revalstone.com\/sv\/produkt\/reval-monstrad\/","og_site_name":"Reval Stone n\u00e4tbutik","article_publisher":"https:\/\/www.facebook.com\/revalstoneofficial","article_modified_time":"2026-02-20T11:06:38+00:00","og_image":[{"width":2000,"height":1500,"url":"https:\/\/uus.revalstone.com\/wp-content\/uploads\/2025\/11\/Reval-kirju-patterned-300-mm-x-vp-fl-02.jpg","type":"image\/jpeg"}],"twitter_card":"summary_large_image","twitter_misc":{"Ber\u00e4knad l\u00e4stid":"1 minut"},"schema":{"@context":"https:\/\/schema.org","@graph":[{"@type":"WebPage","@id":"https:\/\/uus.revalstone.com\/sv\/produkt\/reval-monstrad\/","url":"https:\/\/uus.revalstone.com\/sv\/produkt\/reval-monstrad\/","name":"Reval m\u00f6nstrad - Reval Stone n\u00e4tbutik","isPartOf":{"@id":"https:\/\/uus.revalstone.com\/sv\/#website"},"primaryImageOfPage":{"@id":"https:\/\/uus.revalstone.com\/sv\/produkt\/reval-monstrad\/#primaryimage"},"image":{"@id":"https:\/\/uus.revalstone.com\/sv\/produkt\/reval-monstrad\/#primaryimage"},"thumbnailUrl":"https:\/\/uus.revalstone.com\/wp-content\/uploads\/2025\/11\/Reval-kirju-patterned-300-mm-x-vp-fl-02.jpg","datePublished":"2025-04-28T04:43:40+00:00","dateModified":"2026-02-20T11:06:38+00:00","description":"En mer sl\u00e5ende version av den klassiska kalkstenen Reval som k\u00e4nnetecknas av bl\u00e5gr\u00e5a och brunaktiga fl\u00e4ckar. Urvalet inkluderar golvplattor och golvlister.","breadcrumb":{"@id":"https:\/\/uus.revalstone.com\/sv\/produkt\/reval-monstrad\/#breadcrumb"},"inLanguage":"sv-SE","potentialAction":[{"@type":"ReadAction","target":["https:\/\/uus.revalstone.com\/sv\/produkt\/reval-monstrad\/"]}]},{"@type":"ImageObject","inLanguage":"sv-SE","@id":"https:\/\/uus.revalstone.com\/sv\/produkt\/reval-monstrad\/#primaryimage","url":"https:\/\/uus.revalstone.com\/wp-content\/uploads\/2025\/11\/Reval-kirju-patterned-300-mm-x-vp-fl-02.jpg","contentUrl":"https:\/\/uus.revalstone.com\/wp-content\/uploads\/2025\/11\/Reval-kirju-patterned-300-mm-x-vp-fl-02.jpg","width":2000,"height":1500},{"@type":"BreadcrumbList","@id":"https:\/\/uus.revalstone.com\/sv\/produkt\/reval-monstrad\/#breadcrumb","itemListElement":[{"@type":"ListItem","position":1,"name":"Hemsida","item":"https:\/\/uus.revalstone.com\/sv\/"},{"@type":"ListItem","position":2,"name":"Produkter","item":"https:\/\/uus.revalstone.com\/sv\/natbutik\/"},{"@type":"ListItem","position":3,"name":"Reval m\u00f6nstrad"}]},{"@type":"WebSite","@id":"https:\/\/uus.revalstone.com\/sv\/#website","url":"https:\/\/uus.revalstone.com\/sv\/","name":"Reval Stone n\u00e4tbutik","description":"","publisher":{"@id":"https:\/\/uus.revalstone.com\/sv\/#organization"},"potentialAction":[{"@type":"SearchAction","target":{"@type":"EntryPoint","urlTemplate":"https:\/\/uus.revalstone.com\/sv\/?s={search_term_string}"},"query-input":{"@type":"PropertyValueSpecification","valueRequired":true,"valueName":"search_term_string"}}],"inLanguage":"sv-SE"},{"@type":"Organization","@id":"https:\/\/uus.revalstone.com\/sv\/#organization","name":"Reval Stone","url":"https:\/\/uus.revalstone.com\/sv\/","logo":{"@type":"ImageObject","inLanguage":"sv-SE","@id":"https:\/\/uus.revalstone.com\/sv\/#\/schema\/logo\/image\/","url":"https:\/\/uus.revalstone.com\/wp-content\/uploads\/2021\/09\/Logo_v.png","contentUrl":"https:\/\/uus.revalstone.com\/wp-content\/uploads\/2021\/09\/Logo_v.png","width":960,"height":672,"caption":"Reval Stone"},"image":{"@id":"https:\/\/uus.revalstone.com\/sv\/#\/schema\/logo\/image\/"},"sameAs":["https:\/\/www.facebook.com\/revalstoneofficial","https:\/\/www.instagram.com\/revalstoneofficial\/","https:\/\/en.wikipedia.org\/wiki\/Saare_Dolomiit-V\u00e4okivi"]}]}},"_links":{"self":[{"href":"https:\/\/uus.revalstone.com\/sv\/wp-json\/wp\/v2\/product\/17146","targetHints":{"allow":["GET"]}}],"collection":[{"href":"https:\/\/uus.revalstone.com\/sv\/wp-json\/wp\/v2\/product"}],"about":[{"href":"https:\/\/uus.revalstone.com\/sv\/wp-json\/wp\/v2\/types\/product"}],"replies":[{"embeddable":true,"href":"https:\/\/uus.revalstone.com\/sv\/wp-json\/wp\/v2\/comments?post=17146"}],"wp:featuredmedia":[{"embeddable":true,"href":"https:\/\/uus.revalstone.com\/sv\/wp-json\/wp\/v2\/media\/17828"}],"wp:attachment":[{"href":"https:\/\/uus.revalstone.com\/sv\/wp-json\/wp\/v2\/media?parent=17146"}],"wp:term":[{"taxonomy":"product_brand","embeddable":true,"href":"https:\/\/uus.revalstone.com\/sv\/wp-json\/wp\/v2\/product_brand?post=17146"},{"taxonomy":"product_cat","embeddable":true,"href":"https:\/\/uus.revalstone.com\/sv\/wp-json\/wp\/v2\/product_cat?post=17146"},{"taxonomy":"product_tag","embeddable":true,"href":"https:\/\/uus.revalstone.com\/sv\/wp-json\/wp\/v2\/product_tag?post=17146"}],"curies":[{"name":"wp","href":"https:\/\/api.w.org\/{rel}","templated":true}]}}