{"id":17392,"date":"2025-08-14T10:45:58","date_gmt":"2025-08-14T07:45:58","guid":{"rendered":"https:\/\/revalstone.com\/shop\/?post_type=product&#038;p=17392"},"modified":"2025-08-22T13:40:20","modified_gmt":"2025-08-22T10:40:20","slug":"kaarma-antik","status":"publish","type":"product","link":"https:\/\/uus.revalstone.com\/sv\/produkt\/kaarma-antik\/","title":{"rendered":"Kaarma antik"},"content":{"rendered":"<p>Denna finkristalliska dolomit finns i massiva lager som m\u00e4ter upp till en meter i tjocklek. Det \u00e4r k\u00e4nt att natursten fr\u00e5n Kaarma anv\u00e4ndes redan p\u00e5 1200-talet \u2013 vid byggande av Kaarmakyrkan. Senare b\u00f6rjade stenen anv\u00e4ndas \u00e4ven i Tallinn, Riga och annorst\u00e4des.<\/p>\n<p>Dolomit Kaarma kallas \u00e4ven f\u00f6r \u00d6sels marmor.<\/p>\n","protected":false},"excerpt":{"rendered":"<p><strong><span style=\"color: #009d89;\">Egna stenbrott, egen produktion!<\/span><\/strong><\/p>\n<p>Dolomit som bryts p\u00e5 \u00d6sel n\u00e4ra Kuressaare och som \u00e4ven \u00e4r k\u00e4nd som \u00d6sels marmor. Dess f\u00e4rg varierar fr\u00e5n ljusgr\u00e5 till bl\u00e5gr\u00e5. Dolomiten bildades f\u00f6r mer \u00e4n 400 miljoner \u00e5r sedan. Sorteras inte efter f\u00e4rg eller m\u00f6nster. L\u00e4s mer om denna sten med v\u00e4rdig historia <span style=\"text-decoration: underline;\"><a href=\"https:\/\/revalstone.com\/dolomit-kaarma\/?lang=sv\" target=\"_blank\" rel=\"noopener\"><strong>h\u00e4r<\/strong><\/a><\/span>.<\/p>\n<p>Den antika eller borstade ytbehandlingen uppn\u00e5s genom att anv\u00e4nda speciella borstar som tar bort stenens mjukare del och understrykar dess naturliga textur. Ytan k\u00e4nns \u201el\u00e4deraktig\u201c vid ber\u00f6ring och \u00e4r s\u00e4llan sl\u00e4t eller gl\u00e4nsande. Detta ger stenen ett l\u00e4tt slitet eller \u201ehistoriskt\u201c utseende som efterliknar det naturliga slitage som har uppst\u00e5tt \u00f6ver tid. Den borstade ytbehandlingen \u00e4r ocks\u00e5 praktisk \u2013 mindre bruksm\u00e4rken syns inte lika l\u00e4tt som p\u00e5 en slipad sten.<\/p>\n<p>Dolomit Kaarma karakteriseras av sina porer (deras diameter kan vara upp till 15 mm). F\u00f6r produkter tillverkade av Kaarma antik kommer porerna inte att fyllas.<\/p>\n<p>Golvplattornas tjocklek \u00e4r 15 mm (20 mm f\u00f6r 60 \u00d7 60 cm platta).<\/p>\n<p>Dolomit Kaarma finns \u00e4ven med <span style=\"text-decoration: underline;\"><a href=\"https:\/\/uus.revalstone.com\/sv\/produkt\/kaarma-slipad\/\" target=\"_blank\" rel=\"noopener\"><strong>slipad ytbehandling<\/strong><\/a><\/span>.<\/p>\n<p>I v\u00e5r n\u00e4tbutik finns ocks\u00e5\u00a0<span style=\"text-decoration: underline;\"><a href=\"https:\/\/uus.revalstone.com\/sv\/produkt\/golvlister\/\" target=\"_blank\" rel=\"noopener\"><strong>golvlister<\/strong><\/a><\/span>\u00a0och\u00a0<span style=\"text-decoration: underline;\"><a href=\"https:\/\/uus.revalstone.com\/sv\/produkt\/fonsterbankar\/\" target=\"_blank\" rel=\"noopener\"><strong>f\u00f6nsterb\u00e4nkar<\/strong><\/a><\/span>\u00a0av samma material.<\/p>\n<p>Du kan l\u00e4sa mer om leveranskostnaderna <a href=\"https:\/\/uus.revalstone.com\/sv\/frakt\/\" target=\"_blank\" rel=\"noopener\"><span style=\"text-decoration: underline;\"><strong>h\u00e4r<\/strong><\/span><\/a>.<\/p>\n<p><strong>OBS!<\/strong> F\u00f6r att bekanta sig med materialet kan du best\u00e4lla en 20 x 20 cm provbit.<\/p>\n","protected":false},"featured_media":17405,"comment_status":"closed","ping_status":"closed","template":"","meta":{"_acf_changed":false},"product_brand":[],"product_cat":[197,230],"product_tag":[],"class_list":{"0":"post-17392","1":"product","2":"type-product","3":"status-publish","4":"has-post-thumbnail","6":"product_cat-golvplattor","7":"product_cat-misc-sv","9":"first","10":"instock","11":"taxable","12":"shipping-taxable","13":"purchasable","14":"product-type-variable","15":"rtwpvg-product"},"acf":[],"yoast_head":"<!-- This site is optimized with the Yoast SEO plugin v27.4 - https:\/\/yoast.com\/product\/yoast-seo-wordpress\/ -->\n<title>Kaarma antik - Estnisk dolomit fr\u00e5n \u00d6sel - Reval Stone n\u00e4tbutik<\/title>\n<meta name=\"description\" content=\"Dolomit som bryts p\u00e5 \u00d6sel n\u00e4ra Kuressaare och som \u00e4ven \u00e4r k\u00e4nd som \u00d6sels marmor. Kaarma dolomit \u00e4r mycket l\u00e4mplig att anv\u00e4nda som golvplattor.\" \/>\n<meta name=\"robots\" content=\"index, follow, max-snippet:-1, max-image-preview:large, max-video-preview:-1\" \/>\n<link rel=\"canonical\" href=\"https:\/\/uus.revalstone.com\/sv\/produkt\/kaarma-antik\/\" \/>\n<meta property=\"og:locale\" content=\"sv_SE\" \/>\n<meta property=\"og:type\" content=\"article\" \/>\n<meta property=\"og:title\" content=\"Kaarma antik - Estnisk dolomit fr\u00e5n \u00d6sel - Reval Stone n\u00e4tbutik\" \/>\n<meta property=\"og:description\" content=\"Dolomit som bryts p\u00e5 \u00d6sel n\u00e4ra Kuressaare och som \u00e4ven \u00e4r k\u00e4nd som \u00d6sels marmor. Kaarma dolomit \u00e4r mycket l\u00e4mplig att anv\u00e4nda som golvplattor.\" \/>\n<meta property=\"og:url\" content=\"https:\/\/uus.revalstone.com\/sv\/produkt\/kaarma-antik\/\" \/>\n<meta property=\"og:site_name\" content=\"Reval Stone n\u00e4tbutik\" \/>\n<meta property=\"article:publisher\" content=\"https:\/\/www.facebook.com\/revalstoneofficial\" \/>\n<meta property=\"article:modified_time\" content=\"2025-08-22T10:40:20+00:00\" \/>\n<meta property=\"og:image\" content=\"https:\/\/uus.revalstone.com\/wp-content\/uploads\/2025\/08\/Kaarma-antiik-harjatud-02.jpg\" \/>\n\t<meta property=\"og:image:width\" content=\"1536\" \/>\n\t<meta property=\"og:image:height\" content=\"2048\" \/>\n\t<meta property=\"og:image:type\" content=\"image\/jpeg\" \/>\n<meta name=\"twitter:card\" content=\"summary_large_image\" \/>\n<meta name=\"twitter:label1\" content=\"Ber\u00e4knad l\u00e4stid\" \/>\n\t<meta name=\"twitter:data1\" content=\"1 minut\" \/>\n<script type=\"application\/ld+json\" class=\"yoast-schema-graph\">{\"@context\":\"https:\\\/\\\/schema.org\",\"@graph\":[{\"@type\":\"WebPage\",\"@id\":\"https:\\\/\\\/uus.revalstone.com\\\/sv\\\/produkt\\\/kaarma-antik\\\/\",\"url\":\"https:\\\/\\\/uus.revalstone.com\\\/sv\\\/produkt\\\/kaarma-antik\\\/\",\"name\":\"Kaarma antik - Estnisk dolomit fr\u00e5n \u00d6sel - Reval Stone n\u00e4tbutik\",\"isPartOf\":{\"@id\":\"https:\\\/\\\/uus.revalstone.com\\\/sv\\\/#website\"},\"primaryImageOfPage\":{\"@id\":\"https:\\\/\\\/uus.revalstone.com\\\/sv\\\/produkt\\\/kaarma-antik\\\/#primaryimage\"},\"image\":{\"@id\":\"https:\\\/\\\/uus.revalstone.com\\\/sv\\\/produkt\\\/kaarma-antik\\\/#primaryimage\"},\"thumbnailUrl\":\"https:\\\/\\\/uus.revalstone.com\\\/wp-content\\\/uploads\\\/2025\\\/08\\\/Kaarma-antiik-harjatud-02.jpg\",\"datePublished\":\"2025-08-14T07:45:58+00:00\",\"dateModified\":\"2025-08-22T10:40:20+00:00\",\"description\":\"Dolomit som bryts p\u00e5 \u00d6sel n\u00e4ra Kuressaare och som \u00e4ven \u00e4r k\u00e4nd som \u00d6sels marmor. Kaarma dolomit \u00e4r mycket l\u00e4mplig att anv\u00e4nda som golvplattor.\",\"breadcrumb\":{\"@id\":\"https:\\\/\\\/uus.revalstone.com\\\/sv\\\/produkt\\\/kaarma-antik\\\/#breadcrumb\"},\"inLanguage\":\"sv-SE\",\"potentialAction\":[{\"@type\":\"ReadAction\",\"target\":[\"https:\\\/\\\/uus.revalstone.com\\\/sv\\\/produkt\\\/kaarma-antik\\\/\"]}]},{\"@type\":\"ImageObject\",\"inLanguage\":\"sv-SE\",\"@id\":\"https:\\\/\\\/uus.revalstone.com\\\/sv\\\/produkt\\\/kaarma-antik\\\/#primaryimage\",\"url\":\"https:\\\/\\\/uus.revalstone.com\\\/wp-content\\\/uploads\\\/2025\\\/08\\\/Kaarma-antiik-harjatud-02.jpg\",\"contentUrl\":\"https:\\\/\\\/uus.revalstone.com\\\/wp-content\\\/uploads\\\/2025\\\/08\\\/Kaarma-antiik-harjatud-02.jpg\",\"width\":1536,\"height\":2048},{\"@type\":\"BreadcrumbList\",\"@id\":\"https:\\\/\\\/uus.revalstone.com\\\/sv\\\/produkt\\\/kaarma-antik\\\/#breadcrumb\",\"itemListElement\":[{\"@type\":\"ListItem\",\"position\":1,\"name\":\"Hemsida\",\"item\":\"https:\\\/\\\/uus.revalstone.com\\\/sv\\\/\"},{\"@type\":\"ListItem\",\"position\":2,\"name\":\"Produkter\",\"item\":\"https:\\\/\\\/uus.revalstone.com\\\/sv\\\/natbutik\\\/\"},{\"@type\":\"ListItem\",\"position\":3,\"name\":\"Kaarma antik\"}]},{\"@type\":\"WebSite\",\"@id\":\"https:\\\/\\\/uus.revalstone.com\\\/sv\\\/#website\",\"url\":\"https:\\\/\\\/uus.revalstone.com\\\/sv\\\/\",\"name\":\"Reval Stone n\u00e4tbutik\",\"description\":\"\",\"publisher\":{\"@id\":\"https:\\\/\\\/uus.revalstone.com\\\/sv\\\/#organization\"},\"potentialAction\":[{\"@type\":\"SearchAction\",\"target\":{\"@type\":\"EntryPoint\",\"urlTemplate\":\"https:\\\/\\\/uus.revalstone.com\\\/sv\\\/?s={search_term_string}\"},\"query-input\":{\"@type\":\"PropertyValueSpecification\",\"valueRequired\":true,\"valueName\":\"search_term_string\"}}],\"inLanguage\":\"sv-SE\"},{\"@type\":\"Organization\",\"@id\":\"https:\\\/\\\/uus.revalstone.com\\\/sv\\\/#organization\",\"name\":\"Reval Stone\",\"url\":\"https:\\\/\\\/uus.revalstone.com\\\/sv\\\/\",\"logo\":{\"@type\":\"ImageObject\",\"inLanguage\":\"sv-SE\",\"@id\":\"https:\\\/\\\/uus.revalstone.com\\\/sv\\\/#\\\/schema\\\/logo\\\/image\\\/\",\"url\":\"https:\\\/\\\/uus.revalstone.com\\\/wp-content\\\/uploads\\\/2021\\\/09\\\/Logo_v.png\",\"contentUrl\":\"https:\\\/\\\/uus.revalstone.com\\\/wp-content\\\/uploads\\\/2021\\\/09\\\/Logo_v.png\",\"width\":960,\"height\":672,\"caption\":\"Reval Stone\"},\"image\":{\"@id\":\"https:\\\/\\\/uus.revalstone.com\\\/sv\\\/#\\\/schema\\\/logo\\\/image\\\/\"},\"sameAs\":[\"https:\\\/\\\/www.facebook.com\\\/revalstoneofficial\",\"https:\\\/\\\/www.instagram.com\\\/revalstoneofficial\\\/\",\"https:\\\/\\\/en.wikipedia.org\\\/wiki\\\/Saare_Dolomiit-V\u00e4okivi\"]}]}<\/script>\n<!-- \/ Yoast SEO plugin. -->","yoast_head_json":{"title":"Kaarma antik - Estnisk dolomit fr\u00e5n \u00d6sel - Reval Stone n\u00e4tbutik","description":"Dolomit som bryts p\u00e5 \u00d6sel n\u00e4ra Kuressaare och som \u00e4ven \u00e4r k\u00e4nd som \u00d6sels marmor. Kaarma dolomit \u00e4r mycket l\u00e4mplig att anv\u00e4nda som golvplattor.","robots":{"index":"index","follow":"follow","max-snippet":"max-snippet:-1","max-image-preview":"max-image-preview:large","max-video-preview":"max-video-preview:-1"},"canonical":"https:\/\/uus.revalstone.com\/sv\/produkt\/kaarma-antik\/","og_locale":"sv_SE","og_type":"article","og_title":"Kaarma antik - Estnisk dolomit fr\u00e5n \u00d6sel - Reval Stone n\u00e4tbutik","og_description":"Dolomit som bryts p\u00e5 \u00d6sel n\u00e4ra Kuressaare och som \u00e4ven \u00e4r k\u00e4nd som \u00d6sels marmor. Kaarma dolomit \u00e4r mycket l\u00e4mplig att anv\u00e4nda som golvplattor.","og_url":"https:\/\/uus.revalstone.com\/sv\/produkt\/kaarma-antik\/","og_site_name":"Reval Stone n\u00e4tbutik","article_publisher":"https:\/\/www.facebook.com\/revalstoneofficial","article_modified_time":"2025-08-22T10:40:20+00:00","og_image":[{"width":1536,"height":2048,"url":"https:\/\/uus.revalstone.com\/wp-content\/uploads\/2025\/08\/Kaarma-antiik-harjatud-02.jpg","type":"image\/jpeg"}],"twitter_card":"summary_large_image","twitter_misc":{"Ber\u00e4knad l\u00e4stid":"1 minut"},"schema":{"@context":"https:\/\/schema.org","@graph":[{"@type":"WebPage","@id":"https:\/\/uus.revalstone.com\/sv\/produkt\/kaarma-antik\/","url":"https:\/\/uus.revalstone.com\/sv\/produkt\/kaarma-antik\/","name":"Kaarma antik - Estnisk dolomit fr\u00e5n \u00d6sel - Reval Stone n\u00e4tbutik","isPartOf":{"@id":"https:\/\/uus.revalstone.com\/sv\/#website"},"primaryImageOfPage":{"@id":"https:\/\/uus.revalstone.com\/sv\/produkt\/kaarma-antik\/#primaryimage"},"image":{"@id":"https:\/\/uus.revalstone.com\/sv\/produkt\/kaarma-antik\/#primaryimage"},"thumbnailUrl":"https:\/\/uus.revalstone.com\/wp-content\/uploads\/2025\/08\/Kaarma-antiik-harjatud-02.jpg","datePublished":"2025-08-14T07:45:58+00:00","dateModified":"2025-08-22T10:40:20+00:00","description":"Dolomit som bryts p\u00e5 \u00d6sel n\u00e4ra Kuressaare och som \u00e4ven \u00e4r k\u00e4nd som \u00d6sels marmor. Kaarma dolomit \u00e4r mycket l\u00e4mplig att anv\u00e4nda som golvplattor.","breadcrumb":{"@id":"https:\/\/uus.revalstone.com\/sv\/produkt\/kaarma-antik\/#breadcrumb"},"inLanguage":"sv-SE","potentialAction":[{"@type":"ReadAction","target":["https:\/\/uus.revalstone.com\/sv\/produkt\/kaarma-antik\/"]}]},{"@type":"ImageObject","inLanguage":"sv-SE","@id":"https:\/\/uus.revalstone.com\/sv\/produkt\/kaarma-antik\/#primaryimage","url":"https:\/\/uus.revalstone.com\/wp-content\/uploads\/2025\/08\/Kaarma-antiik-harjatud-02.jpg","contentUrl":"https:\/\/uus.revalstone.com\/wp-content\/uploads\/2025\/08\/Kaarma-antiik-harjatud-02.jpg","width":1536,"height":2048},{"@type":"BreadcrumbList","@id":"https:\/\/uus.revalstone.com\/sv\/produkt\/kaarma-antik\/#breadcrumb","itemListElement":[{"@type":"ListItem","position":1,"name":"Hemsida","item":"https:\/\/uus.revalstone.com\/sv\/"},{"@type":"ListItem","position":2,"name":"Produkter","item":"https:\/\/uus.revalstone.com\/sv\/natbutik\/"},{"@type":"ListItem","position":3,"name":"Kaarma antik"}]},{"@type":"WebSite","@id":"https:\/\/uus.revalstone.com\/sv\/#website","url":"https:\/\/uus.revalstone.com\/sv\/","name":"Reval Stone n\u00e4tbutik","description":"","publisher":{"@id":"https:\/\/uus.revalstone.com\/sv\/#organization"},"potentialAction":[{"@type":"SearchAction","target":{"@type":"EntryPoint","urlTemplate":"https:\/\/uus.revalstone.com\/sv\/?s={search_term_string}"},"query-input":{"@type":"PropertyValueSpecification","valueRequired":true,"valueName":"search_term_string"}}],"inLanguage":"sv-SE"},{"@type":"Organization","@id":"https:\/\/uus.revalstone.com\/sv\/#organization","name":"Reval Stone","url":"https:\/\/uus.revalstone.com\/sv\/","logo":{"@type":"ImageObject","inLanguage":"sv-SE","@id":"https:\/\/uus.revalstone.com\/sv\/#\/schema\/logo\/image\/","url":"https:\/\/uus.revalstone.com\/wp-content\/uploads\/2021\/09\/Logo_v.png","contentUrl":"https:\/\/uus.revalstone.com\/wp-content\/uploads\/2021\/09\/Logo_v.png","width":960,"height":672,"caption":"Reval Stone"},"image":{"@id":"https:\/\/uus.revalstone.com\/sv\/#\/schema\/logo\/image\/"},"sameAs":["https:\/\/www.facebook.com\/revalstoneofficial","https:\/\/www.instagram.com\/revalstoneofficial\/","https:\/\/en.wikipedia.org\/wiki\/Saare_Dolomiit-V\u00e4okivi"]}]}},"_links":{"self":[{"href":"https:\/\/uus.revalstone.com\/sv\/wp-json\/wp\/v2\/product\/17392","targetHints":{"allow":["GET"]}}],"collection":[{"href":"https:\/\/uus.revalstone.com\/sv\/wp-json\/wp\/v2\/product"}],"about":[{"href":"https:\/\/uus.revalstone.com\/sv\/wp-json\/wp\/v2\/types\/product"}],"replies":[{"embeddable":true,"href":"https:\/\/uus.revalstone.com\/sv\/wp-json\/wp\/v2\/comments?post=17392"}],"wp:featuredmedia":[{"embeddable":true,"href":"https:\/\/uus.revalstone.com\/sv\/wp-json\/wp\/v2\/media\/17405"}],"wp:attachment":[{"href":"https:\/\/uus.revalstone.com\/sv\/wp-json\/wp\/v2\/media?parent=17392"}],"wp:term":[{"taxonomy":"product_brand","embeddable":true,"href":"https:\/\/uus.revalstone.com\/sv\/wp-json\/wp\/v2\/product_brand?post=17392"},{"taxonomy":"product_cat","embeddable":true,"href":"https:\/\/uus.revalstone.com\/sv\/wp-json\/wp\/v2\/product_cat?post=17392"},{"taxonomy":"product_tag","embeddable":true,"href":"https:\/\/uus.revalstone.com\/sv\/wp-json\/wp\/v2\/product_tag?post=17392"}],"curies":[{"name":"wp","href":"https:\/\/api.w.org\/{rel}","templated":true}]}}