{"id":2472,"date":"2021-04-30T16:11:42","date_gmt":"2021-04-30T13:11:42","guid":{"rendered":"https:\/\/revalstone.com\/shop\/product\/kaarma-slipad\/"},"modified":"2025-08-15T09:35:06","modified_gmt":"2025-08-15T06:35:06","slug":"kaarma-slipad","status":"publish","type":"product","link":"https:\/\/uus.revalstone.com\/sv\/produkt\/kaarma-slipad\/","title":{"rendered":"Kaarma slipad"},"content":{"rendered":"<p>Denna finkristalliska dolomit finns i massiva lager som m\u00e4ter upp till en meter i tjocklek. Det \u00e4r k\u00e4nt att natursten fr\u00e5n Kaarma anv\u00e4ndes redan p\u00e5 1200-talet \u2013 vid byggande av Kaarmakyrkan. Senare b\u00f6rjade stenen anv\u00e4ndas \u00e4ven i Tallinn, Riga och annorst\u00e4des.<\/p>\n<p>Dolomit Kaarma kallas \u00e4ven f\u00f6r \u00d6sels marmor.<\/p>\n<p>Slipad dolomit Kaarma har f\u00f6ljande glidmotst\u00e5nd: 68,1 f\u00f6r torr yta och 57,9 f\u00f6r v\u00e5t yta. B\u00e5da siffrorna motsvarar klass P5 (R13). Klass P5\/R13 indikerar den h\u00f6gsta niv\u00e5n av glidmotst\u00e5nd och mycket l\u00e5g risk f\u00f6r att glida. Tester utf\u00f6rdes i Stone Pole Oy-laboratoriet i Finland.<\/p>\n","protected":false},"excerpt":{"rendered":"<p><strong><span style=\"color: #009d89;\">Egna stenbrott, egen produktion!<\/span><\/strong><\/p>\n<p>Dolomit som bryts p\u00e5 \u00d6sel n\u00e4ra Kuressaare och som \u00e4ven \u00e4r k\u00e4nd som \u00d6sels marmor. Dess f\u00e4rg varierar fr\u00e5n ljusgr\u00e5 till bl\u00e5gr\u00e5. Dolomiten bildades f\u00f6r mer \u00e4n 400 miljoner \u00e5r sedan. Sorteras inte efter f\u00e4rg eller m\u00f6nster. L\u00e4s mer om denna sten med v\u00e4rdig historia <span style=\"text-decoration: underline;\"><a href=\"https:\/\/revalstone.com\/dolomit-kaarma\/?lang=sv\" target=\"_blank\" rel=\"noopener\"><strong>h\u00e4r<\/strong><\/a><\/span>.<\/p>\n<p>Dolomit Kaarma karakteriseras av sina porer. Produkter tillverkade av detta material har som regel ofyllda porer och deras diameter kan vara upp till 15 mm. <strong>Vi kan fylla dessa porer p\u00e5 kundens beg\u00e4ran \u2013 v\u00e4nligen informera oss om detta vid best\u00e4llning<\/strong>. Denna tj\u00e4nst kostar 10 \u20ac\/m\u00b2.<\/p>\n<p>Golvplattornas tjocklek \u00e4r 15 mm (20 mm f\u00f6r 60 \u00d7 60 cm platta).<\/p>\n<p>Dolomit Kaarma finns \u00e4ven med <a href=\"https:\/\/uus.revalstone.com\/sv\/produkt\/kaarma-antik\/\" target=\"_blank\" rel=\"noopener\"><strong><span style=\"text-decoration: underline;\">antik ytbehandling<\/span><\/strong><\/a>.<\/p>\n<p>I v\u00e5r n\u00e4tbutik finns ocks\u00e5 <span style=\"text-decoration: underline;\"><a href=\"https:\/\/uus.revalstone.com\/sv\/produkt\/golvlister\/\" target=\"_blank\" rel=\"noopener\"><strong>golvlister<\/strong><\/a><\/span> och <span style=\"text-decoration: underline;\"><a href=\"https:\/\/uus.revalstone.com\/sv\/produkt\/fonsterbankar\/\" target=\"_blank\" rel=\"noopener\"><strong>f\u00f6nsterb\u00e4nkar<\/strong><\/a><\/span> av samma material.<\/p>\n<p>Du kan l\u00e4sa mer om leveranskostnaderna <a href=\"https:\/\/uus.revalstone.com\/sv\/frakt\/\" target=\"_blank\" rel=\"noopener\"><span style=\"text-decoration: underline;\"><strong>h\u00e4r<\/strong><\/span><\/a>.<\/p>\n<p><strong>OBS!<\/strong> F\u00f6r att bekanta sig med materialet kan du best\u00e4lla en 20 x 20 cm provbit.<\/p>\n","protected":false},"featured_media":1173,"comment_status":"closed","ping_status":"closed","template":"","meta":{"_acf_changed":false},"product_brand":[],"product_cat":[197,230],"product_tag":[],"class_list":{"0":"post-2472","1":"product","2":"type-product","3":"status-publish","4":"has-post-thumbnail","6":"product_cat-golvplattor","7":"product_cat-misc-sv","9":"first","10":"instock","11":"taxable","12":"shipping-taxable","13":"purchasable","14":"product-type-variable","15":"rtwpvg-product"},"acf":[],"yoast_head":"<!-- This site is optimized with the Yoast SEO plugin v27.4 - https:\/\/yoast.com\/product\/yoast-seo-wordpress\/ -->\n<title>Kaarma slipad - Estnisk dolomit fr\u00e5n \u00d6sel - Reval Stone n\u00e4tbutik<\/title>\n<meta name=\"description\" content=\"Dolomit som bryts p\u00e5 \u00d6sel n\u00e4ra Kuressaare och som \u00e4ven \u00e4r k\u00e4nd som \u00d6sels marmor. Kaarma dolomit \u00e4r mycket l\u00e4mplig att anv\u00e4nda som golvplattor.\" \/>\n<meta name=\"robots\" content=\"index, follow, max-snippet:-1, max-image-preview:large, max-video-preview:-1\" \/>\n<link rel=\"canonical\" href=\"https:\/\/uus.revalstone.com\/sv\/produkt\/kaarma-slipad\/\" \/>\n<meta property=\"og:locale\" content=\"sv_SE\" \/>\n<meta property=\"og:type\" content=\"article\" \/>\n<meta property=\"og:title\" content=\"Kaarma slipad - Estnisk dolomit fr\u00e5n \u00d6sel - Reval Stone n\u00e4tbutik\" \/>\n<meta property=\"og:description\" content=\"Dolomit som bryts p\u00e5 \u00d6sel n\u00e4ra Kuressaare och som \u00e4ven \u00e4r k\u00e4nd som \u00d6sels marmor. Kaarma dolomit \u00e4r mycket l\u00e4mplig att anv\u00e4nda som golvplattor.\" \/>\n<meta property=\"og:url\" content=\"https:\/\/uus.revalstone.com\/sv\/produkt\/kaarma-slipad\/\" \/>\n<meta property=\"og:site_name\" content=\"Reval Stone n\u00e4tbutik\" \/>\n<meta property=\"article:publisher\" content=\"https:\/\/www.facebook.com\/revalstoneofficial\" \/>\n<meta property=\"article:modified_time\" content=\"2025-08-15T06:35:06+00:00\" \/>\n<meta property=\"og:image\" content=\"https:\/\/uus.revalstone.com\/wp-content\/uploads\/2021\/07\/Reval_Stone_Kaarma_lihv_02.jpg\" \/>\n\t<meta property=\"og:image:width\" content=\"1500\" \/>\n\t<meta property=\"og:image:height\" content=\"1500\" \/>\n\t<meta property=\"og:image:type\" content=\"image\/jpeg\" \/>\n<meta name=\"twitter:card\" content=\"summary_large_image\" \/>\n<meta name=\"twitter:label1\" content=\"Ber\u00e4knad l\u00e4stid\" \/>\n\t<meta name=\"twitter:data1\" content=\"1 minut\" \/>\n<script type=\"application\/ld+json\" class=\"yoast-schema-graph\">{\"@context\":\"https:\\\/\\\/schema.org\",\"@graph\":[{\"@type\":\"WebPage\",\"@id\":\"https:\\\/\\\/uus.revalstone.com\\\/sv\\\/produkt\\\/kaarma-slipad\\\/\",\"url\":\"https:\\\/\\\/uus.revalstone.com\\\/sv\\\/produkt\\\/kaarma-slipad\\\/\",\"name\":\"Kaarma slipad - Estnisk dolomit fr\u00e5n \u00d6sel - Reval Stone n\u00e4tbutik\",\"isPartOf\":{\"@id\":\"https:\\\/\\\/uus.revalstone.com\\\/sv\\\/#website\"},\"primaryImageOfPage\":{\"@id\":\"https:\\\/\\\/uus.revalstone.com\\\/sv\\\/produkt\\\/kaarma-slipad\\\/#primaryimage\"},\"image\":{\"@id\":\"https:\\\/\\\/uus.revalstone.com\\\/sv\\\/produkt\\\/kaarma-slipad\\\/#primaryimage\"},\"thumbnailUrl\":\"https:\\\/\\\/uus.revalstone.com\\\/wp-content\\\/uploads\\\/2021\\\/07\\\/Reval_Stone_Kaarma_lihv_02.jpg\",\"datePublished\":\"2021-04-30T13:11:42+00:00\",\"dateModified\":\"2025-08-15T06:35:06+00:00\",\"description\":\"Dolomit som bryts p\u00e5 \u00d6sel n\u00e4ra Kuressaare och som \u00e4ven \u00e4r k\u00e4nd som \u00d6sels marmor. Kaarma dolomit \u00e4r mycket l\u00e4mplig att anv\u00e4nda som golvplattor.\",\"breadcrumb\":{\"@id\":\"https:\\\/\\\/uus.revalstone.com\\\/sv\\\/produkt\\\/kaarma-slipad\\\/#breadcrumb\"},\"inLanguage\":\"sv-SE\",\"potentialAction\":[{\"@type\":\"ReadAction\",\"target\":[\"https:\\\/\\\/uus.revalstone.com\\\/sv\\\/produkt\\\/kaarma-slipad\\\/\"]}]},{\"@type\":\"ImageObject\",\"inLanguage\":\"sv-SE\",\"@id\":\"https:\\\/\\\/uus.revalstone.com\\\/sv\\\/produkt\\\/kaarma-slipad\\\/#primaryimage\",\"url\":\"https:\\\/\\\/uus.revalstone.com\\\/wp-content\\\/uploads\\\/2021\\\/07\\\/Reval_Stone_Kaarma_lihv_02.jpg\",\"contentUrl\":\"https:\\\/\\\/uus.revalstone.com\\\/wp-content\\\/uploads\\\/2021\\\/07\\\/Reval_Stone_Kaarma_lihv_02.jpg\",\"width\":1500,\"height\":1500,\"caption\":\"Reval Stone, dolomit Kaarma, slipad\"},{\"@type\":\"BreadcrumbList\",\"@id\":\"https:\\\/\\\/uus.revalstone.com\\\/sv\\\/produkt\\\/kaarma-slipad\\\/#breadcrumb\",\"itemListElement\":[{\"@type\":\"ListItem\",\"position\":1,\"name\":\"Hemsida\",\"item\":\"https:\\\/\\\/uus.revalstone.com\\\/sv\\\/\"},{\"@type\":\"ListItem\",\"position\":2,\"name\":\"Produkter\",\"item\":\"https:\\\/\\\/uus.revalstone.com\\\/sv\\\/natbutik\\\/\"},{\"@type\":\"ListItem\",\"position\":3,\"name\":\"Kaarma slipad\"}]},{\"@type\":\"WebSite\",\"@id\":\"https:\\\/\\\/uus.revalstone.com\\\/sv\\\/#website\",\"url\":\"https:\\\/\\\/uus.revalstone.com\\\/sv\\\/\",\"name\":\"Reval Stone n\u00e4tbutik\",\"description\":\"\",\"publisher\":{\"@id\":\"https:\\\/\\\/uus.revalstone.com\\\/sv\\\/#organization\"},\"potentialAction\":[{\"@type\":\"SearchAction\",\"target\":{\"@type\":\"EntryPoint\",\"urlTemplate\":\"https:\\\/\\\/uus.revalstone.com\\\/sv\\\/?s={search_term_string}\"},\"query-input\":{\"@type\":\"PropertyValueSpecification\",\"valueRequired\":true,\"valueName\":\"search_term_string\"}}],\"inLanguage\":\"sv-SE\"},{\"@type\":\"Organization\",\"@id\":\"https:\\\/\\\/uus.revalstone.com\\\/sv\\\/#organization\",\"name\":\"Reval Stone\",\"url\":\"https:\\\/\\\/uus.revalstone.com\\\/sv\\\/\",\"logo\":{\"@type\":\"ImageObject\",\"inLanguage\":\"sv-SE\",\"@id\":\"https:\\\/\\\/uus.revalstone.com\\\/sv\\\/#\\\/schema\\\/logo\\\/image\\\/\",\"url\":\"https:\\\/\\\/uus.revalstone.com\\\/wp-content\\\/uploads\\\/2021\\\/09\\\/Logo_v.png\",\"contentUrl\":\"https:\\\/\\\/uus.revalstone.com\\\/wp-content\\\/uploads\\\/2021\\\/09\\\/Logo_v.png\",\"width\":960,\"height\":672,\"caption\":\"Reval Stone\"},\"image\":{\"@id\":\"https:\\\/\\\/uus.revalstone.com\\\/sv\\\/#\\\/schema\\\/logo\\\/image\\\/\"},\"sameAs\":[\"https:\\\/\\\/www.facebook.com\\\/revalstoneofficial\",\"https:\\\/\\\/www.instagram.com\\\/revalstoneofficial\\\/\",\"https:\\\/\\\/en.wikipedia.org\\\/wiki\\\/Saare_Dolomiit-V\u00e4okivi\"]}]}<\/script>\n<!-- \/ Yoast SEO plugin. -->","yoast_head_json":{"title":"Kaarma slipad - Estnisk dolomit fr\u00e5n \u00d6sel - Reval Stone n\u00e4tbutik","description":"Dolomit som bryts p\u00e5 \u00d6sel n\u00e4ra Kuressaare och som \u00e4ven \u00e4r k\u00e4nd som \u00d6sels marmor. Kaarma dolomit \u00e4r mycket l\u00e4mplig att anv\u00e4nda som golvplattor.","robots":{"index":"index","follow":"follow","max-snippet":"max-snippet:-1","max-image-preview":"max-image-preview:large","max-video-preview":"max-video-preview:-1"},"canonical":"https:\/\/uus.revalstone.com\/sv\/produkt\/kaarma-slipad\/","og_locale":"sv_SE","og_type":"article","og_title":"Kaarma slipad - Estnisk dolomit fr\u00e5n \u00d6sel - Reval Stone n\u00e4tbutik","og_description":"Dolomit som bryts p\u00e5 \u00d6sel n\u00e4ra Kuressaare och som \u00e4ven \u00e4r k\u00e4nd som \u00d6sels marmor. Kaarma dolomit \u00e4r mycket l\u00e4mplig att anv\u00e4nda som golvplattor.","og_url":"https:\/\/uus.revalstone.com\/sv\/produkt\/kaarma-slipad\/","og_site_name":"Reval Stone n\u00e4tbutik","article_publisher":"https:\/\/www.facebook.com\/revalstoneofficial","article_modified_time":"2025-08-15T06:35:06+00:00","og_image":[{"width":1500,"height":1500,"url":"https:\/\/uus.revalstone.com\/wp-content\/uploads\/2021\/07\/Reval_Stone_Kaarma_lihv_02.jpg","type":"image\/jpeg"}],"twitter_card":"summary_large_image","twitter_misc":{"Ber\u00e4knad l\u00e4stid":"1 minut"},"schema":{"@context":"https:\/\/schema.org","@graph":[{"@type":"WebPage","@id":"https:\/\/uus.revalstone.com\/sv\/produkt\/kaarma-slipad\/","url":"https:\/\/uus.revalstone.com\/sv\/produkt\/kaarma-slipad\/","name":"Kaarma slipad - Estnisk dolomit fr\u00e5n \u00d6sel - Reval Stone n\u00e4tbutik","isPartOf":{"@id":"https:\/\/uus.revalstone.com\/sv\/#website"},"primaryImageOfPage":{"@id":"https:\/\/uus.revalstone.com\/sv\/produkt\/kaarma-slipad\/#primaryimage"},"image":{"@id":"https:\/\/uus.revalstone.com\/sv\/produkt\/kaarma-slipad\/#primaryimage"},"thumbnailUrl":"https:\/\/uus.revalstone.com\/wp-content\/uploads\/2021\/07\/Reval_Stone_Kaarma_lihv_02.jpg","datePublished":"2021-04-30T13:11:42+00:00","dateModified":"2025-08-15T06:35:06+00:00","description":"Dolomit som bryts p\u00e5 \u00d6sel n\u00e4ra Kuressaare och som \u00e4ven \u00e4r k\u00e4nd som \u00d6sels marmor. Kaarma dolomit \u00e4r mycket l\u00e4mplig att anv\u00e4nda som golvplattor.","breadcrumb":{"@id":"https:\/\/uus.revalstone.com\/sv\/produkt\/kaarma-slipad\/#breadcrumb"},"inLanguage":"sv-SE","potentialAction":[{"@type":"ReadAction","target":["https:\/\/uus.revalstone.com\/sv\/produkt\/kaarma-slipad\/"]}]},{"@type":"ImageObject","inLanguage":"sv-SE","@id":"https:\/\/uus.revalstone.com\/sv\/produkt\/kaarma-slipad\/#primaryimage","url":"https:\/\/uus.revalstone.com\/wp-content\/uploads\/2021\/07\/Reval_Stone_Kaarma_lihv_02.jpg","contentUrl":"https:\/\/uus.revalstone.com\/wp-content\/uploads\/2021\/07\/Reval_Stone_Kaarma_lihv_02.jpg","width":1500,"height":1500,"caption":"Reval Stone, dolomit Kaarma, slipad"},{"@type":"BreadcrumbList","@id":"https:\/\/uus.revalstone.com\/sv\/produkt\/kaarma-slipad\/#breadcrumb","itemListElement":[{"@type":"ListItem","position":1,"name":"Hemsida","item":"https:\/\/uus.revalstone.com\/sv\/"},{"@type":"ListItem","position":2,"name":"Produkter","item":"https:\/\/uus.revalstone.com\/sv\/natbutik\/"},{"@type":"ListItem","position":3,"name":"Kaarma slipad"}]},{"@type":"WebSite","@id":"https:\/\/uus.revalstone.com\/sv\/#website","url":"https:\/\/uus.revalstone.com\/sv\/","name":"Reval Stone n\u00e4tbutik","description":"","publisher":{"@id":"https:\/\/uus.revalstone.com\/sv\/#organization"},"potentialAction":[{"@type":"SearchAction","target":{"@type":"EntryPoint","urlTemplate":"https:\/\/uus.revalstone.com\/sv\/?s={search_term_string}"},"query-input":{"@type":"PropertyValueSpecification","valueRequired":true,"valueName":"search_term_string"}}],"inLanguage":"sv-SE"},{"@type":"Organization","@id":"https:\/\/uus.revalstone.com\/sv\/#organization","name":"Reval Stone","url":"https:\/\/uus.revalstone.com\/sv\/","logo":{"@type":"ImageObject","inLanguage":"sv-SE","@id":"https:\/\/uus.revalstone.com\/sv\/#\/schema\/logo\/image\/","url":"https:\/\/uus.revalstone.com\/wp-content\/uploads\/2021\/09\/Logo_v.png","contentUrl":"https:\/\/uus.revalstone.com\/wp-content\/uploads\/2021\/09\/Logo_v.png","width":960,"height":672,"caption":"Reval Stone"},"image":{"@id":"https:\/\/uus.revalstone.com\/sv\/#\/schema\/logo\/image\/"},"sameAs":["https:\/\/www.facebook.com\/revalstoneofficial","https:\/\/www.instagram.com\/revalstoneofficial\/","https:\/\/en.wikipedia.org\/wiki\/Saare_Dolomiit-V\u00e4okivi"]}]}},"_links":{"self":[{"href":"https:\/\/uus.revalstone.com\/sv\/wp-json\/wp\/v2\/product\/2472","targetHints":{"allow":["GET"]}}],"collection":[{"href":"https:\/\/uus.revalstone.com\/sv\/wp-json\/wp\/v2\/product"}],"about":[{"href":"https:\/\/uus.revalstone.com\/sv\/wp-json\/wp\/v2\/types\/product"}],"replies":[{"embeddable":true,"href":"https:\/\/uus.revalstone.com\/sv\/wp-json\/wp\/v2\/comments?post=2472"}],"wp:featuredmedia":[{"embeddable":true,"href":"https:\/\/uus.revalstone.com\/sv\/wp-json\/wp\/v2\/media\/1173"}],"wp:attachment":[{"href":"https:\/\/uus.revalstone.com\/sv\/wp-json\/wp\/v2\/media?parent=2472"}],"wp:term":[{"taxonomy":"product_brand","embeddable":true,"href":"https:\/\/uus.revalstone.com\/sv\/wp-json\/wp\/v2\/product_brand?post=2472"},{"taxonomy":"product_cat","embeddable":true,"href":"https:\/\/uus.revalstone.com\/sv\/wp-json\/wp\/v2\/product_cat?post=2472"},{"taxonomy":"product_tag","embeddable":true,"href":"https:\/\/uus.revalstone.com\/sv\/wp-json\/wp\/v2\/product_tag?post=2472"}],"curies":[{"name":"wp","href":"https:\/\/api.w.org\/{rel}","templated":true}]}}