{"id":2497,"date":"2021-05-01T08:59:25","date_gmt":"2021-05-01T05:59:25","guid":{"rendered":"https:\/\/revalstone.com\/shop\/product\/selgase-slipad\/"},"modified":"2023-11-16T09:16:05","modified_gmt":"2023-11-16T06:16:05","slug":"selgase-slipad","status":"publish","type":"product","link":"https:\/\/uus.revalstone.com\/sv\/produkt\/selgase-slipad\/","title":{"rendered":"Selgase slipad"},"content":{"rendered":"<p>J\u00e4mf\u00f6rt med andra naturstenar i v\u00e5r n\u00e4tbutik har Selgase sten en ganska kort historia \u2013 den har bara anv\u00e4nts i n\u00e5gra hundra \u00e5r. Tidigare anv\u00e4ndes Selgase dolomit fr\u00e4mst som byggmaterial f\u00f6r v\u00e4ggar men numera anv\u00e4nds denna sten med ett karakt\u00e4ristiskt m\u00f6nster \u00e4ven i inredning.<\/p>\n<p>Slipad dolomit Selgase har f\u00f6ljande glidmotst\u00e5nd: 67,0 f\u00f6r torr yta och 56,2 f\u00f6r v\u00e5t yta. B\u00e5da siffrorna motsvarar klass P5 (R13). Klass P5\/R13 indikerar den h\u00f6gsta niv\u00e5n av glidmotst\u00e5nd och mycket l\u00e5g risk f\u00f6r att glida. Tester utf\u00f6rdes i Stone Pole Oy-laboratoriet i Finland.<\/p>\n","protected":false},"excerpt":{"rendered":"<p><strong><span style=\"color: #009d89;\">Egna stenbrott, egen produktion!<\/span><\/strong><\/p>\n<p>En dolomit fr\u00e5n v\u00e4stra \u00d6sel som har ett karakt\u00e4ristiskt m\u00f6nster i gult eller bl\u00e5tt. Denna mycket dekorativa natursten med ett intensivt m\u00f6nster bildades f\u00f6r mer \u00e4n 400 miljoner \u00e5r sedan. Dessa plattor kan ha b\u00e5de gulaktig och bl\u00e5aktig ton. L\u00e4s mer om denna sten, som b\u00f6rjade anv\u00e4ndas ganska nyligen, <span style=\"text-decoration: underline;\"><a href=\"https:\/\/revalstone.com\/dolomiit-selgase\/?lang=sv\" target=\"_blank\" rel=\"noopener\"><strong>h\u00e4r<\/strong><\/a><\/span>.<\/p>\n<p>Golvplattornas tjocklek \u00e4r 10 mm.<\/p>\n<p>I v\u00e5r n\u00e4tbutik finns ocks\u00e5 <span style=\"text-decoration: underline;\"><a href=\"https:\/\/uus.revalstone.com\/sv\/produkt\/golvlister\/\" target=\"_blank\" rel=\"noopener\"><strong>golvlister<\/strong><\/a><\/span> och <span style=\"text-decoration: underline;\"><a href=\"https:\/\/uus.revalstone.com\/sv\/produkt\/fonsterbankar\/\" target=\"_blank\" rel=\"noopener\"><strong>f\u00f6nsterb\u00e4nkar<\/strong><\/a><\/span> av samma material.<\/p>\n<p>Du kan l\u00e4sa mer om leveranskostnaderna <a href=\"https:\/\/uus.revalstone.com\/sv\/frakt\/\" target=\"_blank\" rel=\"noopener\"><span style=\"text-decoration: underline;\"><strong>h\u00e4r<\/strong><\/span><\/a>.<\/p>\n<p><strong>OBS!<\/strong> F\u00f6r att bekanta sig med materialet kan du best\u00e4lla en 20 x 20 cm provbit.<\/p>\n","protected":false},"featured_media":1242,"comment_status":"closed","ping_status":"closed","template":"","meta":{"_acf_changed":false},"product_brand":[],"product_cat":[197,230],"product_tag":[],"class_list":{"0":"post-2497","1":"product","2":"type-product","3":"status-publish","4":"has-post-thumbnail","6":"product_cat-golvplattor","7":"product_cat-misc-sv","9":"first","10":"instock","11":"taxable","12":"shipping-taxable","13":"purchasable","14":"product-type-variable","15":"rtwpvg-product"},"acf":[],"yoast_head":"<!-- This site is optimized with the Yoast SEO plugin v27.4 - https:\/\/yoast.com\/product\/yoast-seo-wordpress\/ -->\n<title>Selgase slipad - Dolomit Selgase - Reval Stone n\u00e4tbutik<\/title>\n<meta name=\"description\" content=\"En dolomit fr\u00e5n v\u00e4stra \u00d6sel som har ett karakt\u00e4ristiskt m\u00f6nster i gult eller bl\u00e5tt. Plattor kan ha b\u00e5de gulaktig och bl\u00e5aktig ton.\" \/>\n<meta name=\"robots\" content=\"index, follow, max-snippet:-1, max-image-preview:large, max-video-preview:-1\" \/>\n<link rel=\"canonical\" href=\"https:\/\/uus.revalstone.com\/sv\/produkt\/selgase-slipad\/\" \/>\n<meta property=\"og:locale\" content=\"sv_SE\" \/>\n<meta property=\"og:type\" content=\"article\" \/>\n<meta property=\"og:title\" content=\"Selgase slipad - Dolomit Selgase - Reval Stone n\u00e4tbutik\" \/>\n<meta property=\"og:description\" content=\"En dolomit fr\u00e5n v\u00e4stra \u00d6sel som har ett karakt\u00e4ristiskt m\u00f6nster i gult eller bl\u00e5tt. Plattor kan ha b\u00e5de gulaktig och bl\u00e5aktig ton.\" \/>\n<meta property=\"og:url\" content=\"https:\/\/uus.revalstone.com\/sv\/produkt\/selgase-slipad\/\" \/>\n<meta property=\"og:site_name\" content=\"Reval Stone n\u00e4tbutik\" \/>\n<meta property=\"article:publisher\" content=\"https:\/\/www.facebook.com\/revalstoneofficial\" \/>\n<meta property=\"article:modified_time\" content=\"2023-11-16T06:16:05+00:00\" \/>\n<meta property=\"og:image\" content=\"https:\/\/uus.revalstone.com\/wp-content\/uploads\/2021\/07\/Reval_Stone_Selgase_lihv_05.jpg\" \/>\n\t<meta property=\"og:image:width\" content=\"1500\" \/>\n\t<meta property=\"og:image:height\" content=\"1500\" \/>\n\t<meta property=\"og:image:type\" content=\"image\/jpeg\" \/>\n<meta name=\"twitter:card\" content=\"summary_large_image\" \/>\n<meta name=\"twitter:label1\" content=\"Ber\u00e4knad l\u00e4stid\" \/>\n\t<meta name=\"twitter:data1\" content=\"1 minut\" \/>\n<script type=\"application\/ld+json\" class=\"yoast-schema-graph\">{\"@context\":\"https:\\\/\\\/schema.org\",\"@graph\":[{\"@type\":\"WebPage\",\"@id\":\"https:\\\/\\\/uus.revalstone.com\\\/sv\\\/produkt\\\/selgase-slipad\\\/\",\"url\":\"https:\\\/\\\/uus.revalstone.com\\\/sv\\\/produkt\\\/selgase-slipad\\\/\",\"name\":\"Selgase slipad - Dolomit Selgase - Reval Stone n\u00e4tbutik\",\"isPartOf\":{\"@id\":\"https:\\\/\\\/uus.revalstone.com\\\/sv\\\/#website\"},\"primaryImageOfPage\":{\"@id\":\"https:\\\/\\\/uus.revalstone.com\\\/sv\\\/produkt\\\/selgase-slipad\\\/#primaryimage\"},\"image\":{\"@id\":\"https:\\\/\\\/uus.revalstone.com\\\/sv\\\/produkt\\\/selgase-slipad\\\/#primaryimage\"},\"thumbnailUrl\":\"https:\\\/\\\/uus.revalstone.com\\\/wp-content\\\/uploads\\\/2021\\\/07\\\/Reval_Stone_Selgase_lihv_05.jpg\",\"datePublished\":\"2021-05-01T05:59:25+00:00\",\"dateModified\":\"2023-11-16T06:16:05+00:00\",\"description\":\"En dolomit fr\u00e5n v\u00e4stra \u00d6sel som har ett karakt\u00e4ristiskt m\u00f6nster i gult eller bl\u00e5tt. Plattor kan ha b\u00e5de gulaktig och bl\u00e5aktig ton.\",\"breadcrumb\":{\"@id\":\"https:\\\/\\\/uus.revalstone.com\\\/sv\\\/produkt\\\/selgase-slipad\\\/#breadcrumb\"},\"inLanguage\":\"sv-SE\",\"potentialAction\":[{\"@type\":\"ReadAction\",\"target\":[\"https:\\\/\\\/uus.revalstone.com\\\/sv\\\/produkt\\\/selgase-slipad\\\/\"]}]},{\"@type\":\"ImageObject\",\"inLanguage\":\"sv-SE\",\"@id\":\"https:\\\/\\\/uus.revalstone.com\\\/sv\\\/produkt\\\/selgase-slipad\\\/#primaryimage\",\"url\":\"https:\\\/\\\/uus.revalstone.com\\\/wp-content\\\/uploads\\\/2021\\\/07\\\/Reval_Stone_Selgase_lihv_05.jpg\",\"contentUrl\":\"https:\\\/\\\/uus.revalstone.com\\\/wp-content\\\/uploads\\\/2021\\\/07\\\/Reval_Stone_Selgase_lihv_05.jpg\",\"width\":1500,\"height\":1500,\"caption\":\"Reval Stone, dolomit Selgase, slipad\"},{\"@type\":\"BreadcrumbList\",\"@id\":\"https:\\\/\\\/uus.revalstone.com\\\/sv\\\/produkt\\\/selgase-slipad\\\/#breadcrumb\",\"itemListElement\":[{\"@type\":\"ListItem\",\"position\":1,\"name\":\"Hemsida\",\"item\":\"https:\\\/\\\/uus.revalstone.com\\\/sv\\\/\"},{\"@type\":\"ListItem\",\"position\":2,\"name\":\"Produkter\",\"item\":\"https:\\\/\\\/uus.revalstone.com\\\/sv\\\/natbutik\\\/\"},{\"@type\":\"ListItem\",\"position\":3,\"name\":\"Selgase slipad\"}]},{\"@type\":\"WebSite\",\"@id\":\"https:\\\/\\\/uus.revalstone.com\\\/sv\\\/#website\",\"url\":\"https:\\\/\\\/uus.revalstone.com\\\/sv\\\/\",\"name\":\"Reval Stone n\u00e4tbutik\",\"description\":\"\",\"publisher\":{\"@id\":\"https:\\\/\\\/uus.revalstone.com\\\/sv\\\/#organization\"},\"potentialAction\":[{\"@type\":\"SearchAction\",\"target\":{\"@type\":\"EntryPoint\",\"urlTemplate\":\"https:\\\/\\\/uus.revalstone.com\\\/sv\\\/?s={search_term_string}\"},\"query-input\":{\"@type\":\"PropertyValueSpecification\",\"valueRequired\":true,\"valueName\":\"search_term_string\"}}],\"inLanguage\":\"sv-SE\"},{\"@type\":\"Organization\",\"@id\":\"https:\\\/\\\/uus.revalstone.com\\\/sv\\\/#organization\",\"name\":\"Reval Stone\",\"url\":\"https:\\\/\\\/uus.revalstone.com\\\/sv\\\/\",\"logo\":{\"@type\":\"ImageObject\",\"inLanguage\":\"sv-SE\",\"@id\":\"https:\\\/\\\/uus.revalstone.com\\\/sv\\\/#\\\/schema\\\/logo\\\/image\\\/\",\"url\":\"https:\\\/\\\/uus.revalstone.com\\\/wp-content\\\/uploads\\\/2021\\\/09\\\/Logo_v.png\",\"contentUrl\":\"https:\\\/\\\/uus.revalstone.com\\\/wp-content\\\/uploads\\\/2021\\\/09\\\/Logo_v.png\",\"width\":960,\"height\":672,\"caption\":\"Reval Stone\"},\"image\":{\"@id\":\"https:\\\/\\\/uus.revalstone.com\\\/sv\\\/#\\\/schema\\\/logo\\\/image\\\/\"},\"sameAs\":[\"https:\\\/\\\/www.facebook.com\\\/revalstoneofficial\",\"https:\\\/\\\/www.instagram.com\\\/revalstoneofficial\\\/\",\"https:\\\/\\\/en.wikipedia.org\\\/wiki\\\/Saare_Dolomiit-V\u00e4okivi\"]}]}<\/script>\n<!-- \/ Yoast SEO plugin. -->","yoast_head_json":{"title":"Selgase slipad - Dolomit Selgase - Reval Stone n\u00e4tbutik","description":"En dolomit fr\u00e5n v\u00e4stra \u00d6sel som har ett karakt\u00e4ristiskt m\u00f6nster i gult eller bl\u00e5tt. Plattor kan ha b\u00e5de gulaktig och bl\u00e5aktig ton.","robots":{"index":"index","follow":"follow","max-snippet":"max-snippet:-1","max-image-preview":"max-image-preview:large","max-video-preview":"max-video-preview:-1"},"canonical":"https:\/\/uus.revalstone.com\/sv\/produkt\/selgase-slipad\/","og_locale":"sv_SE","og_type":"article","og_title":"Selgase slipad - Dolomit Selgase - Reval Stone n\u00e4tbutik","og_description":"En dolomit fr\u00e5n v\u00e4stra \u00d6sel som har ett karakt\u00e4ristiskt m\u00f6nster i gult eller bl\u00e5tt. Plattor kan ha b\u00e5de gulaktig och bl\u00e5aktig ton.","og_url":"https:\/\/uus.revalstone.com\/sv\/produkt\/selgase-slipad\/","og_site_name":"Reval Stone n\u00e4tbutik","article_publisher":"https:\/\/www.facebook.com\/revalstoneofficial","article_modified_time":"2023-11-16T06:16:05+00:00","og_image":[{"width":1500,"height":1500,"url":"https:\/\/uus.revalstone.com\/wp-content\/uploads\/2021\/07\/Reval_Stone_Selgase_lihv_05.jpg","type":"image\/jpeg"}],"twitter_card":"summary_large_image","twitter_misc":{"Ber\u00e4knad l\u00e4stid":"1 minut"},"schema":{"@context":"https:\/\/schema.org","@graph":[{"@type":"WebPage","@id":"https:\/\/uus.revalstone.com\/sv\/produkt\/selgase-slipad\/","url":"https:\/\/uus.revalstone.com\/sv\/produkt\/selgase-slipad\/","name":"Selgase slipad - Dolomit Selgase - Reval Stone n\u00e4tbutik","isPartOf":{"@id":"https:\/\/uus.revalstone.com\/sv\/#website"},"primaryImageOfPage":{"@id":"https:\/\/uus.revalstone.com\/sv\/produkt\/selgase-slipad\/#primaryimage"},"image":{"@id":"https:\/\/uus.revalstone.com\/sv\/produkt\/selgase-slipad\/#primaryimage"},"thumbnailUrl":"https:\/\/uus.revalstone.com\/wp-content\/uploads\/2021\/07\/Reval_Stone_Selgase_lihv_05.jpg","datePublished":"2021-05-01T05:59:25+00:00","dateModified":"2023-11-16T06:16:05+00:00","description":"En dolomit fr\u00e5n v\u00e4stra \u00d6sel som har ett karakt\u00e4ristiskt m\u00f6nster i gult eller bl\u00e5tt. Plattor kan ha b\u00e5de gulaktig och bl\u00e5aktig ton.","breadcrumb":{"@id":"https:\/\/uus.revalstone.com\/sv\/produkt\/selgase-slipad\/#breadcrumb"},"inLanguage":"sv-SE","potentialAction":[{"@type":"ReadAction","target":["https:\/\/uus.revalstone.com\/sv\/produkt\/selgase-slipad\/"]}]},{"@type":"ImageObject","inLanguage":"sv-SE","@id":"https:\/\/uus.revalstone.com\/sv\/produkt\/selgase-slipad\/#primaryimage","url":"https:\/\/uus.revalstone.com\/wp-content\/uploads\/2021\/07\/Reval_Stone_Selgase_lihv_05.jpg","contentUrl":"https:\/\/uus.revalstone.com\/wp-content\/uploads\/2021\/07\/Reval_Stone_Selgase_lihv_05.jpg","width":1500,"height":1500,"caption":"Reval Stone, dolomit Selgase, slipad"},{"@type":"BreadcrumbList","@id":"https:\/\/uus.revalstone.com\/sv\/produkt\/selgase-slipad\/#breadcrumb","itemListElement":[{"@type":"ListItem","position":1,"name":"Hemsida","item":"https:\/\/uus.revalstone.com\/sv\/"},{"@type":"ListItem","position":2,"name":"Produkter","item":"https:\/\/uus.revalstone.com\/sv\/natbutik\/"},{"@type":"ListItem","position":3,"name":"Selgase slipad"}]},{"@type":"WebSite","@id":"https:\/\/uus.revalstone.com\/sv\/#website","url":"https:\/\/uus.revalstone.com\/sv\/","name":"Reval Stone n\u00e4tbutik","description":"","publisher":{"@id":"https:\/\/uus.revalstone.com\/sv\/#organization"},"potentialAction":[{"@type":"SearchAction","target":{"@type":"EntryPoint","urlTemplate":"https:\/\/uus.revalstone.com\/sv\/?s={search_term_string}"},"query-input":{"@type":"PropertyValueSpecification","valueRequired":true,"valueName":"search_term_string"}}],"inLanguage":"sv-SE"},{"@type":"Organization","@id":"https:\/\/uus.revalstone.com\/sv\/#organization","name":"Reval Stone","url":"https:\/\/uus.revalstone.com\/sv\/","logo":{"@type":"ImageObject","inLanguage":"sv-SE","@id":"https:\/\/uus.revalstone.com\/sv\/#\/schema\/logo\/image\/","url":"https:\/\/uus.revalstone.com\/wp-content\/uploads\/2021\/09\/Logo_v.png","contentUrl":"https:\/\/uus.revalstone.com\/wp-content\/uploads\/2021\/09\/Logo_v.png","width":960,"height":672,"caption":"Reval Stone"},"image":{"@id":"https:\/\/uus.revalstone.com\/sv\/#\/schema\/logo\/image\/"},"sameAs":["https:\/\/www.facebook.com\/revalstoneofficial","https:\/\/www.instagram.com\/revalstoneofficial\/","https:\/\/en.wikipedia.org\/wiki\/Saare_Dolomiit-V\u00e4okivi"]}]}},"_links":{"self":[{"href":"https:\/\/uus.revalstone.com\/sv\/wp-json\/wp\/v2\/product\/2497","targetHints":{"allow":["GET"]}}],"collection":[{"href":"https:\/\/uus.revalstone.com\/sv\/wp-json\/wp\/v2\/product"}],"about":[{"href":"https:\/\/uus.revalstone.com\/sv\/wp-json\/wp\/v2\/types\/product"}],"replies":[{"embeddable":true,"href":"https:\/\/uus.revalstone.com\/sv\/wp-json\/wp\/v2\/comments?post=2497"}],"wp:featuredmedia":[{"embeddable":true,"href":"https:\/\/uus.revalstone.com\/sv\/wp-json\/wp\/v2\/media\/1242"}],"wp:attachment":[{"href":"https:\/\/uus.revalstone.com\/sv\/wp-json\/wp\/v2\/media?parent=2497"}],"wp:term":[{"taxonomy":"product_brand","embeddable":true,"href":"https:\/\/uus.revalstone.com\/sv\/wp-json\/wp\/v2\/product_brand?post=2497"},{"taxonomy":"product_cat","embeddable":true,"href":"https:\/\/uus.revalstone.com\/sv\/wp-json\/wp\/v2\/product_cat?post=2497"},{"taxonomy":"product_tag","embeddable":true,"href":"https:\/\/uus.revalstone.com\/sv\/wp-json\/wp\/v2\/product_tag?post=2497"}],"curies":[{"name":"wp","href":"https:\/\/api.w.org\/{rel}","templated":true}]}}