{"id":2512,"date":"2021-05-01T09:25:36","date_gmt":"2021-05-01T06:25:36","guid":{"rendered":"https:\/\/revalstone.com\/shop\/product\/orgita-slipad\/"},"modified":"2023-11-16T09:14:42","modified_gmt":"2023-11-16T06:14:42","slug":"orgita-slipad","status":"publish","type":"product","link":"https:\/\/uus.revalstone.com\/sv\/produkt\/orgita-slipad\/","title":{"rendered":"Orgita slipad"},"content":{"rendered":"<p>Historiskt har Orgita dolomit anv\u00e4nts f\u00f6r utv\u00e4ndiga finisharbeten och som huggen sten (till exempel i Tallinns domkyrka samt i Nikolaikyrkan i Tallinn). Numera anv\u00e4nds den \u00e4ven i inredning.<\/p>\n<p>Slipad dolomit Orgita har f\u00f6ljande glidmotst\u00e5nd: 61,5 f\u00f6r torr yta och 51,2 f\u00f6r v\u00e5t yta. V\u00e4rdet f\u00f6r torr yta motsvarar klass P5 (R13) och v\u00e4rdet f\u00f6r v\u00e5t yta motsvarar P4 (R12). Klass P5\/R13 indikerar den h\u00f6gsta niv\u00e5n av glidmotst\u00e5nd och mycket l\u00e5g risk f\u00f6r att glida. Klass P4\/R12 indikerar l\u00e5g risk f\u00f6r att glida. Tester utf\u00f6rdes i Stone Pole Oy-laboratoriet i Finland.<\/p>\n","protected":false},"excerpt":{"rendered":"<p><strong><span style=\"color: #009d89;\">Egna stenbrott, egen produktion!<\/span><\/strong><\/p>\n<p>Dolomit Orgita \u00e4r en natursten som \u00e4r l\u00e4tt att bearbeta och som har ett unikt m\u00f6nster. Den \u00e4r mer \u00e4n 400 miljoner \u00e5r gammal. F\u00e4rgen p\u00e5 dolomit Orgita, som bryts n\u00e4ra M\u00e4rjamaa i Estland, \u00e4r fr\u00e5n gulaktig beige till bl\u00e5aktig gr\u00e5. Stenen sorteras inte efter f\u00e4rg. L\u00e4s mer om denna h\u00f6gt uppskattade sten, som anv\u00e4nts sedan 1300-talet, <span style=\"text-decoration: underline;\"><a href=\"https:\/\/revalstone.com\/dolomiit-orgita\/?lang=sv\" target=\"_blank\" rel=\"noopener\"><strong>h\u00e4r<\/strong><\/a><\/span>.<\/p>\n<p>Golvplattornas tjocklek \u00e4r 10 mm (15 mm f\u00f6r 60 \u00d7 60 cm platta).<\/p>\n<p>I v\u00e5r n\u00e4tbutik finns ocks\u00e5 <span style=\"text-decoration: underline;\"><a href=\"https:\/\/uus.revalstone.com\/sv\/produkt\/golvlister\/\" target=\"_blank\" rel=\"noopener\"><strong>golvlister<\/strong><\/a><\/span>, <span style=\"text-decoration: underline;\"><a href=\"https:\/\/uus.revalstone.com\/sv\/produkt\/fonsterbankar\/\" target=\"_blank\" rel=\"noopener\"><strong>f\u00f6nsterb\u00e4nkar<\/strong><\/a><\/span> och <span style=\"text-decoration: underline;\"><a href=\"https:\/\/uus.revalstone.com\/sv\/produkt\/bankskivor\/\" target=\"_blank\" rel=\"noopener\"><strong>b\u00e4nkskivor<\/strong><\/a><\/span> av samma material.<\/p>\n<p>Du kan l\u00e4sa mer om leveranskostnaderna <a href=\"https:\/\/uus.revalstone.com\/sv\/frakt\/\" target=\"_blank\" rel=\"noopener\"><span style=\"text-decoration: underline;\"><strong>h\u00e4r<\/strong><\/span><\/a>.<\/p>\n<p><strong>OBS!<\/strong> F\u00f6r att bekanta sig med materialet kan du best\u00e4lla en 20 x 20 cm provbit.<\/p>\n","protected":false},"featured_media":1185,"comment_status":"closed","ping_status":"closed","template":"","meta":{"_acf_changed":false},"product_brand":[],"product_cat":[197,230],"product_tag":[],"class_list":{"0":"post-2512","1":"product","2":"type-product","3":"status-publish","4":"has-post-thumbnail","6":"product_cat-golvplattor","7":"product_cat-misc-sv","9":"first","10":"instock","11":"taxable","12":"shipping-taxable","13":"purchasable","14":"product-type-variable","15":"rtwpvg-product"},"acf":[],"yoast_head":"<!-- This site is optimized with the Yoast SEO plugin v27.4 - https:\/\/yoast.com\/product\/yoast-seo-wordpress\/ -->\n<title>Orgita slipad - Dolomit Orgita - Reval Stone n\u00e4tbutik<\/title>\n<meta name=\"description\" content=\"Dolomit Orgita \u00e4r en natursten som \u00e4r l\u00e4tt att bearbeta och som har ett unikt m\u00f6nster. Numera anv\u00e4nds den mycket i inredning.\" \/>\n<meta name=\"robots\" content=\"index, follow, max-snippet:-1, max-image-preview:large, max-video-preview:-1\" \/>\n<link rel=\"canonical\" href=\"https:\/\/uus.revalstone.com\/sv\/produkt\/orgita-slipad\/\" \/>\n<meta property=\"og:locale\" content=\"sv_SE\" \/>\n<meta property=\"og:type\" content=\"article\" \/>\n<meta property=\"og:title\" content=\"Orgita slipad - Dolomit Orgita - Reval Stone n\u00e4tbutik\" \/>\n<meta property=\"og:description\" content=\"Dolomit Orgita \u00e4r en natursten som \u00e4r l\u00e4tt att bearbeta och som har ett unikt m\u00f6nster. Numera anv\u00e4nds den mycket i inredning.\" \/>\n<meta property=\"og:url\" content=\"https:\/\/uus.revalstone.com\/sv\/produkt\/orgita-slipad\/\" \/>\n<meta property=\"og:site_name\" content=\"Reval Stone n\u00e4tbutik\" \/>\n<meta property=\"article:publisher\" content=\"https:\/\/www.facebook.com\/revalstoneofficial\" \/>\n<meta property=\"article:modified_time\" content=\"2023-11-16T06:14:42+00:00\" \/>\n<meta property=\"og:image\" content=\"https:\/\/uus.revalstone.com\/wp-content\/uploads\/2021\/07\/Reval_Stone_Orgita_lihv_01.jpg\" \/>\n\t<meta property=\"og:image:width\" content=\"1500\" \/>\n\t<meta property=\"og:image:height\" content=\"1500\" \/>\n\t<meta property=\"og:image:type\" content=\"image\/jpeg\" \/>\n<meta name=\"twitter:card\" content=\"summary_large_image\" \/>\n<meta name=\"twitter:label1\" content=\"Ber\u00e4knad l\u00e4stid\" \/>\n\t<meta name=\"twitter:data1\" content=\"1 minut\" \/>\n<script type=\"application\/ld+json\" class=\"yoast-schema-graph\">{\"@context\":\"https:\\\/\\\/schema.org\",\"@graph\":[{\"@type\":\"WebPage\",\"@id\":\"https:\\\/\\\/uus.revalstone.com\\\/sv\\\/produkt\\\/orgita-slipad\\\/\",\"url\":\"https:\\\/\\\/uus.revalstone.com\\\/sv\\\/produkt\\\/orgita-slipad\\\/\",\"name\":\"Orgita slipad - Dolomit Orgita - Reval Stone n\u00e4tbutik\",\"isPartOf\":{\"@id\":\"https:\\\/\\\/uus.revalstone.com\\\/sv\\\/#website\"},\"primaryImageOfPage\":{\"@id\":\"https:\\\/\\\/uus.revalstone.com\\\/sv\\\/produkt\\\/orgita-slipad\\\/#primaryimage\"},\"image\":{\"@id\":\"https:\\\/\\\/uus.revalstone.com\\\/sv\\\/produkt\\\/orgita-slipad\\\/#primaryimage\"},\"thumbnailUrl\":\"https:\\\/\\\/uus.revalstone.com\\\/wp-content\\\/uploads\\\/2021\\\/07\\\/Reval_Stone_Orgita_lihv_01.jpg\",\"datePublished\":\"2021-05-01T06:25:36+00:00\",\"dateModified\":\"2023-11-16T06:14:42+00:00\",\"description\":\"Dolomit Orgita \u00e4r en natursten som \u00e4r l\u00e4tt att bearbeta och som har ett unikt m\u00f6nster. Numera anv\u00e4nds den mycket i inredning.\",\"breadcrumb\":{\"@id\":\"https:\\\/\\\/uus.revalstone.com\\\/sv\\\/produkt\\\/orgita-slipad\\\/#breadcrumb\"},\"inLanguage\":\"sv-SE\",\"potentialAction\":[{\"@type\":\"ReadAction\",\"target\":[\"https:\\\/\\\/uus.revalstone.com\\\/sv\\\/produkt\\\/orgita-slipad\\\/\"]}]},{\"@type\":\"ImageObject\",\"inLanguage\":\"sv-SE\",\"@id\":\"https:\\\/\\\/uus.revalstone.com\\\/sv\\\/produkt\\\/orgita-slipad\\\/#primaryimage\",\"url\":\"https:\\\/\\\/uus.revalstone.com\\\/wp-content\\\/uploads\\\/2021\\\/07\\\/Reval_Stone_Orgita_lihv_01.jpg\",\"contentUrl\":\"https:\\\/\\\/uus.revalstone.com\\\/wp-content\\\/uploads\\\/2021\\\/07\\\/Reval_Stone_Orgita_lihv_01.jpg\",\"width\":1500,\"height\":1500,\"caption\":\"Reval Stone, dolomit Orgita, slipad\"},{\"@type\":\"BreadcrumbList\",\"@id\":\"https:\\\/\\\/uus.revalstone.com\\\/sv\\\/produkt\\\/orgita-slipad\\\/#breadcrumb\",\"itemListElement\":[{\"@type\":\"ListItem\",\"position\":1,\"name\":\"Hemsida\",\"item\":\"https:\\\/\\\/uus.revalstone.com\\\/sv\\\/\"},{\"@type\":\"ListItem\",\"position\":2,\"name\":\"Produkter\",\"item\":\"https:\\\/\\\/uus.revalstone.com\\\/sv\\\/natbutik\\\/\"},{\"@type\":\"ListItem\",\"position\":3,\"name\":\"Orgita slipad\"}]},{\"@type\":\"WebSite\",\"@id\":\"https:\\\/\\\/uus.revalstone.com\\\/sv\\\/#website\",\"url\":\"https:\\\/\\\/uus.revalstone.com\\\/sv\\\/\",\"name\":\"Reval Stone n\u00e4tbutik\",\"description\":\"\",\"publisher\":{\"@id\":\"https:\\\/\\\/uus.revalstone.com\\\/sv\\\/#organization\"},\"potentialAction\":[{\"@type\":\"SearchAction\",\"target\":{\"@type\":\"EntryPoint\",\"urlTemplate\":\"https:\\\/\\\/uus.revalstone.com\\\/sv\\\/?s={search_term_string}\"},\"query-input\":{\"@type\":\"PropertyValueSpecification\",\"valueRequired\":true,\"valueName\":\"search_term_string\"}}],\"inLanguage\":\"sv-SE\"},{\"@type\":\"Organization\",\"@id\":\"https:\\\/\\\/uus.revalstone.com\\\/sv\\\/#organization\",\"name\":\"Reval Stone\",\"url\":\"https:\\\/\\\/uus.revalstone.com\\\/sv\\\/\",\"logo\":{\"@type\":\"ImageObject\",\"inLanguage\":\"sv-SE\",\"@id\":\"https:\\\/\\\/uus.revalstone.com\\\/sv\\\/#\\\/schema\\\/logo\\\/image\\\/\",\"url\":\"https:\\\/\\\/uus.revalstone.com\\\/wp-content\\\/uploads\\\/2021\\\/09\\\/Logo_v.png\",\"contentUrl\":\"https:\\\/\\\/uus.revalstone.com\\\/wp-content\\\/uploads\\\/2021\\\/09\\\/Logo_v.png\",\"width\":960,\"height\":672,\"caption\":\"Reval Stone\"},\"image\":{\"@id\":\"https:\\\/\\\/uus.revalstone.com\\\/sv\\\/#\\\/schema\\\/logo\\\/image\\\/\"},\"sameAs\":[\"https:\\\/\\\/www.facebook.com\\\/revalstoneofficial\",\"https:\\\/\\\/www.instagram.com\\\/revalstoneofficial\\\/\",\"https:\\\/\\\/en.wikipedia.org\\\/wiki\\\/Saare_Dolomiit-V\u00e4okivi\"]}]}<\/script>\n<!-- \/ Yoast SEO plugin. -->","yoast_head_json":{"title":"Orgita slipad - Dolomit Orgita - Reval Stone n\u00e4tbutik","description":"Dolomit Orgita \u00e4r en natursten som \u00e4r l\u00e4tt att bearbeta och som har ett unikt m\u00f6nster. Numera anv\u00e4nds den mycket i inredning.","robots":{"index":"index","follow":"follow","max-snippet":"max-snippet:-1","max-image-preview":"max-image-preview:large","max-video-preview":"max-video-preview:-1"},"canonical":"https:\/\/uus.revalstone.com\/sv\/produkt\/orgita-slipad\/","og_locale":"sv_SE","og_type":"article","og_title":"Orgita slipad - Dolomit Orgita - Reval Stone n\u00e4tbutik","og_description":"Dolomit Orgita \u00e4r en natursten som \u00e4r l\u00e4tt att bearbeta och som har ett unikt m\u00f6nster. Numera anv\u00e4nds den mycket i inredning.","og_url":"https:\/\/uus.revalstone.com\/sv\/produkt\/orgita-slipad\/","og_site_name":"Reval Stone n\u00e4tbutik","article_publisher":"https:\/\/www.facebook.com\/revalstoneofficial","article_modified_time":"2023-11-16T06:14:42+00:00","og_image":[{"width":1500,"height":1500,"url":"https:\/\/uus.revalstone.com\/wp-content\/uploads\/2021\/07\/Reval_Stone_Orgita_lihv_01.jpg","type":"image\/jpeg"}],"twitter_card":"summary_large_image","twitter_misc":{"Ber\u00e4knad l\u00e4stid":"1 minut"},"schema":{"@context":"https:\/\/schema.org","@graph":[{"@type":"WebPage","@id":"https:\/\/uus.revalstone.com\/sv\/produkt\/orgita-slipad\/","url":"https:\/\/uus.revalstone.com\/sv\/produkt\/orgita-slipad\/","name":"Orgita slipad - Dolomit Orgita - Reval Stone n\u00e4tbutik","isPartOf":{"@id":"https:\/\/uus.revalstone.com\/sv\/#website"},"primaryImageOfPage":{"@id":"https:\/\/uus.revalstone.com\/sv\/produkt\/orgita-slipad\/#primaryimage"},"image":{"@id":"https:\/\/uus.revalstone.com\/sv\/produkt\/orgita-slipad\/#primaryimage"},"thumbnailUrl":"https:\/\/uus.revalstone.com\/wp-content\/uploads\/2021\/07\/Reval_Stone_Orgita_lihv_01.jpg","datePublished":"2021-05-01T06:25:36+00:00","dateModified":"2023-11-16T06:14:42+00:00","description":"Dolomit Orgita \u00e4r en natursten som \u00e4r l\u00e4tt att bearbeta och som har ett unikt m\u00f6nster. Numera anv\u00e4nds den mycket i inredning.","breadcrumb":{"@id":"https:\/\/uus.revalstone.com\/sv\/produkt\/orgita-slipad\/#breadcrumb"},"inLanguage":"sv-SE","potentialAction":[{"@type":"ReadAction","target":["https:\/\/uus.revalstone.com\/sv\/produkt\/orgita-slipad\/"]}]},{"@type":"ImageObject","inLanguage":"sv-SE","@id":"https:\/\/uus.revalstone.com\/sv\/produkt\/orgita-slipad\/#primaryimage","url":"https:\/\/uus.revalstone.com\/wp-content\/uploads\/2021\/07\/Reval_Stone_Orgita_lihv_01.jpg","contentUrl":"https:\/\/uus.revalstone.com\/wp-content\/uploads\/2021\/07\/Reval_Stone_Orgita_lihv_01.jpg","width":1500,"height":1500,"caption":"Reval Stone, dolomit Orgita, slipad"},{"@type":"BreadcrumbList","@id":"https:\/\/uus.revalstone.com\/sv\/produkt\/orgita-slipad\/#breadcrumb","itemListElement":[{"@type":"ListItem","position":1,"name":"Hemsida","item":"https:\/\/uus.revalstone.com\/sv\/"},{"@type":"ListItem","position":2,"name":"Produkter","item":"https:\/\/uus.revalstone.com\/sv\/natbutik\/"},{"@type":"ListItem","position":3,"name":"Orgita slipad"}]},{"@type":"WebSite","@id":"https:\/\/uus.revalstone.com\/sv\/#website","url":"https:\/\/uus.revalstone.com\/sv\/","name":"Reval Stone n\u00e4tbutik","description":"","publisher":{"@id":"https:\/\/uus.revalstone.com\/sv\/#organization"},"potentialAction":[{"@type":"SearchAction","target":{"@type":"EntryPoint","urlTemplate":"https:\/\/uus.revalstone.com\/sv\/?s={search_term_string}"},"query-input":{"@type":"PropertyValueSpecification","valueRequired":true,"valueName":"search_term_string"}}],"inLanguage":"sv-SE"},{"@type":"Organization","@id":"https:\/\/uus.revalstone.com\/sv\/#organization","name":"Reval Stone","url":"https:\/\/uus.revalstone.com\/sv\/","logo":{"@type":"ImageObject","inLanguage":"sv-SE","@id":"https:\/\/uus.revalstone.com\/sv\/#\/schema\/logo\/image\/","url":"https:\/\/uus.revalstone.com\/wp-content\/uploads\/2021\/09\/Logo_v.png","contentUrl":"https:\/\/uus.revalstone.com\/wp-content\/uploads\/2021\/09\/Logo_v.png","width":960,"height":672,"caption":"Reval Stone"},"image":{"@id":"https:\/\/uus.revalstone.com\/sv\/#\/schema\/logo\/image\/"},"sameAs":["https:\/\/www.facebook.com\/revalstoneofficial","https:\/\/www.instagram.com\/revalstoneofficial\/","https:\/\/en.wikipedia.org\/wiki\/Saare_Dolomiit-V\u00e4okivi"]}]}},"_links":{"self":[{"href":"https:\/\/uus.revalstone.com\/sv\/wp-json\/wp\/v2\/product\/2512","targetHints":{"allow":["GET"]}}],"collection":[{"href":"https:\/\/uus.revalstone.com\/sv\/wp-json\/wp\/v2\/product"}],"about":[{"href":"https:\/\/uus.revalstone.com\/sv\/wp-json\/wp\/v2\/types\/product"}],"replies":[{"embeddable":true,"href":"https:\/\/uus.revalstone.com\/sv\/wp-json\/wp\/v2\/comments?post=2512"}],"wp:featuredmedia":[{"embeddable":true,"href":"https:\/\/uus.revalstone.com\/sv\/wp-json\/wp\/v2\/media\/1185"}],"wp:attachment":[{"href":"https:\/\/uus.revalstone.com\/sv\/wp-json\/wp\/v2\/media?parent=2512"}],"wp:term":[{"taxonomy":"product_brand","embeddable":true,"href":"https:\/\/uus.revalstone.com\/sv\/wp-json\/wp\/v2\/product_brand?post=2512"},{"taxonomy":"product_cat","embeddable":true,"href":"https:\/\/uus.revalstone.com\/sv\/wp-json\/wp\/v2\/product_cat?post=2512"},{"taxonomy":"product_tag","embeddable":true,"href":"https:\/\/uus.revalstone.com\/sv\/wp-json\/wp\/v2\/product_tag?post=2512"}],"curies":[{"name":"wp","href":"https:\/\/api.w.org\/{rel}","templated":true}]}}