{"id":2520,"date":"2021-05-01T09:49:34","date_gmt":"2021-05-01T06:49:34","guid":{"rendered":"https:\/\/revalstone.com\/shop\/product\/reval-antik\/"},"modified":"2025-08-15T09:31:21","modified_gmt":"2025-08-15T06:31:21","slug":"reval-antik","status":"publish","type":"product","link":"https:\/\/uus.revalstone.com\/sv\/produkt\/reval-antik\/","title":{"rendered":"Reval antik"},"content":{"rendered":"<p>Kalkstenen Revals l\u00e5nga traditioner och popularitet bekr\u00e4ftas av faktumet att m\u00e5nga storartade byggnader har byggts av just denna sten, \u00e4nda fr\u00e5n 1200-talet (\u00e5tskilliga bef\u00e4stningar och hus i Tallinns gamla stad) till i dag (Konstmuseet Kumu).<\/p>\n<p>Det \u00e4r en utm\u00e4rkt byggsten som i \u00e5rhundraden har anv\u00e4nts i b\u00e5de Tallinns och Sankt Petersburgs gamla st\u00e4der och dess popularitet forts\u00e4tter.<\/p>\n<p>P\u00e5 den skandinaviska marknaden \u00e4r denna popul\u00e4ra sten \u00e4ven k\u00e4nd som Lindholmen och Estlandia Kalksten.<\/p>\n","protected":false},"excerpt":{"rendered":"<p><strong><span style=\"color: #009d89;\">Egna stenbrott, egen produktion!<\/span><\/strong><\/p>\n<p>Kalksten fr\u00e5n Tallinn (tidigare Reval) \u00e4r s\u00e4kert den mest k\u00e4nda kalkstenen fr\u00e5n Estland och den kan vara upp till 500 miljoner \u00e5r gammal. Det \u00e4r en utm\u00e4rkt byggsten som har anv\u00e4nts i \u00e5rhundraden och dess popularitet forts\u00e4tter. Dess huvudton \u00e4r gr\u00e5 och den sorteras inte efter f\u00e4rg eller m\u00f6nster. L\u00e4s mer h\u00e4r om denna sten, som anv\u00e4nts \u00e4nda fr\u00e5n 1200-talet om inte l\u00e4ngre, <span style=\"text-decoration: underline;\"><a href=\"https:\/\/revalstone.com\/reval\/?lang=sv\" target=\"_blank\" rel=\"noopener\"><strong>h\u00e4r<\/strong><\/a><\/span>.<\/p>\n<p>Den antika eller borstade ytbehandlingen uppn\u00e5s genom att anv\u00e4nda speciella borstar som tar bort stenens mjukare del och understrykar dess naturliga textur. Ytan k\u00e4nns \u201el\u00e4deraktig\u201c vid ber\u00f6ring och \u00e4r s\u00e4llan sl\u00e4t eller gl\u00e4nsande. Detta ger stenen ett l\u00e4tt slitet eller \u201ehistoriskt\u201c utseende som efterliknar det naturliga slitage som har uppst\u00e5tt \u00f6ver tid. Den borstade ytbehandlingen \u00e4r ocks\u00e5 praktisk \u2013 mindre bruksm\u00e4rken syns inte lika l\u00e4tt som p\u00e5 en slipad sten.<\/p>\n<p>Golvplattornas tjocklek \u00e4r 10 mm (15 mm f\u00f6r 60 \u00d7 60 cm platta).<\/p>\n<p>Kalksten Reval finns \u00e4ven med <span style=\"text-decoration: underline;\"><a href=\"https:\/\/uus.revalstone.com\/sv\/produkt\/reval-slipad\/\" target=\"_blank\" rel=\"noopener\"><strong>slipad ytbehandling<\/strong><\/a><\/span>.<\/p>\n<p>I v\u00e5r n\u00e4tbutik finns ocks\u00e5 <span style=\"text-decoration: underline;\"><a href=\"https:\/\/uus.revalstone.com\/sv\/produkt\/golvlister\/\" target=\"_blank\" rel=\"noopener\"><strong>golvlister<\/strong><\/a><\/span>, <span style=\"text-decoration: underline;\"><a href=\"https:\/\/uus.revalstone.com\/sv\/produkt\/fonsterbankar\/\" target=\"_blank\" rel=\"noopener\"><strong>f\u00f6nsterb\u00e4nkar<\/strong><\/a><\/span> och <span style=\"text-decoration: underline;\"><a href=\"https:\/\/uus.revalstone.com\/sv\/produkt\/bankskivor\/\" target=\"_blank\" rel=\"noopener\"><strong>b\u00e4nkskivor<\/strong><\/a><\/span> av samma material.<\/p>\n<p>Du kan l\u00e4sa mer om leveranskostnaderna\u00a0<span style=\"text-decoration: underline;\"><a href=\"https:\/\/uus.revalstone.com\/sv\/frakt\/\" target=\"_blank\" rel=\"noopener\"><strong>h\u00e4r<\/strong><\/a><\/span>.<\/p>\n<p><strong>OBS!<\/strong> F\u00f6r att bekanta sig med materialet kan du best\u00e4lla en 20 x 20 cm provbit.<\/p>\n","protected":false},"featured_media":1209,"comment_status":"closed","ping_status":"closed","template":"","meta":{"_acf_changed":false},"product_brand":[],"product_cat":[197,230],"product_tag":[],"class_list":{"0":"post-2520","1":"product","2":"type-product","3":"status-publish","4":"has-post-thumbnail","6":"product_cat-golvplattor","7":"product_cat-misc-sv","9":"first","10":"instock","11":"taxable","12":"shipping-taxable","13":"purchasable","14":"product-type-variable","15":"rtwpvg-product"},"acf":[],"yoast_head":"<!-- This site is optimized with the Yoast SEO plugin v27.4 - https:\/\/yoast.com\/product\/yoast-seo-wordpress\/ -->\n<title>Reval antik - Kalksten Reval - Reval Stone n\u00e4tbutik<\/title>\n<meta name=\"description\" content=\"Reval \u00e4r den mest k\u00e4nda kalkstenen fr\u00e5n Estland. Golvplattor av estnisk natursten med v\u00e4rdig historia.\" \/>\n<meta name=\"robots\" content=\"index, follow, max-snippet:-1, max-image-preview:large, max-video-preview:-1\" \/>\n<link rel=\"canonical\" href=\"https:\/\/uus.revalstone.com\/sv\/produkt\/reval-antik\/\" \/>\n<meta property=\"og:locale\" content=\"sv_SE\" \/>\n<meta property=\"og:type\" content=\"article\" \/>\n<meta property=\"og:title\" content=\"Reval antik - Kalksten Reval - Reval Stone n\u00e4tbutik\" \/>\n<meta property=\"og:description\" content=\"Reval \u00e4r den mest k\u00e4nda kalkstenen fr\u00e5n Estland. Golvplattor av estnisk natursten med v\u00e4rdig historia.\" \/>\n<meta property=\"og:url\" content=\"https:\/\/uus.revalstone.com\/sv\/produkt\/reval-antik\/\" \/>\n<meta property=\"og:site_name\" content=\"Reval Stone n\u00e4tbutik\" \/>\n<meta property=\"article:publisher\" content=\"https:\/\/www.facebook.com\/revalstoneofficial\" \/>\n<meta property=\"article:modified_time\" content=\"2025-08-15T06:31:21+00:00\" \/>\n<meta property=\"og:image\" content=\"https:\/\/uus.revalstone.com\/wp-content\/uploads\/2021\/07\/Reval_Stone_Reval_antiik_04.jpg\" \/>\n\t<meta property=\"og:image:width\" content=\"1500\" \/>\n\t<meta property=\"og:image:height\" content=\"1500\" \/>\n\t<meta property=\"og:image:type\" content=\"image\/jpeg\" \/>\n<meta name=\"twitter:card\" content=\"summary_large_image\" \/>\n<meta name=\"twitter:label1\" content=\"Ber\u00e4knad l\u00e4stid\" \/>\n\t<meta name=\"twitter:data1\" content=\"1 minut\" \/>\n<script type=\"application\/ld+json\" class=\"yoast-schema-graph\">{\"@context\":\"https:\\\/\\\/schema.org\",\"@graph\":[{\"@type\":\"WebPage\",\"@id\":\"https:\\\/\\\/uus.revalstone.com\\\/sv\\\/produkt\\\/reval-antik\\\/\",\"url\":\"https:\\\/\\\/uus.revalstone.com\\\/sv\\\/produkt\\\/reval-antik\\\/\",\"name\":\"Reval antik - Kalksten Reval - Reval Stone n\u00e4tbutik\",\"isPartOf\":{\"@id\":\"https:\\\/\\\/uus.revalstone.com\\\/sv\\\/#website\"},\"primaryImageOfPage\":{\"@id\":\"https:\\\/\\\/uus.revalstone.com\\\/sv\\\/produkt\\\/reval-antik\\\/#primaryimage\"},\"image\":{\"@id\":\"https:\\\/\\\/uus.revalstone.com\\\/sv\\\/produkt\\\/reval-antik\\\/#primaryimage\"},\"thumbnailUrl\":\"https:\\\/\\\/uus.revalstone.com\\\/wp-content\\\/uploads\\\/2021\\\/07\\\/Reval_Stone_Reval_antiik_04.jpg\",\"datePublished\":\"2021-05-01T06:49:34+00:00\",\"dateModified\":\"2025-08-15T06:31:21+00:00\",\"description\":\"Reval \u00e4r den mest k\u00e4nda kalkstenen fr\u00e5n Estland. Golvplattor av estnisk natursten med v\u00e4rdig historia.\",\"breadcrumb\":{\"@id\":\"https:\\\/\\\/uus.revalstone.com\\\/sv\\\/produkt\\\/reval-antik\\\/#breadcrumb\"},\"inLanguage\":\"sv-SE\",\"potentialAction\":[{\"@type\":\"ReadAction\",\"target\":[\"https:\\\/\\\/uus.revalstone.com\\\/sv\\\/produkt\\\/reval-antik\\\/\"]}]},{\"@type\":\"ImageObject\",\"inLanguage\":\"sv-SE\",\"@id\":\"https:\\\/\\\/uus.revalstone.com\\\/sv\\\/produkt\\\/reval-antik\\\/#primaryimage\",\"url\":\"https:\\\/\\\/uus.revalstone.com\\\/wp-content\\\/uploads\\\/2021\\\/07\\\/Reval_Stone_Reval_antiik_04.jpg\",\"contentUrl\":\"https:\\\/\\\/uus.revalstone.com\\\/wp-content\\\/uploads\\\/2021\\\/07\\\/Reval_Stone_Reval_antiik_04.jpg\",\"width\":1500,\"height\":1500,\"caption\":\"Reval Stone, kalksten Reval, antik\"},{\"@type\":\"BreadcrumbList\",\"@id\":\"https:\\\/\\\/uus.revalstone.com\\\/sv\\\/produkt\\\/reval-antik\\\/#breadcrumb\",\"itemListElement\":[{\"@type\":\"ListItem\",\"position\":1,\"name\":\"Hemsida\",\"item\":\"https:\\\/\\\/uus.revalstone.com\\\/sv\\\/\"},{\"@type\":\"ListItem\",\"position\":2,\"name\":\"Produkter\",\"item\":\"https:\\\/\\\/uus.revalstone.com\\\/sv\\\/natbutik\\\/\"},{\"@type\":\"ListItem\",\"position\":3,\"name\":\"Reval antik\"}]},{\"@type\":\"WebSite\",\"@id\":\"https:\\\/\\\/uus.revalstone.com\\\/sv\\\/#website\",\"url\":\"https:\\\/\\\/uus.revalstone.com\\\/sv\\\/\",\"name\":\"Reval Stone n\u00e4tbutik\",\"description\":\"\",\"publisher\":{\"@id\":\"https:\\\/\\\/uus.revalstone.com\\\/sv\\\/#organization\"},\"potentialAction\":[{\"@type\":\"SearchAction\",\"target\":{\"@type\":\"EntryPoint\",\"urlTemplate\":\"https:\\\/\\\/uus.revalstone.com\\\/sv\\\/?s={search_term_string}\"},\"query-input\":{\"@type\":\"PropertyValueSpecification\",\"valueRequired\":true,\"valueName\":\"search_term_string\"}}],\"inLanguage\":\"sv-SE\"},{\"@type\":\"Organization\",\"@id\":\"https:\\\/\\\/uus.revalstone.com\\\/sv\\\/#organization\",\"name\":\"Reval Stone\",\"url\":\"https:\\\/\\\/uus.revalstone.com\\\/sv\\\/\",\"logo\":{\"@type\":\"ImageObject\",\"inLanguage\":\"sv-SE\",\"@id\":\"https:\\\/\\\/uus.revalstone.com\\\/sv\\\/#\\\/schema\\\/logo\\\/image\\\/\",\"url\":\"https:\\\/\\\/uus.revalstone.com\\\/wp-content\\\/uploads\\\/2021\\\/09\\\/Logo_v.png\",\"contentUrl\":\"https:\\\/\\\/uus.revalstone.com\\\/wp-content\\\/uploads\\\/2021\\\/09\\\/Logo_v.png\",\"width\":960,\"height\":672,\"caption\":\"Reval Stone\"},\"image\":{\"@id\":\"https:\\\/\\\/uus.revalstone.com\\\/sv\\\/#\\\/schema\\\/logo\\\/image\\\/\"},\"sameAs\":[\"https:\\\/\\\/www.facebook.com\\\/revalstoneofficial\",\"https:\\\/\\\/www.instagram.com\\\/revalstoneofficial\\\/\",\"https:\\\/\\\/en.wikipedia.org\\\/wiki\\\/Saare_Dolomiit-V\u00e4okivi\"]}]}<\/script>\n<!-- \/ Yoast SEO plugin. -->","yoast_head_json":{"title":"Reval antik - Kalksten Reval - Reval Stone n\u00e4tbutik","description":"Reval \u00e4r den mest k\u00e4nda kalkstenen fr\u00e5n Estland. Golvplattor av estnisk natursten med v\u00e4rdig historia.","robots":{"index":"index","follow":"follow","max-snippet":"max-snippet:-1","max-image-preview":"max-image-preview:large","max-video-preview":"max-video-preview:-1"},"canonical":"https:\/\/uus.revalstone.com\/sv\/produkt\/reval-antik\/","og_locale":"sv_SE","og_type":"article","og_title":"Reval antik - Kalksten Reval - Reval Stone n\u00e4tbutik","og_description":"Reval \u00e4r den mest k\u00e4nda kalkstenen fr\u00e5n Estland. Golvplattor av estnisk natursten med v\u00e4rdig historia.","og_url":"https:\/\/uus.revalstone.com\/sv\/produkt\/reval-antik\/","og_site_name":"Reval Stone n\u00e4tbutik","article_publisher":"https:\/\/www.facebook.com\/revalstoneofficial","article_modified_time":"2025-08-15T06:31:21+00:00","og_image":[{"width":1500,"height":1500,"url":"https:\/\/uus.revalstone.com\/wp-content\/uploads\/2021\/07\/Reval_Stone_Reval_antiik_04.jpg","type":"image\/jpeg"}],"twitter_card":"summary_large_image","twitter_misc":{"Ber\u00e4knad l\u00e4stid":"1 minut"},"schema":{"@context":"https:\/\/schema.org","@graph":[{"@type":"WebPage","@id":"https:\/\/uus.revalstone.com\/sv\/produkt\/reval-antik\/","url":"https:\/\/uus.revalstone.com\/sv\/produkt\/reval-antik\/","name":"Reval antik - Kalksten Reval - Reval Stone n\u00e4tbutik","isPartOf":{"@id":"https:\/\/uus.revalstone.com\/sv\/#website"},"primaryImageOfPage":{"@id":"https:\/\/uus.revalstone.com\/sv\/produkt\/reval-antik\/#primaryimage"},"image":{"@id":"https:\/\/uus.revalstone.com\/sv\/produkt\/reval-antik\/#primaryimage"},"thumbnailUrl":"https:\/\/uus.revalstone.com\/wp-content\/uploads\/2021\/07\/Reval_Stone_Reval_antiik_04.jpg","datePublished":"2021-05-01T06:49:34+00:00","dateModified":"2025-08-15T06:31:21+00:00","description":"Reval \u00e4r den mest k\u00e4nda kalkstenen fr\u00e5n Estland. Golvplattor av estnisk natursten med v\u00e4rdig historia.","breadcrumb":{"@id":"https:\/\/uus.revalstone.com\/sv\/produkt\/reval-antik\/#breadcrumb"},"inLanguage":"sv-SE","potentialAction":[{"@type":"ReadAction","target":["https:\/\/uus.revalstone.com\/sv\/produkt\/reval-antik\/"]}]},{"@type":"ImageObject","inLanguage":"sv-SE","@id":"https:\/\/uus.revalstone.com\/sv\/produkt\/reval-antik\/#primaryimage","url":"https:\/\/uus.revalstone.com\/wp-content\/uploads\/2021\/07\/Reval_Stone_Reval_antiik_04.jpg","contentUrl":"https:\/\/uus.revalstone.com\/wp-content\/uploads\/2021\/07\/Reval_Stone_Reval_antiik_04.jpg","width":1500,"height":1500,"caption":"Reval Stone, kalksten Reval, antik"},{"@type":"BreadcrumbList","@id":"https:\/\/uus.revalstone.com\/sv\/produkt\/reval-antik\/#breadcrumb","itemListElement":[{"@type":"ListItem","position":1,"name":"Hemsida","item":"https:\/\/uus.revalstone.com\/sv\/"},{"@type":"ListItem","position":2,"name":"Produkter","item":"https:\/\/uus.revalstone.com\/sv\/natbutik\/"},{"@type":"ListItem","position":3,"name":"Reval antik"}]},{"@type":"WebSite","@id":"https:\/\/uus.revalstone.com\/sv\/#website","url":"https:\/\/uus.revalstone.com\/sv\/","name":"Reval Stone n\u00e4tbutik","description":"","publisher":{"@id":"https:\/\/uus.revalstone.com\/sv\/#organization"},"potentialAction":[{"@type":"SearchAction","target":{"@type":"EntryPoint","urlTemplate":"https:\/\/uus.revalstone.com\/sv\/?s={search_term_string}"},"query-input":{"@type":"PropertyValueSpecification","valueRequired":true,"valueName":"search_term_string"}}],"inLanguage":"sv-SE"},{"@type":"Organization","@id":"https:\/\/uus.revalstone.com\/sv\/#organization","name":"Reval Stone","url":"https:\/\/uus.revalstone.com\/sv\/","logo":{"@type":"ImageObject","inLanguage":"sv-SE","@id":"https:\/\/uus.revalstone.com\/sv\/#\/schema\/logo\/image\/","url":"https:\/\/uus.revalstone.com\/wp-content\/uploads\/2021\/09\/Logo_v.png","contentUrl":"https:\/\/uus.revalstone.com\/wp-content\/uploads\/2021\/09\/Logo_v.png","width":960,"height":672,"caption":"Reval Stone"},"image":{"@id":"https:\/\/uus.revalstone.com\/sv\/#\/schema\/logo\/image\/"},"sameAs":["https:\/\/www.facebook.com\/revalstoneofficial","https:\/\/www.instagram.com\/revalstoneofficial\/","https:\/\/en.wikipedia.org\/wiki\/Saare_Dolomiit-V\u00e4okivi"]}]}},"_links":{"self":[{"href":"https:\/\/uus.revalstone.com\/sv\/wp-json\/wp\/v2\/product\/2520","targetHints":{"allow":["GET"]}}],"collection":[{"href":"https:\/\/uus.revalstone.com\/sv\/wp-json\/wp\/v2\/product"}],"about":[{"href":"https:\/\/uus.revalstone.com\/sv\/wp-json\/wp\/v2\/types\/product"}],"replies":[{"embeddable":true,"href":"https:\/\/uus.revalstone.com\/sv\/wp-json\/wp\/v2\/comments?post=2520"}],"wp:featuredmedia":[{"embeddable":true,"href":"https:\/\/uus.revalstone.com\/sv\/wp-json\/wp\/v2\/media\/1209"}],"wp:attachment":[{"href":"https:\/\/uus.revalstone.com\/sv\/wp-json\/wp\/v2\/media?parent=2520"}],"wp:term":[{"taxonomy":"product_brand","embeddable":true,"href":"https:\/\/uus.revalstone.com\/sv\/wp-json\/wp\/v2\/product_brand?post=2520"},{"taxonomy":"product_cat","embeddable":true,"href":"https:\/\/uus.revalstone.com\/sv\/wp-json\/wp\/v2\/product_cat?post=2520"},{"taxonomy":"product_tag","embeddable":true,"href":"https:\/\/uus.revalstone.com\/sv\/wp-json\/wp\/v2\/product_tag?post=2520"}],"curies":[{"name":"wp","href":"https:\/\/api.w.org\/{rel}","templated":true}]}}