{"id":2528,"date":"2021-05-14T08:38:26","date_gmt":"2021-05-14T05:38:26","guid":{"rendered":"https:\/\/revalstone.com\/shop\/product\/provbitar\/"},"modified":"2025-08-15T10:52:11","modified_gmt":"2025-08-15T07:52:11","slug":"provbitar","status":"publish","type":"product","link":"https:\/\/uus.revalstone.com\/sv\/produkt\/provbitar\/","title":{"rendered":"Provbitar"},"content":{"rendered":"","protected":false},"excerpt":{"rendered":"<p><strong><span style=\"color: #009d89;\">Egna stenbrott, egen produktion!<\/span><\/strong><\/p>\n<p>Innan du g\u00f6r ditt slutgiltiga val av golvplattor, golvlister, f\u00f6nsterb\u00e4nkar eller b\u00e4nkskivor kan du kan best\u00e4lla provbitar p\u00e5 alla stenprodukter vi erbjuder. Provbitarna \u00e4r 20\u00d720 cm stora plattor som ger ett bra helhetsintryck av materialet. De l\u00e5ter dig att f\u00e5 en uppfattning om den utvalda naturstenens f\u00e4rg, m\u00f6nster och k\u00e4nsla.<\/p>\n<p>Du kan best\u00e4lla provbitar p\u00e5 alla golvplattor som vi erbjuder i v\u00e5r n\u00e4tbutik: <span style=\"text-decoration: underline;\"><strong><a href=\"https:\/\/uus.revalstone.com\/sv\/produkt\/kaarma-antik\/\" target=\"_blank\" rel=\"noopener\">Kaarma antik<\/a>, <a href=\"https:\/\/uus.revalstone.com\/sv\/produkt\/kaarma-slipad\/\" target=\"_blank\" rel=\"noopener\">slipad Kaarma<\/a><\/strong><\/span>, <span style=\"text-decoration: underline;\"><strong><a href=\"https:\/\/uus.revalstone.com\/sv\/produkt\/orgita-slipad\/\" target=\"_blank\" rel=\"noopener\">slipad Orgita<\/a><\/strong><\/span>, <span style=\"text-decoration: underline;\"><strong><a href=\"https:\/\/uus.revalstone.com\/sv\/produkt\/selgase-slipad\/\" target=\"_blank\" rel=\"noopener\">slipad Selgase<\/a><\/strong><\/span>, <span style=\"text-decoration: underline;\"><strong><a href=\"https:\/\/uus.revalstone.com\/sv\/produkt\/reval-slipad\/\" target=\"_blank\" rel=\"noopener\">slipad Reval<\/a><\/strong><\/span> och <span style=\"text-decoration: underline;\"><a href=\"https:\/\/uus.revalstone.com\/sv\/produkt\/reval-antik\/\" target=\"_blank\" rel=\"noopener\"><strong>Reval antik<\/strong><\/a><\/span>. Tjockleken f\u00f6r provbitar p\u00e5 Orgita, Reval och Selgase \u00e4r 10 mm och tjockleken f\u00f6r provbitar p\u00e5 Kaarma \u00e4r 15 mm.<\/p>\n<p>Priset f\u00f6r en provplatta \u00e4r 10 \u20ac plus fraktkostnader (20\u20ac f\u00f6r leverans till Sverige). Priserna inkluderar inte moms.<\/p>\n<p>Priset p\u00e5 1-5 provbitar inklusive moms och leverans till Sverige:<\/p>\n<p>* 1 provbit \u2013 37:50 \u20ac;<br \/>\n* 2 provbitar \u2013 50:-\u20ac (1 provbit kostar 25:00 \u20ac);<br \/>\n* 3 provbitar \u2013 62:50 \u20ac (1 provbit kostar 20:80 \u20ac);<br \/>\n* 4 provbitar \u2013 75:- \u20ac (1 provbit kostar 18:75 \u20ac);<br \/>\n* 5 provbitar \u2013 87:50 \u20ac (1 provbit kostar 17:50 \u20ac).<\/p>\n<p><span style=\"color: #00634d;\"><strong>Pengarna du redan har betalat f\u00f6r provbitar kommer att dras fr\u00e5n den slutliga kostnaden f\u00f6r din best\u00e4llning.<\/strong><\/span><\/p>\n<p>Vi skickar dig mer detaljerad information n\u00e4r du har lagt en best\u00e4llning p\u00e5 provbitar.<\/p>\n","protected":false},"featured_media":1143,"comment_status":"open","ping_status":"closed","template":"","meta":{"_acf_changed":false},"product_brand":[],"product_cat":[197,230,221],"product_tag":[],"class_list":{"0":"post-2528","1":"product","2":"type-product","3":"status-publish","4":"has-post-thumbnail","6":"product_cat-golvplattor","7":"product_cat-misc-sv","8":"product_cat-sample-sv","9":"product_shipping_class-prov","11":"first","12":"instock","13":"taxable","14":"shipping-taxable","15":"purchasable","16":"product-type-variable","17":"rtwpvg-product"},"acf":[],"yoast_head":"<!-- This site is optimized with the Yoast SEO plugin v27.4 - https:\/\/yoast.com\/product\/yoast-seo-wordpress\/ -->\n<title>Provbitar - Golvplattor av natursten - Reval Stone n\u00e4tbutik<\/title>\n<meta name=\"robots\" content=\"index, follow, max-snippet:-1, max-image-preview:large, max-video-preview:-1\" \/>\n<link rel=\"canonical\" href=\"https:\/\/uus.revalstone.com\/sv\/produkt\/provbitar\/\" \/>\n<meta property=\"og:locale\" content=\"sv_SE\" \/>\n<meta property=\"og:type\" content=\"article\" \/>\n<meta property=\"og:title\" content=\"Provbitar - Golvplattor av natursten - Reval Stone n\u00e4tbutik\" \/>\n<meta property=\"og:description\" content=\"Egna stenbrott, egen produktion!  Innan du g\u00f6r ditt slutgiltiga val av golvplattor, golvlister, f\u00f6nsterb\u00e4nkar eller b\u00e4nkskivor kan du kan best\u00e4lla provbitar p\u00e5 alla stenprodukter vi erbjuder. Provbitarna \u00e4r 20\u00d720 cm stora plattor som ger ett bra helhetsintryck av materialet. De l\u00e5ter dig att f\u00e5 en uppfattning om den utvalda naturstenens f\u00e4rg, m\u00f6nster och k\u00e4nsla.  Du kan best\u00e4lla provbitar p\u00e5 alla golvplattor som vi erbjuder i v\u00e5r n\u00e4tbutik: Kaarma antik, slipad Kaarma, slipad Orgita, slipad Selgase, slipad Reval och Reval antik. Tjockleken f\u00f6r provbitar p\u00e5 Orgita, Reval och Selgase \u00e4r 10 mm och tjockleken f\u00f6r provbitar p\u00e5 Kaarma \u00e4r 15 mm.  Priset f\u00f6r en provplatta \u00e4r 10 \u20ac plus fraktkostnader (20\u20ac f\u00f6r leverans till Sverige). Priserna inkluderar inte moms.  Priset p\u00e5 1-5 provbitar inklusive moms och leverans till Sverige:  * 1 provbit \u2013 37:50 \u20ac; * 2 provbitar \u2013 50:-\u20ac (1 provbit kostar 25:00 \u20ac); * 3 provbitar \u2013 62:50 \u20ac (1 provbit kostar 20:80 \u20ac); * 4 provbitar \u2013 75:- \u20ac (1 provbit kostar 18:75 \u20ac); * 5 provbitar \u2013 87:50 \u20ac (1 provbit kostar 17:50 \u20ac).  Pengarna du redan har betalat f\u00f6r provbitar kommer att dras fr\u00e5n den slutliga kostnaden f\u00f6r din best\u00e4llning.  Vi skickar dig mer detaljerad information n\u00e4r du har lagt en best\u00e4llning p\u00e5 provbitar.\" \/>\n<meta property=\"og:url\" content=\"https:\/\/uus.revalstone.com\/sv\/produkt\/provbitar\/\" \/>\n<meta property=\"og:site_name\" content=\"Reval Stone n\u00e4tbutik\" \/>\n<meta property=\"article:publisher\" content=\"https:\/\/www.facebook.com\/revalstoneofficial\" \/>\n<meta property=\"article:modified_time\" content=\"2025-08-15T07:52:11+00:00\" \/>\n<meta property=\"og:image\" content=\"https:\/\/uus.revalstone.com\/wp-content\/uploads\/2021\/07\/Reval_Stone_samples1.jpg\" \/>\n\t<meta property=\"og:image:width\" content=\"1500\" \/>\n\t<meta property=\"og:image:height\" content=\"1500\" \/>\n\t<meta property=\"og:image:type\" content=\"image\/jpeg\" \/>\n<meta name=\"twitter:card\" content=\"summary_large_image\" \/>\n<meta name=\"twitter:label1\" content=\"Ber\u00e4knad l\u00e4stid\" \/>\n\t<meta name=\"twitter:data1\" content=\"1 minut\" \/>\n<script type=\"application\/ld+json\" class=\"yoast-schema-graph\">{\"@context\":\"https:\\\/\\\/schema.org\",\"@graph\":[{\"@type\":\"WebPage\",\"@id\":\"https:\\\/\\\/uus.revalstone.com\\\/sv\\\/produkt\\\/provbitar\\\/\",\"url\":\"https:\\\/\\\/uus.revalstone.com\\\/sv\\\/produkt\\\/provbitar\\\/\",\"name\":\"Provbitar - Golvplattor av natursten - Reval Stone n\u00e4tbutik\",\"isPartOf\":{\"@id\":\"https:\\\/\\\/uus.revalstone.com\\\/sv\\\/#website\"},\"primaryImageOfPage\":{\"@id\":\"https:\\\/\\\/uus.revalstone.com\\\/sv\\\/produkt\\\/provbitar\\\/#primaryimage\"},\"image\":{\"@id\":\"https:\\\/\\\/uus.revalstone.com\\\/sv\\\/produkt\\\/provbitar\\\/#primaryimage\"},\"thumbnailUrl\":\"https:\\\/\\\/uus.revalstone.com\\\/wp-content\\\/uploads\\\/2021\\\/07\\\/Reval_Stone_samples1.jpg\",\"datePublished\":\"2021-05-14T05:38:26+00:00\",\"dateModified\":\"2025-08-15T07:52:11+00:00\",\"breadcrumb\":{\"@id\":\"https:\\\/\\\/uus.revalstone.com\\\/sv\\\/produkt\\\/provbitar\\\/#breadcrumb\"},\"inLanguage\":\"sv-SE\",\"potentialAction\":[{\"@type\":\"ReadAction\",\"target\":[\"https:\\\/\\\/uus.revalstone.com\\\/sv\\\/produkt\\\/provbitar\\\/\"]}]},{\"@type\":\"ImageObject\",\"inLanguage\":\"sv-SE\",\"@id\":\"https:\\\/\\\/uus.revalstone.com\\\/sv\\\/produkt\\\/provbitar\\\/#primaryimage\",\"url\":\"https:\\\/\\\/uus.revalstone.com\\\/wp-content\\\/uploads\\\/2021\\\/07\\\/Reval_Stone_samples1.jpg\",\"contentUrl\":\"https:\\\/\\\/uus.revalstone.com\\\/wp-content\\\/uploads\\\/2021\\\/07\\\/Reval_Stone_samples1.jpg\",\"width\":1500,\"height\":1500,\"caption\":\"Reval Stone provbitar\"},{\"@type\":\"BreadcrumbList\",\"@id\":\"https:\\\/\\\/uus.revalstone.com\\\/sv\\\/produkt\\\/provbitar\\\/#breadcrumb\",\"itemListElement\":[{\"@type\":\"ListItem\",\"position\":1,\"name\":\"Hemsida\",\"item\":\"https:\\\/\\\/uus.revalstone.com\\\/sv\\\/\"},{\"@type\":\"ListItem\",\"position\":2,\"name\":\"Produkter\",\"item\":\"https:\\\/\\\/uus.revalstone.com\\\/sv\\\/natbutik\\\/\"},{\"@type\":\"ListItem\",\"position\":3,\"name\":\"Provbitar\"}]},{\"@type\":\"WebSite\",\"@id\":\"https:\\\/\\\/uus.revalstone.com\\\/sv\\\/#website\",\"url\":\"https:\\\/\\\/uus.revalstone.com\\\/sv\\\/\",\"name\":\"Reval Stone n\u00e4tbutik\",\"description\":\"\",\"publisher\":{\"@id\":\"https:\\\/\\\/uus.revalstone.com\\\/sv\\\/#organization\"},\"potentialAction\":[{\"@type\":\"SearchAction\",\"target\":{\"@type\":\"EntryPoint\",\"urlTemplate\":\"https:\\\/\\\/uus.revalstone.com\\\/sv\\\/?s={search_term_string}\"},\"query-input\":{\"@type\":\"PropertyValueSpecification\",\"valueRequired\":true,\"valueName\":\"search_term_string\"}}],\"inLanguage\":\"sv-SE\"},{\"@type\":\"Organization\",\"@id\":\"https:\\\/\\\/uus.revalstone.com\\\/sv\\\/#organization\",\"name\":\"Reval Stone\",\"url\":\"https:\\\/\\\/uus.revalstone.com\\\/sv\\\/\",\"logo\":{\"@type\":\"ImageObject\",\"inLanguage\":\"sv-SE\",\"@id\":\"https:\\\/\\\/uus.revalstone.com\\\/sv\\\/#\\\/schema\\\/logo\\\/image\\\/\",\"url\":\"https:\\\/\\\/uus.revalstone.com\\\/wp-content\\\/uploads\\\/2021\\\/09\\\/Logo_v.png\",\"contentUrl\":\"https:\\\/\\\/uus.revalstone.com\\\/wp-content\\\/uploads\\\/2021\\\/09\\\/Logo_v.png\",\"width\":960,\"height\":672,\"caption\":\"Reval Stone\"},\"image\":{\"@id\":\"https:\\\/\\\/uus.revalstone.com\\\/sv\\\/#\\\/schema\\\/logo\\\/image\\\/\"},\"sameAs\":[\"https:\\\/\\\/www.facebook.com\\\/revalstoneofficial\",\"https:\\\/\\\/www.instagram.com\\\/revalstoneofficial\\\/\",\"https:\\\/\\\/en.wikipedia.org\\\/wiki\\\/Saare_Dolomiit-V\u00e4okivi\"]}]}<\/script>\n<!-- \/ Yoast SEO plugin. -->","yoast_head_json":{"title":"Provbitar - Golvplattor av natursten - Reval Stone n\u00e4tbutik","robots":{"index":"index","follow":"follow","max-snippet":"max-snippet:-1","max-image-preview":"max-image-preview:large","max-video-preview":"max-video-preview:-1"},"canonical":"https:\/\/uus.revalstone.com\/sv\/produkt\/provbitar\/","og_locale":"sv_SE","og_type":"article","og_title":"Provbitar - Golvplattor av natursten - Reval Stone n\u00e4tbutik","og_description":"Egna stenbrott, egen produktion!  Innan du g\u00f6r ditt slutgiltiga val av golvplattor, golvlister, f\u00f6nsterb\u00e4nkar eller b\u00e4nkskivor kan du kan best\u00e4lla provbitar p\u00e5 alla stenprodukter vi erbjuder. Provbitarna \u00e4r 20\u00d720 cm stora plattor som ger ett bra helhetsintryck av materialet. De l\u00e5ter dig att f\u00e5 en uppfattning om den utvalda naturstenens f\u00e4rg, m\u00f6nster och k\u00e4nsla.  Du kan best\u00e4lla provbitar p\u00e5 alla golvplattor som vi erbjuder i v\u00e5r n\u00e4tbutik: Kaarma antik, slipad Kaarma, slipad Orgita, slipad Selgase, slipad Reval och Reval antik. Tjockleken f\u00f6r provbitar p\u00e5 Orgita, Reval och Selgase \u00e4r 10 mm och tjockleken f\u00f6r provbitar p\u00e5 Kaarma \u00e4r 15 mm.  Priset f\u00f6r en provplatta \u00e4r 10 \u20ac plus fraktkostnader (20\u20ac f\u00f6r leverans till Sverige). Priserna inkluderar inte moms.  Priset p\u00e5 1-5 provbitar inklusive moms och leverans till Sverige:  * 1 provbit \u2013 37:50 \u20ac; * 2 provbitar \u2013 50:-\u20ac (1 provbit kostar 25:00 \u20ac); * 3 provbitar \u2013 62:50 \u20ac (1 provbit kostar 20:80 \u20ac); * 4 provbitar \u2013 75:- \u20ac (1 provbit kostar 18:75 \u20ac); * 5 provbitar \u2013 87:50 \u20ac (1 provbit kostar 17:50 \u20ac).  Pengarna du redan har betalat f\u00f6r provbitar kommer att dras fr\u00e5n den slutliga kostnaden f\u00f6r din best\u00e4llning.  Vi skickar dig mer detaljerad information n\u00e4r du har lagt en best\u00e4llning p\u00e5 provbitar.","og_url":"https:\/\/uus.revalstone.com\/sv\/produkt\/provbitar\/","og_site_name":"Reval Stone n\u00e4tbutik","article_publisher":"https:\/\/www.facebook.com\/revalstoneofficial","article_modified_time":"2025-08-15T07:52:11+00:00","og_image":[{"width":1500,"height":1500,"url":"https:\/\/uus.revalstone.com\/wp-content\/uploads\/2021\/07\/Reval_Stone_samples1.jpg","type":"image\/jpeg"}],"twitter_card":"summary_large_image","twitter_misc":{"Ber\u00e4knad l\u00e4stid":"1 minut"},"schema":{"@context":"https:\/\/schema.org","@graph":[{"@type":"WebPage","@id":"https:\/\/uus.revalstone.com\/sv\/produkt\/provbitar\/","url":"https:\/\/uus.revalstone.com\/sv\/produkt\/provbitar\/","name":"Provbitar - Golvplattor av natursten - Reval Stone n\u00e4tbutik","isPartOf":{"@id":"https:\/\/uus.revalstone.com\/sv\/#website"},"primaryImageOfPage":{"@id":"https:\/\/uus.revalstone.com\/sv\/produkt\/provbitar\/#primaryimage"},"image":{"@id":"https:\/\/uus.revalstone.com\/sv\/produkt\/provbitar\/#primaryimage"},"thumbnailUrl":"https:\/\/uus.revalstone.com\/wp-content\/uploads\/2021\/07\/Reval_Stone_samples1.jpg","datePublished":"2021-05-14T05:38:26+00:00","dateModified":"2025-08-15T07:52:11+00:00","breadcrumb":{"@id":"https:\/\/uus.revalstone.com\/sv\/produkt\/provbitar\/#breadcrumb"},"inLanguage":"sv-SE","potentialAction":[{"@type":"ReadAction","target":["https:\/\/uus.revalstone.com\/sv\/produkt\/provbitar\/"]}]},{"@type":"ImageObject","inLanguage":"sv-SE","@id":"https:\/\/uus.revalstone.com\/sv\/produkt\/provbitar\/#primaryimage","url":"https:\/\/uus.revalstone.com\/wp-content\/uploads\/2021\/07\/Reval_Stone_samples1.jpg","contentUrl":"https:\/\/uus.revalstone.com\/wp-content\/uploads\/2021\/07\/Reval_Stone_samples1.jpg","width":1500,"height":1500,"caption":"Reval Stone provbitar"},{"@type":"BreadcrumbList","@id":"https:\/\/uus.revalstone.com\/sv\/produkt\/provbitar\/#breadcrumb","itemListElement":[{"@type":"ListItem","position":1,"name":"Hemsida","item":"https:\/\/uus.revalstone.com\/sv\/"},{"@type":"ListItem","position":2,"name":"Produkter","item":"https:\/\/uus.revalstone.com\/sv\/natbutik\/"},{"@type":"ListItem","position":3,"name":"Provbitar"}]},{"@type":"WebSite","@id":"https:\/\/uus.revalstone.com\/sv\/#website","url":"https:\/\/uus.revalstone.com\/sv\/","name":"Reval Stone n\u00e4tbutik","description":"","publisher":{"@id":"https:\/\/uus.revalstone.com\/sv\/#organization"},"potentialAction":[{"@type":"SearchAction","target":{"@type":"EntryPoint","urlTemplate":"https:\/\/uus.revalstone.com\/sv\/?s={search_term_string}"},"query-input":{"@type":"PropertyValueSpecification","valueRequired":true,"valueName":"search_term_string"}}],"inLanguage":"sv-SE"},{"@type":"Organization","@id":"https:\/\/uus.revalstone.com\/sv\/#organization","name":"Reval Stone","url":"https:\/\/uus.revalstone.com\/sv\/","logo":{"@type":"ImageObject","inLanguage":"sv-SE","@id":"https:\/\/uus.revalstone.com\/sv\/#\/schema\/logo\/image\/","url":"https:\/\/uus.revalstone.com\/wp-content\/uploads\/2021\/09\/Logo_v.png","contentUrl":"https:\/\/uus.revalstone.com\/wp-content\/uploads\/2021\/09\/Logo_v.png","width":960,"height":672,"caption":"Reval Stone"},"image":{"@id":"https:\/\/uus.revalstone.com\/sv\/#\/schema\/logo\/image\/"},"sameAs":["https:\/\/www.facebook.com\/revalstoneofficial","https:\/\/www.instagram.com\/revalstoneofficial\/","https:\/\/en.wikipedia.org\/wiki\/Saare_Dolomiit-V\u00e4okivi"]}]}},"_links":{"self":[{"href":"https:\/\/uus.revalstone.com\/sv\/wp-json\/wp\/v2\/product\/2528","targetHints":{"allow":["GET"]}}],"collection":[{"href":"https:\/\/uus.revalstone.com\/sv\/wp-json\/wp\/v2\/product"}],"about":[{"href":"https:\/\/uus.revalstone.com\/sv\/wp-json\/wp\/v2\/types\/product"}],"replies":[{"embeddable":true,"href":"https:\/\/uus.revalstone.com\/sv\/wp-json\/wp\/v2\/comments?post=2528"}],"wp:featuredmedia":[{"embeddable":true,"href":"https:\/\/uus.revalstone.com\/sv\/wp-json\/wp\/v2\/media\/1143"}],"wp:attachment":[{"href":"https:\/\/uus.revalstone.com\/sv\/wp-json\/wp\/v2\/media?parent=2528"}],"wp:term":[{"taxonomy":"product_brand","embeddable":true,"href":"https:\/\/uus.revalstone.com\/sv\/wp-json\/wp\/v2\/product_brand?post=2528"},{"taxonomy":"product_cat","embeddable":true,"href":"https:\/\/uus.revalstone.com\/sv\/wp-json\/wp\/v2\/product_cat?post=2528"},{"taxonomy":"product_tag","embeddable":true,"href":"https:\/\/uus.revalstone.com\/sv\/wp-json\/wp\/v2\/product_tag?post=2528"}],"curies":[{"name":"wp","href":"https:\/\/api.w.org\/{rel}","templated":true}]}}