{"id":2555,"date":"2021-09-03T15:22:59","date_gmt":"2021-09-03T12:22:59","guid":{"rendered":"https:\/\/revalstone.com\/shop\/product\/golvlister\/"},"modified":"2025-08-22T13:38:39","modified_gmt":"2025-08-22T10:38:39","slug":"golvlister","status":"publish","type":"product","link":"https:\/\/uus.revalstone.com\/sv\/produkt\/golvlister\/","title":{"rendered":"Golvlister"},"content":{"rendered":"<p class=\"p1\"><strong><span class=\"s1\">Grundl\u00e4ggande uppgifter om golvlister:<\/span><\/strong><\/p>\n<ul>\n<li><span class=\"s1\"><b>h\u00f6jd <\/b>9,5 cm;<\/span><\/li>\n<li><span class=\"s1\"><strong>tjocklek<\/strong> antingen 1,5 cm (Kaarma) eller 1,0 cm (alla andra material);<\/span><\/li>\n<li><span class=\"s1\">lister s\u00e4ljs i <strong>fallande l\u00e4ngder<\/strong> \u2013 l\u00e4ngden p\u00e5 bitarna varierar mellan 40 och 60 cm.<\/span><\/li>\n<\/ul>\n","protected":false},"excerpt":{"rendered":"<p><strong><span style=\"color: #009d89;\">Egna stenbrott, egen produktion!<\/span><\/strong><\/p>\n<p>Vi erbjuder <strong>golvlister i olika material<\/strong> \u2013 <strong><a href=\"https:\/\/uus.revalstone.com\/sv\/produkt\/kaarma-antik\/\" target=\"_blank\" rel=\"noopener\"><span style=\"text-decoration: underline;\">Kaarma antik<\/span><\/a><\/strong>,\u00a0<strong><a href=\"https:\/\/uus.revalstone.com\/sv\/produkt\/kaarma-slipad\/\" target=\"_blank\" rel=\"noopener\"><span style=\"text-decoration: underline;\">slipad Kaarma<\/span><\/a><\/strong>, <strong><a href=\"https:\/\/uus.revalstone.com\/sv\/produkt\/orgita-slipad\/\" target=\"_blank\" rel=\"noopener\"><span style=\"text-decoration: underline;\">slipad Orgita<\/span><\/a><\/strong>, <strong><a href=\"https:\/\/uus.revalstone.com\/sv\/produkt\/selgase-slipad\/\" target=\"_blank\" rel=\"noopener\"><span style=\"text-decoration: underline;\">slipad Selgase<\/span><\/a><\/strong>, <strong><a href=\"https:\/\/uus.revalstone.com\/sv\/produkt\/reval-slipad\/\" target=\"_blank\" rel=\"noopener\"><span style=\"text-decoration: underline;\">slipad Reval<\/span><\/a><\/strong> och <strong><a href=\"https:\/\/uus.revalstone.com\/sv\/produkt\/reval-antik\/\" target=\"_blank\" rel=\"noopener\"><span style=\"text-decoration: underline;\">Reval antik<\/span><\/a><\/strong>. I n\u00e4tbutiken <strong>hittar du \u00e4ven golvplattor och f\u00f6nsterbr\u00e4dor<\/strong>\u00a0i alla dessa material. Vi rekommenderar att best\u00e4lla golvlister tillsammans med golvplattorna, vilket s\u00e4nker fraktkostnaden. F\u00f6r mer information om golvlister, se beskrivningar nedan.<\/p>\n<p>Dolomit Kaarma <strong>karakteriseras av sina porer<\/strong>. N\u00e4r det g\u00e4ller golvlister har dessa porer inte fyllts. Vi har dock valt ut plattorna med mindre porer (upp till 1,5 cm).<\/p>\n<p>Enheten vid best\u00e4llning av golvlister \u00e4r en meter och <strong>meterpriset f\u00f6r golvlister<\/strong> i alla material \u00e4r 22 \u20ac (exklusive moms).<\/p>\n<p><strong>OBS!<\/strong> F\u00f6r att bekanta sig med material kan du best\u00e4lla 20 x 20 cm <a href=\"https:\/\/uus.revalstone.com\/sv\/produkt\/provbitar\/\" target=\"_blank\" rel=\"noopener\"><span style=\"text-decoration: underline;\"><strong>provbitar<\/strong><\/span><\/a>.<\/p>\n","protected":false},"featured_media":14703,"comment_status":"closed","ping_status":"closed","template":"","meta":{"_acf_changed":false},"product_brand":[],"product_cat":[222,230],"product_tag":[],"class_list":{"0":"post-2555","1":"product","2":"type-product","3":"status-publish","4":"has-post-thumbnail","6":"product_cat-golvlister","7":"product_cat-misc-sv","9":"first","10":"instock","11":"taxable","12":"shipping-taxable","13":"purchasable","14":"product-type-variable","15":"rtwpvg-product"},"acf":[],"yoast_head":"<!-- This site is optimized with the Yoast SEO plugin v27.4 - https:\/\/yoast.com\/product\/yoast-seo-wordpress\/ -->\n<title>Golvlister av estnisk natursten - Reval Stone n\u00e4tbutik<\/title>\n<meta name=\"description\" content=\"Reval Stone golvlister av natursten - socklar av dolomit och kalksten. Golvplattor och golvlister av samma material.\" \/>\n<meta name=\"robots\" content=\"index, follow, max-snippet:-1, max-image-preview:large, max-video-preview:-1\" \/>\n<link rel=\"canonical\" href=\"https:\/\/uus.revalstone.com\/sv\/produkt\/golvlister\/\" \/>\n<meta property=\"og:locale\" content=\"sv_SE\" \/>\n<meta property=\"og:type\" content=\"article\" \/>\n<meta property=\"og:title\" content=\"Golvlister av estnisk natursten - Reval Stone n\u00e4tbutik\" \/>\n<meta property=\"og:description\" content=\"Reval Stone golvlister av natursten - socklar av dolomit och kalksten. Golvplattor och golvlister av samma material.\" \/>\n<meta property=\"og:url\" content=\"https:\/\/uus.revalstone.com\/sv\/produkt\/golvlister\/\" \/>\n<meta property=\"og:site_name\" content=\"Reval Stone n\u00e4tbutik\" \/>\n<meta property=\"article:publisher\" content=\"https:\/\/www.facebook.com\/revalstoneofficial\" \/>\n<meta property=\"article:modified_time\" content=\"2025-08-22T10:38:39+00:00\" \/>\n<meta property=\"og:image\" content=\"https:\/\/uus.revalstone.com\/wp-content\/uploads\/2024\/01\/EK_20210827_0069-02.jpg\" \/>\n\t<meta property=\"og:image:width\" content=\"1500\" \/>\n\t<meta property=\"og:image:height\" content=\"1500\" \/>\n\t<meta property=\"og:image:type\" content=\"image\/jpeg\" \/>\n<meta name=\"twitter:card\" content=\"summary_large_image\" \/>\n<meta name=\"twitter:label1\" content=\"Ber\u00e4knad l\u00e4stid\" \/>\n\t<meta name=\"twitter:data1\" content=\"1 minut\" \/>\n<script type=\"application\/ld+json\" class=\"yoast-schema-graph\">{\"@context\":\"https:\\\/\\\/schema.org\",\"@graph\":[{\"@type\":\"WebPage\",\"@id\":\"https:\\\/\\\/uus.revalstone.com\\\/sv\\\/produkt\\\/golvlister\\\/\",\"url\":\"https:\\\/\\\/uus.revalstone.com\\\/sv\\\/produkt\\\/golvlister\\\/\",\"name\":\"Golvlister av estnisk natursten - Reval Stone n\u00e4tbutik\",\"isPartOf\":{\"@id\":\"https:\\\/\\\/uus.revalstone.com\\\/sv\\\/#website\"},\"primaryImageOfPage\":{\"@id\":\"https:\\\/\\\/uus.revalstone.com\\\/sv\\\/produkt\\\/golvlister\\\/#primaryimage\"},\"image\":{\"@id\":\"https:\\\/\\\/uus.revalstone.com\\\/sv\\\/produkt\\\/golvlister\\\/#primaryimage\"},\"thumbnailUrl\":\"https:\\\/\\\/uus.revalstone.com\\\/wp-content\\\/uploads\\\/2024\\\/01\\\/EK_20210827_0069-02.jpg\",\"datePublished\":\"2021-09-03T12:22:59+00:00\",\"dateModified\":\"2025-08-22T10:38:39+00:00\",\"description\":\"Reval Stone golvlister av natursten - socklar av dolomit och kalksten. Golvplattor och golvlister av samma material.\",\"breadcrumb\":{\"@id\":\"https:\\\/\\\/uus.revalstone.com\\\/sv\\\/produkt\\\/golvlister\\\/#breadcrumb\"},\"inLanguage\":\"sv-SE\",\"potentialAction\":[{\"@type\":\"ReadAction\",\"target\":[\"https:\\\/\\\/uus.revalstone.com\\\/sv\\\/produkt\\\/golvlister\\\/\"]}]},{\"@type\":\"ImageObject\",\"inLanguage\":\"sv-SE\",\"@id\":\"https:\\\/\\\/uus.revalstone.com\\\/sv\\\/produkt\\\/golvlister\\\/#primaryimage\",\"url\":\"https:\\\/\\\/uus.revalstone.com\\\/wp-content\\\/uploads\\\/2024\\\/01\\\/EK_20210827_0069-02.jpg\",\"contentUrl\":\"https:\\\/\\\/uus.revalstone.com\\\/wp-content\\\/uploads\\\/2024\\\/01\\\/EK_20210827_0069-02.jpg\",\"width\":1500,\"height\":1500},{\"@type\":\"BreadcrumbList\",\"@id\":\"https:\\\/\\\/uus.revalstone.com\\\/sv\\\/produkt\\\/golvlister\\\/#breadcrumb\",\"itemListElement\":[{\"@type\":\"ListItem\",\"position\":1,\"name\":\"Hemsida\",\"item\":\"https:\\\/\\\/uus.revalstone.com\\\/sv\\\/\"},{\"@type\":\"ListItem\",\"position\":2,\"name\":\"Produkter\",\"item\":\"https:\\\/\\\/uus.revalstone.com\\\/sv\\\/natbutik\\\/\"},{\"@type\":\"ListItem\",\"position\":3,\"name\":\"Golvlister\"}]},{\"@type\":\"WebSite\",\"@id\":\"https:\\\/\\\/uus.revalstone.com\\\/sv\\\/#website\",\"url\":\"https:\\\/\\\/uus.revalstone.com\\\/sv\\\/\",\"name\":\"Reval Stone n\u00e4tbutik\",\"description\":\"\",\"publisher\":{\"@id\":\"https:\\\/\\\/uus.revalstone.com\\\/sv\\\/#organization\"},\"potentialAction\":[{\"@type\":\"SearchAction\",\"target\":{\"@type\":\"EntryPoint\",\"urlTemplate\":\"https:\\\/\\\/uus.revalstone.com\\\/sv\\\/?s={search_term_string}\"},\"query-input\":{\"@type\":\"PropertyValueSpecification\",\"valueRequired\":true,\"valueName\":\"search_term_string\"}}],\"inLanguage\":\"sv-SE\"},{\"@type\":\"Organization\",\"@id\":\"https:\\\/\\\/uus.revalstone.com\\\/sv\\\/#organization\",\"name\":\"Reval Stone\",\"url\":\"https:\\\/\\\/uus.revalstone.com\\\/sv\\\/\",\"logo\":{\"@type\":\"ImageObject\",\"inLanguage\":\"sv-SE\",\"@id\":\"https:\\\/\\\/uus.revalstone.com\\\/sv\\\/#\\\/schema\\\/logo\\\/image\\\/\",\"url\":\"https:\\\/\\\/uus.revalstone.com\\\/wp-content\\\/uploads\\\/2021\\\/09\\\/Logo_v.png\",\"contentUrl\":\"https:\\\/\\\/uus.revalstone.com\\\/wp-content\\\/uploads\\\/2021\\\/09\\\/Logo_v.png\",\"width\":960,\"height\":672,\"caption\":\"Reval Stone\"},\"image\":{\"@id\":\"https:\\\/\\\/uus.revalstone.com\\\/sv\\\/#\\\/schema\\\/logo\\\/image\\\/\"},\"sameAs\":[\"https:\\\/\\\/www.facebook.com\\\/revalstoneofficial\",\"https:\\\/\\\/www.instagram.com\\\/revalstoneofficial\\\/\",\"https:\\\/\\\/en.wikipedia.org\\\/wiki\\\/Saare_Dolomiit-V\u00e4okivi\"]}]}<\/script>\n<!-- \/ Yoast SEO plugin. -->","yoast_head_json":{"title":"Golvlister av estnisk natursten - Reval Stone n\u00e4tbutik","description":"Reval Stone golvlister av natursten - socklar av dolomit och kalksten. Golvplattor och golvlister av samma material.","robots":{"index":"index","follow":"follow","max-snippet":"max-snippet:-1","max-image-preview":"max-image-preview:large","max-video-preview":"max-video-preview:-1"},"canonical":"https:\/\/uus.revalstone.com\/sv\/produkt\/golvlister\/","og_locale":"sv_SE","og_type":"article","og_title":"Golvlister av estnisk natursten - Reval Stone n\u00e4tbutik","og_description":"Reval Stone golvlister av natursten - socklar av dolomit och kalksten. Golvplattor och golvlister av samma material.","og_url":"https:\/\/uus.revalstone.com\/sv\/produkt\/golvlister\/","og_site_name":"Reval Stone n\u00e4tbutik","article_publisher":"https:\/\/www.facebook.com\/revalstoneofficial","article_modified_time":"2025-08-22T10:38:39+00:00","og_image":[{"width":1500,"height":1500,"url":"https:\/\/uus.revalstone.com\/wp-content\/uploads\/2024\/01\/EK_20210827_0069-02.jpg","type":"image\/jpeg"}],"twitter_card":"summary_large_image","twitter_misc":{"Ber\u00e4knad l\u00e4stid":"1 minut"},"schema":{"@context":"https:\/\/schema.org","@graph":[{"@type":"WebPage","@id":"https:\/\/uus.revalstone.com\/sv\/produkt\/golvlister\/","url":"https:\/\/uus.revalstone.com\/sv\/produkt\/golvlister\/","name":"Golvlister av estnisk natursten - Reval Stone n\u00e4tbutik","isPartOf":{"@id":"https:\/\/uus.revalstone.com\/sv\/#website"},"primaryImageOfPage":{"@id":"https:\/\/uus.revalstone.com\/sv\/produkt\/golvlister\/#primaryimage"},"image":{"@id":"https:\/\/uus.revalstone.com\/sv\/produkt\/golvlister\/#primaryimage"},"thumbnailUrl":"https:\/\/uus.revalstone.com\/wp-content\/uploads\/2024\/01\/EK_20210827_0069-02.jpg","datePublished":"2021-09-03T12:22:59+00:00","dateModified":"2025-08-22T10:38:39+00:00","description":"Reval Stone golvlister av natursten - socklar av dolomit och kalksten. Golvplattor och golvlister av samma material.","breadcrumb":{"@id":"https:\/\/uus.revalstone.com\/sv\/produkt\/golvlister\/#breadcrumb"},"inLanguage":"sv-SE","potentialAction":[{"@type":"ReadAction","target":["https:\/\/uus.revalstone.com\/sv\/produkt\/golvlister\/"]}]},{"@type":"ImageObject","inLanguage":"sv-SE","@id":"https:\/\/uus.revalstone.com\/sv\/produkt\/golvlister\/#primaryimage","url":"https:\/\/uus.revalstone.com\/wp-content\/uploads\/2024\/01\/EK_20210827_0069-02.jpg","contentUrl":"https:\/\/uus.revalstone.com\/wp-content\/uploads\/2024\/01\/EK_20210827_0069-02.jpg","width":1500,"height":1500},{"@type":"BreadcrumbList","@id":"https:\/\/uus.revalstone.com\/sv\/produkt\/golvlister\/#breadcrumb","itemListElement":[{"@type":"ListItem","position":1,"name":"Hemsida","item":"https:\/\/uus.revalstone.com\/sv\/"},{"@type":"ListItem","position":2,"name":"Produkter","item":"https:\/\/uus.revalstone.com\/sv\/natbutik\/"},{"@type":"ListItem","position":3,"name":"Golvlister"}]},{"@type":"WebSite","@id":"https:\/\/uus.revalstone.com\/sv\/#website","url":"https:\/\/uus.revalstone.com\/sv\/","name":"Reval Stone n\u00e4tbutik","description":"","publisher":{"@id":"https:\/\/uus.revalstone.com\/sv\/#organization"},"potentialAction":[{"@type":"SearchAction","target":{"@type":"EntryPoint","urlTemplate":"https:\/\/uus.revalstone.com\/sv\/?s={search_term_string}"},"query-input":{"@type":"PropertyValueSpecification","valueRequired":true,"valueName":"search_term_string"}}],"inLanguage":"sv-SE"},{"@type":"Organization","@id":"https:\/\/uus.revalstone.com\/sv\/#organization","name":"Reval Stone","url":"https:\/\/uus.revalstone.com\/sv\/","logo":{"@type":"ImageObject","inLanguage":"sv-SE","@id":"https:\/\/uus.revalstone.com\/sv\/#\/schema\/logo\/image\/","url":"https:\/\/uus.revalstone.com\/wp-content\/uploads\/2021\/09\/Logo_v.png","contentUrl":"https:\/\/uus.revalstone.com\/wp-content\/uploads\/2021\/09\/Logo_v.png","width":960,"height":672,"caption":"Reval Stone"},"image":{"@id":"https:\/\/uus.revalstone.com\/sv\/#\/schema\/logo\/image\/"},"sameAs":["https:\/\/www.facebook.com\/revalstoneofficial","https:\/\/www.instagram.com\/revalstoneofficial\/","https:\/\/en.wikipedia.org\/wiki\/Saare_Dolomiit-V\u00e4okivi"]}]}},"_links":{"self":[{"href":"https:\/\/uus.revalstone.com\/sv\/wp-json\/wp\/v2\/product\/2555","targetHints":{"allow":["GET"]}}],"collection":[{"href":"https:\/\/uus.revalstone.com\/sv\/wp-json\/wp\/v2\/product"}],"about":[{"href":"https:\/\/uus.revalstone.com\/sv\/wp-json\/wp\/v2\/types\/product"}],"replies":[{"embeddable":true,"href":"https:\/\/uus.revalstone.com\/sv\/wp-json\/wp\/v2\/comments?post=2555"}],"wp:featuredmedia":[{"embeddable":true,"href":"https:\/\/uus.revalstone.com\/sv\/wp-json\/wp\/v2\/media\/14703"}],"wp:attachment":[{"href":"https:\/\/uus.revalstone.com\/sv\/wp-json\/wp\/v2\/media?parent=2555"}],"wp:term":[{"taxonomy":"product_brand","embeddable":true,"href":"https:\/\/uus.revalstone.com\/sv\/wp-json\/wp\/v2\/product_brand?post=2555"},{"taxonomy":"product_cat","embeddable":true,"href":"https:\/\/uus.revalstone.com\/sv\/wp-json\/wp\/v2\/product_cat?post=2555"},{"taxonomy":"product_tag","embeddable":true,"href":"https:\/\/uus.revalstone.com\/sv\/wp-json\/wp\/v2\/product_tag?post=2555"}],"curies":[{"name":"wp","href":"https:\/\/api.w.org\/{rel}","templated":true}]}}