{"id":2607,"date":"2021-10-27T08:59:43","date_gmt":"2021-10-27T05:59:43","guid":{"rendered":"https:\/\/revalstone.com\/shop\/product\/fonsterbankar\/"},"modified":"2025-08-22T14:49:23","modified_gmt":"2025-08-22T11:49:23","slug":"fonsterbankar","status":"publish","type":"product","link":"https:\/\/uus.revalstone.com\/sv\/produkt\/fonsterbankar\/","title":{"rendered":"F\u00f6nsterb\u00e4nkar"},"content":{"rendered":"<p>F\u00f6nsterb\u00e4nkar erbjuds med f\u00f6ljande <strong>ytbehandling<\/strong>. P\u00e5 f\u00f6nsterb\u00e4nkar ytbehandlas ovansidan, framkanten och 10 cm av b\u00e5da kortsidor (borstas f\u00f6r Reval antik och slipas f\u00f6r andra material). Dessutom har framkanten och 10 cm p\u00e5 kortsidorna en 2 mm <strong>fasad kant<\/strong>.<\/p>\n<p>Dolomit Kaarma karakteriseras av sina porer. Produkter tillverkade av detta material har som regel ofyllda porer och deras diameter kan vara upp till 15 mm.\u00a0<strong>Vi kan fylla dessa porer p\u00e5 kundens beg\u00e4ran \u2013 v\u00e4nligen informera oss om detta vid best\u00e4llning<\/strong>. Denna tj\u00e4nst kostar 10 \u20ac\/m\u00b2.<\/p>\n<p>F\u00f6r att f\u00f6nsterb\u00e4nkarna ska f\u00f6rbli intakta under frakten f\u00f6rpackas de p\u00e5 <strong>s\u00e4rskilda fraktpallar<\/strong>. D\u00e4rf\u00f6r inneh\u00e5ller fraktkostnaden f\u00f6r f\u00f6nsterb\u00e4nkar \u00e4ven en till\u00e4ggsavgift p\u00e5 40 \u20ac per pall (moms tillkommer priset).<\/p>\n<p>Om du av n\u00e5gon anledning misslyckas att l\u00e4gga en \u00f6nskad f\u00f6nsterb\u00e4nk i din kundvagn eller om du har n\u00e5gra fr\u00e5gor om best\u00e4llning, <strong>v\u00e4nligen kontakta oss<\/strong> p\u00e5 adressen shop@revalstone.com.<\/p>\n","protected":false},"excerpt":{"rendered":"<p><strong><span style=\"color: #009d89;\">Egna stenbrott, egen produktion!<\/span><\/strong><\/p>\n<p>F\u00f6nsterb\u00e4nkar finns att k\u00f6pa i <strong>fyra estniska naturstensmaterial<\/strong>: dolomitstenarna <span style=\"text-decoration: underline;\"><strong><a href=\"https:\/\/revalstone.com\/dolomiit-kaarma\/?lang=sv\" target=\"_blank\" rel=\"noopener\">Kaarma<\/a><\/strong><\/span>\u00a0(med tv\u00e5 olika ytbehandlingar), <span style=\"text-decoration: underline;\"><strong><a href=\"https:\/\/revalstone.com\/dolomiit-orgita\/?lang=sv\" target=\"_blank\" rel=\"noopener\">Orgita<\/a><\/strong><\/span> och <span style=\"text-decoration: underline;\"><strong><a href=\"https:\/\/revalstone.com\/dolomiit-selgase\/?lang=sv\" target=\"_blank\" rel=\"noopener\">Selgase<\/a><\/strong><\/span> och kalkstenen <span style=\"text-decoration: underline;\"><strong><a href=\"https:\/\/revalstone.com\/paekivi-reval\/?lang=sv\" target=\"_blank\" rel=\"noopener\">Reval<\/a><\/strong><\/span> (med tv\u00e5 olika ytbehandlingar). <strong>Priset \u00e4r detsamma<\/strong> f\u00f6r f\u00f6nsterb\u00e4nkar i alla material, medan f\u00f6nsterb\u00e4nkens maximala l\u00e4ngd varierar beroende p\u00e5 materialet. F\u00f6r st\u00f6rre storlekar \u00e4r l\u00f6sningen att <strong>best\u00e4lla f\u00f6nsterb\u00e4nken i tv\u00e5 bitar<\/strong> (vanligtvis halverade i l\u00e4ngden). Den st\u00f6rsta m\u00f6jliga bredden (djupet) f\u00f6r alla f\u00f6nsterb\u00e4nkar \u00e4r 63 cm.<\/p>\n<p>N\u00e4r du best\u00e4ller en f\u00f6nsterb\u00e4nk av kalksten eller dolomit b\u00f6r du f\u00f6rst v\u00e4lja <strong>material<\/strong> och sedan <strong>tjocklek<\/strong> (2 cm eller 3 cm). Ange d\u00e4refter f\u00f6nsterb\u00e4nkens <strong>l\u00e4ngd och bredd<\/strong> (i centimeter) i motsvarande f\u00e4lt (<strong>anv\u00e4nd punkt ist\u00e4llet f\u00f6r kommatecken<\/strong>). D\u00e5 visas priset f\u00f6r f\u00f6nsterb\u00e4nken och du kan l\u00e4gga den i din kundvagn f\u00f6r att sedan ange nya m\u00e5tt f\u00f6r n\u00e4sta f\u00f6nsterb\u00e4nk om du vill best\u00e4lla mer.<\/p>\n<p>F\u00f6rutom f\u00f6nsterb\u00e4nkar erbjuder vi \u00e4ven <span style=\"text-decoration: underline;\"><a href=\"https:\/\/uus.revalstone.com\/sv\/natbutik\/\" target=\"_blank\" rel=\"noopener\"><strong>golvplattor<\/strong><\/a><\/span>, <span style=\"text-decoration: underline;\"><a href=\"https:\/\/uus.revalstone.com\/sv\/produkt\/golvlister\/\" target=\"_blank\" rel=\"noopener\"><strong>golvlister<\/strong><\/a><\/span> och <span style=\"text-decoration: underline;\"><a href=\"https:\/\/uus.revalstone.com\/sv\/produkt\/bankskivor\/\" target=\"_blank\" rel=\"noopener\"><strong>b\u00e4nkskivor<\/strong><\/a><\/span> av <strong>samma material<\/strong> i v\u00e5r n\u00e4tbutik.<\/p>\n<p><strong>OBS!<\/strong> F\u00f6r att bekanta sig med material kan du best\u00e4lla 20 x 20 cm <a href=\"https:\/\/uus.revalstone.com\/sv\/produkt\/provbitar\/\" target=\"_blank\" rel=\"noopener\"><span style=\"text-decoration: underline;\"><strong>provbitar<\/strong><\/span><\/a>.<\/p>\n","protected":false},"featured_media":14861,"comment_status":"closed","ping_status":"closed","template":"","meta":{"_acf_changed":false},"product_brand":[],"product_cat":[371,230],"product_tag":[],"class_list":{"0":"post-2607","1":"product","2":"type-product","3":"status-publish","4":"has-post-thumbnail","6":"product_cat-fonsterbankar-och-bankskivor","7":"product_cat-misc-sv","9":"first","10":"instock","11":"taxable","12":"shipping-taxable","13":"purchasable","14":"product-type-variable","15":"rtwpvg-product"},"acf":[],"yoast_head":"<!-- This site is optimized with the Yoast SEO plugin v27.4 - https:\/\/yoast.com\/product\/yoast-seo-wordpress\/ -->\n<title>F\u00f6nsterb\u00e4nkar - Kalksten, dolomit - Reval Stone n\u00e4tbutik<\/title>\n<meta name=\"description\" content=\"F\u00f6nsterb\u00e4nkar av kalksten och dolomit direkt fr\u00e5n tillverkaren. Best\u00e4ll m\u00e5ttbest\u00e4llda f\u00f6nsterbr\u00e4dor online. Kort produktionstid och leverans i Europa.\" \/>\n<meta name=\"robots\" content=\"index, follow, max-snippet:-1, max-image-preview:large, max-video-preview:-1\" \/>\n<link rel=\"canonical\" href=\"https:\/\/uus.revalstone.com\/sv\/produkt\/fonsterbankar\/\" \/>\n<meta property=\"og:locale\" content=\"sv_SE\" \/>\n<meta property=\"og:type\" content=\"article\" \/>\n<meta property=\"og:title\" content=\"F\u00f6nsterb\u00e4nkar - Kalksten, dolomit - Reval Stone n\u00e4tbutik\" \/>\n<meta property=\"og:description\" content=\"F\u00f6nsterb\u00e4nkar av kalksten och dolomit direkt fr\u00e5n tillverkaren. Best\u00e4ll m\u00e5ttbest\u00e4llda f\u00f6nsterbr\u00e4dor online. Kort produktionstid och leverans i Europa.\" \/>\n<meta property=\"og:url\" content=\"https:\/\/uus.revalstone.com\/sv\/produkt\/fonsterbankar\/\" \/>\n<meta property=\"og:site_name\" content=\"Reval Stone n\u00e4tbutik\" \/>\n<meta property=\"article:publisher\" content=\"https:\/\/www.facebook.com\/revalstoneofficial\" \/>\n<meta property=\"article:modified_time\" content=\"2025-08-22T11:49:23+00:00\" \/>\n<meta property=\"og:image\" content=\"https:\/\/uus.revalstone.com\/wp-content\/uploads\/2024\/01\/Reval1-paekivi-aknalaud-window-sill-fonsterbank-24.jpg\" \/>\n\t<meta property=\"og:image:width\" content=\"1500\" \/>\n\t<meta property=\"og:image:height\" content=\"1500\" \/>\n\t<meta property=\"og:image:type\" content=\"image\/jpeg\" \/>\n<meta name=\"twitter:card\" content=\"summary_large_image\" \/>\n<meta name=\"twitter:label1\" content=\"Ber\u00e4knad l\u00e4stid\" \/>\n\t<meta name=\"twitter:data1\" content=\"1 minut\" \/>\n<script type=\"application\/ld+json\" class=\"yoast-schema-graph\">{\"@context\":\"https:\\\/\\\/schema.org\",\"@graph\":[{\"@type\":\"WebPage\",\"@id\":\"https:\\\/\\\/uus.revalstone.com\\\/sv\\\/produkt\\\/fonsterbankar\\\/\",\"url\":\"https:\\\/\\\/uus.revalstone.com\\\/sv\\\/produkt\\\/fonsterbankar\\\/\",\"name\":\"F\u00f6nsterb\u00e4nkar - Kalksten, dolomit - Reval Stone n\u00e4tbutik\",\"isPartOf\":{\"@id\":\"https:\\\/\\\/uus.revalstone.com\\\/sv\\\/#website\"},\"primaryImageOfPage\":{\"@id\":\"https:\\\/\\\/uus.revalstone.com\\\/sv\\\/produkt\\\/fonsterbankar\\\/#primaryimage\"},\"image\":{\"@id\":\"https:\\\/\\\/uus.revalstone.com\\\/sv\\\/produkt\\\/fonsterbankar\\\/#primaryimage\"},\"thumbnailUrl\":\"https:\\\/\\\/uus.revalstone.com\\\/wp-content\\\/uploads\\\/2024\\\/01\\\/Reval1-paekivi-aknalaud-window-sill-fonsterbank-24.jpg\",\"datePublished\":\"2021-10-27T05:59:43+00:00\",\"dateModified\":\"2025-08-22T11:49:23+00:00\",\"description\":\"F\u00f6nsterb\u00e4nkar av kalksten och dolomit direkt fr\u00e5n tillverkaren. Best\u00e4ll m\u00e5ttbest\u00e4llda f\u00f6nsterbr\u00e4dor online. Kort produktionstid och leverans i Europa.\",\"breadcrumb\":{\"@id\":\"https:\\\/\\\/uus.revalstone.com\\\/sv\\\/produkt\\\/fonsterbankar\\\/#breadcrumb\"},\"inLanguage\":\"sv-SE\",\"potentialAction\":[{\"@type\":\"ReadAction\",\"target\":[\"https:\\\/\\\/uus.revalstone.com\\\/sv\\\/produkt\\\/fonsterbankar\\\/\"]}]},{\"@type\":\"ImageObject\",\"inLanguage\":\"sv-SE\",\"@id\":\"https:\\\/\\\/uus.revalstone.com\\\/sv\\\/produkt\\\/fonsterbankar\\\/#primaryimage\",\"url\":\"https:\\\/\\\/uus.revalstone.com\\\/wp-content\\\/uploads\\\/2024\\\/01\\\/Reval1-paekivi-aknalaud-window-sill-fonsterbank-24.jpg\",\"contentUrl\":\"https:\\\/\\\/uus.revalstone.com\\\/wp-content\\\/uploads\\\/2024\\\/01\\\/Reval1-paekivi-aknalaud-window-sill-fonsterbank-24.jpg\",\"width\":1500,\"height\":1500},{\"@type\":\"BreadcrumbList\",\"@id\":\"https:\\\/\\\/uus.revalstone.com\\\/sv\\\/produkt\\\/fonsterbankar\\\/#breadcrumb\",\"itemListElement\":[{\"@type\":\"ListItem\",\"position\":1,\"name\":\"Hemsida\",\"item\":\"https:\\\/\\\/uus.revalstone.com\\\/sv\\\/\"},{\"@type\":\"ListItem\",\"position\":2,\"name\":\"Produkter\",\"item\":\"https:\\\/\\\/uus.revalstone.com\\\/sv\\\/natbutik\\\/\"},{\"@type\":\"ListItem\",\"position\":3,\"name\":\"F\u00f6nsterb\u00e4nkar\"}]},{\"@type\":\"WebSite\",\"@id\":\"https:\\\/\\\/uus.revalstone.com\\\/sv\\\/#website\",\"url\":\"https:\\\/\\\/uus.revalstone.com\\\/sv\\\/\",\"name\":\"Reval Stone n\u00e4tbutik\",\"description\":\"\",\"publisher\":{\"@id\":\"https:\\\/\\\/uus.revalstone.com\\\/sv\\\/#organization\"},\"potentialAction\":[{\"@type\":\"SearchAction\",\"target\":{\"@type\":\"EntryPoint\",\"urlTemplate\":\"https:\\\/\\\/uus.revalstone.com\\\/sv\\\/?s={search_term_string}\"},\"query-input\":{\"@type\":\"PropertyValueSpecification\",\"valueRequired\":true,\"valueName\":\"search_term_string\"}}],\"inLanguage\":\"sv-SE\"},{\"@type\":\"Organization\",\"@id\":\"https:\\\/\\\/uus.revalstone.com\\\/sv\\\/#organization\",\"name\":\"Reval Stone\",\"url\":\"https:\\\/\\\/uus.revalstone.com\\\/sv\\\/\",\"logo\":{\"@type\":\"ImageObject\",\"inLanguage\":\"sv-SE\",\"@id\":\"https:\\\/\\\/uus.revalstone.com\\\/sv\\\/#\\\/schema\\\/logo\\\/image\\\/\",\"url\":\"https:\\\/\\\/uus.revalstone.com\\\/wp-content\\\/uploads\\\/2021\\\/09\\\/Logo_v.png\",\"contentUrl\":\"https:\\\/\\\/uus.revalstone.com\\\/wp-content\\\/uploads\\\/2021\\\/09\\\/Logo_v.png\",\"width\":960,\"height\":672,\"caption\":\"Reval Stone\"},\"image\":{\"@id\":\"https:\\\/\\\/uus.revalstone.com\\\/sv\\\/#\\\/schema\\\/logo\\\/image\\\/\"},\"sameAs\":[\"https:\\\/\\\/www.facebook.com\\\/revalstoneofficial\",\"https:\\\/\\\/www.instagram.com\\\/revalstoneofficial\\\/\",\"https:\\\/\\\/en.wikipedia.org\\\/wiki\\\/Saare_Dolomiit-V\u00e4okivi\"]}]}<\/script>\n<!-- \/ Yoast SEO plugin. -->","yoast_head_json":{"title":"F\u00f6nsterb\u00e4nkar - Kalksten, dolomit - Reval Stone n\u00e4tbutik","description":"F\u00f6nsterb\u00e4nkar av kalksten och dolomit direkt fr\u00e5n tillverkaren. Best\u00e4ll m\u00e5ttbest\u00e4llda f\u00f6nsterbr\u00e4dor online. Kort produktionstid och leverans i Europa.","robots":{"index":"index","follow":"follow","max-snippet":"max-snippet:-1","max-image-preview":"max-image-preview:large","max-video-preview":"max-video-preview:-1"},"canonical":"https:\/\/uus.revalstone.com\/sv\/produkt\/fonsterbankar\/","og_locale":"sv_SE","og_type":"article","og_title":"F\u00f6nsterb\u00e4nkar - Kalksten, dolomit - Reval Stone n\u00e4tbutik","og_description":"F\u00f6nsterb\u00e4nkar av kalksten och dolomit direkt fr\u00e5n tillverkaren. Best\u00e4ll m\u00e5ttbest\u00e4llda f\u00f6nsterbr\u00e4dor online. Kort produktionstid och leverans i Europa.","og_url":"https:\/\/uus.revalstone.com\/sv\/produkt\/fonsterbankar\/","og_site_name":"Reval Stone n\u00e4tbutik","article_publisher":"https:\/\/www.facebook.com\/revalstoneofficial","article_modified_time":"2025-08-22T11:49:23+00:00","og_image":[{"width":1500,"height":1500,"url":"https:\/\/uus.revalstone.com\/wp-content\/uploads\/2024\/01\/Reval1-paekivi-aknalaud-window-sill-fonsterbank-24.jpg","type":"image\/jpeg"}],"twitter_card":"summary_large_image","twitter_misc":{"Ber\u00e4knad l\u00e4stid":"1 minut"},"schema":{"@context":"https:\/\/schema.org","@graph":[{"@type":"WebPage","@id":"https:\/\/uus.revalstone.com\/sv\/produkt\/fonsterbankar\/","url":"https:\/\/uus.revalstone.com\/sv\/produkt\/fonsterbankar\/","name":"F\u00f6nsterb\u00e4nkar - Kalksten, dolomit - Reval Stone n\u00e4tbutik","isPartOf":{"@id":"https:\/\/uus.revalstone.com\/sv\/#website"},"primaryImageOfPage":{"@id":"https:\/\/uus.revalstone.com\/sv\/produkt\/fonsterbankar\/#primaryimage"},"image":{"@id":"https:\/\/uus.revalstone.com\/sv\/produkt\/fonsterbankar\/#primaryimage"},"thumbnailUrl":"https:\/\/uus.revalstone.com\/wp-content\/uploads\/2024\/01\/Reval1-paekivi-aknalaud-window-sill-fonsterbank-24.jpg","datePublished":"2021-10-27T05:59:43+00:00","dateModified":"2025-08-22T11:49:23+00:00","description":"F\u00f6nsterb\u00e4nkar av kalksten och dolomit direkt fr\u00e5n tillverkaren. Best\u00e4ll m\u00e5ttbest\u00e4llda f\u00f6nsterbr\u00e4dor online. Kort produktionstid och leverans i Europa.","breadcrumb":{"@id":"https:\/\/uus.revalstone.com\/sv\/produkt\/fonsterbankar\/#breadcrumb"},"inLanguage":"sv-SE","potentialAction":[{"@type":"ReadAction","target":["https:\/\/uus.revalstone.com\/sv\/produkt\/fonsterbankar\/"]}]},{"@type":"ImageObject","inLanguage":"sv-SE","@id":"https:\/\/uus.revalstone.com\/sv\/produkt\/fonsterbankar\/#primaryimage","url":"https:\/\/uus.revalstone.com\/wp-content\/uploads\/2024\/01\/Reval1-paekivi-aknalaud-window-sill-fonsterbank-24.jpg","contentUrl":"https:\/\/uus.revalstone.com\/wp-content\/uploads\/2024\/01\/Reval1-paekivi-aknalaud-window-sill-fonsterbank-24.jpg","width":1500,"height":1500},{"@type":"BreadcrumbList","@id":"https:\/\/uus.revalstone.com\/sv\/produkt\/fonsterbankar\/#breadcrumb","itemListElement":[{"@type":"ListItem","position":1,"name":"Hemsida","item":"https:\/\/uus.revalstone.com\/sv\/"},{"@type":"ListItem","position":2,"name":"Produkter","item":"https:\/\/uus.revalstone.com\/sv\/natbutik\/"},{"@type":"ListItem","position":3,"name":"F\u00f6nsterb\u00e4nkar"}]},{"@type":"WebSite","@id":"https:\/\/uus.revalstone.com\/sv\/#website","url":"https:\/\/uus.revalstone.com\/sv\/","name":"Reval Stone n\u00e4tbutik","description":"","publisher":{"@id":"https:\/\/uus.revalstone.com\/sv\/#organization"},"potentialAction":[{"@type":"SearchAction","target":{"@type":"EntryPoint","urlTemplate":"https:\/\/uus.revalstone.com\/sv\/?s={search_term_string}"},"query-input":{"@type":"PropertyValueSpecification","valueRequired":true,"valueName":"search_term_string"}}],"inLanguage":"sv-SE"},{"@type":"Organization","@id":"https:\/\/uus.revalstone.com\/sv\/#organization","name":"Reval Stone","url":"https:\/\/uus.revalstone.com\/sv\/","logo":{"@type":"ImageObject","inLanguage":"sv-SE","@id":"https:\/\/uus.revalstone.com\/sv\/#\/schema\/logo\/image\/","url":"https:\/\/uus.revalstone.com\/wp-content\/uploads\/2021\/09\/Logo_v.png","contentUrl":"https:\/\/uus.revalstone.com\/wp-content\/uploads\/2021\/09\/Logo_v.png","width":960,"height":672,"caption":"Reval Stone"},"image":{"@id":"https:\/\/uus.revalstone.com\/sv\/#\/schema\/logo\/image\/"},"sameAs":["https:\/\/www.facebook.com\/revalstoneofficial","https:\/\/www.instagram.com\/revalstoneofficial\/","https:\/\/en.wikipedia.org\/wiki\/Saare_Dolomiit-V\u00e4okivi"]}]}},"_links":{"self":[{"href":"https:\/\/uus.revalstone.com\/sv\/wp-json\/wp\/v2\/product\/2607","targetHints":{"allow":["GET"]}}],"collection":[{"href":"https:\/\/uus.revalstone.com\/sv\/wp-json\/wp\/v2\/product"}],"about":[{"href":"https:\/\/uus.revalstone.com\/sv\/wp-json\/wp\/v2\/types\/product"}],"replies":[{"embeddable":true,"href":"https:\/\/uus.revalstone.com\/sv\/wp-json\/wp\/v2\/comments?post=2607"}],"wp:featuredmedia":[{"embeddable":true,"href":"https:\/\/uus.revalstone.com\/sv\/wp-json\/wp\/v2\/media\/14861"}],"wp:attachment":[{"href":"https:\/\/uus.revalstone.com\/sv\/wp-json\/wp\/v2\/media?parent=2607"}],"wp:term":[{"taxonomy":"product_brand","embeddable":true,"href":"https:\/\/uus.revalstone.com\/sv\/wp-json\/wp\/v2\/product_brand?post=2607"},{"taxonomy":"product_cat","embeddable":true,"href":"https:\/\/uus.revalstone.com\/sv\/wp-json\/wp\/v2\/product_cat?post=2607"},{"taxonomy":"product_tag","embeddable":true,"href":"https:\/\/uus.revalstone.com\/sv\/wp-json\/wp\/v2\/product_tag?post=2607"}],"curies":[{"name":"wp","href":"https:\/\/api.w.org\/{rel}","templated":true}]}}