{"id":3079,"date":"2022-01-14T12:18:54","date_gmt":"2022-01-14T09:18:54","guid":{"rendered":"https:\/\/revalstone.com\/shop\/?post_type=product&#038;p=3079"},"modified":"2025-02-13T09:09:19","modified_gmt":"2025-02-13T06:09:19","slug":"bankskivor","status":"publish","type":"product","link":"https:\/\/uus.revalstone.com\/sv\/produkt\/bankskivor\/","title":{"rendered":"B\u00e4nkskivor"},"content":{"rendered":"<p>V\u00e4lj f\u00f6rst <strong>material<\/strong>\u00a0och dess <strong>tjocklek<\/strong> (2 cm eller 3 cm). Ange sedan <strong>antalet detaljer<\/strong> du vill best\u00e4lla samt <strong>bredd och l\u00e4ngd<\/strong> f\u00f6r varje detalj (tjockleken f\u00f6r st\u00e4nkskyddets detaljer \u00e4r alltid 2 cm). Ange sedan \u00f6vriga uppgifter f\u00f6r ALLA detaljer (totalt): <strong>l\u00e4ngden p\u00e5 kanter<\/strong> som beh\u00f6ver bearbetas (i centimeter) och <strong>antalet \u00f6nskade h\u00e5l<\/strong> f\u00f6r olika \u00e4ndam\u00e5l.<\/p>\n<p>F\u00f6r diskhoar erbjuds <strong>tv\u00e5 h\u00e5ltagningsalternativ<\/strong>: f\u00f6r <strong>toppmonterad diskho<\/strong> (h\u00e5lets kanter beh\u00f6ver inte bearbetas eftersom de t\u00e4cks av diskhon) och f\u00f6r <strong>underlimmad diskho<\/strong> (h\u00e5lets kanter slipas och \u00f6verkanten fasas av). <strong>N\u00e4r det g\u00e4ller dolomit Orgita<\/strong> \u00e4r det m\u00f6jligt att sk\u00e4ra st\u00f6rre h\u00e5l (t.ex. f\u00f6r diskhoar och spisar) till b\u00e4nkskivan <strong>med en tjocklek av 3 cm<\/strong>.<\/p>\n<p>Slutligen kan du l\u00e4gga till <strong>kommentarer och filer<\/strong> till din best\u00e4llning. Det \u00e4r viktigt att bifoga <strong>s\u00e5 exakt ritning som m\u00f6jligt<\/strong> \u2013 d\u00e5 kan vi bearbeta alla n\u00f6dv\u00e4ndiga kanter och s\u00e4kerst\u00e4lla att h\u00e5ltagning g\u00f6rs p\u00e5 r\u00e4tt st\u00e4lle. Tillverkare av diskhoar och spish\u00e4llar erbjuder oftast installationsritningar f\u00f6r sina produkter. Om du redan har valt diskho och spish\u00e4ll, v\u00e4nligen bifoga \u00e4ven <strong>ritningen f\u00f6r h\u00e5ltagning<\/strong>\u00a0(som tillhandah\u00e5lls av respektive tillverkare) till best\u00e4llningen.<\/p>\n<p>Eftersom <strong>kalksten \u00e4r ett \u00f6mt\u00e5ligt material<\/strong> b\u00f6r du t\u00e4nka p\u00e5 att avst\u00e5ndet mellan h\u00e5let som ska sk\u00e4ras f\u00f6r diskhon eller spish\u00e4llen och b\u00e4nkskivans ytterkant ska vara minst 6,5 cm. Annars \u00e4r risken stor att b\u00e4nkskivan g\u00e5r s\u00f6nder i samband med leverans eller montering.<\/p>\n<p>Efter att du har skickat din best\u00e4llning g\u00e5r vi igenom den och <strong>g\u00f6r ev. justeringar i priset vid behov<\/strong> (om uppgifter angivna i best\u00e4llningen avviker fr\u00e5n uppgifterna p\u00e5 ritningarna). F\u00f6r att s\u00e4kerst\u00e4lla att b\u00e4nkskivor inte g\u00e5r s\u00f6nder under frakten kommer de att levereras p\u00e5 <strong>s\u00e4rskilda pallar<\/strong>. D\u00e4rf\u00f6r inkluderar fraktkostnaden en <strong>extra avgift p\u00e5 40 \u20ac<\/strong> per pall (priset inkluderar inte moms).<\/p>\n<p>Om du av n\u00e5gon anledning inte kan l\u00e4gga \u00f6nskade produkter i kundvagnen eller om du har n\u00e5gra fr\u00e5gor om best\u00e4llning, v\u00e4nligen kontakta oss p\u00e5 shop@revalstone.com.<\/p>\n","protected":false},"excerpt":{"rendered":"<p><strong><span style=\"color: #009d89;\">Egna stenbrott, egen produktion!<\/span><\/strong><\/p>\n<p>B\u00e4nkskivor erbjuds i tre utf\u00f6randen: <strong>dolomit <\/strong><strong>Orgita <\/strong>(slipad) och <strong>kalksten Reval<\/strong> (antikbehandlad och slipad). Dessa material skiljer sig \u00e5t vad g\u00e4ller <strong>b\u00e4nkskivans maximala l\u00e4ngd<\/strong>\u00a0\u2013 f\u00f6r b\u00e4nkskivor av <strong><span style=\"text-decoration: underline;\"><a href=\"https:\/\/revalstone.com\/orgita\/?lang=sv\" target=\"_blank\" rel=\"noopener\">dolomit Orgita<\/a><\/span><\/strong> \u00e4r den maximala l\u00e4ngden 200 cm och f\u00f6r b\u00e4nkskivor av <strong><span style=\"text-decoration: underline;\"><a href=\"https:\/\/revalstone.com\/reval\/?lang=sv\" target=\"_blank\" rel=\"noopener\">kalksten Reval<\/a><\/span><\/strong> 220 cm (kontakta oss om du vill best\u00e4lla en l\u00e4ngre b\u00e4nkskiva). B\u00e4nkskivornas <strong>maximala djup<\/strong> \u00e4r 63 cm. Innan best\u00e4llning rekommenderar vi att l\u00e4sa instruktionerna nedan.<\/p>\n<p>F\u00f6rutom b\u00e4nkskivor erbjuder vi \u00e4ven <span style=\"text-decoration: underline;\"><a href=\"https:\/\/uus.revalstone.com\/sv\/natbutik\/\" target=\"_blank\" rel=\"noopener\"><strong>golvplattor<\/strong><\/a><\/span>, <span style=\"text-decoration: underline;\"><a href=\"https:\/\/uus.revalstone.com\/sv\/produkt\/golvlister\/\" target=\"_blank\" rel=\"noopener\"><strong>golvlister<\/strong><\/a><\/span> och <span style=\"text-decoration: underline;\"><a href=\"https:\/\/uus.revalstone.com\/sv\/produkt\/fonsterbankar\/\" target=\"_blank\" rel=\"noopener\"><strong>f\u00f6nsterb\u00e4nkar<\/strong><\/a><\/span> av natursten i v\u00e5r n\u00e4tbutik.<\/p>\n<p><strong>OBS!<\/strong> F\u00f6r att bekanta sig med material kan du best\u00e4lla 20 x 20 cm provbitar.<\/p>\n","protected":false},"featured_media":14851,"comment_status":"closed","ping_status":"closed","template":"","meta":{"_acf_changed":false},"product_brand":[],"product_cat":[371,230],"product_tag":[],"class_list":{"0":"post-3079","1":"product","2":"type-product","3":"status-publish","4":"has-post-thumbnail","6":"product_cat-fonsterbankar-och-bankskivor","7":"product_cat-misc-sv","9":"first","10":"instock","11":"taxable","12":"shipping-taxable","13":"purchasable","14":"product-type-variable","15":"rtwpvg-product"},"acf":[],"yoast_head":"<!-- This site is optimized with the Yoast SEO plugin v27.4 - https:\/\/yoast.com\/product\/yoast-seo-wordpress\/ -->\n<title>B\u00e4nkskivor av kalksten, natursten - Reval Stone n\u00e4tbutik<\/title>\n<meta name=\"description\" content=\"B\u00e4nkskivor av natursten (kalksten) f\u00f6r ditt hem. M\u00e5ttbest\u00e4llda b\u00e4nkskivor med alla h\u00e5l och ytbehandlingar. Precis vad ditt projekt kr\u00e4ver.\" \/>\n<meta name=\"robots\" content=\"index, follow, max-snippet:-1, max-image-preview:large, max-video-preview:-1\" \/>\n<link rel=\"canonical\" href=\"https:\/\/uus.revalstone.com\/sv\/produkt\/bankskivor\/\" \/>\n<meta property=\"og:locale\" content=\"sv_SE\" \/>\n<meta property=\"og:type\" content=\"article\" \/>\n<meta property=\"og:title\" content=\"B\u00e4nkskivor av kalksten, natursten - Reval Stone n\u00e4tbutik\" \/>\n<meta property=\"og:description\" content=\"B\u00e4nkskivor av natursten (kalksten) f\u00f6r ditt hem. M\u00e5ttbest\u00e4llda b\u00e4nkskivor med alla h\u00e5l och ytbehandlingar. Precis vad ditt projekt kr\u00e4ver.\" \/>\n<meta property=\"og:url\" content=\"https:\/\/uus.revalstone.com\/sv\/produkt\/bankskivor\/\" \/>\n<meta property=\"og:site_name\" content=\"Reval Stone n\u00e4tbutik\" \/>\n<meta property=\"article:publisher\" content=\"https:\/\/www.facebook.com\/revalstoneofficial\" \/>\n<meta property=\"article:modified_time\" content=\"2025-02-13T06:09:19+00:00\" \/>\n<meta property=\"og:image\" content=\"https:\/\/uus.revalstone.com\/wp-content\/uploads\/2024\/01\/Reval-Stone-tasapind-countertop-2402.jpg\" \/>\n\t<meta property=\"og:image:width\" content=\"1500\" \/>\n\t<meta property=\"og:image:height\" content=\"1125\" \/>\n\t<meta property=\"og:image:type\" content=\"image\/jpeg\" \/>\n<meta name=\"twitter:card\" content=\"summary_large_image\" \/>\n<meta name=\"twitter:label1\" content=\"Ber\u00e4knad l\u00e4stid\" \/>\n\t<meta name=\"twitter:data1\" content=\"2 minuter\" \/>\n<script type=\"application\/ld+json\" class=\"yoast-schema-graph\">{\"@context\":\"https:\\\/\\\/schema.org\",\"@graph\":[{\"@type\":\"WebPage\",\"@id\":\"https:\\\/\\\/uus.revalstone.com\\\/sv\\\/produkt\\\/bankskivor\\\/\",\"url\":\"https:\\\/\\\/uus.revalstone.com\\\/sv\\\/produkt\\\/bankskivor\\\/\",\"name\":\"B\u00e4nkskivor av kalksten, natursten - Reval Stone n\u00e4tbutik\",\"isPartOf\":{\"@id\":\"https:\\\/\\\/uus.revalstone.com\\\/sv\\\/#website\"},\"primaryImageOfPage\":{\"@id\":\"https:\\\/\\\/uus.revalstone.com\\\/sv\\\/produkt\\\/bankskivor\\\/#primaryimage\"},\"image\":{\"@id\":\"https:\\\/\\\/uus.revalstone.com\\\/sv\\\/produkt\\\/bankskivor\\\/#primaryimage\"},\"thumbnailUrl\":\"https:\\\/\\\/uus.revalstone.com\\\/wp-content\\\/uploads\\\/2024\\\/01\\\/Reval-Stone-tasapind-countertop-2402.jpg\",\"datePublished\":\"2022-01-14T09:18:54+00:00\",\"dateModified\":\"2025-02-13T06:09:19+00:00\",\"description\":\"B\u00e4nkskivor av natursten (kalksten) f\u00f6r ditt hem. M\u00e5ttbest\u00e4llda b\u00e4nkskivor med alla h\u00e5l och ytbehandlingar. Precis vad ditt projekt kr\u00e4ver.\",\"breadcrumb\":{\"@id\":\"https:\\\/\\\/uus.revalstone.com\\\/sv\\\/produkt\\\/bankskivor\\\/#breadcrumb\"},\"inLanguage\":\"sv-SE\",\"potentialAction\":[{\"@type\":\"ReadAction\",\"target\":[\"https:\\\/\\\/uus.revalstone.com\\\/sv\\\/produkt\\\/bankskivor\\\/\"]}]},{\"@type\":\"ImageObject\",\"inLanguage\":\"sv-SE\",\"@id\":\"https:\\\/\\\/uus.revalstone.com\\\/sv\\\/produkt\\\/bankskivor\\\/#primaryimage\",\"url\":\"https:\\\/\\\/uus.revalstone.com\\\/wp-content\\\/uploads\\\/2024\\\/01\\\/Reval-Stone-tasapind-countertop-2402.jpg\",\"contentUrl\":\"https:\\\/\\\/uus.revalstone.com\\\/wp-content\\\/uploads\\\/2024\\\/01\\\/Reval-Stone-tasapind-countertop-2402.jpg\",\"width\":1500,\"height\":1125},{\"@type\":\"BreadcrumbList\",\"@id\":\"https:\\\/\\\/uus.revalstone.com\\\/sv\\\/produkt\\\/bankskivor\\\/#breadcrumb\",\"itemListElement\":[{\"@type\":\"ListItem\",\"position\":1,\"name\":\"Hemsida\",\"item\":\"https:\\\/\\\/uus.revalstone.com\\\/sv\\\/\"},{\"@type\":\"ListItem\",\"position\":2,\"name\":\"Produkter\",\"item\":\"https:\\\/\\\/uus.revalstone.com\\\/sv\\\/natbutik\\\/\"},{\"@type\":\"ListItem\",\"position\":3,\"name\":\"B\u00e4nkskivor\"}]},{\"@type\":\"WebSite\",\"@id\":\"https:\\\/\\\/uus.revalstone.com\\\/sv\\\/#website\",\"url\":\"https:\\\/\\\/uus.revalstone.com\\\/sv\\\/\",\"name\":\"Reval Stone n\u00e4tbutik\",\"description\":\"\",\"publisher\":{\"@id\":\"https:\\\/\\\/uus.revalstone.com\\\/sv\\\/#organization\"},\"potentialAction\":[{\"@type\":\"SearchAction\",\"target\":{\"@type\":\"EntryPoint\",\"urlTemplate\":\"https:\\\/\\\/uus.revalstone.com\\\/sv\\\/?s={search_term_string}\"},\"query-input\":{\"@type\":\"PropertyValueSpecification\",\"valueRequired\":true,\"valueName\":\"search_term_string\"}}],\"inLanguage\":\"sv-SE\"},{\"@type\":\"Organization\",\"@id\":\"https:\\\/\\\/uus.revalstone.com\\\/sv\\\/#organization\",\"name\":\"Reval Stone\",\"url\":\"https:\\\/\\\/uus.revalstone.com\\\/sv\\\/\",\"logo\":{\"@type\":\"ImageObject\",\"inLanguage\":\"sv-SE\",\"@id\":\"https:\\\/\\\/uus.revalstone.com\\\/sv\\\/#\\\/schema\\\/logo\\\/image\\\/\",\"url\":\"https:\\\/\\\/uus.revalstone.com\\\/wp-content\\\/uploads\\\/2021\\\/09\\\/Logo_v.png\",\"contentUrl\":\"https:\\\/\\\/uus.revalstone.com\\\/wp-content\\\/uploads\\\/2021\\\/09\\\/Logo_v.png\",\"width\":960,\"height\":672,\"caption\":\"Reval Stone\"},\"image\":{\"@id\":\"https:\\\/\\\/uus.revalstone.com\\\/sv\\\/#\\\/schema\\\/logo\\\/image\\\/\"},\"sameAs\":[\"https:\\\/\\\/www.facebook.com\\\/revalstoneofficial\",\"https:\\\/\\\/www.instagram.com\\\/revalstoneofficial\\\/\",\"https:\\\/\\\/en.wikipedia.org\\\/wiki\\\/Saare_Dolomiit-V\u00e4okivi\"]}]}<\/script>\n<!-- \/ Yoast SEO plugin. -->","yoast_head_json":{"title":"B\u00e4nkskivor av kalksten, natursten - Reval Stone n\u00e4tbutik","description":"B\u00e4nkskivor av natursten (kalksten) f\u00f6r ditt hem. M\u00e5ttbest\u00e4llda b\u00e4nkskivor med alla h\u00e5l och ytbehandlingar. Precis vad ditt projekt kr\u00e4ver.","robots":{"index":"index","follow":"follow","max-snippet":"max-snippet:-1","max-image-preview":"max-image-preview:large","max-video-preview":"max-video-preview:-1"},"canonical":"https:\/\/uus.revalstone.com\/sv\/produkt\/bankskivor\/","og_locale":"sv_SE","og_type":"article","og_title":"B\u00e4nkskivor av kalksten, natursten - Reval Stone n\u00e4tbutik","og_description":"B\u00e4nkskivor av natursten (kalksten) f\u00f6r ditt hem. M\u00e5ttbest\u00e4llda b\u00e4nkskivor med alla h\u00e5l och ytbehandlingar. Precis vad ditt projekt kr\u00e4ver.","og_url":"https:\/\/uus.revalstone.com\/sv\/produkt\/bankskivor\/","og_site_name":"Reval Stone n\u00e4tbutik","article_publisher":"https:\/\/www.facebook.com\/revalstoneofficial","article_modified_time":"2025-02-13T06:09:19+00:00","og_image":[{"width":1500,"height":1125,"url":"https:\/\/uus.revalstone.com\/wp-content\/uploads\/2024\/01\/Reval-Stone-tasapind-countertop-2402.jpg","type":"image\/jpeg"}],"twitter_card":"summary_large_image","twitter_misc":{"Ber\u00e4knad l\u00e4stid":"2 minuter"},"schema":{"@context":"https:\/\/schema.org","@graph":[{"@type":"WebPage","@id":"https:\/\/uus.revalstone.com\/sv\/produkt\/bankskivor\/","url":"https:\/\/uus.revalstone.com\/sv\/produkt\/bankskivor\/","name":"B\u00e4nkskivor av kalksten, natursten - Reval Stone n\u00e4tbutik","isPartOf":{"@id":"https:\/\/uus.revalstone.com\/sv\/#website"},"primaryImageOfPage":{"@id":"https:\/\/uus.revalstone.com\/sv\/produkt\/bankskivor\/#primaryimage"},"image":{"@id":"https:\/\/uus.revalstone.com\/sv\/produkt\/bankskivor\/#primaryimage"},"thumbnailUrl":"https:\/\/uus.revalstone.com\/wp-content\/uploads\/2024\/01\/Reval-Stone-tasapind-countertop-2402.jpg","datePublished":"2022-01-14T09:18:54+00:00","dateModified":"2025-02-13T06:09:19+00:00","description":"B\u00e4nkskivor av natursten (kalksten) f\u00f6r ditt hem. M\u00e5ttbest\u00e4llda b\u00e4nkskivor med alla h\u00e5l och ytbehandlingar. Precis vad ditt projekt kr\u00e4ver.","breadcrumb":{"@id":"https:\/\/uus.revalstone.com\/sv\/produkt\/bankskivor\/#breadcrumb"},"inLanguage":"sv-SE","potentialAction":[{"@type":"ReadAction","target":["https:\/\/uus.revalstone.com\/sv\/produkt\/bankskivor\/"]}]},{"@type":"ImageObject","inLanguage":"sv-SE","@id":"https:\/\/uus.revalstone.com\/sv\/produkt\/bankskivor\/#primaryimage","url":"https:\/\/uus.revalstone.com\/wp-content\/uploads\/2024\/01\/Reval-Stone-tasapind-countertop-2402.jpg","contentUrl":"https:\/\/uus.revalstone.com\/wp-content\/uploads\/2024\/01\/Reval-Stone-tasapind-countertop-2402.jpg","width":1500,"height":1125},{"@type":"BreadcrumbList","@id":"https:\/\/uus.revalstone.com\/sv\/produkt\/bankskivor\/#breadcrumb","itemListElement":[{"@type":"ListItem","position":1,"name":"Hemsida","item":"https:\/\/uus.revalstone.com\/sv\/"},{"@type":"ListItem","position":2,"name":"Produkter","item":"https:\/\/uus.revalstone.com\/sv\/natbutik\/"},{"@type":"ListItem","position":3,"name":"B\u00e4nkskivor"}]},{"@type":"WebSite","@id":"https:\/\/uus.revalstone.com\/sv\/#website","url":"https:\/\/uus.revalstone.com\/sv\/","name":"Reval Stone n\u00e4tbutik","description":"","publisher":{"@id":"https:\/\/uus.revalstone.com\/sv\/#organization"},"potentialAction":[{"@type":"SearchAction","target":{"@type":"EntryPoint","urlTemplate":"https:\/\/uus.revalstone.com\/sv\/?s={search_term_string}"},"query-input":{"@type":"PropertyValueSpecification","valueRequired":true,"valueName":"search_term_string"}}],"inLanguage":"sv-SE"},{"@type":"Organization","@id":"https:\/\/uus.revalstone.com\/sv\/#organization","name":"Reval Stone","url":"https:\/\/uus.revalstone.com\/sv\/","logo":{"@type":"ImageObject","inLanguage":"sv-SE","@id":"https:\/\/uus.revalstone.com\/sv\/#\/schema\/logo\/image\/","url":"https:\/\/uus.revalstone.com\/wp-content\/uploads\/2021\/09\/Logo_v.png","contentUrl":"https:\/\/uus.revalstone.com\/wp-content\/uploads\/2021\/09\/Logo_v.png","width":960,"height":672,"caption":"Reval Stone"},"image":{"@id":"https:\/\/uus.revalstone.com\/sv\/#\/schema\/logo\/image\/"},"sameAs":["https:\/\/www.facebook.com\/revalstoneofficial","https:\/\/www.instagram.com\/revalstoneofficial\/","https:\/\/en.wikipedia.org\/wiki\/Saare_Dolomiit-V\u00e4okivi"]}]}},"_links":{"self":[{"href":"https:\/\/uus.revalstone.com\/sv\/wp-json\/wp\/v2\/product\/3079","targetHints":{"allow":["GET"]}}],"collection":[{"href":"https:\/\/uus.revalstone.com\/sv\/wp-json\/wp\/v2\/product"}],"about":[{"href":"https:\/\/uus.revalstone.com\/sv\/wp-json\/wp\/v2\/types\/product"}],"replies":[{"embeddable":true,"href":"https:\/\/uus.revalstone.com\/sv\/wp-json\/wp\/v2\/comments?post=3079"}],"wp:featuredmedia":[{"embeddable":true,"href":"https:\/\/uus.revalstone.com\/sv\/wp-json\/wp\/v2\/media\/14851"}],"wp:attachment":[{"href":"https:\/\/uus.revalstone.com\/sv\/wp-json\/wp\/v2\/media?parent=3079"}],"wp:term":[{"taxonomy":"product_brand","embeddable":true,"href":"https:\/\/uus.revalstone.com\/sv\/wp-json\/wp\/v2\/product_brand?post=3079"},{"taxonomy":"product_cat","embeddable":true,"href":"https:\/\/uus.revalstone.com\/sv\/wp-json\/wp\/v2\/product_cat?post=3079"},{"taxonomy":"product_tag","embeddable":true,"href":"https:\/\/uus.revalstone.com\/sv\/wp-json\/wp\/v2\/product_tag?post=3079"}],"curies":[{"name":"wp","href":"https:\/\/api.w.org\/{rel}","templated":true}]}}